{"id":10107,"date":"2020-09-08T16:28:40","date_gmt":"2020-09-08T16:28:40","guid":{"rendered":"http:\/\/prodim2020.wpengine.com\/careers\/"},"modified":"2023-07-21T12:26:03","modified_gmt":"2023-07-21T18:26:03","slug":"karriere-bei-inmoment","status":"publish","type":"page","link":"https:\/\/inmoment.com\/de-de\/karriere-bei-inmoment\/","title":{"rendered":"Karriere"},"content":{"rendered":"<section id=\"block-cfb3c6c23d42710cc2799cf31d687207\" class=\"content-block emphasis-text-block alignfull has-background image-as-background background-position-center-top background-size-cover has-overlay-mode-\" style=\" background-image: url(https:\/\/inmoment.com\/wp-content\/uploads\/2020\/09\/JoinBackground-1.svg)\">\n\t\t<div class=\"container\">\n\n\t\t\t\n\t\t\t\t<h5 class=\"eyebrow-heading eyebrow-heading-style-default-albatross\"><\/h5>\n\t\t\t\n\t\t\t\n\t\t\t\t<h2 class=\"heading-color-albatross\">\n\n\t\t\t\t\tTreten Sie dem InMoment Team bei\n\t\t\t\t<\/h2>\n\n\t\t\t\n\t\t\t\n\t\t\t\n\t\t\t\t<a class=\"button ghost link-color-albatross\" href=\"https:\/\/inmoment.pinpointhq.com\/\" target=\"_blank\" rel=\"noopener\"><span>Zu den Stellenangeboten<\/span><\/a>\n\n\t\t\t\n\t\t<\/div>\n\n\t<\/section>\n\n\n\n<section id=\"block-a67a28705a2ec5d42df3cbb81081997a\" class=\"content-block single-paragraph-block alignwide no-background\" style=\"\">\n\t\t<div class=\"grid  grid-center \">\n\n\t\t\t<div class=\"col col-8 col-sm col-md \">\n\n\t\t\t\t\n\t\t\t\t\n\t\t\t\t\t\t<h5 class=\"eyebrow-heading eyebrow-heading-style-default-\"><\/h5>\n\t\t\t\t\n\t\t\t\t\n\t\t\t\t\t<h2 class=\"single-paragraph-heading color-dory\">Wir sind ein globales Unternehmen mit Niederlassungen in sieben L\u00e4ndern.<\/h2>\n\n\t\t\t\t\n\t\t\t\t\n\t\t\t\t\n\t\t\t<\/div> <!-- .col -->\n\n\t\t<\/div><!-- .grid -->\n\n\t<\/section>\n\n\n<section id=\"block-686fb3668544c326b51c2288d3df8945\" class=\"content-block icon-features-list-block alignwide no-background\" style=\"\">\n\t\t<div class=\"grid grid-center container\">\n\t\t\t\n\t\t\t\t\n\t\t\t<div class=\"col col-4 col-sm col-md\">\n\n\t\t\t\t\n\t\n\t\t<figure>\n\n\t\t\t<img decoding=\"async\" src=\"https:\/\/inmoment.com\/wp-content\/uploads\/2020\/09\/USA-1.svg\" alt=\"\" \/>\n\n\t\t<\/figure>\n\n\t\n\t\n\t\t<h3 class=\"heading-color-dory\"> Nordamerika<\/h3>\n\n\t\n\t\n\t\t<ul class=\"checklist\">\n<li>Umfassende Gesundheitspl\u00e4ne<\/li>\n<li>Voll ausgestattete Firmenk\u00fcche<\/li>\n<li>HSA Beitr\u00e4ge<\/li>\n<li>Bezahlte Feiertage<\/li>\n<li>401k<\/li>\n<li>Gro\u00dfz\u00fcgig bezahlter Urlaub<\/li>\n<\/ul>\n\n\t\n\t\n\t\t\t<\/div>\n\t\t\t\n\t\t\t\n\t\t\t\t\n\t\t\t<div class=\"col col-4 col-sm col-md\">\n\n\t\t\t\t\n\t\n\t\t<figure>\n\n\t\t\t<img decoding=\"async\" src=\"https:\/\/inmoment.com\/wp-content\/uploads\/2020\/09\/UK-1.svg\" alt=\"\" \/>\n\n\t\t<\/figure>\n\n\t\n\t\n\t\t<h3 class=\"heading-color-dory\"> Gro\u00dfbritannien<\/h3>\n\n\t\n\t\n\t\t<ul class=\"checklist\">\n<li>Rentenversicherung<\/li>\n<li>Lebensversicherung in H\u00f6he des Jahresgehalts<\/li>\n<li>Wettbewerbsf\u00e4higes Gehalt<\/li>\n<li>EAP<\/li>\n<li>Jahres-Travel-Abo<\/li>\n<li>Bonuspl\u00e4ne<\/li>\n<li>Flexible Trust Time Working Model<\/li>\n<\/ul>\n\n\t\n\t\n\t\t\t<\/div>\n\t\t\t\n\t\t\t\n\t\t\t\t\n\t\t\t<div class=\"col col-4 col-sm col-md\">\n\n\t\t\t\t\n\t\n\t\t<figure>\n\n\t\t\t<img decoding=\"async\" src=\"https:\/\/inmoment.com\/wp-content\/uploads\/2020\/09\/DE.svg\" alt=\"\" \/>\n\n\t\t<\/figure>\n\n\t\n\t\n\t\t<h3 class=\"heading-color-dory\"> Deutschland<\/h3>\n\n\t\n\t\n\t\t<ul class=\"checklist\">\n<li class=\"p1\"><span style=\"font-weight: 400\">Wettbewerbsf\u00e4higes Gehalt<\/span><\/li>\n<li class=\"p1\"><span style=\"font-weight: 400\">Gro\u00dfz\u00fcgiger Jahresurlaub<\/span><\/li>\n<li class=\"p1\">Flexibles Vertrauenszeit-Arbeitsmodell<\/li>\n<li>Programme f\u00fcr die Anerkennung von Mitarbeitern<\/li>\n<li><span style=\"font-weight: 400\">Programme zur Unterst\u00fctzung der Mitarbeiter<\/span><\/li>\n<\/ul>\n\n\t\n\t\n\t\t\t<\/div>\n\t\t\t\n\t\t\t\n\t\t\t\t\n\t\t\t<div class=\"col col-4 col-sm col-md\">\n\n\t\t\t\t\n\t\n\t\t<figure>\n\n\t\t\t<img decoding=\"async\" src=\"https:\/\/inmoment.com\/wp-content\/uploads\/2020\/09\/AUS.svg\" alt=\"\" \/>\n\n\t\t<\/figure>\n\n\t\n\t\n\t\t<h3 class=\"heading-color-dory\"> Australien &amp; Neuseeland<\/h3>\n\n\t\n\t\n\t\t<ul class=\"checklist\">\n<li><span style=\"font-weight: 400\">Programme zur Unterst\u00fctzung der Mitarbeiter<\/span><\/li>\n<li class=\"p1\">Gef\u00fcllte K\u00fcche mit Snacks und Getr\u00e4nken (nur Australien)<\/li>\n<li>Mitarbeitergemeinschaften<\/li>\n<li class=\"p1\">Telearbeit<\/li>\n<\/ul>\n\n\t\n\t\n\t\t\t<\/div>\n\t\t\t\n\t\t\t\n\t\t\t\t\n\t\t\t<div class=\"col col-4 col-sm col-md\">\n\n\t\t\t\t\n\t\n\t\t<figure>\n\n\t\t\t<img decoding=\"async\" src=\"https:\/\/inmoment.com\/wp-content\/uploads\/2020\/09\/SNG.svg\" alt=\"\" \/>\n\n\t\t<\/figure>\n\n\t\n\t\n\t\t<h3 class=\"heading-color-dory\"> Singapore<\/h3>\n\n\t\n\t\n\t\t<ul class=\"checklist\">\n<li class=\"p1\">Programme zur Unterst\u00fctzung der Mitarbeiter<\/li>\n<li class=\"p1\">Mitarbeitergemeinschaften<\/li>\n<li class=\"p1\">Telearbeit<\/li>\n<\/ul>\n\n\t\n\t\n\t\t\t<\/div>\n\t\t\t\n\t\t\t\n\t\t\t\t\n\t\t\t<div class=\"col col-4 col-sm col-md\">\n\n\t\t\t\t\n\t\n\t\t<figure>\n\n\t\t\t<img decoding=\"async\" src=\"https:\/\/inmoment.com\/wp-content\/uploads\/2020\/09\/CAN.svg\" alt=\"\" \/>\n\n\t\t<\/figure>\n\n\t\n\t\n\t\t<h3 class=\"heading-color-dory\"> Kanada<\/h3>\n\n\t\n\t\n\t\t<ul class=\"checklist\">\n<li>Erweiterte Gesundheitsleistungen<\/li>\n<li>Programme zur Unterst\u00fctzung der Mitarbeiter<\/li>\n<li>Gro\u00dfz\u00fcgige bezahlte Freizeit und Feiertage<\/li>\n<li>Bonusplan<\/li>\n<li>RSP-Abgleich<\/li>\n<\/ul>\n\n\t\n\t\n\t\t\t<\/div>\n\t\t\t\n\t\t\t\n\t\t\t\t\n\t\t\t<div class=\"col col-4 col-sm col-md\">\n\n\t\t\t\t\n\t\n\t\t<figure>\n\n\t\t\t<img decoding=\"async\" src=\"https:\/\/inmoment.com\/wp-content\/uploads\/2022\/01\/France.svg\" alt=\"\" \/>\n\n\t\t<\/figure>\n\n\t\n\t\n\t\t<h3 class=\"heading-color-dory\"> Frankreich<\/h3>\n\n\t\n\t\n\t\t<ul class=\"checklist\">\n<li><span style=\"font-weight: 400\">Wettbewerbsf\u00e4higes Gehalt<\/span><\/li>\n<li><span style=\"font-weight: 400\">Gro\u00dfz\u00fcgiger Anspruch auf Jahresurlaub<\/span><\/li>\n<li><span style=\"font-weight: 400\">Anerkennungsprogramm f\u00fcr Mitarbeiter<\/span><\/li>\n<li><span style=\"font-weight: 400\">Flexibles Vertrauensarbeitszeitmodell<\/span><\/li>\n<li>Programme zur Unterst\u00fctzung der Mitarbeiter<\/li>\n<li><span style=\"font-weight: 400\">Lebensversicherung<\/span><\/li>\n<li><span style=\"font-weight: 400\">Krankenversicherung<\/span><\/li>\n<li><span style=\"font-weight: 400\">Berufsunf\u00e4higkeitsversicherung<\/span><\/li>\n<\/ul>\n\n\t\n\t\n\t\t\t<\/div>\n\t\t\t\n\t\t\t\n\t\t\t\t\n\t\t\t<div class=\"col col-4 col-sm col-md\">\n\n\t\t\t\t\n\t\n\t\t<figure>\n\n\t\t\t<img decoding=\"async\" src=\"https:\/\/inmoment.com\/wp-content\/uploads\/2022\/01\/China-icon.svg\" alt=\"\" \/>\n\n\t\t<\/figure>\n\n\t\n\t\n\t\t<h3 class=\"heading-color-dory\"> China<\/h3>\n\n\t\n\t\n\t\t<ul class=\"checklist\">\n<li><span style=\"font-weight: 400\">Gewerbliche Krankenversicherung<\/span><\/li>\n<li><span style=\"font-weight: 400\">Wettbewerbsf\u00e4higes Gehalt<\/span><\/li>\n<li><span style=\"font-weight: 400\">Gro\u00dfz\u00fcgiger Anspruch auf Jahresurlaub<\/span><\/li>\n<li><span style=\"font-weight: 400\">Anerkennungsprogramm f\u00fcr Mitarbeiter<\/span><\/li>\n<li><span style=\"font-weight: 400\">Flexibles Vertrauensarbeitszeitmodell<\/span><\/li>\n<li>Programme zur Unterst\u00fctzung der Mitarbeiter<\/li>\n<li><span style=\"font-weight: 400\">Snacks und Getr\u00e4nke<\/span><\/li>\n<\/ul>\n\n\t\n\t\n\t\t\t<\/div>\n\t\t\t\n\t\t\t\n\t\t\t\t\n\t\t\t<div class=\"col col-4 col-sm col-md\">\n\n\t\t\t\t\n\t\n\t\n\t\n\t\n\t\t\t<\/div>\n\t\t\t\n\t\t\t\n\t\t<\/div>\n\n\t\t<div class=\"container display-flex\">\n\n\t\t<\/div>\n\t<\/section>\n\n\n<section id=\"block-cba7c8a048c7ecebae30a3a675f3b568\" class=\"content-block single-paragraph-block alignfull no-background\" style=\"\">\n\t\t<div class=\"grid  grid-start \">\n\n\t\t\t<div class=\"col col-8 col-sm col-md background-color-great-white\">\n\n\t\t\t\t\n\t\t\t\t\n\t\t\t\t\t\t<h5 class=\"eyebrow-heading eyebrow-heading-style-default-tsunami\">life at inmoment<\/h5>\n\t\t\t\t\n\t\t\t\t\n\t\t\t\t\t<h2 class=\"single-paragraph-heading \"> Inklusion &amp; Diversit\u00e4t<\/h2>\n\n\t\t\t\t\n\t\t\t\t\n\t\t\t\t\n\t\t\t\t\t<div class=\"single-paragraph-content \"><p>Bei InMoment glauben wir, dass Inklusion und Diversit\u00e4t wesentlich f\u00fcr unseren Erfolg sind. Unser zentraler Wert ist &#8222;menschlich&#8220;. Respekt und Aufgeschlossenheit gegen\u00fcber anderen zu zeigen, ist ein zentraler Bestandteil unserer Kultur.<\/p>\n<\/div>\n\n\t\t\t\t\n\t\t\t<\/div> <!-- .col -->\n\n\t\t<\/div><!-- .grid -->\n\n\t<\/section>\n\n\n<section id=\"block-fc50d280a7a185ac83c56637e53e51da\" class=\"content-block icon-features-list-block alignwide no-background\" style=\"\">\n\t\t<div class=\"grid grid-center container\">\n\t\t\t\n\t\t\t\t\n\t\t\t\t<div class=\"col col-6 col-sm col-md\">\n\n\t\t\t\t\t\n\t\n\t\t<figure>\n\n\t\t\t<img decoding=\"async\" src=\"https:\/\/inmoment.com\/wp-content\/uploads\/2020\/09\/WomenofInMoment_Logo.svg\" alt=\"\" \/>\n\n\t\t<\/figure>\n\n\t\n\t\n\t\t<h3 class=\"heading-color-dory\"> Women of InMoment<\/h3>\n\n\t\n\t\n\t\t<p>Unser internes globales Programm f\u00f6rdert Vielfalt und Integration und bietet Frauen im Unternehmen die M\u00f6glichkeit als Teil des Mentoren-Programms sich gegenseitig zu unterst\u00fctzen, durch Weiterbildungen die F\u00fchrungsf\u00e4higkeiten zu entwickeln und ein Netzwerk in der Technologiebranche und unter Gleichgesinnten aufzubauen.<\/p>\n\n\t\n\t\n\t\t\t\t<\/div>\n\n\t\t\t\n\t\t\t\n\t\t\t\t\n\t\t\t\t<div class=\"col col-6 col-sm col-md\">\n\n\t\t\t\t\t\n\t\n\t\t<figure>\n\n\t\t\t<img decoding=\"async\" src=\"https:\/\/inmoment.com\/wp-content\/uploads\/2020\/09\/InMovement_Logo.svg\" alt=\"\" \/>\n\n\t\t<\/figure>\n\n\t\n\t\n\t\t<h3 class=\"heading-color-dory\"> InMovement<\/h3>\n\n\t\n\t\n\t\t<p>Um sicherzustellen, dass die Inclusion &amp; Diversity-Bewegung sich auch in Zukunft weiterentwickelt, haben wir InMovement gegr\u00fcndet &#8211; eine globale, funktions\u00fcbergreifende Gruppe von All-Stars der Inklusivit\u00e4t, die formelle und informelle Initiativen vorantreiben.<\/p>\n\n\t\n\t\n\t\t\t\t<\/div>\n\n\t\t\t\n\t\t\t\n\t\t<\/div>\n\n\t\t<div class=\"container display-flex\">\n\n\t\t<\/div>\n\t<\/section>\n\n\n\n<p><a href=\"https:\/\/inmoment.com\/wp-admin\/edit.php?post_type=page\"><\/a><\/p>\n\n\n<section id=\"block-9b1bdd178bf1a7ace221abfe4727baf4\" class=\"content-block fifty-fifty-block fifty-media-text alignwide no-background\" style=\"\">\t<div class=\"grid text-left \">\n\n\t\t<div class=\"col col-sm col-md col-middle\">\n\t\t\t<div >\n\t\t\t\t<img decoding=\"async\" width=\"487\" height=\"546\" src=\"https:\/\/inmoment.com\/wp-content\/uploads\/2020\/09\/GivingBack_DE.png\" class=\"fifty-image\" alt=\"\" srcset=\"https:\/\/inmoment.com\/wp-content\/uploads\/2020\/09\/GivingBack_DE.png 487w, https:\/\/inmoment.com\/wp-content\/uploads\/2020\/09\/GivingBack_DE-268x300.png 268w\" sizes=\"auto, (max-width: 487px) 100vw, 487px\" loading=\"lazy\" \/>\t\t\t<\/div>\n\t\t<\/div>\n\n\t\t<div class=\"col col-sm col-md col-align-middle\">\n\n\t\t\t<div class=\"with-padding \">\n\n\t\t\t\t\n\t\n\t<h5 class=\"eyebrow eyebrow-heading-style-default-tsunami\">Das Leben bei InMoment<\/h5>\n\n\t\t\n\t\t\t\t\n\t\t\t\t<h3>Wir geben zur\u00fcck<\/h3>\n<ul class=\"checklist\">\n<li>Wiesbaden Engagiert<\/li>\n<li>J.P.Morgan Corporate Challenge<\/li>\n<li>HSH Nordbank Run<\/li>\n<\/ul>\n\n\t\t\t\t\n\t\t\t\t\n\t\t\t<\/div>\n\n\t\t<\/div>\n\n\t<\/div>\n\n<\/section>\n\n\n<section id=\"block-3691705ac37630f5b59c3fe2c604a2bb\" class=\"content-block pull-quote-block alignfull quote-layout alignfull has-background color-as-background background-great-white\" style=\"\">\t\t<div class=\"grid container\">\n\n\t\t\t\n\t\t\t\n\t\t\t<div class=\"col col-md col-align-middle quote-content col-9\t\t\t\t\t\t\">\n\t\t\t\t\t\t\t\t\t<div class=\"quote-text  color-dory\">\n\t\t\t\t\t\t<h5>Unsere Mission<\/h5>\n<h3><strong class=\"background-dory color-albatross\">Wir sehen es als unsere Mission, unseren Kunden dabei zu helfen, die Erlebnisse an den Schnittstellen zu schaffen, die einen Mehrwert bieten &#8211; dort, wo Kunden-, Mitarbeiter- und Gesch\u00e4ftsanforderungen zusammenkommen.<\/strong><\/h3>\n<h3><strong class=\"background-dory color-albatross\">Im Mittelpunkt unseres Handelns steht der Wunsch, unsere Kunden durch eine einzigartige Kombination aus Datenanalyse, Software und Expertise zu helfen, die wichtigsten Momente zu erkennen und zu verbessern.<\/strong><\/h3>\n\t\t\t\t\t<\/div><!-- .quote-text -->\n\t\t\t\t\n\t\t\t\t\n\t\t\t<\/div><!-- .quote-content -->\n\n\t\t<\/div><!-- .container -->\n\t<\/section><!-- .pull-quote-block -->\n\n\n<section id=\"block-8a7751cf9010157853382ba2296b0116\" class=\"content-block single-paragraph-block alignfull has-background color-as-background background-great-white\" style=\"\">\n\t\t<div class=\"grid  grid-center \">\n\n\t\t\t<div class=\"col col-8 col-sm col-md \">\n\n\t\t\t\t\n\t\t\t\t\n\t\t\t\t\t\t<h5 class=\"eyebrow-heading eyebrow-heading-style-default-\"><\/h5>\n\t\t\t\t\n\t\t\t\t\n\t\t\t\t\t<h2 class=\"single-paragraph-heading color-dory\">Unsere Werte<\/h2>\n\n\t\t\t\t\n\t\t\t\t\n\t\t\t\t\n\t\t\t\t\t<div class=\"single-paragraph-content color-wave\"><p>Drei einfache Prinzipien leiten, was wir tun und wie wir es tun. Es spielt keine Rolle, in welcher Abteilung oder an welchem Standort wir t\u00e4tig sind, wir sind alle im selben Team, und wir folgen den gleichen Grunds\u00e4tzen.<\/p>\n<\/div>\n\n\t\t\t\t\n\t\t\t<\/div> <!-- .col -->\n\n\t\t<\/div><!-- .grid -->\n\n\t<\/section>\n\n\n<section id=\"block-ac5c383106e32af7ff043abb036181c8\" class=\"content-block icon-features-list-block alignfull has-background color-as-background background-great-white\" style=\"\">\n\t\t<div class=\"grid grid-center container\">\n\t\t\t\n\t\t\t\t\n\t\t\t<div class=\"col col-4 col-sm col-md\">\n\n\t\t\t\t\n\t\n\t\t<figure>\n\n\t\t\t<img decoding=\"async\" src=\"https:\/\/inmoment.com\/wp-content\/uploads\/2020\/09\/invested-icon.svg\" alt=\"\" \/>\n\n\t\t<\/figure>\n\n\t\n\t\n\t\t<h3 class=\"heading-color-dory\"> Menschlich<\/h3>\n\n\t\n\t\n\t\t<p>Unsere Mitarbeiter glauben daran, Gesch\u00e4fte, Software und Erlebnisse mit einem menschlichen Ansatz anzugehen. Es ist diese enge Verbindung, die uns von unserer Konkurrenz abhebt.<\/p>\n\n\t\n\t\n\t\t\t<\/div>\n\t\t\t\n\t\t\t\n\t\t\t\t\n\t\t\t<div class=\"col col-4 col-sm col-md\">\n\n\t\t\t\t\n\t\n\t\t<figure>\n\n\t\t\t<img decoding=\"async\" src=\"https:\/\/inmoment.com\/wp-content\/uploads\/2020\/09\/human-icon.svg\" alt=\"\" \/>\n\n\t\t<\/figure>\n\n\t\n\t\n\t\t<h3 class=\"heading-color-dory\"> Mutig<\/h3>\n\n\t\n\t\n\t\t<p>Unsere Mitarbeiter bewegen sich stets vorw\u00e4rts, setzen sich f\u00fcr das ein, an das sie glauben, und stellen den Status Quo in Frage. Sie sind k\u00fchn und innovativ in ihrem st\u00e4ndigen Streben nach Spitzenleistungen.<\/p>\n\n\t\n\t\n\t\t\t<\/div>\n\t\t\t\n\t\t\t\n\t\t\t\t\n\t\t\t<div class=\"col col-4 col-sm col-md\">\n\n\t\t\t\t\n\t\n\t\t<figure>\n\n\t\t\t<img decoding=\"async\" src=\"https:\/\/inmoment.com\/wp-content\/uploads\/2020\/09\/bold-icon.svg\" alt=\"\" \/>\n\n\t\t<\/figure>\n\n\t\n\t\n\t\t<h3 class=\"heading-color-dory\"> Engagiert<\/h3>\n\n\t\n\t\n\t\t<p>Unsere Mitarbeiter investieren in den Erfolg ihrer Kollegen und Kunden. Sie engagieren sich daf\u00fcr, \u00fcber ihre Ziele hinauszugehen. Sie handeln entschlossen, positiv und eigenst\u00e4ndig in ihrem Streben, ihre Spuren zu hinterlassen.<\/p>\n\n\t\n\t\n\t\t\t<\/div>\n\t\t\t\n\t\t\t\n\t\t<\/div>\n\n\t\t<div class=\"container display-flex\">\n\n\t\t<\/div>\n\t<\/section>\n\n\n\n<div style=\"padding-top:100px;\"><\/div>\n\n\n<section id=\"block-36e2315e9d5cede5f5fac4fefb07f6ab\" class=\"content-block grid-container fifty-fifty-block fifty-text-media alignfull no-background\" style=\"\">\t<div class=\"grid text-left \">\n\n\t\t<div class=\"col col-sm col-md col-align-middle\">\n\n\t\t\t<div class=\"with-padding \">\n\n\t\t\t\t\n\t\n\t<h5 class=\"eyebrow eyebrow-heading-style-default-guppy\">Kultur<\/h5>\n\n\t\t\n\t\t\t\t\n\t\t\t\t<h3><span style=\"color: #003cb3;\">Hinterlassen Sie Ihr Spuren<\/span><\/h3>\n<p>Einfach ausgedr\u00fcckt: \u201cLeave Your Mark\u201d ist das Markenzeichen der Kultur von InMoment. Aber es ist auch mehr als das &#8211; es ist eine selbstlose Art, in allen Lebensbereichen zu leben. Jeder Augenblick bietet eine neue Gelegenheit, etwas zu bewirken.<\/p>\n\n\t\t\t\t\n\t\t\t\t\n\t\t\t<\/div>\n\n\t\t<\/div>\n\n\t\t<div class=\"col col-sm col_md col-middle\">\n\n\t\t<div >\n\t\t\t\t<object data=\"https:\/\/inmoment.com\/wp-content\/uploads\/2020\/09\/LYM_wBackground.svg\" width=\"700\" height=\"554\" title=\"LYM_wBackground\" > <\/object>\n\t\t\t<\/div>\n\n\t\t<\/div>\n\n\t<\/div>\n\n<\/section>\n\n\n\n<div style=\"padding-top:100px;\"><\/div>\n\n\n<div class=\"relative max-w-[1138px] mx-auto\">\n\n\t<section id=\"block-41d24bd4f231cc3fc25f94f13ffb3882\" class=\"content-block icon-horizontal-scroll-block relative z-[1] alignfull current- no-background\" style=\"\">\n\t\t\t<div class=\"container\">\n\t\t\t<h2 class=\"block-title \">Auszeichnungen<\/h2>\n\t\t<\/div>\n\t\n\t\n\t\t<div class=\"icon-horizontal-carousel\" data-carousel='carousel-74'>\n\n\t\t\t\n\t\t\t\t<section id=\"feature-1\" class=\"slide\">\n\t\t\t\t\t<div class=\"slide-content\">\n\n\t\t\t\t\t\t\t\t\t\t\t\t\t<div class=\"icon-wrap\">\n\t\t\t\t\t\t\t\t<img decoding=\"async\" width=\"1200\" height=\"955\" src=\"https:\/\/inmoment.com\/wp-content\/uploads\/2020\/09\/shatterlist_badge_20@2x.png\" class=\"large\" alt=\"\" srcset=\"https:\/\/inmoment.com\/wp-content\/uploads\/2020\/09\/shatterlist_badge_20@2x.png 1200w, https:\/\/inmoment.com\/wp-content\/uploads\/2020\/09\/shatterlist_badge_20@2x-300x239.png 300w, https:\/\/inmoment.com\/wp-content\/uploads\/2020\/09\/shatterlist_badge_20@2x-1024x815.png 1024w, https:\/\/inmoment.com\/wp-content\/uploads\/2020\/09\/shatterlist_badge_20@2x-768x611.png 768w\" sizes=\"auto, (max-width: 1200px) 100vw, 1200px\" loading=\"lazy\" \/>\t\t\t\t\t\t\t<\/div><!-- .icon-wrap -->\n\t\t\t\t\t\t\n\t\t\t\t\t\t\n\t\t\t\t\t\t\t\t\t\t\t\t\t<div class=\"heading-wrap inline-block \">\n\t\t\t\t\t\t\t\t<h3 class=\"slide-title  \">Women Tech Council\u2019s Shatter List<\/h3>\n\t\t\t\t\t\t\t<\/div><!-- .heading-wrap -->\n\t\t\t\t\t\t\n\t\t\t\t\t<\/div><!-- .slide-content -->\n\t\t\t\t<\/section>\n\n\t\t\t\n\t\t\t\t<section id=\"feature-2\" class=\"slide\">\n\t\t\t\t\t<div class=\"slide-content\">\n\n\t\t\t\t\t\t\t\t\t\t\t\t\t<div class=\"icon-wrap\">\n\t\t\t\t\t\t\t\t<img decoding=\"async\" width=\"239\" height=\"90\" src=\"https:\/\/inmoment.com\/wp-content\/uploads\/2020\/09\/Forrester-239x90-1.png\" class=\"large\" alt=\"\" loading=\"lazy\" \/>\t\t\t\t\t\t\t<\/div><!-- .icon-wrap -->\n\t\t\t\t\t\t\n\t\t\t\t\t\t\n\t\t\t\t\t\t\t\t\t\t\t\t\t<div class=\"heading-wrap inline-block \">\n\t\t\t\t\t\t\t\t<h3 class=\"slide-title  \">Forrester ernannte InMoment als f\u00fchrendes Unternehmen im Forrester Wave\u2122 Customer Feedback Management Platforms, der &quot;Who&#039;s who&quot;-Bericht des Kundenfeedback-Managements.<\/h3>\n\t\t\t\t\t\t\t<\/div><!-- .heading-wrap -->\n\t\t\t\t\t\t\n\t\t\t\t\t<\/div><!-- .slide-content -->\n\t\t\t\t<\/section>\n\n\t\t\t\n\t\t\t\t<section id=\"feature-3\" class=\"slide\">\n\t\t\t\t\t<div class=\"slide-content\">\n\n\t\t\t\t\t\t\t\t\t\t\t\t\t<div class=\"icon-wrap\">\n\t\t\t\t\t\t\t\t<img decoding=\"async\" width=\"239\" height=\"90\" src=\"https:\/\/inmoment.com\/wp-content\/uploads\/2020\/09\/Forrester-239x90-1.png\" class=\"large\" alt=\"\" loading=\"lazy\" \/>\t\t\t\t\t\t\t<\/div><!-- .icon-wrap -->\n\t\t\t\t\t\t\n\t\t\t\t\t\t\n\t\t\t\t\t\t\t\t\t\t\t\t\t<div class=\"heading-wrap inline-block \">\n\t\t\t\t\t\t\t\t<h3 class=\"slide-title  \">Forrester ernannte InMoment als f\u00fchrendes Unternehmen im Forrester New Wave\u2122 f\u00fcr Employee Experience Management: EX-Management-Plattformen f\u00fcr Gro\u00dfunternehmen.<\/h3>\n\t\t\t\t\t\t\t<\/div><!-- .heading-wrap -->\n\t\t\t\t\t\t\n\t\t\t\t\t<\/div><!-- .slide-content -->\n\t\t\t\t<\/section>\n\n\t\t\t\n\t\t\t\t<section id=\"feature-4\" class=\"slide\">\n\t\t\t\t\t<div class=\"slide-content\">\n\n\t\t\t\t\t\t\t\t\t\t\t\t\t<div class=\"icon-wrap\">\n\t\t\t\t\t\t\t\t<img decoding=\"async\" width=\"239\" height=\"90\" src=\"https:\/\/inmoment.com\/wp-content\/uploads\/2020\/09\/CXPA-239x90-1.png\" class=\"large\" alt=\"\" loading=\"lazy\" \/>\t\t\t\t\t\t\t<\/div><!-- .icon-wrap -->\n\t\t\t\t\t\t\n\t\t\t\t\t\t\n\t\t\t\t\t\t\t\t\t\t\t\t\t<div class=\"heading-wrap inline-block \">\n\t\t\t\t\t\t\t\t<h3 class=\"slide-title  \">CX Impact Award, Outstanding Partner<\/h3>\n\t\t\t\t\t\t\t<\/div><!-- .heading-wrap -->\n\t\t\t\t\t\t\n\t\t\t\t\t<\/div><!-- .slide-content -->\n\t\t\t\t<\/section>\n\n\t\t\t\n\t\t\t\t<section id=\"feature-5\" class=\"slide\">\n\t\t\t\t\t<div class=\"slide-content\">\n\n\t\t\t\t\t\t\t\t\t\t\t\t\t<div class=\"icon-wrap\">\n\t\t\t\t\t\t\t\t<img decoding=\"async\" width=\"768\" height=\"287\" src=\"https:\/\/inmoment.com\/wp-content\/uploads\/2020\/09\/Forbes_logo-1.svg\" class=\"large\" alt=\"\" loading=\"lazy\" \/>\t\t\t\t\t\t\t<\/div><!-- .icon-wrap -->\n\t\t\t\t\t\t\n\t\t\t\t\t\t\n\t\t\t\t\t\t\t\t\t\t\t\t\t<div class=\"heading-wrap inline-block \">\n\t\t\t\t\t\t\t\t<h3 class=\"slide-title  \">Best Places to Work for Women<\/h3>\n\t\t\t\t\t\t\t<\/div><!-- .heading-wrap -->\n\t\t\t\t\t\t\n\t\t\t\t\t<\/div><!-- .slide-content -->\n\t\t\t\t<\/section>\n\n\t\t\t\n\t\t\t\t<section id=\"feature-6\" class=\"slide\">\n\t\t\t\t\t<div class=\"slide-content\">\n\n\t\t\t\t\t\t\t\t\t\t\t\t\t<div class=\"icon-wrap\">\n\t\t\t\t\t\t\t\t<img decoding=\"async\" width=\"300\" height=\"91\" src=\"https:\/\/inmoment.com\/wp-content\/uploads\/2020\/09\/cx-awards-no-details.png\" class=\"large\" alt=\"\" loading=\"lazy\" \/>\t\t\t\t\t\t\t<\/div><!-- .icon-wrap -->\n\t\t\t\t\t\t\n\t\t\t\t\t\t\n\t\t\t\t\t\t\t\t\t\t\t\t\t<div class=\"heading-wrap inline-block \">\n\t\t\t\t\t\t\t\t<h3 class=\"slide-title  \">Best CX Partner<\/h3>\n\t\t\t\t\t\t\t<\/div><!-- .heading-wrap -->\n\t\t\t\t\t\t\n\t\t\t\t\t<\/div><!-- .slide-content -->\n\t\t\t\t<\/section>\n\n\t\t\t\n\t\t<\/div><!-- .icon-horizontal-carousel -->\n\t\t<div class=\"slick-dots-wrap\" data-dots='dots-74'><\/div>\n\n\t\n\t<\/section><!-- .icon-horizontal-scroll-block -->\n\t<div class=\"icon-horizontal-carousel-bg absolute -inset-3 rounded-[20px] bg-[linear-gradient(to_right,#D6E3FC1A_0%,#D6E3FC4D_100%)] backdrop-blur\"><\/div>\n<\/div>\n\n<section id=\"block-c1b06a95b0cd35366e4bfb7507016f31\" class=\"content-block single-paragraph-block alignwide no-background\" style=\"\">\n\t\t<div class=\"grid  grid-center \">\n\n\t\t\t<div class=\"col col-8 col-sm col-md \">\n\n\t\t\t\t\n\t\t\t\t\n\t\t\t\t\t\t<h5 class=\"eyebrow-heading eyebrow-heading-style-default-\"><\/h5>\n\t\t\t\t\n\t\t\t\t\n\t\t\t\t\t<h2 class=\"single-paragraph-heading color-dory\">Folgen Sie uns!<\/h2>\n\n\t\t\t\t\n\t\t\t\t\n\t\t\t\t\n\t\t\t<\/div> <!-- .col -->\n\n\t\t<\/div><!-- .grid -->\n\n\t<\/section>\n\n\n<section id=\"block-b2ba398438b88243643886c82c711357\" class=\"button-list-block alignwide no-background\" style=\"\">\n\t\t<div class=\"container grid grid-center  \">\n\n\t\t\n\t\t\t<div class=\"col col-sm col-md  col-4\">\n\n\t\t\t\t\n\t\t\t\t\t<h3>LinkedIn<\/h3>\n\n\t\t\t\t\n\t\t\t\t\n\t\t\t\t\t<a class=\"button no-arrow\" href=\"https:\/\/www.linkedin.com\/company\/weareinmoment\/\" target=\"_blank\" rel=\"noopener\"><span>Verkn\u00fcpfen Sie sich<\/span><\/a>\n\n\t\t\t\t\t\t\t<\/div>\n\n\t\t\n\t\t\t<div class=\"col col-sm col-md  col-4\">\n\n\t\t\t\t\n\t\t\t\t\t<h3>Twitter<\/h3>\n\n\t\t\t\t\n\t\t\t\t\n\t\t\t\t\t<a class=\"button no-arrow\" href=\"https:\/\/twitter.com\/WeAreInMoment\" target=\"_blank\" rel=\"noopener\"><span>Folgen Sie uns<\/span><\/a>\n\n\t\t\t\t\t\t\t<\/div>\n\n\t\t\n\t\t\t<div class=\"col col-sm col-md  col-4\">\n\n\t\t\t\t\n\t\t\t\t\t<h3>Facebook<\/h3>\n\n\t\t\t\t\n\t\t\t\t\n\t\t\t\t\t<a class=\"button no-arrow\" href=\"https:\/\/www.facebook.com\/WeAreInMoment\/\" target=\"_blank\" rel=\"noopener\"><span>Schreiben Sie uns<\/span><\/a>\n\n\t\t\t\t\t\t\t<\/div>\n\n\t\t\n\t\t\t<div class=\"col col-sm col-md  col-4\">\n\n\t\t\t\t\n\t\t\t\t\t<h3>XING<\/h3>\n\n\t\t\t\t\n\t\t\t\t\n\t\t\t\t\t<a class=\"button no-arrow\" href=\"https:\/\/www.xing.com\/companies\/inmoment\" target=\"_blank\" rel=\"noopener\"><span>Folgen Sie uns<\/span><\/a>\n\n\t\t\t\t\t\t\t<\/div>\n\n\t\t\n\t\t<\/div>\n\n\t<\/section>\n\n\t","protected":false},"excerpt":{"rendered":"","protected":false},"author":12,"featured_media":0,"parent":0,"menu_order":0,"comment_status":"closed","ping_status":"closed","template":"","meta":{"_acf_changed":false,"footnotes":""},"class_list":["post-10107","page","type-page","status-publish","hentry"],"acf":[],"_links":{"self":[{"href":"https:\/\/inmoment.com\/de-de\/wp-json\/wp\/v2\/pages\/10107","targetHints":{"allow":["GET"]}}],"collection":[{"href":"https:\/\/inmoment.com\/de-de\/wp-json\/wp\/v2\/pages"}],"about":[{"href":"https:\/\/inmoment.com\/de-de\/wp-json\/wp\/v2\/types\/page"}],"author":[{"embeddable":true,"href":"https:\/\/inmoment.com\/de-de\/wp-json\/wp\/v2\/users\/12"}],"replies":[{"embeddable":true,"href":"https:\/\/inmoment.com\/de-de\/wp-json\/wp\/v2\/comments?post=10107"}],"version-history":[{"count":0,"href":"https:\/\/inmoment.com\/de-de\/wp-json\/wp\/v2\/pages\/10107\/revisions"}],"wp:attachment":[{"href":"https:\/\/inmoment.com\/de-de\/wp-json\/wp\/v2\/media?parent=10107"}],"curies":[{"name":"wp","href":"https:\/\/api.w.org\/{rel}","templated":true}]}}