{"id":10113,"date":"2020-09-05T22:14:55","date_gmt":"2020-09-05T22:14:55","guid":{"rendered":"http:\/\/prodim2020.wpengine.com\/services\/"},"modified":"2021-12-20T18:16:42","modified_gmt":"2021-12-20T18:16:42","slug":"dienstleistungen","status":"publish","type":"page","link":"https:\/\/inmoment.com\/de-de\/dienstleistungen\/","title":{"rendered":"Dienstleistungen"},"content":{"rendered":"<section id=\"block-5f54003040296\" class=\"content-block single-paragraph-block alignwide no-background\" style=\"\">\n\t\t<div class=\"grid  grid-center \">\n\n\t\t\t<div class=\"col col-8 col-sm col-md \">\n\n\t\t\t\t\n\t\t\t\t\t<figure class=\"single-paragraph-icon\">\n\n\t\t\t\t\t\t<img decoding=\"async\" src=\"https:\/\/inmoment.com\/wp-content\/uploads\/2020\/09\/People3.png\" alt=\"InMoment\" \/>\n\n\t\t\t\t\t<\/figure>\n\n\t\t\t\t\n\t\t\t\t\n\t\t\t\t\t\t<h5 class=\"eyebrow-heading eyebrow-heading-style-default-\"><\/h5>\n\t\t\t\t\n\t\t\t\t\n\t\t\t\t\t<h2 class=\"single-paragraph-heading \">Strategic Insights<\/h2>\n\n\t\t\t\t\n\t\t\t\t\n\t\t\t\t\n\t\t\t\t\t<div class=\"single-paragraph-content \"><p style=\"text-align: center\">Die Gesch\u00e4ftswelt ver\u00e4ndert sich schnell, dennoch f\u00fchren viele Unternehmen immer noch die gleichen Erfahrungsprogramme durch, die sie vor drei, f\u00fcnf oder sogar zehn Jahren eingef\u00fchrt haben. Sie versuchen, Probleme zu l\u00f6sen, die mit Technologie allein nicht gel\u00f6st werden k\u00f6nnen. Wahre Innovation erfordert meist menschliches Fingerspitzengef\u00fchl.<\/p>\n<p style=\"text-align: center\">Ja, wir sind Experten f\u00fcr CX, EX und MX, aber was noch wichtiger ist \u2013 wir sind Experten f\u00fcr menschliches Verhalten. Unser von Datenexperten und Wissenschaftlern geleitetes Strategic Insights-Team geht \u00fcber die Technologie hinaus, um Unternehmen dabei zu helfen, die St\u00e4rke und den Mehrwert von Experience-Initiativen zu erkennen und zu demonstrieren.<\/p>\n<\/div>\n\n\t\t\t\t\n\t\t\t<\/div> <!-- .col -->\n\n\t\t<\/div><!-- .grid -->\n\n\t<\/section>\n\n\n\n<div style=\"padding-bottom:100px;\"><\/div>\n\n\n<section id=\"block-5f54017e40297\" class=\"content-block grid-container fifty-fifty-block fifty-text-media alignwide no-background\" style=\"\">\t<div class=\"grid text-left \">\n\n\t\t<div class=\"col col-sm col-md col-align-middle\">\n\n\t\t\t<div class=\"with-padding \">\n\n\t\t\t\t\n\t\n\t<h5 class=\"eyebrow eyebrow-heading-style-default-guppy\">Journey Mapping<\/h5>\n\n\t\t\n\t\t\t\t\n\t\t\t\t<h3>Auf neue Customer Journeys vorbereitet sein<br \/>\n<\/h3>\n<p>Erinnern Sie sich daran, als Sie ein Gesch\u00e4ft betreten, ein Produkt kaufen und sich wieder auf den Weg machen konnten? Wir uns auch nicht. Die Corona-Krise hat verdeutlicht, dass Customer Journeys sich im Handumdrehen \u00e4ndern k\u00f6nnen. Unsere Journey Mapping Workshops helfen Ihnen dabei, Ver\u00e4nderungen zu antizipieren und auf neue Bed\u00fcrfnisse des Marktes weit vor Ihren Wettbewerbern eingehen zu k\u00f6nnen.<\/p>\n\n\t\t\t\t\n\t\t\t\t\n\t\t\t<\/div>\n\n\t\t<\/div>\n\n\t\t<div class=\"col col-sm col_md col-middle\">\n\n\t\t<div >\n\t\t\t\t<object data=\"https:\/\/inmoment.com\/wp-content\/uploads\/2020\/09\/Customer-Journey.svg\" width=\"700\" height=\"554\" title=\"Customer Journey\" > <\/object>\n\t\t\t<\/div>\n\n\t\t<\/div>\n\n\t<\/div>\n\n<\/section>\n\n\n\n<div style=\"padding-bottom:120px;\"><\/div>\n\n\n<section id=\"block-5f540ee9bfb8f\" class=\"content-block pull-quote-block alignfull callout-quote-layout alignwide no-background\" style=\"\">\t\t<div class=\"grid container\">\n\n\t\t\t\n\t\t\t\t\t\t\t<div class=\"quote-callout col col-md col-6 col-align-middle col-last\">\n\t\t\t\t\t\t\t\t\t\t\t<h5 class=\"eyebrow-heading color-guppy\">Governance<\/h5>\n\t\t\t\t\t\n\t\t\t\t\t\t\t\t\t\t\t<h2 class=\"callout-heading \">Experience Improvement: Erstellen Sie ein Regelbuch<\/h2>\n\t\t\t\t\t\n\t\t\t\t\t\t\t\t\t\t\t<p class=\"callout-content \">Die Einf\u00fchrung einer Experience-Strategie ist ein erster gro\u00dfer Schritt, aber ohne saubere Kommunikation und Abstimmung wird Ihr Erfolg begrenzt sein. Von der Kontrolle durch die Gesch\u00e4ftsleitung \u00fcber standardisierte Prozesse bis hin zum Coaching der Mitarbeiter an vorderster Front \u2013 unser Experience Governance Playbook gibt Ihrem Programm Struktur, indem es jedem hilft, seine spezifische Rolle bei der Schaffung von Erlebnissen zu verstehen.<\/p>\n\t\t\t\t\t\n\t\t\t\t\t\t\t\t\t<\/div><!-- .quote-callout -->\n\t\t\t\n\t\t\t<div class=\"col col-md col-align-middle quote-content col-6\t\t\tcol-first\t\t\t\">\n\t\t\t\t\t\t\t\t\t<div class=\"quote-text quote-guppy color-orca\">\n\t\t\t\t\t\t<h2><strong class=\"background-great-white color-orca\">Wenn Ihre Customer Experience-Strategie Ihr Spielplan ist, dann liefert Governance das Regelwerk.\u201d<\/strong><\/h2>\n\t\t\t\t\t<\/div><!-- .quote-text -->\n\t\t\t\t\n\t\t\t\t\t\t\t\t\t<p class=\"quote-attribution \">Outside In, Forrester Research<\/p>\n\t\t\t\t\n\t\t\t<\/div><!-- .quote-content -->\n\n\t\t<\/div><!-- .container -->\n\t<\/section><!-- .pull-quote-block -->\n\n\n\n<div style=\"padding-top:80px;\"><\/div>\n\n\n<section id=\"block-5f54025140298\" class=\"content-block grid-container fifty-fifty-block fifty-text-media alignwide no-background\" style=\"\">\t<div class=\"grid text-left \">\n\n\t\t<div class=\"col col-sm col-md col-align-middle\">\n\n\t\t\t<div class=\"with-padding \">\n\n\t\t\t\t\n\t\n\t<h5 class=\"eyebrow eyebrow-heading-style-default-guppy\">PROGRAMMDESIGN<\/h5>\n\n\t\t\n\t\t\t\t\n\t\t\t\t<h3>Aktualisieren und Weiterentwickeln<\/h3>\n<p>Wann haben Sie Ihr Experience-Programm das letzte Mal \u00fcberarbeitet? Gibt es kaum noch neue Insights? Verlieren Sie Unterst\u00fctzung und Engagement? Kommt es Ihnen veraltet vor? Ihre Experience-Strategie sollte mit den Unternehmenszielen und dem Markenversprechen im Einklang stehen. In Workshops werden unsere Experten Ihr Programm mit Blick auf Experience Improvement durchleuchten, Chancen identifizieren und Ma\u00dfnahmen zur Verbesserung der Erkenntnisse und zur Steigerung des ROI empfehlen.<\/p>\n\n\t\t\t\t\n\t\t\t\t\n\t\t\t<\/div>\n\n\t\t<\/div>\n\n\t\t<div class=\"col col-sm col_md col-middle\">\n\n\t\t<div >\n\t\t\t\t<img decoding=\"async\" width=\"1322\" height=\"924\" src=\"https:\/\/inmoment.com\/wp-content\/uploads\/2021\/07\/ProgramDesign.jpg\" class=\"fifty-image\" alt=\"Aktualisieren und Weiterentwickeln\" srcset=\"https:\/\/inmoment.com\/wp-content\/uploads\/2021\/07\/ProgramDesign.jpg 1322w, https:\/\/inmoment.com\/wp-content\/uploads\/2021\/07\/ProgramDesign-300x210.jpg 300w, https:\/\/inmoment.com\/wp-content\/uploads\/2021\/07\/ProgramDesign-1024x716.jpg 1024w, https:\/\/inmoment.com\/wp-content\/uploads\/2021\/07\/ProgramDesign-768x537.jpg 768w\" sizes=\"auto, (max-width: 1322px) 100vw, 1322px\" loading=\"lazy\" \/>\n\t\t\t<\/div>\n\n\t\t<\/div>\n\n\t<\/div>\n\n<\/section>\n\n\n\n<div style=\"padding-bottom:120px;\"><\/div>\n\n\n<section id=\"block-5f5402de40299\" class=\"content-block fifty-fifty-block fifty-media-text alignfull has-background color-as-background background-great-white\" style=\"\">\t<div class=\"grid text-left \">\n\n\t\t<div class=\"col col-sm col-md col-middle\">\n\t\t\t<div >\n\t\t\t\t<object data=\"https:\/\/inmoment.com\/wp-content\/uploads\/2021\/04\/9-SEO.svg\" width=\"1224\" height=\"1049\" title=\"9 &#8211; SEO\" > <\/object>\t\t\t<\/div>\n\t\t<\/div>\n\n\t\t<div class=\"col col-sm col-md col-align-middle\">\n\n\t\t\t<div class=\"with-padding \">\n\n\t\t\t\t\n\t\n\t<h5 class=\"eyebrow eyebrow-heading-style-default-guppy\">SEO<\/h5>\n\n\t\t\n\t\t\t\t\n\t\t\t\t<h3>Befragungen sind Markenerlebnisse<\/h3>\n<p><span style=\"color: #001d30;\">Den meisten Erstellern von Befragungen fehlt ein solides Verst\u00e4ndnis f\u00fcr bew\u00e4hrte Vorgehensweisen bei der Befragungsgestaltung. Sie stellen zu viele oder zu lange Fragen, was das Engagement und die R\u00fccklaufquote verringert. Dar\u00fcber hinaus f\u00fchren schlecht formulierte Fragen zu verzerrten Ergebnissen und damit zu schwachen oder ungenauen Aussagen. Unsere Datenwissenschaftler verwenden Survey Experience Optimization (SEO), um sowohl das Nutzererlebnis als auch die Datenqualit\u00e4t zu verbessern, indem sie Ihre Befragungen analysieren und hinsichtlich Klicks, L\u00e4nge und Branding optimieren.<\/span><\/p>\n\n\t\t\t\t\n\t\t\t\t\n\t\t\t<\/div>\n\n\t\t<\/div>\n\n\t<\/div>\n\n<\/section>\n\n\n<section id=\"block-5f54041b4029b\" class=\"content-block grid-container fifty-fifty-block fifty-text-media alignfull has-background color-as-background background-great-white\" style=\"\">\t<div class=\"grid text-left \">\n\n\t\t<div class=\"col col-sm col-md col-align-middle\">\n\n\t\t\t<div class=\"with-padding \">\n\n\t\t\t\t\n\t\n\t<h5 class=\"eyebrow eyebrow-heading-style-default-guppy\">VOICE OF THE EMPLOYEE<\/h5>\n\n\t\t\n\t\t\t\t\n\t\t\t\t<h3>Geben Sie Ihren Mitarbeitern eine Stimme<\/h3>\n<p><span style=\"color: #001d30;\">Die Perspektive der Mitarbeiter auf die Verbesserung der Customer Experience \u2013 auch als Mitarbeiterfeedback (VoE &#8211; Voice of Employee) bezeichnet \u2013 bietet Marken einen einzigartigen Einblick in die Erfahrungen, Emotionen, Freuden und Probleme der Kunden. Das Einfangen des Mitarbeiterfeedbacks kann an festgelegten Touchpoints und in festgelegten Zeitabst\u00e4nden erfolgen, \u00fcber Ad-hoc-Einladungen und \u201eimmer offene&#8220; Portale oder in Ihrem Closed-Loop-Prozess integriert werden, um in Echtzeit Ursachen zu verstehen und L\u00f6sungsm\u00f6glichkeiten zu entwickeln. Unsere Experten helfen Ihnen, eine Feedback-Strategie zu entwickeln, die Ergebnisse zu analysieren und Ma\u00dfnahmenpl\u00e4ne zu erstellen, um die Kundenbindung zu verbessern, die Kosten zu senken und den Umsatz zu steigern.<\/span><\/p>\n\n\t\t\t\t\n\t\t\t\t\n\t\t\t<\/div>\n\n\t\t<\/div>\n\n\t\t<div class=\"col col-sm col_md col-middle\">\n\n\t\t<div >\n\t\t\t\t<object data=\"https:\/\/inmoment.com\/wp-content\/uploads\/2021\/04\/10-Employee-Experience.svg\" width=\"1207\" height=\"799\" title=\"10 &#8211; Employee Experience\" > <\/object>\n\t\t\t<\/div>\n\n\t\t<\/div>\n\n\t<\/div>\n\n<\/section>\n\n\n\n<div style=\"padding-bottom:120px;\"><\/div>\n\n\n<section id=\"block-5f5404f54029c\" class=\"content-block fifty-fifty-block fifty-media-text alignwide no-background\" style=\"\">\t<div class=\"grid text-left \">\n\n\t\t<div class=\"col col-sm col-md col-middle\">\n\t\t\t<div >\n\t\t\t\t<object data=\"https:\/\/inmoment.com\/wp-content\/uploads\/2021\/04\/11-Services.svg\" width=\"1035\" height=\"613\" title=\"11 &#8211; Services\" > <\/object>\t\t\t<\/div>\n\t\t<\/div>\n\n\t\t<div class=\"col col-sm col-md col-align-middle\">\n\n\t\t\t<div class=\"with-padding \">\n\n\t\t\t\t\n\t\n\t<h5 class=\"eyebrow eyebrow-heading-style-default-guppy\">MODERNE MARKTFORSCHUNG<\/h5>\n\n\t\t\n\t\t\t\t\n\t\t\t\t<h3>Sind Sie bereit f\u00fcr disruptive Ideen?<\/h3>\n<p>Zwar m\u00f6gen traditionelle Fokusgruppen der Vergangenheit angeh\u00f6ren, aber die Marktforschung ist noch lange nicht tot. Globale Panels helfen Unternehmen dabei, detaillierte Fragen mit branchenspezifischen Einblicken direkt aus der Perspektive der Verbraucher zu beantworten. In einer Welt, in der ein einziger Tweet die Geschicke einer Marke ma\u00dfgeblich beeinflussen kann und in der die Verbraucherstimmung an erster Stelle steht, helfen Benchmarking, Marktbewertung und Studien zur Markenwahrnehmung dabei, die Bed\u00fcrfnisse der Verbraucher zu ermitteln und Erwartungen zu validieren. Ganz gleich, ob es Ihnen um Kundenakquise, Wachstum oder Kundenbindung geht, unser Expertenteam f\u00fcr Marktforschungsdesign hilft Ihnen, die passende L\u00f6sung f\u00fcr Ihr Unternehmen zu entwickeln.<\/p>\n\n\t\t\t\t\n\t\t\t\t\n\t\t\t<\/div>\n\n\t\t<\/div>\n\n\t<\/div>\n\n<\/section>\n\n\n\n<div style=\"padding-bottom:100px;\"><\/div>\n\n\n<section id=\"block-5f5407af402a0\" class=\"content-block grid-container fifty-fifty-block fifty-text-media alignwide no-background\" style=\"\">\t<div class=\"grid text-left \">\n\n\t\t<div class=\"col col-sm col-md col-align-middle\">\n\n\t\t\t<div class=\"with-padding \">\n\n\t\t\t\t\n\t\n\t<h5 class=\"eyebrow eyebrow-heading-style-default-guppy\">Segmentierung<\/h5>\n\n\t\t\n\t\t\t\t\n\t\t\t\t<h3>Es gibt keine Einheitsl\u00f6sung<\/h3>\n<p>Obwohl Personalisierung bei CX hoch im Kurs steht, ist es einfach nicht m\u00f6glich, die Bed\u00fcrfnisse und W\u00fcnsche jedes einzelnen Kunden zu verstehen. An dieser Stelle kommt die Segmentierung ins Spiel. Unser Expertenteam ermittelt detaillierte Personas f\u00fcr jedes Segment in Ihrer Branche oder Ihrem aktuellen Kundenstamm, es identifiziert die wertvollsten von ihnen und empfiehlt Kommunikations- und Ma\u00dfnahmenpl\u00e4ne zur Akquisition und zum Wachstum jeder Gruppe.<\/p>\n\n\t\t\t\t\n\t\t\t\t\n\t\t\t<\/div>\n\n\t\t<\/div>\n\n\t\t<div class=\"col col-sm col_md col-middle\">\n\n\t\t<div >\n\t\t\t\t<object data=\"https:\/\/inmoment.com\/wp-content\/uploads\/2020\/09\/segmentation-45-1.svg\" width=\"700\" height=\"554\" title=\"segmentation-45\" > <\/object>\n\t\t\t<\/div>\n\n\t\t<\/div>\n\n\t<\/div>\n\n<\/section>\n\n\n\n<div style=\"padding-bottom:100px;\"><\/div>\n\n\n<section id=\"block-5f541655bfb90\" class=\"content-block pull-quote-block alignfull callout-quote-layout alignwide no-background\" style=\"\">\t\t<div class=\"grid container\">\n\n\t\t\t\n\t\t\t\t\t\t\t<div class=\"quote-callout col col-md col-6 col-align-middle col-last\">\n\t\t\t\t\t\t\t\t\t\t\t<h5 class=\"eyebrow-heading color-guppy\">STUDIEN ZUR KUNDENBINDUNG<\/h5>\n\t\t\t\t\t\n\t\t\t\t\t\t\t\t\t\t\t<h2 class=\"callout-heading \">Abwanderung verstehen und reduzieren<\/h2>\n\t\t\t\t\t\n\t\t\t\t\t\t\t\t\t\t\t<p class=\"callout-content \">Warum entscheiden sich Kunden zu gehen? Und noch wichtiger, was bewegt sie dazu, zu bleiben? Ganz gleich, ob ein Kunde aufgrund von schlechtem Service oder schlechter Preisgestaltung abwandert oder durch ein neues oder einzigartiges Angebot eines Wettbewerbers angelockt wird, Abwanderung ist kostspielig. Immerhin, sie schafft eine ideale Gelegenheit, die Faktoren zu verstehen, warum Kunden wechseln, so dass Sie potenzielle Markenwechsler proaktiv identifizieren und aufhalten k\u00f6nnen. Eine Studie zur Abwanderung hilft Ihnen bei der Umsetzung von Strategien, durch die Kunden mehr von dem erleben, was sie sch\u00e4tzen, und weniger von dem, was ihnen nicht gef\u00e4llt, so dass die Versuche Ihrer Konkurrenten, Ihre Kunden abzuwerben, aussichtslos bleiben.<\/p>\n\t\t\t\t\t\n\t\t\t\t\t\t\t\t\t<\/div><!-- .quote-callout -->\n\t\t\t\n\t\t\t<div class=\"col col-md col-align-middle quote-content col-6\t\t\tcol-first\t\t\t\">\n\t\t\t\t\t\t\t\t\t<div class=\"quote-text quote-guppy \">\n\t\t\t\t\t\t<h2><strong class=\"background-great-white \">Ein Drittel der Verbraucher (32%) sagt, dass sie bereits nach einem schlechten Kundenerlebnis die Marke, die sie lieben, wieder verlassen w\u00fcrden.&#8220;<\/strong><\/h2>\n\t\t\t\t\t<\/div><!-- .quote-text -->\n\t\t\t\t\n\t\t\t\t\t\t\t\t\t<p class=\"quote-attribution \">PWC<\/p>\n\t\t\t\t\n\t\t\t<\/div><!-- .quote-content -->\n\n\t\t<\/div><!-- .container -->\n\t<\/section><!-- .pull-quote-block -->\n\n\n<section id=\"block-5f5416e8bfb91\" class=\"content-block grid-container fifty-fifty-block fifty-text-media alignwide no-background\" style=\"\">\t<div class=\"grid text-left \">\n\n\t\t<div class=\"col col-sm col-md col-align-middle\">\n\n\t\t\t<div class=\"with-padding \">\n\n\t\t\t\t\n\t\n\t<h5 class=\"eyebrow eyebrow-heading-style-default-guppy\">TRUE DRIVER ANALYSIS <\/h5>\n\n\t\t\n\t\t\t\t\n\t\t\t\t<h3>Nicht alle Erfahrungen sind gleich wichtig<\/h3>\n<p>Es ist unm\u00f6glich, jedes Erlebnis perfekt zu gestalten, und das ist in Ordnung. Sie sollten aber wissen, auf welche Aspekte es f\u00fcr Ihre Kunden und Mitarbeiter ankommt. Unsere patentierte True Driver Analysis zeigt Ihnen, welchen Einfluss einzelne Erfahrungsdimensionen haben und an welchen Stellschrauben Sie die gr\u00f6\u00dften Effekte erzielen.<\/p>\n\n\t\t\t\t\n\t\t\t\t\n\t\t\t<\/div>\n\n\t\t<\/div>\n\n\t\t<div class=\"col col-sm col_md col-middle\">\n\n\t\t<div >\n\t\t\t\t<object data=\"https:\/\/inmoment.com\/wp-content\/uploads\/2021\/04\/12-Services.svg\" width=\"1270\" height=\"963\" title=\"12 &#8211; Services\" > <\/object>\n\t\t\t<\/div>\n\n\t\t<\/div>\n\n\t<\/div>\n\n<\/section>\n\n\n\n<div style=\"padding-bottom:100px;\"><\/div>\n\n\n<section id=\"block-5f5408dc402a2\" class=\"content-block fifty-fifty-block fifty-media-text alignfull has-background color-as-background background-orca\" style=\"\">\t<div class=\"grid text-left \">\n\n\t\t<div class=\"col col-sm col-md col-middle\">\n\t\t\t<div >\n\t\t\t\t<object data=\"https:\/\/inmoment.com\/wp-content\/uploads\/2020\/09\/EX_Party-05-2.svg\" width=\"597\" height=\"519\" title=\"EX_Party-05\" > <\/object>\t\t\t<\/div>\n\t\t<\/div>\n\n\t\t<div class=\"col col-sm col-md col-align-middle\">\n\n\t\t\t<div class=\"with-padding color-albatross\">\n\n\t\t\t\t\n\t\n\t<h5 class=\"eyebrow eyebrow-heading-style-default-guppy\">MITARBEITERMEILENSTEINE FEIERN<\/h5>\n\n\t\t\n\t\t\t\t\n\t\t\t\t<h3><span style=\"color: #ffffff;\">H\u00e4ngen Sie die Luftschlangen auf und schneiden Sie den Kuchen an!<\/span><\/h3>\n<p>Es gibt nichts Sch\u00f6neres, als ein Arbeitsjubil\u00e4um zu feiern! Langj\u00e4hrige Mitarbeiter bringen umfangreiches Wissen und Fachkenntnisse mit und haben nicht selten wertvolle Beziehungen und einen engen Kontakt zu den Kunden aufgebaut. Zudem m\u00fcssen Sie, wenn Ihre Mitarbeiter bleiben, nicht Unsummen f\u00fcr die Anwerbung, Auswahl und Einarbeitung neuer Mitarbeiter ausgeben. Unsere L\u00f6sung kombiniert wichtige Befragungen zum Mitarbeiterzyklus mit strategischen Analysen, um zu ermitteln, wo und warum Mitarbeiter sich nicht mehr engagieren und unerf\u00fcllt bleiben \u2013 und welche Ma\u00dfnahmen zu ergreifen sind, um sie zu motivieren engagiert zu bleiben \u2013 bevor es zu sp\u00e4t ist.<\/p>\n\n\t\t\t\t\n\t\t\t\t\n\t\t\t<\/div>\n\n\t\t<\/div>\n\n\t<\/div>\n\n<\/section>\n\n\n<section id=\"block-5f54191bbfb92\" class=\"content-block pull-quote-block alignfull callout-quote-layout alignfull has-background color-as-background background-orca\" style=\"\">\t\t<div class=\"grid container\">\n\n\t\t\t\n\t\t\t\t\t\t\t<div class=\"quote-callout col col-md col-6 col-align-middle col-first\">\n\t\t\t\t\t\t\t\t\t\t\t<h5 class=\"eyebrow-heading color-guppy\">ENTWICKLUNGSPROGRAMM F\u00dcR F\u00dcHRUNGSKR\u00c4FTE<\/h5>\n\t\t\t\t\t\n\t\t\t\t\t\t\t\t\t\t\t<h2 class=\"callout-heading color-albatross\">Mobilisieren und bef\u00e4higen Sie die F\u00fchrungskr\u00e4fte von morgen<\/h2>\n\t\t\t\t\t\n\t\t\t\t\t\t\t\t\t\t\t<p class=\"callout-content color-albatross\">Es hei\u00dft, Mitarbeiter verlassen keine Unternehmen \u2013 sie verlassen F\u00fchrungskr\u00e4fte. Deshalb ist es von entscheidender Bedeutung, effektive F\u00fchrungskr\u00e4fte auf jeder Ebene Ihres Unternehmens zu entwickeln. Unser F\u00fchrungskr\u00e4fte-Entwicklungsprogramm hilft, St\u00e4rken und Schw\u00e4chen zu erkennen, und \u00fcberf\u00fchrt Erkenntnisse in ein gezieltes, individuell abgestimmtes Coaching. Das Resultat? Bef\u00e4higte F\u00fchrungskr\u00e4fte, die in der Lage sind, ihre Teams ad\u00e4quat und effektiv anzuleiten.<\/p>\n\t\t\t\t\t\n\t\t\t\t\t\t\t\t\t<\/div><!-- .quote-callout -->\n\t\t\t\n\t\t\t<div class=\"col col-md col-align-middle quote-content col-6\t\t\tcol-last\t\t\t\">\n\t\t\t\t\t\t\t\t\t<div class=\"quote-text quote-guppy color-orca\">\n\t\t\t\t\t\t<h2><strong class=\"background-dory color-albatross\">92% der Mitarbeiter gaben an, dass sie eher in ihrem Job bleiben w\u00fcrden, wenn ihre Chefs mehr Empathie zeigen w\u00fcrden.&#8220;<\/strong><\/h2>\n\t\t\t\t\t<\/div><!-- .quote-text -->\n\t\t\t\t\n\t\t\t\t\t\t\t\t\t<p class=\"quote-attribution color-albatross\">Businesssolver, The State of Workplace Empathy<\/p>\n\t\t\t\t\n\t\t\t<\/div><!-- .quote-content -->\n\n\t\t<\/div><!-- .container -->\n\t<\/section><!-- .pull-quote-block -->\n\n\n<section id=\"block-5f540956402a3\" class=\"content-block fifty-fifty-block fifty-media-text alignfull has-background color-as-background background-orca\" style=\"\">\t<div class=\"grid text-left \">\n\n\t\t<div class=\"col col-sm col-md col-middle\">\n\t\t\t<div >\n\t\t\t\t<img decoding=\"async\" width=\"996\" height=\"944\" src=\"https:\/\/inmoment.com\/wp-content\/uploads\/2020\/09\/DynamicActionPlanning.png\" class=\"fifty-image\" alt=\"\" srcset=\"https:\/\/inmoment.com\/wp-content\/uploads\/2020\/09\/DynamicActionPlanning.png 996w, https:\/\/inmoment.com\/wp-content\/uploads\/2020\/09\/DynamicActionPlanning-300x284.png 300w, https:\/\/inmoment.com\/wp-content\/uploads\/2020\/09\/DynamicActionPlanning-768x728.png 768w\" sizes=\"auto, (max-width: 996px) 100vw, 996px\" loading=\"lazy\" \/>\t\t\t<\/div>\n\t\t<\/div>\n\n\t\t<div class=\"col col-sm col-md col-align-middle\">\n\n\t\t\t<div class=\"with-padding color-albatross\">\n\n\t\t\t\t\n\t\n\t<h5 class=\"eyebrow eyebrow-heading-style-default-guppy\">DYNAMISCHE MASSNAHMENPLANUNG<\/h5>\n\n\t\t\n\t\t\t\t\n\t\t\t\t<h3><span style=\"color: #ffffff;\">Mehr als nur Insights<\/span><\/h3>\n<p>Unsere erfahrenen Change Management Experten helfen Ihnen nicht nur bei der Identifizierung wirkungsvoller Initiativen, sondern leiten auch den Ver\u00e4nderungsmanagement- und Engagementprozess, der erforderlich ist, um eine Kultur des Experience Improvements in den Arbeitsalltag eines jeden Mitarbeiters zu integrieren.<\/p>\n\n\t\t\t\t\n\t\t\t\t\n\t\t\t<\/div>\n\n\t\t<\/div>\n\n\t<\/div>\n\n<\/section>\n\n\n<section id=\"block-5f540a78402a4\" class=\"content-block grid-container fifty-fifty-block fifty-text-media alignfull has-background color-as-background background-dory\" style=\"\">\t<div class=\"grid text-left \">\n\n\t\t<div class=\"col col-sm col-md col-align-middle\">\n\n\t\t\t<div class=\"with-padding color-albatross\">\n\n\t\t\t\t\n\t\n\t<h5 class=\"eyebrow eyebrow-heading-style-default-guppy\">ANALYSE DES FINANZIELLEN MEHRWERTS<\/h5>\n\n\t\t\n\t\t\t\t\n\t\t\t\t<h3><span style=\"color: #ffffff;\">Experience Improvement: Messbare Ergebnisse schaffen<\/span><\/h3>\n<p>Es ist leicht, anzunehmen, dass Verbesserungen bei NPS (Net Promoter Score) und Gesamtzufriedenheit einen positiven Einfluss auf den Umsatz haben, doch ihre Quantifizierung ist eine andere Geschichte. Ganz gleich, ob es um Akquisition, Wachstum, Mitarbeiterbindung oder die Senkung der Kosten geht \u2013 unsere Experten helfen Ihnen, ein Programm zu entwerfen, das auf Ihre Ziele abgestimmt ist \u2013 und sie messen die Auswirkungen in jeder Phase des Prozesses.<\/p>\n\n\t\t\t\t\n\t\t\t\t\n\t\t\t<\/div>\n\n\t\t<\/div>\n\n\t\t<div class=\"col col-sm col_md col-middle\">\n\n\t\t<div >\n\t\t\t\t<object data=\"https:\/\/inmoment.com\/wp-content\/uploads\/2020\/09\/FinancialLinkage-02-3.svg\" width=\"700\" height=\"553\" title=\"FinancialLinkage-02\" > <\/object>\n\t\t\t<\/div>\n\n\t\t<\/div>\n\n\t<\/div>\n\n<\/section>\n\n\n<section id=\"block-5f540b4b402a5\" class=\"content-block fifty-fifty-block fifty-media-text alignfull has-background color-as-background background-dory\" style=\"\">\t<div class=\"grid text-left \">\n\n\t\t<div class=\"col col-sm col-md col-middle\">\n\t\t\t<div >\n\t\t\t\t<object data=\"https:\/\/inmoment.com\/wp-content\/uploads\/2020\/09\/CrystalBall_PredictiveAnalytics-08.svg\" width=\"398\" height=\"392\" title=\"CrystalBall_PredictiveAnalytics-08\" > <\/object>\t\t\t<\/div>\n\t\t<\/div>\n\n\t\t<div class=\"col col-sm col-md col-align-middle\">\n\n\t\t\t<div class=\"with-padding color-albatross\">\n\n\t\t\t\t\n\t\n\t<h5 class=\"eyebrow eyebrow-heading-style-default-guppy\">PR\u00c4DIKTIVE ANALYTIK<\/h5>\n\n\t\t\n\t\t\t\t\n\t\t\t\t<h3><span style=\"color: #ffffff;\">Ihre pers\u00f6nliche Kristallkugel<\/span><\/h3>\n<p>Wenn Sie alle Ihre Entscheidungen auf der Grundlage veralteter Indikatoren treffen, werden Sie immer einen Schritt hinterher sein. Die pr\u00e4diktive Analyse bietet Ihnen eine Art Kristallkugel, durch die Sie schon jetzt sehen k\u00f6nnen, an welchen Standorten die Umsatzziele wahrscheinlich verfehlt werden, welche Kunden geneigt sind, abzuwandern, und welche Segmente Wachstumspotenzial haben. Von Prognosen \u00fcber Kunden- bis hin zur Mitarbeiterabwanderung \u2013 durch die st\u00e4ndige Analyse von Mustern in verschiedenen Datenquellen sind Sie in der Lage, proaktiv Rettungsma\u00dfnahmen zu ergreifen und neue Chancen zu nutzen, bevor es zu sp\u00e4t ist.<\/p>\n\n\t\t\t\t\n\t\t\t\t\n\t\t\t<\/div>\n\n\t\t<\/div>\n\n\t<\/div>\n\n<\/section>\n\n\n\n<p><\/p>\n","protected":false},"excerpt":{"rendered":"","protected":false},"author":13,"featured_media":0,"parent":0,"menu_order":0,"comment_status":"closed","ping_status":"closed","template":"","meta":{"_acf_changed":false,"footnotes":""},"class_list":["post-10113","page","type-page","status-publish","hentry"],"acf":[],"_links":{"self":[{"href":"https:\/\/inmoment.com\/de-de\/wp-json\/wp\/v2\/pages\/10113","targetHints":{"allow":["GET"]}}],"collection":[{"href":"https:\/\/inmoment.com\/de-de\/wp-json\/wp\/v2\/pages"}],"about":[{"href":"https:\/\/inmoment.com\/de-de\/wp-json\/wp\/v2\/types\/page"}],"author":[{"embeddable":true,"href":"https:\/\/inmoment.com\/de-de\/wp-json\/wp\/v2\/users\/13"}],"replies":[{"embeddable":true,"href":"https:\/\/inmoment.com\/de-de\/wp-json\/wp\/v2\/comments?post=10113"}],"version-history":[{"count":0,"href":"https:\/\/inmoment.com\/de-de\/wp-json\/wp\/v2\/pages\/10113\/revisions"}],"wp:attachment":[{"href":"https:\/\/inmoment.com\/de-de\/wp-json\/wp\/v2\/media?parent=10113"}],"curies":[{"name":"wp","href":"https:\/\/api.w.org\/{rel}","templated":true}]}}