{"id":10116,"date":"2020-09-04T22:30:43","date_gmt":"2020-09-04T22:30:43","guid":{"rendered":"http:\/\/prodim2020.wpengine.com\/enterprise-architecture\/"},"modified":"2023-03-06T23:09:02","modified_gmt":"2023-03-06T23:09:02","slug":"enterprise-architecture","status":"publish","type":"page","link":"https:\/\/inmoment.com\/de-de\/enterprise-architecture\/","title":{"rendered":"Enterprise Architecture"},"content":{"rendered":"<section id=\"block-ff12487974bdbb5f46a8e6db320d2c96\" class=\"content-block single-paragraph-block alignwide no-background\" style=\"\">\n\t\t<div class=\"grid  grid-center \">\n\n\t\t\t<div class=\"col col-8 col-sm col-md \">\n\n\t\t\t\t\n\t\t\t\t\t<figure class=\"single-paragraph-icon\">\n\n\t\t\t\t\t\t<img decoding=\"async\" src=\"https:\/\/inmoment.com\/wp-content\/uploads\/2020\/08\/Frame-1.png\" alt=\"InMoment\" \/>\n\n\t\t\t\t\t<\/figure>\n\n\t\t\t\t\n\t\t\t\t\n\t\t\t\t\t\t<h5 class=\"eyebrow-heading eyebrow-heading-style-default-\"><\/h5>\n\t\t\t\t\n\t\t\t\t\n\t\t\t\t\t<h2 class=\"single-paragraph-heading \">Enterprise Architecture<\/h2>\n\n\t\t\t\t\n\t\t\t\t\n\t\t\t\t\n\t\t\t\t\t<div class=\"single-paragraph-content color-orca\"><p>Daten existieren nicht nur in einem einzigen Format oder stammen aus einer einzigen Quelle. Experience Data existiert in jedem Bereich Ihres Unternehmens. Aus diesem Grund wurde die XI-Plattform mit einer flexiblen, skalierbaren und modernen Cloud-Architektur entwickelt, die es jedem \u2013 von Mitarbeitern mit direktem Kundenkontakt bis hin zu CEOs \u2013 erm\u00f6glicht, auf die Informationen zuzugreifen, die sie ben\u00f6tigen, um ihre Arbeit effektiv zu erledigen und Entscheidungen zu treffen, die die Gesch\u00e4ftsergebnisse verbessern.<\/p>\n<\/div>\n\n\t\t\t\t\n\t\t\t<\/div> <!-- .col -->\n\n\t\t<\/div><!-- .grid -->\n\n\t<\/section>\n\n\n\n<div style=\"padding-top:40px;\"><\/div>\n\n\n<section id=\"block-30e1c5a57fa581e9aceac1a489eb0c02\" class=\"content-block fifty-fifty-block fifty-media-text alignwide no-background\" style=\"\">\t<div class=\"grid text-left \">\n\n\t\t<div class=\"col col-sm col-md col-middle\">\n\t\t\t<div >\n\t\t\t\t<object data=\"https:\/\/inmoment.com\/wp-content\/uploads\/2020\/09\/BusinessGrowth.svg\" width=\"780\" height=\"516\" title=\"BusinessGrowth\" > <\/object>\t\t\t<\/div>\n\t\t<\/div>\n\n\t\t<div class=\"col col-sm col-md col-align-middle\">\n\n\t\t\t<div class=\"with-padding \">\n\n\t\t\t\t\n\t\n\t\t\t\t\n\t\t\t\t<p>Ganz gleich, ob Sie nur einen Feedback-Kanal oder 300 verschiedene Datenquellen auswerten oder Ihre Gesch\u00e4fte in f\u00fcnf oder vierzig Sprachen abwickeln, InMoment ist Ihr Experience Improvement-Partner. Leistung, Stabilit\u00e4t, Skalierbarkeit, Flexibilit\u00e4t und Sicherheit: Die XI-Plattform wurde so konzipiert, dass Sie Ihre Ziele erreichen k\u00f6nnen. Deshalb vertrauen weltweit f\u00fchrende Marken auf InMoment.<\/p>\n\n\t\t\t\t\n\t\t\t\t\n\t\t\t<\/div>\n\n\t\t<\/div>\n\n\t<\/div>\n\n<\/section>\n\n\n\n<div style=\"padding-top:100px;\"><\/div>\n\n\n<section id=\"block-43ec83e7983ecafbbaa107bf399d56ef\" class=\"content-block grid-container fifty-fifty-block fifty-text-media alignwide no-background\" style=\"\">\t<div class=\"grid text-left \">\n\n\t\t<div class=\"col col-sm col-md col-align-middle\">\n\n\t\t\t<div class=\"with-padding \">\n\n\t\t\t\t\n\t\n\t\t\t\t\n\t\t\t\t<h3>Cloud Native<\/h3>\n<p>Bei traditionellen Data-Warehouses ist keine Skalierbarkeit m\u00f6glich. Denn bei einer endlichen Anzahl von Servern kann bei einer massiven Belastung des Systems praktisch nichts getan werden, um Bandbreite oder Leistung zu erh\u00f6hen. Mit der modernen Cloud-basierten Architektur der XI-Plattform werden bei der Erweiterung der Bandbreite umgehend neue virtuelle Server bereitgestellt, die unsere Verarbeitungsleistung sofort erh\u00f6hen und f\u00fcr Geschwindigkeit und Stabilit\u00e4t sorgen.<\/p>\n\n\t\t\t\t\n\t\t\t\t\n\t\t\t<\/div>\n\n\t\t<\/div>\n\n\t\t<div class=\"col col-sm col_md col-middle\">\n\n\t\t<div >\n\t\t\t\t<object data=\"https:\/\/inmoment.com\/wp-content\/uploads\/2020\/09\/Cloud-Native.svg\" width=\"547\" height=\"457\" title=\"Cloud-Native\" > <\/object>\n\t\t\t<\/div>\n\n\t\t<\/div>\n\n\t<\/div>\n\n<\/section>\n\n\n\n<div style=\"padding-bottom:100px;\"><\/div>\n\n\n<div class=\"relative max-w-[1138px] mx-auto\">\n\n\t<section id=\"block-57a4fedf98a74f2cb7407fb72a75bdcb\" class=\"content-block icon-horizontal-scroll-block relative z-[1] alignfull current- has-background color-as-background background-great-white\" style=\"\">\n\t\t\t<div class=\"container\">\n\t\t\t<h2 class=\"block-title \">Unterst\u00fctzung globaler Unternehmen<\/h2>\n\t\t<\/div>\n\t\n\t\n\t\t<div class=\"icon-horizontal-carousel\" data-carousel='carousel-36'>\n\n\t\t\t\n\t\t\t\t<section id=\"feature-1\" class=\"slide\">\n\t\t\t\t\t<div class=\"slide-content\">\n\n\t\t\t\t\t\t\t\t\t\t\t\t\t<div class=\"icon-wrap\">\n\t\t\t\t\t\t\t\t<img decoding=\"async\" width=\"285\" height=\"57\" src=\"https:\/\/inmoment.com\/wp-content\/uploads\/2020\/09\/12-MRD.svg\" class=\"large\" alt=\"\" loading=\"lazy\" \/>\t\t\t\t\t\t\t<\/div><!-- .icon-wrap -->\n\t\t\t\t\t\t\n\t\t\t\t\t\t\n\t\t\t\t\t\t\t\t\t\t\t\t\t<div class=\"heading-wrap inline-block \">\n\t\t\t\t\t\t\t\t<h3 class=\"slide-title  \">12 Mrd+ Kundenkontaktpunkte<\/h3>\n\t\t\t\t\t\t\t<\/div><!-- .heading-wrap -->\n\t\t\t\t\t\t\n\t\t\t\t\t<\/div><!-- .slide-content -->\n\t\t\t\t<\/section>\n\n\t\t\t\n\t\t\t\t<section id=\"feature-2\" class=\"slide\">\n\t\t\t\t\t<div class=\"slide-content\">\n\n\t\t\t\t\t\t\t\t\t\t\t\t\t<div class=\"icon-wrap\">\n\t\t\t\t\t\t\t\t<img decoding=\"async\" width=\"105\" height=\"57\" src=\"https:\/\/inmoment.com\/wp-content\/uploads\/2020\/09\/2M.svg\" class=\"large\" alt=\"\" loading=\"lazy\" \/>\t\t\t\t\t\t\t<\/div><!-- .icon-wrap -->\n\t\t\t\t\t\t\n\t\t\t\t\t\t\n\t\t\t\t\t\t\t\t\t\t\t\t\t<div class=\"heading-wrap inline-block \">\n\t\t\t\t\t\t\t\t<h3 class=\"slide-title  \">2 Mio aktive Nutzer<\/h3>\n\t\t\t\t\t\t\t<\/div><!-- .heading-wrap -->\n\t\t\t\t\t\t\n\t\t\t\t\t<\/div><!-- .slide-content -->\n\t\t\t\t<\/section>\n\n\t\t\t\n\t\t\t\t<section id=\"feature-3\" class=\"slide\">\n\t\t\t\t\t<div class=\"slide-content\">\n\n\t\t\t\t\t\t\t\t\t\t\t\t\t<div class=\"icon-wrap\">\n\t\t\t\t\t\t\t\t<img decoding=\"async\" width=\"234\" height=\"59\" src=\"https:\/\/inmoment.com\/wp-content\/uploads\/2023\/03\/3000-dark.svg\" class=\"large\" alt=\"3000+\" loading=\"lazy\" \/>\t\t\t\t\t\t\t<\/div><!-- .icon-wrap -->\n\t\t\t\t\t\t\n\t\t\t\t\t\t\n\t\t\t\t\t\t\t\t\t\t\t\t\t<div class=\"heading-wrap inline-block \">\n\t\t\t\t\t\t\t\t<h3 class=\"slide-title  \">der f\u00fchrenden Marken<\/h3>\n\t\t\t\t\t\t\t<\/div><!-- .heading-wrap -->\n\t\t\t\t\t\t\n\t\t\t\t\t<\/div><!-- .slide-content -->\n\t\t\t\t<\/section>\n\n\t\t\t\n\t\t\t\t<section id=\"feature-4\" class=\"slide\">\n\t\t\t\t\t<div class=\"slide-content\">\n\n\t\t\t\t\t\t\t\t\t\t\t\t\t<div class=\"icon-wrap\">\n\t\t\t\t\t\t\t\t<img decoding=\"async\" width=\"93\" height=\"56\" src=\"https:\/\/inmoment.com\/wp-content\/uploads\/2020\/09\/11.svg\" class=\"large\" alt=\"\" loading=\"lazy\" \/>\t\t\t\t\t\t\t<\/div><!-- .icon-wrap -->\n\t\t\t\t\t\t\n\t\t\t\t\t\t\n\t\t\t\t\t\t\t\t\t\t\t\t\t<div class=\"heading-wrap inline-block \">\n\t\t\t\t\t\t\t\t<h3 class=\"slide-title  \">11 globale Datenzentren<\/h3>\n\t\t\t\t\t\t\t<\/div><!-- .heading-wrap -->\n\t\t\t\t\t\t\n\t\t\t\t\t<\/div><!-- .slide-content -->\n\t\t\t\t<\/section>\n\n\t\t\t\n\t\t\t\t<section id=\"feature-5\" class=\"slide\">\n\t\t\t\t\t<div class=\"slide-content\">\n\n\t\t\t\t\t\t\t\t\t\t\t\t\t<div class=\"icon-wrap\">\n\t\t\t\t\t\t\t\t<img decoding=\"async\" width=\"237\" height=\"56\" src=\"https:\/\/inmoment.com\/wp-content\/uploads\/2020\/09\/1-MRD.svg\" class=\"large\" alt=\"\" loading=\"lazy\" \/>\t\t\t\t\t\t\t<\/div><!-- .icon-wrap -->\n\t\t\t\t\t\t\n\t\t\t\t\t\t\n\t\t\t\t\t\t\t\t\t\t\t\t\t<div class=\"heading-wrap inline-block \">\n\t\t\t\t\t\t\t\t<h3 class=\"slide-title  \">1MRD t\u00e4glich gesammelte und bereicherte Feedbackdaten<\/h3>\n\t\t\t\t\t\t\t<\/div><!-- .heading-wrap -->\n\t\t\t\t\t\t\n\t\t\t\t\t<\/div><!-- .slide-content -->\n\t\t\t\t<\/section>\n\n\t\t\t\n\t\t\t\t<section id=\"feature-6\" class=\"slide\">\n\t\t\t\t\t<div class=\"slide-content\">\n\n\t\t\t\t\t\t\t\t\t\t\t\t\t<div class=\"icon-wrap\">\n\t\t\t\t\t\t\t\t<img decoding=\"async\" width=\"136\" height=\"58\" src=\"https:\/\/inmoment.com\/wp-content\/uploads\/2020\/09\/20.svg\" class=\"large\" alt=\"\" loading=\"lazy\" \/>\t\t\t\t\t\t\t<\/div><!-- .icon-wrap -->\n\t\t\t\t\t\t\n\t\t\t\t\t\t\n\t\t\t\t\t\t\t\t\t\t\t\t\t<div class=\"heading-wrap inline-block \">\n\t\t\t\t\t\t\t\t<h3 class=\"slide-title  \">20+ B\u00fcros weltweit<\/h3>\n\t\t\t\t\t\t\t<\/div><!-- .heading-wrap -->\n\t\t\t\t\t\t\n\t\t\t\t\t<\/div><!-- .slide-content -->\n\t\t\t\t<\/section>\n\n\t\t\t\n\t\t<\/div><!-- .icon-horizontal-carousel -->\n\t\t<div class=\"slick-dots-wrap\" data-dots='dots-36'><\/div>\n\n\t\n\t<\/section><!-- .icon-horizontal-scroll-block -->\n\t<div class=\"icon-horizontal-carousel-bg absolute -inset-3 rounded-[20px] bg-[linear-gradient(to_right,#D6E3FC1A_0%,#D6E3FC4D_100%)] backdrop-blur\"><\/div>\n<\/div>\n\n<section id=\"block-65af13def49ac2c51d07c5f75a5fa2df\" class=\"content-block fifty-fifty-block fifty-media-text alignfull has-background color-as-background background-great-white\" style=\"\">\t<div class=\"grid text-left \">\n\n\t\t<div class=\"col col-sm col-md col-middle\">\n\t\t\t<div >\n\t\t\t\t<object data=\"https:\/\/inmoment.com\/wp-content\/uploads\/2020\/09\/simple-Marketecture-01.svg\" width=\"1310\" height=\"1007\" title=\"simple-Marketecture-01\" > <\/object>\t\t\t<\/div>\n\t\t<\/div>\n\n\t\t<div class=\"col col-sm col-md col-align-middle\">\n\n\t\t\t<div class=\"with-padding \">\n\n\t\t\t\t\n\t\n\t\t\t\t\n\t\t\t\t<h3>Es werden alle Daten erfasst<\/h3>\n<p style=\"color: #001d30;\">Experience-Daten werden deutlich wertvoller,<br \/>\nwenn sie mit finanziellen, betrieblichen und kontextbezogenen Gesch\u00e4ftskennzahlen zusammengef\u00fchrt werden. Bei anderen Anbietern m\u00fcssen interne Daten zun\u00e4chst in das Format der Befragungsdaten transformiert werden. Bei der XI-Plattform k\u00f6nnen alle Daten in Ihrem urspr\u00fcnglichen Format bleiben, ohne von ihrer Aussagekraft einzub\u00fc\u00dfen.<\/p>\n\n\t\t\t\t\n\t\t\t\t\n\t\t\t<\/div>\n\n\t\t<\/div>\n\n\t<\/div>\n\n<\/section>\n\n\n<section id=\"block-47b34def6c43a7bebebca14e94616ff6\" class=\"content-block grid-container fifty-fifty-block fifty-text-media alignwide has-offset-image no-background\" style=\"\">\t<div class=\"grid text-left  image-offset\">\n\n\t\t<div class=\"col col-sm col-md col-align-middle\">\n\n\t\t\t<div class=\"with-padding \">\n\n\t\t\t\t\n\t\n\t\t\t\t\n\t\t\t\t<h3 class=\"big-screenshot-block-heading\">Datenintegrit\u00e4t<\/h3>\n<p>Wenn Experience-Daten als Grundlage f\u00fcr Gesch\u00e4ftsentscheidungen in H\u00f6he von mehreren Millionen Euro dienen, m\u00fcssen Sie sich auf die Ergebnisse verlassen k\u00f6nnen. Aus diesem Grund erweitern wir st\u00e4ndig unser Portfolio an Datenintegrations-Tools. <strong>Sample Assurance<\/strong> nutzt jahrelange Forschung und Vorhersagemodelle, um sicherzustellen, dass Ihre Daten die verschiedenen Zielgruppen repr\u00e4sentieren, die Sie bedienen. Und der einzigartige <strong>XIWorkflow<\/strong>, kombiniert mit unserer leistungsstarken <strong>Tamper Detection Suite,<\/strong> validiert, bereinigt, strukturiert und reichert Daten automatisch zu sofort nutzbaren Erkenntnissen an, denen Sie vertrauen k\u00f6nnen. Mit InMoment k\u00f6nnen Sie Feedbackdaten jederzeit problemlos als Basis f\u00fcr schnellere Gesch\u00e4ftsentscheidungen nutzen.<\/p>\n\n\t\t\t\t\n\t\t\t\t\n\t\t\t<\/div>\n\n\t\t<\/div>\n\n\t\t<div class=\"col col-sm col_md col-middle\">\n\n\t\t<div >\n\t\t\t\t<object data=\"https:\/\/inmoment.com\/wp-content\/uploads\/2020\/09\/xi-workflow-1.svg\" width=\"1011\" height=\"614\" title=\"xi-workflow (1)\" > <\/object>\n\t\t\t<\/div>\n\n\t\t<\/div>\n\n\t<\/div>\n\n<\/section>\n\n\n\n<div style=\"padding-bottom:40px;\"><\/div>\n\n\n<section id=\"block-0eeff8a04c9704bd21209ab22af4dfa2\" class=\"content-block icon-title-list-block alignwide no-background\" style=\"\">\n\t\t<div class=\"container icon-hero-content\">\n\n\t\t\t\n\t\t\t\t<h5 class=\"eyebrow-heading eyebrow-heading-style-default-starfish\">Weltweite Zertifizierungen<\/h5>\n\t\t\t\n\t\t\t\n\t\t\t\t<h2 class=\"h3 color-orca\">\n\n\t\t\t\t\tSicherheit, die nichts dem Zufall \u00fcberl\u00e4sst\n\t\t\t\t<\/h2>\n\n\t\t\t\n\t\t\t\n\t\t\t\t<p class=\"color-orca\">Wenn Sie Millionen von Kunden- und Mitarbeiterdaten verarbeiten, steht Sicherheit an oberster Stelle. Die XI-Plattform basiert auf der sichersten verf\u00fcgbaren Cloud-Computing-Umgebung zum Schutz von Informationen, Identit\u00e4ten, Anwendungen und Ger\u00e4ten. Wir wenden mehr als 20 der strengsten Sicherheitsrichtlinien zum Schutz sensibler Kundendaten an, die auf der Norm ISO 27001 basieren. Dar\u00fcber hinaus sind Ihre Daten dank personalisierbaren Sicherheitsrichtlinien f\u00fcr Passw\u00f6rter und Anmeldungen stets sicher.\r\n<\/p>\n\n\t\t\t\n\t\t<\/div>\n\n\t\t\t\t\t<div class=\"icons container grid\">\n\n\t\t\t\t\n\t\t\t\t\t<div class=\"col col-sm col-md col-4\">\n\n\t\t\t\t\t\t<figure>\n\n\t\t\t\t\t\t\t<img decoding=\"async\" src=\"https:\/\/inmoment.com\/wp-content\/uploads\/2020\/09\/DSGVO.png\" alt=\"InMoment\" \/>\n\n\t\t\t\t\t\t\t<figcaption class=\"\">\n\n\t\t\t\t\t\t\t\tDSGVO\n\t\t\t\t\t\t\t<\/figcaption>\n\n\t\t\t\t\t\t<\/figure>\n\n\t\t\t\t\t<\/div> <!-- .col -->\n\n\t\t\t\t\n\t\t\t\t\t<div class=\"col col-sm col-md col-4\">\n\n\t\t\t\t\t\t<figure>\n\n\t\t\t\t\t\t\t<img decoding=\"async\" src=\"https:\/\/inmoment.com\/wp-content\/uploads\/2020\/09\/CCPA-Compliant.png\" alt=\"InMoment\" \/>\n\n\t\t\t\t\t\t\t<figcaption class=\"\">\n\n\t\t\t\t\t\t\t\tCCPA \n\t\t\t\t\t\t\t<\/figcaption>\n\n\t\t\t\t\t\t<\/figure>\n\n\t\t\t\t\t<\/div> <!-- .col -->\n\n\t\t\t\t\n\t\t\t\t\t<div class=\"col col-sm col-md col-4\">\n\n\t\t\t\t\t\t<figure>\n\n\t\t\t\t\t\t\t<img decoding=\"async\" src=\"https:\/\/inmoment.com\/wp-content\/uploads\/2020\/09\/ISO27001-1.png\" alt=\"InMoment\" \/>\n\n\t\t\t\t\t\t\t<figcaption class=\"\">\n\n\t\t\t\t\t\t\t\tISO 27001\n\t\t\t\t\t\t\t<\/figcaption>\n\n\t\t\t\t\t\t<\/figure>\n\n\t\t\t\t\t<\/div> <!-- .col -->\n\n\t\t\t\t\n\t\t\t<\/div> <!-- .grid -->\n\t\t\n\t<\/section> <!-- .section -->\n\n\n\n\n<div style=\"margin-top:-200px;\"><\/div>\n\n\n<section id=\"block-0095618d99cbd27577b288c10274d407\" class=\"content-block icon-title-list-block alignwide no-background\" style=\"\">\n\t\t<div class=\"container icon-hero-content\">\n\n\t\t\t\n\t\t\t\t<h5 class=\"eyebrow-heading eyebrow-heading-style-default-\"><\/h5>\n\t\t\t\n\t\t\t\n\t\t\t\n\t\t<\/div>\n\n\t\t\t\t\t<div class=\"icons container grid\">\n\n\t\t\t\t\n\t\t\t\t\t<div class=\"col col-sm col-md col-3\">\n\n\t\t\t\t\t\t<figure>\n\n\t\t\t\t\t\t\t<img decoding=\"async\" src=\"https:\/\/inmoment.com\/wp-content\/uploads\/2020\/09\/logo_hipaa@2x.png\" alt=\"InMoment\" \/>\n\n\t\t\t\t\t\t\t<figcaption class=\"\">\n\n\t\t\t\t\t\t\t\tHIPPA\n\t\t\t\t\t\t\t<\/figcaption>\n\n\t\t\t\t\t\t<\/figure>\n\n\t\t\t\t\t<\/div> <!-- .col -->\n\n\t\t\t\t\n\t\t\t\t\t<div class=\"col col-sm col-md col-3\">\n\n\t\t\t\t\t\t<figure>\n\n\t\t\t\t\t\t\t<img decoding=\"async\" src=\"https:\/\/inmoment.com\/wp-content\/uploads\/2020\/09\/AICPA-SOC-2-1.png\" alt=\"InMoment\" \/>\n\n\t\t\t\t\t\t\t<figcaption class=\"\">\n\n\t\t\t\t\t\t\t\tAICPA SOC 2\n\t\t\t\t\t\t\t<\/figcaption>\n\n\t\t\t\t\t\t<\/figure>\n\n\t\t\t\t\t<\/div> <!-- .col -->\n\n\t\t\t\t\n\t\t\t\t\t<div class=\"col col-sm col-md col-3\">\n\n\t\t\t\t\t\t<figure>\n\n\t\t\t\t\t\t\t<img decoding=\"async\" src=\"https:\/\/inmoment.com\/wp-content\/uploads\/2020\/09\/Gramm-Leach-Bliley-Act-Compliant.jpg\" alt=\"InMoment\" \/>\n\n\t\t\t\t\t\t\t<figcaption class=\"\">\n\n\t\t\t\t\t\t\t\tGramm-Leach-Bliley Act Compliant\n\t\t\t\t\t\t\t<\/figcaption>\n\n\t\t\t\t\t\t<\/figure>\n\n\t\t\t\t\t<\/div> <!-- .col -->\n\n\t\t\t\t\n\t\t\t<\/div> <!-- .grid -->\n\t\t\n\t<\/section> <!-- .section -->\n\n","protected":false},"excerpt":{"rendered":"","protected":false},"author":9,"featured_media":0,"parent":0,"menu_order":0,"comment_status":"closed","ping_status":"closed","template":"","meta":{"_acf_changed":false,"footnotes":""},"class_list":["post-10116","page","type-page","status-publish","hentry"],"acf":[],"_links":{"self":[{"href":"https:\/\/inmoment.com\/de-de\/wp-json\/wp\/v2\/pages\/10116","targetHints":{"allow":["GET"]}}],"collection":[{"href":"https:\/\/inmoment.com\/de-de\/wp-json\/wp\/v2\/pages"}],"about":[{"href":"https:\/\/inmoment.com\/de-de\/wp-json\/wp\/v2\/types\/page"}],"author":[{"embeddable":true,"href":"https:\/\/inmoment.com\/de-de\/wp-json\/wp\/v2\/users\/9"}],"replies":[{"embeddable":true,"href":"https:\/\/inmoment.com\/de-de\/wp-json\/wp\/v2\/comments?post=10116"}],"version-history":[{"count":0,"href":"https:\/\/inmoment.com\/de-de\/wp-json\/wp\/v2\/pages\/10116\/revisions"}],"wp:attachment":[{"href":"https:\/\/inmoment.com\/de-de\/wp-json\/wp\/v2\/media?parent=10116"}],"curies":[{"name":"wp","href":"https:\/\/api.w.org\/{rel}","templated":true}]}}