{"id":10118,"date":"2020-09-04T21:30:23","date_gmt":"2020-09-04T21:30:23","guid":{"rendered":"http:\/\/prodim2020.wpengine.com\/integrations\/"},"modified":"2023-01-23T04:47:56","modified_gmt":"2023-01-23T04:47:56","slug":"integrationen","status":"publish","type":"page","link":"https:\/\/inmoment.com\/de-de\/integrationen\/","title":{"rendered":"Integrationen"},"content":{"rendered":"\n<style>\n@media screen and (min-width: 600px) {\n\n.global-hero-container.hero-size-medium.hero-text-alignment-left h1 {\n    font-size: 3.2rem;\n    margin-bottom: 20px;\n    padding-left: 0;\n    padding-right: 40px;\n}\n\n}\n<\/style>\n\n\n\n<style>\n  .text-analytics-block {\n  display: flex;\n  justify-content: center;\n}\n.text-analytics-block .ta-card {\n  border-top: 2px solid #D6E3FC;\n  padding: 30px 20px;\n  width: 250px;\n  text-align: center;\n}\n.text-analytics-block .ta-card:first-child {\n  padding-right: 39px;\n  padding-left: 0;\n}\n.text-analytics-block .ta-card:last-child {\n  padding-right: 0;\n  padding-left: 39px;\n}\n.text-analytics-block .ta-card .circle {\n  height: 20px;\n  width: 20px;\n  border-radius: 50%;\n  background: #fff;\n  border: 2px solid #D6E3FC;\n  position: absolute;\n  transform: translate(-10px, -41px);\n}\n\n@media (max-width: 1050px) {\n  .text-analytics-block {\n    flex-direction: column;\n    align-items: center;\n  }\n  .text-analytics-block .ta-card {\n    border-top: none;\n    border-left: 2px solid #D6E3FC;\n  }\n  .text-analytics-block .ta-card:first-child {\n    padding-right: inherit;\n    padding-left: inherit;\n    padding-top: 20px;\n  }\n  .text-analytics-block .ta-card:last-child {\n    padding-right: inherit;\n    padding-left: inherit;\n    padding-bottom: 0;\n  }\n  .text-analytics-block .ta-card .circle {\n    transform: translate(-135px, 20px);\n  }\n}\n<\/style>\n<div class=\"text-analytics-block u-pt-120 u-pb-70 u-plr-20\">\n  <div class=\"ta-card\">\n    <span class=\"circle\"><\/span>\n    <h4>L\u00f6sen Sie auf intelligente Art Einladungen aus anderen Systemen aus<\/h4>\n  <\/div>\n  <div class=\"ta-card\">\n    <span class=\"circle\"><\/span>\n    <h4>Binden Sie Experience-Insights im gesamten Unternehmen ein<\/h4>\n  <\/div>\n  <div class=\"ta-card\">\n    <span class=\"circle\"><\/span>\n    <h4>Erstellen Sie Tasks in Case Management-Plattformen<\/h4>\n  <\/div>\n  <div class=\"ta-card\">\n    <span class=\"circle\"><\/span>\n    <h4>Automatisieren Sie Handlungsma\u00dfnahmen und Workflows in gro\u00dfem Ma\u00dfstab<\/h4>\n  <\/div>\n  <div class=\"ta-card\">\n    <span class=\"circle\"><\/span>\n    <h4>Verwalten Sie Systemzugriff und Governance<\/h4>\n  <\/div>\n<\/div>\n\n\n<section id=\"block-5353bc03bae49ac20e3dc34ab56251fd\" class=\"content-block single-paragraph-block u-pt-0 u-pb-40 alignwide no-background\" style=\"\">\n\t\t<div class=\"grid  grid-center \">\n\n\t\t\t<div class=\"col col-8 col-sm col-md \">\n\n\t\t\t\t\n\t\t\t\t\n\t\t\t\t\t\t<h5 class=\"eyebrow-heading eyebrow-heading-style-default-\"><\/h5>\n\t\t\t\t\n\t\t\t\t\n\t\t\t\t\n\t\t\t\t\n\t\t\t\t\t<div class=\"single-paragraph-content \"><p><span style=\"font-weight: 400\">Experience Intelligence sollte nicht isoliert betrachtet werden, sondern dem gesamten Unternehmen zur Verf\u00fcgung gestellt werden, damit der Kunde stets im Mittelpunkt Ihres gesamten Handelns steht. Egal, ob es sich um Ihr CRM, Marketing-Automation, HRIS, das Callcenter oder interne Tools f\u00fcr die Zusammenarbeit handelt \u2013 XI hat alles im Griff. Mit den Integrationsl\u00f6sungen von InMoment k\u00f6nnen Sie schnell sofort einsatzbereite Konnektoren implementieren oder ma\u00dfgeschneiderte L\u00f6sungen umsetzen \u2013 das bedeutet eine schnellerer ROI, niedrigere Kosten und mehr Flexibilit\u00e4t, damit Sie stets den sich schnell ver\u00e4ndernden Anforderungen gerecht werden k\u00f6nnen.<\/span><\/p>\n<\/div>\n\n\t\t\t\t\n\t\t\t<\/div> <!-- .col -->\n\n\t\t<\/div><!-- .grid -->\n\n\t<\/section>\n\n\n\n<div class=\"alignfull background-albatross\" style=\"text-align: center; padding-bottom: 80px;\">\n<a href=\"https:\/\/inmoment.com\/de-de\/experience-software-demo\/\" target=\"\" class=\"button background-tsunami color-albatross\" rel=\"noopener\">\n\t<span>Mehr erfahren<\/span>\n<\/a>\n<\/div>\n\n\n\n<hr>\n\n\n\n<style>\n.b-radius-medium {\n  border-radius: 9px;\n}\n\n.integration-label {\n  font-size: 1.25rem;\n  font-weight: 500;\n  text-align: center;\n  line-height: 1.9\n}\n<\/style>\n\n\n\n<section class=\"content-block single-paragraph-block alignwide no-background\" style=\"\">\n\t\t<div class=\"grid  grid-center \" style=\"justify-content: flex-start;\">\n\n\t\t\t<div class=\"col col-8 col-sm col-md \">\n\n\t\t\t\t\n\t\t\t\t\n\t\t\t\t\t\t<h5 class=\"eyebrow-heading eyebrow-heading-style-default-\"><\/h5>\n\t\t\t\t\n\t\t\t\t\n\t\t\t\t\t<h2 class=\"single-paragraph-heading color-dory\" style=\"text-align: left;\">Die h\u00e4ufigsten Integrationen<\/h2>\n\n\t\t\t\t\n\t\t\t\t\n\t\t\t\t\n\t\t\t\t\t<div class=\"single-paragraph-content color-orca\"><p style=\"text-align: left;\">Die Initiativen zur Verbesserung der Customer Experience beeinflussen jeden Teil Ihres Unternehmens. Deshalb haben wir die XI-Plattform so entwickelt, dass sie sich nahtlos in Ihr aktuelles Software-Portfolio integrieren l\u00e4sst. Falls Sie etwas nicht finden, was Sie suchen, kontaktieren Sie uns gerne!<\/p>\n<\/div>\n\n\t\t\t\t\n\t\t\t<\/div> <!-- .col -->\n\n\t\t<\/div><!-- .grid -->\n\n\t<\/section>\n\n\n\n<div class=\"wp-block-columns is-layout-flex wp-container-core-columns-is-layout-9d6595d7 wp-block-columns-is-layout-flex\">\n<div class=\"wp-block-column is-layout-flow wp-block-column-is-layout-flow\">\n<figure class=\"wp-block-image size-large background-great-white b-radius-medium\"><img decoding=\"async\" width=\"279\" height=\"179\" loading=\"lazy\" loading=\"lazy\" loading=\"lazy\" src=\"https:\/\/inmoment.com\/wp-content\/uploads\/\/2021\/06\/salesforce-1.svg\" alt=\"\" class=\"wp-image-26284\"\/><\/figure>\n\n\n\n<div style=\"text-align: center;\"><a class=\"button color-orca cta\" href=\"https:\/\/inmoment.com\/de-de\/integrations\/our-2-way-integration-salesforce\/\"><span>Salesforce Integration<\/span><\/a><\/div>\n<\/div>\n\n\n\n<div class=\"wp-block-column is-layout-flow wp-block-column-is-layout-flow\">\n<figure class=\"wp-block-image size-large background-great-white b-radius-medium\"><img decoding=\"async\" width=\"279\" height=\"179\" loading=\"lazy\" loading=\"lazy\" loading=\"lazy\" src=\"https:\/\/inmoment.com\/wp-content\/uploads\/\/2021\/06\/workday.svg\" alt=\"\" class=\"wp-image-26198\"\/><\/figure>\n\n\n\n<p class=\"integration-label has-orca-color has-text-color\">Workday Integration<\/p>\n<\/div>\n\n\n\n<div class=\"wp-block-column is-layout-flow wp-block-column-is-layout-flow\">\n<figure class=\"wp-block-image size-large background-great-white b-radius-medium\"><img decoding=\"async\" width=\"279\" height=\"179\" loading=\"lazy\" loading=\"lazy\" loading=\"lazy\" src=\"https:\/\/inmoment.com\/wp-content\/uploads\/2021\/06\/intercom-1.svg\" alt=\"\" class=\"wp-image-26247\"\/><\/figure>\n\n\n\n<div style=\"text-align: center;\"><a class=\"button color-orca cta\" href=\"https:\/\/inmoment.com\/de-de\/integrations\/intercom\/\"><span>Intercom Integration<\/span><\/a><\/div>\n<\/div>\n\n\n\n<div class=\"wp-block-column is-layout-flow wp-block-column-is-layout-flow\">\n<figure class=\"wp-block-image size-large background-great-white b-radius-medium\"><img decoding=\"async\" width=\"279\" height=\"179\" loading=\"lazy\" loading=\"lazy\" loading=\"lazy\" src=\"https:\/\/inmoment.com\/wp-content\/uploads\/2021\/06\/adobe2.svg\" alt=\"\" class=\"wp-image-26469\"\/><\/figure>\n\n\n\n<p class=\"integration-label\">Adobe<\/p>\n<\/div>\n<\/div>\n\n\n\n<div class=\"wp-block-columns is-layout-flex wp-container-core-columns-is-layout-9d6595d7 wp-block-columns-is-layout-flex\">\n<div class=\"wp-block-column is-layout-flow wp-block-column-is-layout-flow\"><div class=\"wp-block-image background-great-white b-radius-medium aligncenter\">\n<figure class=\"size-large\"><img decoding=\"async\" width=\"279\" height=\"179\" loading=\"lazy\" loading=\"lazy\" loading=\"lazy\" src=\"https:\/\/inmoment.com\/wp-content\/uploads\/\/2021\/06\/zendesk-1.svg\" alt=\"\" class=\"wp-image-26277\"\/><\/figure>\n<\/div>\n\n\n<div style=\"text-align: center;\"><a class=\"button color-orca cta\" href=\"https:\/\/inmoment.com\/de-de\/integrations\/zendesk\/\"><span>Zendesk Integration<\/span><\/a><\/div>\n<\/div>\n\n\n\n<div class=\"wp-block-column is-layout-flow wp-block-column-is-layout-flow\">\n<figure class=\"wp-block-image size-large background-great-white b-radius-medium\"><img decoding=\"async\" width=\"279\" height=\"179\" loading=\"lazy\" loading=\"lazy\" loading=\"lazy\" src=\"https:\/\/inmoment.com\/wp-content\/uploads\/\/2021\/06\/zapier-1.svg\" alt=\"\" class=\"wp-image-26319\"\/><\/figure>\n\n\n\n<p class=\"integration-label\">Zapier Integration<\/p>\n<\/div>\n\n\n\n<div class=\"wp-block-column is-layout-flow wp-block-column-is-layout-flow\">\n<figure class=\"wp-block-image size-large background-great-white b-radius-medium\"><img decoding=\"async\" width=\"279\" height=\"179\" loading=\"lazy\" loading=\"lazy\" loading=\"lazy\" src=\"https:\/\/inmoment.com\/wp-content\/uploads\/2021\/08\/quantum-metric-logo.svg\" alt=\"\" class=\"wp-image-30003\"\/><\/figure>\n\n\n\n<p class=\"integration-label\">Quantum Metric Integration<\/p>\n<\/div>\n\n\n\n<div class=\"wp-block-column is-layout-flow wp-block-column-is-layout-flow\"><div class=\"wp-block-image background-great-white b-radius-medium aligncenter\">\n<figure class=\"size-large\"><img decoding=\"async\" width=\"279\" height=\"179\" loading=\"lazy\" loading=\"lazy\" loading=\"lazy\" src=\"https:\/\/inmoment.com\/wp-content\/uploads\/\/2021\/06\/microsoftdynamics.svg\" alt=\"\" class=\"wp-image-26219\"\/><\/figure>\n<\/div>\n\n\n<p class=\"integration-label\">Microsoft Dynamics Integration<\/p>\n<\/div>\n<\/div>\n\n\n\n<div style=\"padding-top:120px;\"><\/div>\n\n\n<section id=\"block-b7d6262fbe204e609d616ff9dca3f4ba\" class=\"content-block grid-container fifty-fifty-block fifty-text-media alignfull has-background color-as-background background-albatross\" style=\"\">\t<div class=\"grid text-left \">\n\n\t\t<div class=\"col col-sm col-md col-align-middle\">\n\n\t\t\t<div class=\"with-padding color-orca\">\n\n\t\t\t\t\n\t\n\t<h5 class=\"eyebrow eyebrow-heading-style-default-coral\">Flexible Integrationen<\/h5>\n\n\t\t\n\t\t\t\t\t\t\t\t\t<h2 class=\"heading-text color-orca\">Das letzte Puzzleteil zu Ihrer Integrationsl\u00f6sung<\/h2>\n\t\t\t\t\n\t\t\t\t<p><span style=\"font-weight: 400;\">Mit den APIs, Partnerschaftsintegrationen und ETL-Tools von InMoment k\u00f6nnen Sie nahezu alle Daten integrieren. Dank der langj\u00e4hrigen Integrationspraxis und eines umfangreichen Partner-\u00d6kosystems macht es InMoment einfach, die f\u00fcr Sie und Ihre Kunden wichtigen Integrationen zu nutzen!<\/span><\/p>\n\n\t\t\t\t\t\t\t\t\t<a class=\" color-albatross cta button\" href=\"https:\/\/inmoment.com\/de-de\/partnerships\/\"><span>Mehr erfahren<\/span>\n\t\t\t\t\t\t\t\t\t\t\t<\/a>\n\t\t\t\t\n\t\t\t\t\n\t\t\t<\/div>\n\n\t\t<\/div>\n\n\t\t<div class=\"col col-sm col_md col-middle\">\n\n\t\t<div >\n\t\t\t\t<img decoding=\"async\" width=\"716\" height=\"436\" src=\"https:\/\/inmoment.com\/wp-content\/uploads\/2022\/02\/Quantum-Metrics-1.png\" class=\"fifty-image\" alt=\"\" srcset=\"https:\/\/inmoment.com\/wp-content\/uploads\/2022\/02\/Quantum-Metrics-1.png 716w, https:\/\/inmoment.com\/wp-content\/uploads\/2022\/02\/Quantum-Metrics-1-300x183.png 300w\" sizes=\"auto, (max-width: 716px) 100vw, 716px\" loading=\"lazy\" \/>\n\t\t\t<\/div>\n\n\t\t<\/div>\n\n\t<\/div>\n\n<\/section>\n\n\n<section id=\"block-f61fc21ae09fedcc00b6b83ef0958507\" class=\"content-block fifty-fifty-block fifty-media-text alignfull has-background color-as-background background-albatross\" style=\"\">\t<div class=\"grid text-left \">\n\n\t\t<div class=\"col col-sm col-md col-middle\">\n\t\t\t<div >\n\t\t\t\t<object data=\"https:\/\/inmoment.com\/wp-content\/uploads\/2020\/09\/Salesforce-06-1.svg\" width=\"700\" height=\"554\" title=\"Salesforce-06\" > <\/object>\t\t\t<\/div>\n\t\t<\/div>\n\n\t\t<div class=\"col col-sm col-md col-align-middle\">\n\n\t\t\t<div class=\"with-padding color-orca\">\n\n\t\t\t\t\n\t\n\t<h5 class=\"eyebrow eyebrow-heading-style-default-coral\">Integration in Echtzeit<\/h5>\n\n\t\t\n\t\t\t\t\t\t\t\t\t<h2 class=\"heading-text color-orca\">Machen Sie Ihr CRM zu einer lohnenden Investition<\/h2>\n\t\t\t\t\n\t\t\t\t<p><span style=\"font-weight: 400;\">Warum Kundenbeziehungen nur verwalten, wenn man sie auch verbessern kann? Unabh\u00e4ngig davon, ob Sie Salesforce, Zendesk oder ein anderes CRM- oder Ticketing-System verwenden, k\u00f6nnen Sie durch die Integration von Experience-Daten die Erfassung von Feedback automatisieren, Vorg\u00e4nge verwalten und vieles mehr, ohne auch nur eine Gelegenheit zu verpassen.<\/span><\/p>\n\n\t\t\t\t\n\t\t\t\t\n\t\t\t<\/div>\n\n\t\t<\/div>\n\n\t<\/div>\n\n<\/section>\n\n\n<section id=\"block-d89f393f95208e9ff33f987a780d8b78\" class=\"content-block pull-quote-block alignfull long-quote-layout alignwide u-pb-50 has-background color-as-background background-albatross\" style=\"\">\t\t<div class=\"grid container\">\n\n\t\t\t\n\t\t\t\n\t\t\t<div class=\"col col-md col-align-middle quote-content col-11\t\t\t\t\t\t\">\n\t\t\t\t\t\t\t\t\t<div class=\"quote-text quote-barracuda \">\n\t\t\t\t\t\t<p><strong class=\"background-coral color-albatross\">\u201cDie Arbeit mit InMoment war bahnbrechend. Jetzt k\u00f6nnen wir Tags aus unserer Kampagnendatei in Trustpilot einpflegen, um zu erfahren, wie sich unsere Punktzahl abh\u00e4ngig vom Standort, der Transaktion oder der Art der Interaktion unterscheidet. So erhalten wir die Erkenntnisse, die wir ben\u00f6tigen, um mit den entsprechenden Mitarbeitern zusammenzuarbeiten, damit wir sicherstellen k\u00f6nnen, dass unsere Kunden stets im Mittelpunkt unseres Handelns stehen.\u201d<\/strong><\/p>\n\t\t\t\t\t<\/div><!-- .quote-text -->\n\t\t\t\t\n\t\t\t\t\t\t\t\t\t<p class=\"quote-attribution color-orca\">\u2014Director of Customer Experience, QUILTER<\/p>\n\t\t\t\t\n\t\t\t<\/div><!-- .quote-content -->\n\n\t\t<\/div><!-- .container -->\n\t<\/section><!-- .pull-quote-block -->\n\n\n\n<div class=\"alignfull background-albatross\" style=\"text-align: center; padding-bottom: 80px;\">\n<a href=\"https:\/\/inmoment.com\/de-de\/customer-stories\/quilter\/\" target=\"\" class=\"button background-tsunami color-albatross\" rel=\"noopener\">\n\t<span>Case Study lesen<\/span>\n<\/a>\n<\/div>\n\n\n<section id=\"block-edfb6070e54296a9bb1606e8e35459bb\" class=\"content-block fifty-fifty-block fifty-media-text alignfull has-background color-as-background background-albatross\" style=\"\">\t<div class=\"grid text-left \">\n\n\t\t<div class=\"col col-sm col-md col-middle\">\n\t\t\t<div >\n\t\t\t\t<object data=\"https:\/\/inmoment.com\/wp-content\/uploads\/2023\/01\/int-image-04-v2.svg\" width=\"600\" height=\"600\" title=\"int-image-04-v2\" > <\/object>\t\t\t<\/div>\n\t\t<\/div>\n\n\t\t<div class=\"col col-sm col-md col-align-middle\">\n\n\t\t\t<div class=\"with-padding color-orca\">\n\n\t\t\t\t\n\t\n\t<h5 class=\"eyebrow eyebrow-heading-style-default-coral\">Demokratisierung der Daten<\/h5>\n\n\t\t\n\t\t\t\t\t\t\t\t\t<h2 class=\"heading-text color-orca\">Feedbackdaten sollten nicht in Silos isoliert werden<\/h2>\n\t\t\t\t\n\t\t\t\t<p><span style=\"font-weight: 400;\">Wenn Feedbackdaten zu einem zentralen Teil des t\u00e4glichen Workflows werden, verbessert dies das Engagement und ver\u00e4ndert die Kultur in allen Abteilungen. Mithilfe von Integrationen k\u00f6nnen Sie Kundenfeedback analysieren und in Echtzeit an relevante Kan\u00e4le, Teams und Stakeholder weiterleiten.<\/span><\/p>\n\n\t\t\t\t\n\t\t\t\t\n\t\t\t<\/div>\n\n\t\t<\/div>\n\n\t<\/div>\n\n<\/section>\n\n\n<section id=\"block-d42f19c77cfaac38ecfb563cbea14262\" class=\"content-block grid-container fifty-fifty-block fifty-text-media alignfull has-background color-as-background background-albatross\" style=\"\">\t<div class=\"grid text-left \">\n\n\t\t<div class=\"col col-sm col-md col-align-middle\">\n\n\t\t\t<div class=\"with-padding color-orca\">\n\n\t\t\t\t\n\t\n\t<h5 class=\"eyebrow eyebrow-heading-style-default-coral\">Social Listening<\/h5>\n\n\t\t\n\t\t\t\t\t\t\t\t\t<h2 class=\"heading-text color-orca\">Wo Sie zuh\u00f6ren, ist entscheidend<\/h2>\n\t\t\t\t\n\t\t\t\t<p><span style=\"font-weight: 400;\">Um wichtige Erkenntnisse zu gewinnen, m\u00fcssen Marken unaufgefordert auf Quellen von Kunden und Mitarbeitern sowie auf Feedback aus dem Markt zugreifen k\u00f6nnen. Wir betten Social Listening Stories neben weiteren Daten ein und weisen auf Daten von Drittanbietern hin und berichten \u00fcber diese, damit Sie einen umfassenderen Eindruck davon erhalten k\u00f6nnen, was Kunden und Mitarbeiter \u00fcber Ihre Marke denken.<\/span><\/p>\n\n\t\t\t\t\n\t\t\t\t\n\t\t\t<\/div>\n\n\t\t<\/div>\n\n\t\t<div class=\"col col-sm col_md col-middle\">\n\n\t\t<div >\n\t\t\t\t<object data=\"https:\/\/inmoment.com\/wp-content\/uploads\/2020\/09\/Social-Monitoring.svg\" width=\"825\" height=\"1038\" title=\"Social Monitoring\" > <\/object>\n\t\t\t<\/div>\n\n\t\t<\/div>\n\n\t<\/div>\n\n<\/section>\n\n\n<section id=\"block-a60975023af3a2077606dbe91530a658\" class=\"content-block fifty-fifty-block fifty-media-text alignfull has-background color-as-background background-great-white\" style=\"\">\t<div class=\"grid text-left \">\n\n\t\t<div class=\"col col-sm col-md col-middle\">\n\t\t\t<div >\n\t\t\t\t<object data=\"https:\/\/inmoment.com\/wp-content\/uploads\/2020\/09\/HRIS-07.svg\" width=\"1252\" height=\"1047\" title=\"HRIS-07\" > <\/object>\t\t\t<\/div>\n\t\t<\/div>\n\n\t\t<div class=\"col col-sm col-md col-align-middle\">\n\n\t\t\t<div class=\"with-padding color-orca\">\n\n\t\t\t\t\n\t\n\t<h5 class=\"eyebrow eyebrow-heading-style-default-coral\">Flexible HRIS-Integrationen<\/h5>\n\n\t\t\n\t\t\t\t\t\t\t\t\t<h2 class=\"heading-text color-orca\">Nutzen Sie die Erfahrung Ihrer Mitarbeiter<\/h2>\n\t\t\t\t\n\t\t\t\t<p><span style=\"font-weight: 400;\">Heutzutage kann man das Kundenerlebnis nicht mehr verbessern, ohne auch die Erfahrung der Mitarbeiter zu ber\u00fccksichtigen. Mit flexiblen HRIS-Integrationen f\u00fcgen wir dem Mitarbeiter-Feedback Daten hinzu, die nichts mit der eigentlichen Erfahrung zu tun haben, z. B. die Gehaltsabrechnung und Sozialleistungen, und erstellen so erweiterte Verkn\u00fcpfungsanalysen.<\/span><\/p>\n\n\t\t\t\t\n\t\t\t\t\n\t\t\t<\/div>\n\n\t\t<\/div>\n\n\t<\/div>\n\n<\/section>\n\n\n<section id=\"block-05d9502fa6f3baa17e422dd55b71753b\" class=\"content-block grid-container fifty-fifty-block fifty-text-media alignfull has-background color-as-background background-great-white\" style=\"\">\t<div class=\"grid text-left \">\n\n\t\t<div class=\"col col-sm col-md col-align-middle\">\n\n\t\t\t<div class=\"with-padding color-orca\">\n\n\t\t\t\t\n\t\n\t<h5 class=\"eyebrow eyebrow-heading-style-default-coral\">Kundenspezifische Integrationen<\/h5>\n\n\t\t\n\t\t\t\t\t\t\t\t\t<h2 class=\"heading-text color-orca\">Ja, das geh\u00f6rt zum Service<\/h2>\n\t\t\t\t\n\t\t\t\t<p><span style=\"font-weight: 400;\">Herk\u00f6mmliche handverdrahtete API-Integrationen sind f\u00fcr typische Anwendungsf\u00e4lle konzipiert, die jedoch nur selten typische Anforderungen erf\u00fcllen. Unsere iPaaS (Integrationsplattform-as-a-Service) erm\u00f6glicht uns eine schnelle Skalierung, niedrigere Kosten und mehr Flexibilit\u00e4t, um Ihren sich st\u00e4ndig weiterentwickelnden Anforderungen gerecht zu werden.<\/span><\/p>\n\n\t\t\t\t\n\t\t\t\t\n\t\t\t<\/div>\n\n\t\t<\/div>\n\n\t\t<div class=\"col col-sm col_md col-middle\">\n\n\t\t<div >\n\t\t\t\t<img decoding=\"async\" width=\"996\" height=\"944\" src=\"https:\/\/inmoment.com\/wp-content\/uploads\/2020\/09\/DynamicActionPlanning.png\" class=\"fifty-image\" alt=\"\" srcset=\"https:\/\/inmoment.com\/wp-content\/uploads\/2020\/09\/DynamicActionPlanning.png 996w, https:\/\/inmoment.com\/wp-content\/uploads\/2020\/09\/DynamicActionPlanning-300x284.png 300w, https:\/\/inmoment.com\/wp-content\/uploads\/2020\/09\/DynamicActionPlanning-768x728.png 768w\" sizes=\"auto, (max-width: 996px) 100vw, 996px\" loading=\"lazy\" \/>\n\t\t\t<\/div>\n\n\t\t<\/div>\n\n\t<\/div>\n\n<\/section>\n\n\n","protected":false},"excerpt":{"rendered":"<p>L\u00f6sen Sie auf intelligente Art Einladungen aus anderen Systemen aus Binden Sie Experience-Insights im gesamten Unternehmen ein Erstellen Sie Tasks in Case Management-Plattformen Automatisieren Sie Handlungsma\u00dfnahmen und Workflows in gro\u00dfem Ma\u00dfstab Verwalten Sie Systemzugriff und Governance Mehr erfahren Die h\u00e4ufigsten Integrationen Die Initiativen zur Verbesserung der Customer Experience beeinflussen jeden Teil Ihres Unternehmens. Deshalb haben <a class=\"more-link\" href=\"https:\/\/inmoment.com\/de-de\/integrationen\/\">Mehr erfahren&#8230;<\/a><\/p>\n","protected":false},"author":9,"featured_media":0,"parent":0,"menu_order":0,"comment_status":"closed","ping_status":"closed","template":"","meta":{"_acf_changed":false,"footnotes":""},"class_list":["post-10118","page","type-page","status-publish","hentry"],"acf":[],"_links":{"self":[{"href":"https:\/\/inmoment.com\/de-de\/wp-json\/wp\/v2\/pages\/10118","targetHints":{"allow":["GET"]}}],"collection":[{"href":"https:\/\/inmoment.com\/de-de\/wp-json\/wp\/v2\/pages"}],"about":[{"href":"https:\/\/inmoment.com\/de-de\/wp-json\/wp\/v2\/types\/page"}],"author":[{"embeddable":true,"href":"https:\/\/inmoment.com\/de-de\/wp-json\/wp\/v2\/users\/9"}],"replies":[{"embeddable":true,"href":"https:\/\/inmoment.com\/de-de\/wp-json\/wp\/v2\/comments?post=10118"}],"version-history":[{"count":0,"href":"https:\/\/inmoment.com\/de-de\/wp-json\/wp\/v2\/pages\/10118\/revisions"}],"wp:attachment":[{"href":"https:\/\/inmoment.com\/de-de\/wp-json\/wp\/v2\/media?parent=10118"}],"curies":[{"name":"wp","href":"https:\/\/api.w.org\/{rel}","templated":true}]}}