{"id":10125,"date":"2020-09-03T23:25:43","date_gmt":"2020-09-03T23:25:43","guid":{"rendered":"http:\/\/prodim2020.wpengine.com\/healthcare\/"},"modified":"2021-07-29T07:14:13","modified_gmt":"2021-07-29T07:14:13","slug":"healthcare","status":"publish","type":"page","link":"https:\/\/inmoment.com\/de-de\/healthcare\/","title":{"rendered":"Pharma"},"content":{"rendered":"\n<div style=\"padding-top:55px;\"><\/div>\n\n\n<section id=\"block-5f517c59e8354\" class=\"content-block fifty-fifty-block fifty-media-text alignfull\" style=\"\">\t<div class=\"grid text-left \">\n\n\t\t<div class=\"col col-sm col-md col-middle\">\n\t\t\t<div >\n\t\t\t\t<img decoding=\"async\" width=\"1240\" height=\"952\" src=\"https:\/\/inmoment.com\/wp-content\/uploads\/2021\/07\/Healthcare-Header.jpg\" class=\"fifty-image\" alt=\"Healthcare\" srcset=\"https:\/\/inmoment.com\/wp-content\/uploads\/2021\/07\/Healthcare-Header.jpg 1240w, https:\/\/inmoment.com\/wp-content\/uploads\/2021\/07\/Healthcare-Header-300x230.jpg 300w, https:\/\/inmoment.com\/wp-content\/uploads\/2021\/07\/Healthcare-Header-1024x786.jpg 1024w, https:\/\/inmoment.com\/wp-content\/uploads\/2021\/07\/Healthcare-Header-768x590.jpg 768w\" sizes=\"auto, (max-width: 1240px) 100vw, 1240px\" loading=\"lazy\" \/>\t\t\t<\/div>\n\t\t<\/div>\n\n\t\t<div class=\"col col-sm col-md col-align-middle\">\n\n\t\t\t<div class=\"with-padding \">\n\n\t\t\t\t\n\t\n\t\t\t\t\n\t\t\t\t<h3>Vom Produkt- zum Kundenfokus<\/h3>\n<p>Pharmaunternehmen sind traditionell durch eine hohe Produktorientierung gepr\u00e4gt, wobei klinische Daten und eine m\u00f6glichst \u00fcberlegene Wirksamkeit der Produkte an erster Stelle rangieren. Zunehmend r\u00fcckt jedoch auch die Kundenerfahrung st\u00e4rker in den Fokus. Pharmaunternehmen erkennen zunehmend den Wert, den eine gute und m\u00f6glichst nahtlose Customer Experience (CX) \u00fcber alle Kan\u00e4le und Touchpoints hinweg f\u00fcr den langfristigen Gesch\u00e4ftserfolg bedeutet.<\/p>\n\n\t\t\t\t\n\t\t\t\t\n\t\t\t<\/div>\n\n\t\t<\/div>\n\n\t<\/div>\n\n<\/section>\n\n\n<section id=\"block-5f52685d6092d\" class=\"content-block single-paragraph-block alignfull no-background\" style=\"\">\n\t\t<div class=\"grid  grid-start \">\n\n\t\t\t<div class=\"col col-8 col-sm col-md background-color-dory\">\n\n\t\t\t\t\n\t\t\t\t\n\t\t\t\t\t\t<h5 class=\"eyebrow-heading eyebrow-heading-style-default-\"><\/h5>\n\t\t\t\t\n\t\t\t\t\n\t\t\t\t\t<h2 class=\"single-paragraph-heading color-albatross\">Erf\u00fcllen und \u00fcbertreffen Sie die Erwartungen der HCPs mit InMoment<\/h2>\n\n\t\t\t\t\n\t\t\t\t\n\t\t\t\t\n\t\t\t\t\t<div class=\"single-paragraph-content color-albatross\"><p>\u00c4rzte stehen einer zunehmenden F\u00fclle an Produktinformationen und Marketing-Kommunikation gegen\u00fcber und sind gleichzeitig zeitlich immer eingeschr\u00e4nkter.\u00a0Wenn Sie die Anforderungen Ihrer Kunden kennen und ihnen zum richtigen Zeitpunkt und in der richtigen Weise Unterst\u00fctzung bieten, wird Ihr Angebot nicht nur relevanter f\u00fcr Ihre Kunden, sondern kann zu einer st\u00e4rkeren Kundenbindung und nicht zuletzt zu einer verbesserten Patientenadh\u00e4renz beitragen.<\/p>\n<\/div>\n\n\t\t\t\t\n\t\t\t<\/div> <!-- .col -->\n\n\t\t<\/div><!-- .grid -->\n\n\t<\/section>\n\n\n\n<div class=\"wp-block-group alignwide\"><div class=\"wp-block-group__inner-container is-layout-flow wp-block-group-is-layout-flow\"><section id=\"block-5f517eb8e8356\" class=\"content-block accordion-block  alignfull no-background\" style=\"\">\t<div class=\"display-flex no-image\">\n\t\t\t\t\t<div class=\"image-wrap\">\n\t\t\t\t\t\t\t<\/div>\n\t\t\n\t\t<div class=\"accordion-content-wrap \">\n\t\t\t<div class=\"accordion-fixed-content\">\n\t\t\t\t\n\t\t\t\t\n\t\t\t\t\t\t\t<\/div>\n\n\t\t\t\t\t\t\t\t\t\t\t<div class=\"accordion\" aria-label=\"Accordion Content Block\">\n\t\t\t\t\t\t\t\t\t\t\t\t\t\t\t\t\t<div class=\"accordion-item has-icon\">\n\t\t\t\t\t\t\t<div class=\"accordion-item-header\">\n\n\t\t\t\t\t\t\t\t\t\t\t\t\t\t\t\t\t<div class=\"accordion-item-icon-wrap\">\n\t\t\t\t\t\t\t\t\t<img decoding=\"async\" loading=\"lazy\" width=\"100\" height=\"100\" src=\"https:\/\/inmoment.com\/wp-content\/uploads\/2020\/09\/Personalize-Patient-Intelligence.svg\" class=\"accordion-item-icon\" alt=\"\" loading=\"lazy\" \/>\t\t\t\t\t\t\t\t\t<\/div>\n\t\t\t\t\t\t\t\t\t\n\t\t\t\t\t\t\t\t<h4 class=\"accordion-item-title \">Wir unterst\u00fctzen Ihre Journey\t\t\t\t\t\t\t\t\t<button class=\"accordion-item-toggle\" aria-expanded=\"false\" aria-controls=\"accordion-1-item-1\">\n\t\t\t\t\t\t\t\t\t\t<!-- <span class=\"screen-reader-text\">Toggle Wir unterst\u00fctzen Ihre Journey<\/span> -->\n\n\t\t\t\t\t\t\t\t\t\t<span class=\"accordion-item-toggle-icon\" aria-hidden=\"true\">\n\t\t\t\t\t\t\t\t\t\t\t\n\t<svg\n\t height=\"13px\" width=\"13px\"\t\tclass=\"icon arrow\"\n\t aria-hidden=\"true\"\t\trole=\"img\">\n\t\t<title id=\"title-expand-96125\">\n\t\t\tExpand\t\t<\/title>\n\n\t\t\n\t\t\t\t\t<use xlink:href=\"#arrow\"><\/use>\n\t\t\n\t<\/svg>\n\n\t\t\t\t\t\t\t\t\t\t\t<\/span>\n\t\t\t\t\t\t\t\t\t<\/button>\n\t\t\t\t\t\t\t\t<\/h4>\n\t\t\t\t\t\t\t<\/div>\n\t\t\t\t\t\t\t<div id=\"accordion-1-item-1\" class=\"accordion-item-content\" aria-hidden=\"true\">\n\t\t\t\t\t\t\t\t<h6 class=\"\"><\/h6>\n\t\t\t\t\t\t\t\t<p class=\"\">InMoment vereint strategische Beratung und CX-Technologie, die Ihnen hilft, ein CX-Framework zu entwickeln und zu implementieren, das zu den Anforderungen Ihres Unternehmens passt. Mit unserer einzigartigen Mischung aus branchenf\u00fchrender CX-Technologie, Sektorexpertise und CX-Beratung bietet InMoment ein ganzheitliches Angebot.\r\nVom tiefen Kundenverst\u00e4ndnis durch qualitative In-Depth Interviews bis zur kontinuierlichen Feedback-Messung in Echtzeit an jedem Touchpoint mittels unserer Experience Plattform. Unsere L\u00f6sungen bieten die notwendige Flexibilit\u00e4t und Skalierbarkeit, um sich Ihren ver\u00e4ndernden Anforderungen anzupassen.<\/p>\n\t\t\t\t\t\t\t\t\t\t\t\t\t\t\t<\/div>\n\t\t\t\t\t\t<\/div>\n\t\t\t\t\t\t\t\t\t\t\t\t\t\t\t\t\t<div class=\"accordion-item has-icon\">\n\t\t\t\t\t\t\t<div class=\"accordion-item-header\">\n\n\t\t\t\t\t\t\t\t\t\t\t\t\t\t\t\t\t<div class=\"accordion-item-icon-wrap\">\n\t\t\t\t\t\t\t\t\t<img decoding=\"async\" loading=\"lazy\" width=\"100\" height=\"100\" src=\"https:\/\/inmoment.com\/wp-content\/uploads\/2020\/09\/Be-Patient-Centered.svg\" class=\"accordion-item-icon\" alt=\"\" loading=\"lazy\" \/>\t\t\t\t\t\t\t\t\t<\/div>\n\t\t\t\t\t\t\t\t\t\n\t\t\t\t\t\t\t\t<h4 class=\"accordion-item-title \">Seien Sie kundenzentriert, von Anfang bis Ende\t\t\t\t\t\t\t\t\t<button class=\"accordion-item-toggle\" aria-expanded=\"false\" aria-controls=\"accordion-1-item-2\">\n\t\t\t\t\t\t\t\t\t\t<!-- <span class=\"screen-reader-text\">Toggle Seien Sie kundenzentriert, von Anfang bis Ende<\/span> -->\n\n\t\t\t\t\t\t\t\t\t\t<span class=\"accordion-item-toggle-icon\" aria-hidden=\"true\">\n\t\t\t\t\t\t\t\t\t\t\t\n\t<svg\n\t height=\"13px\" width=\"13px\"\t\tclass=\"icon arrow\"\n\t aria-hidden=\"true\"\t\trole=\"img\">\n\t\t<title id=\"title-expand-7568\">\n\t\t\tExpand\t\t<\/title>\n\n\t\t\n\t\t\t\t\t<use xlink:href=\"#arrow\"><\/use>\n\t\t\n\t<\/svg>\n\n\t\t\t\t\t\t\t\t\t\t\t<\/span>\n\t\t\t\t\t\t\t\t\t<\/button>\n\t\t\t\t\t\t\t\t<\/h4>\n\t\t\t\t\t\t\t<\/div>\n\t\t\t\t\t\t\t<div id=\"accordion-1-item-2\" class=\"accordion-item-content\" aria-hidden=\"true\">\n\t\t\t\t\t\t\t\t<h6 class=\"\"><\/h6>\n\t\t\t\t\t\t\t\t<p class=\"\">Jedes Kundenerlebnis ist einzigartig. Von einem Treffen mit Ihren Pharmareferenten bis zur Teilnahme an einer Schulung hat jede Interaktion das Potential, die Markenloyalit\u00e4t zu beeinflussen. Mit InMoments Journey Intelligence Tools k\u00f6nnen Sie die \u201cMoments that matter\u201d identifizieren und erfassen, um die gesamte Kunden Journey jederzeit den individuellen Erwartungen und Bed\u00fcrfnissen anpassen zu k\u00f6nnen.  <\/p>\n\t\t\t\t\t\t\t\t\t\t\t\t\t\t\t<\/div>\n\t\t\t\t\t\t<\/div>\n\t\t\t\t\t\t\t\t\t\t\t\t\t\t\t\t\t<div class=\"accordion-item has-icon\">\n\t\t\t\t\t\t\t<div class=\"accordion-item-header\">\n\n\t\t\t\t\t\t\t\t\t\t\t\t\t\t\t\t\t<div class=\"accordion-item-icon-wrap\">\n\t\t\t\t\t\t\t\t\t<img decoding=\"async\" loading=\"lazy\" width=\"100\" height=\"100\" src=\"https:\/\/inmoment.com\/wp-content\/uploads\/2020\/09\/Happy-Staff.-Healthy-Patients.svg\" class=\"accordion-item-icon\" alt=\"\" loading=\"lazy\" \/>\t\t\t\t\t\t\t\t\t<\/div>\n\t\t\t\t\t\t\t\t\t\n\t\t\t\t\t\t\t\t<h4 class=\"accordion-item-title \">Starten Sie mit Journey Mapping\t\t\t\t\t\t\t\t\t<button class=\"accordion-item-toggle\" aria-expanded=\"false\" aria-controls=\"accordion-1-item-3\">\n\t\t\t\t\t\t\t\t\t\t<!-- <span class=\"screen-reader-text\">Toggle Starten Sie mit Journey Mapping<\/span> -->\n\n\t\t\t\t\t\t\t\t\t\t<span class=\"accordion-item-toggle-icon\" aria-hidden=\"true\">\n\t\t\t\t\t\t\t\t\t\t\t\n\t<svg\n\t height=\"13px\" width=\"13px\"\t\tclass=\"icon arrow\"\n\t aria-hidden=\"true\"\t\trole=\"img\">\n\t\t<title id=\"title-expand-40106\">\n\t\t\tExpand\t\t<\/title>\n\n\t\t\n\t\t\t\t\t<use xlink:href=\"#arrow\"><\/use>\n\t\t\n\t<\/svg>\n\n\t\t\t\t\t\t\t\t\t\t\t<\/span>\n\t\t\t\t\t\t\t\t\t<\/button>\n\t\t\t\t\t\t\t\t<\/h4>\n\t\t\t\t\t\t\t<\/div>\n\t\t\t\t\t\t\t<div id=\"accordion-1-item-3\" class=\"accordion-item-content\" aria-hidden=\"true\">\n\t\t\t\t\t\t\t\t<h6 class=\"\"><\/h6>\n\t\t\t\t\t\t\t\t<p class=\"\">Sie stehen noch am Anfang der CX-Reise? InMoments CX-Berater k\u00f6nnen Sie bei der Erstellung Ihres CX-Frameworks, der Ausarbeitung von Personas  (ob Patienten, \u00c4rzte oder Payers) und ihren entsprechenden Journeys unterst\u00fctzen. Unser Customer Journey Mapping Tool hilft Ihnen, die L\u00fccken zwischen gew\u00fcnschter und tats\u00e4chlicher CX zu erkennen, und die relevanten Schritte und Ma\u00dfnahmen abzuleiten und zu priorisieren. <\/p>\n\t\t\t\t\t\t\t\t\t\t\t\t\t\t\t<\/div>\n\t\t\t\t\t\t<\/div>\n\t\t\t\t\t\t\t\t\t\t\t\t\t\t\t\t\t<div class=\"accordion-item has-icon\">\n\t\t\t\t\t\t\t<div class=\"accordion-item-header\">\n\n\t\t\t\t\t\t\t\t\t\t\t\t\t\t\t\t\t<div class=\"accordion-item-icon-wrap\">\n\t\t\t\t\t\t\t\t\t<img decoding=\"async\" loading=\"lazy\" width=\"100\" height=\"100\" src=\"https:\/\/inmoment.com\/wp-content\/uploads\/2020\/09\/Healthcare-icon_Elective-Surgery-Specialists.svg\" class=\"accordion-item-icon\" alt=\"\" loading=\"lazy\" \/>\t\t\t\t\t\t\t\t\t<\/div>\n\t\t\t\t\t\t\t\t\t\n\t\t\t\t\t\t\t\t<h4 class=\"accordion-item-title \">Reduzieren Sie Mitarbeiterfluktuation und erh\u00f6hen Sie die Mitarbeiterbindung\t\t\t\t\t\t\t\t\t<button class=\"accordion-item-toggle\" aria-expanded=\"false\" aria-controls=\"accordion-1-item-4\">\n\t\t\t\t\t\t\t\t\t\t<!-- <span class=\"screen-reader-text\">Toggle Reduzieren Sie Mitarbeiterfluktuation und erh\u00f6hen Sie die Mitarbeiterbindung<\/span> -->\n\n\t\t\t\t\t\t\t\t\t\t<span class=\"accordion-item-toggle-icon\" aria-hidden=\"true\">\n\t\t\t\t\t\t\t\t\t\t\t\n\t<svg\n\t height=\"13px\" width=\"13px\"\t\tclass=\"icon arrow\"\n\t aria-hidden=\"true\"\t\trole=\"img\">\n\t\t<title id=\"title-expand-66838\">\n\t\t\tExpand\t\t<\/title>\n\n\t\t\n\t\t\t\t\t<use xlink:href=\"#arrow\"><\/use>\n\t\t\n\t<\/svg>\n\n\t\t\t\t\t\t\t\t\t\t\t<\/span>\n\t\t\t\t\t\t\t\t\t<\/button>\n\t\t\t\t\t\t\t\t<\/h4>\n\t\t\t\t\t\t\t<\/div>\n\t\t\t\t\t\t\t<div id=\"accordion-1-item-4\" class=\"accordion-item-content\" aria-hidden=\"true\">\n\t\t\t\t\t\t\t\t<h6 class=\"\"><\/h6>\n\t\t\t\t\t\t\t\t<p class=\"\">Ihre Mitarbeiter sind die Eckpfeiler Ihres Erfolges und stehen an vorderster Front der Kundenerfahrung. Daten zeigen, dass engagierte Mitarbeiter gleichbedeutend mit h\u00f6herer Produktivit\u00e4t und zufriedeneren Kunden sind. InMoment ist f\u00fchrend bei Employee Experience Programmen und kann Ihnen helfen, Ihre Mitarbeiter- und Kunden Insights  miteinander zu verbinden.<\/p>\n\t\t\t\t\t\t\t\t\t\t\t\t\t\t\t<\/div>\n\t\t\t\t\t\t<\/div>\n\t\t\t\t\t\t\t\t\t<\/div>\n\t\t\t\t\t<\/div><!-- .accordion-content-wrap -->\n\t<\/div><!-- .container.display-flex -->\n<\/section><!-- .accordion-block -->\n<\/div><\/div>\n\n\n<section id=\"block-5f518278e8360\" class=\"content-block icon-title-list-block alignfull has-background color-as-background background-great-white\" style=\"\">\n\t\t<div class=\"container icon-hero-content\">\n\n\t\t\t\n\t\t\t\t<h5 class=\"eyebrow-heading eyebrow-heading-style-default-\"><\/h5>\n\t\t\t\n\t\t\t\n\t\t\t\t<h2 class=\"h3 \">\n\n\t\t\t\t\tERHALTEN SIE INSIGHTS, DIE \u00dcBER CX HINAUSGEHEN\n\t\t\t\t<\/h2>\n\n\t\t\t\n\t\t\t\n\t\t\t\t<p class=\"\">InMoments Strategic Research Team besteht aus langj\u00e4hrig erfahrenen Experten aus dem Pharmasektor, die Ihr Marketingteam mit Marktforschung entlang des gesamten Produktlebenszyklus unterst\u00fctzen &#8211; sowohl qualitativ als auch quantitativ. Unsere L\u00f6sungen konzentrieren sich auf die Anforderungen von:\r\n<\/p>\n\n\t\t\t\n\t\t<\/div>\n\n\t\t\t\t\t<div class=\"icons container grid\">\n\n\t\t\t\t\n\t\t\t\t\t<div class=\"col col-sm col-md col-3\">\n\n\t\t\t\t\t\t<figure>\n\n\t\t\t\t\t\t\t<img decoding=\"async\" src=\"https:\/\/inmoment.com\/wp-content\/uploads\/2020\/09\/Hospital-3.svg\" alt=\"InMoment\" \/>\n\n\t\t\t\t\t\t\t<figcaption class=\"\">\n\n\t\t\t\t\t\t\t\tKrankenh\u00e4user\n\t\t\t\t\t\t\t<\/figcaption>\n\n\t\t\t\t\t\t<\/figure>\n\n\t\t\t\t\t<\/div> <!-- .col -->\n\n\t\t\t\t\n\t\t\t\t\t<div class=\"col col-sm col-md col-3\">\n\n\t\t\t\t\t\t<figure>\n\n\t\t\t\t\t\t\t<img decoding=\"async\" src=\"https:\/\/inmoment.com\/wp-content\/uploads\/2020\/09\/Acute-Care.svg\" alt=\"InMoment\" \/>\n\n\t\t\t\t\t\t\t<figcaption class=\"\">\n\n\t\t\t\t\t\t\t\tPatienten\n\t\t\t\t\t\t\t<\/figcaption>\n\n\t\t\t\t\t\t<\/figure>\n\n\t\t\t\t\t<\/div> <!-- .col -->\n\n\t\t\t\t\n\t\t\t\t\t<div class=\"col col-sm col-md col-3\">\n\n\t\t\t\t\t\t<figure>\n\n\t\t\t\t\t\t\t<img decoding=\"async\" src=\"https:\/\/inmoment.com\/wp-content\/uploads\/2020\/09\/Physicians-Office_Physicians-Office.svg\" alt=\"InMoment\" \/>\n\n\t\t\t\t\t\t\t<figcaption class=\"\">\n\n\t\t\t\t\t\t\t\tApotheker\n\t\t\t\t\t\t\t<\/figcaption>\n\n\t\t\t\t\t\t<\/figure>\n\n\t\t\t\t\t<\/div> <!-- .col -->\n\n\t\t\t\t\n\t\t\t\t\t<div class=\"col col-sm col-md col-3\">\n\n\t\t\t\t\t\t<figure>\n\n\t\t\t\t\t\t\t<img decoding=\"async\" src=\"https:\/\/inmoment.com\/wp-content\/uploads\/2020\/09\/Telehealth.svg\" alt=\"InMoment\" \/>\n\n\t\t\t\t\t\t\t<figcaption class=\"\">\n\n\t\t\t\t\t\t\t\tBeratende \u00c4rzte und Praktiker\n\t\t\t\t\t\t\t<\/figcaption>\n\n\t\t\t\t\t\t<\/figure>\n\n\t\t\t\t\t<\/div> <!-- .col -->\n\n\t\t\t\t\n\t\t\t\t\t<div class=\"col col-sm col-md col-3\">\n\n\t\t\t\t\t\t<figure>\n\n\t\t\t\t\t\t\t<img decoding=\"async\" src=\"https:\/\/inmoment.com\/wp-content\/uploads\/2020\/09\/Elective-Surgery-Specialists.svg\" alt=\"InMoment\" \/>\n\n\t\t\t\t\t\t\t<figcaption class=\"\">\n\n\t\t\t\t\t\t\t\tAllgemein Mediziner\n\t\t\t\t\t\t\t<\/figcaption>\n\n\t\t\t\t\t\t<\/figure>\n\n\t\t\t\t\t<\/div> <!-- .col -->\n\n\t\t\t\t\n\t\t\t\t\t<div class=\"col col-sm col-md col-3\">\n\n\t\t\t\t\t\t<figure>\n\n\t\t\t\t\t\t\t<img decoding=\"async\" src=\"https:\/\/inmoment.com\/wp-content\/uploads\/2020\/09\/Diagnostic-Labs.svg\" alt=\"InMoment\" \/>\n\n\t\t\t\t\t\t\t<figcaption class=\"\">\n\n\t\t\t\t\t\t\t\tMarkenverantwortliche\n\t\t\t\t\t\t\t<\/figcaption>\n\n\t\t\t\t\t\t<\/figure>\n\n\t\t\t\t\t<\/div> <!-- .col -->\n\n\t\t\t\t\n\t\t\t\t\t<div class=\"col col-sm col-md col-3\">\n\n\t\t\t\t\t\t<figure>\n\n\t\t\t\t\t\t\t<img decoding=\"async\" src=\"https:\/\/inmoment.com\/wp-content\/uploads\/2020\/09\/Orthopedic.svg\" alt=\"InMoment\" \/>\n\n\t\t\t\t\t\t\t<figcaption class=\"\">\n\n\t\t\t\t\t\t\t\tProdukteigent\u00fcmer\n\t\t\t\t\t\t\t<\/figcaption>\n\n\t\t\t\t\t\t<\/figure>\n\n\t\t\t\t\t<\/div> <!-- .col -->\n\n\t\t\t\t\n\t\t\t\t\t<div class=\"col col-sm col-md col-3\">\n\n\t\t\t\t\t\t<figure>\n\n\t\t\t\t\t\t\t<img decoding=\"async\" src=\"https:\/\/inmoment.com\/wp-content\/uploads\/2020\/09\/Health-Insurance.svg\" alt=\"InMoment\" \/>\n\n\t\t\t\t\t\t\t<figcaption class=\"\">\n\n\t\t\t\t\t\t\t\tVersicherungen\n\t\t\t\t\t\t\t<\/figcaption>\n\n\t\t\t\t\t\t<\/figure>\n\n\t\t\t\t\t<\/div> <!-- .col -->\n\n\t\t\t\t\n\t\t\t<\/div> <!-- .grid -->\n\t\t\n\t<\/section> <!-- .section -->\n\n\n\n\n\n<section id=\"block-5f51919ae8371\" class=\"content-block pull-quote-block alignfull quote-layoutalignwide has-background color-as-background background-orca\" style=\"\">\t\t<div class=\"grid container\">\n\n\t\t\t\n\t\t\t\n\t\t\t<div class=\"col col-md col-align-middle quote-content col-9\t\t\t\t\t\t\">\n\t\t\t\t\t\t\t\t\t<div class=\"quote-text quote-albatross \">\n\t\t\t\t\t\t<p style=\"text-align: center; font-size: 30px;\"><strong class=\"background-kelp color-albatross\">Als Mitglieder von EphMRA und BHBIA erf\u00fcllen wir die Branchenstandards und PV-Anforderungen unserer Kunden.<\/strong><\/p>\n\t\t\t\t\t<\/div><!-- .quote-text -->\n\t\t\t\t\n\t\t\t\t\n\t\t\t<\/div><!-- .quote-content -->\n\n\t\t<\/div><!-- .container -->\n\t<\/section><!-- .pull-quote-block -->\n\n\n<section id=\"block-5f518533e836e\" class=\"post-cards-block alignfullalignwide no-background\" style=\"\">\n\t<div class=\"container\">\n\n\t\t\t\t\t\t\t<h2 class=\"post-cards-block-heading \">Weiterf\u00fchrende Informationen<\/h2>\n\t\t\n\t\t<div class=\"post-cards-block-cards\">\n\t\t\t\t\t\t\t\t<div class=\"card post-card \">\n\t\t\t\t\t<p class=\"card-meta\">\n\t\t\t\t\t\t\t\t\t\t\t\t\t\t\t<span class=\"post-card-tax\">resource<\/span>\n\t\t\t\t\t\t\t\t\t\n\t\t\t\t\t\t\t<\/p>\n\t\t\n\t\t<div class=\"card-content\">\n\t\t\t\t\t\t\t<p class=\"card-title\"><a href=\"https:\/\/inmoment.com\/de-de\/?post_type=resource&#038;p=11123\">Kundentestimonial: KARL STORZ<\/a><\/p>\n\t\t\t\n\t\t\t\n\t\t\t\t\t<\/div>\n\n\t\t<div class=\"card-footer\">\n\t\t\t\t\t\t\t<div class=\"card-image-wrap\">\n\t\t\t\t\t<img decoding=\"async\" width=\"300\" height=\"199\" src=\"https:\/\/inmoment.com\/wp-content\/uploads\/2020\/09\/lib-fi-karl-storz-case-study-300x199.jpg\" class=\"attachment-medium size-medium wp-post-image\" alt=\"\" srcset=\"https:\/\/inmoment.com\/wp-content\/uploads\/2020\/09\/lib-fi-karl-storz-case-study-300x199.jpg 300w, https:\/\/inmoment.com\/wp-content\/uploads\/2020\/09\/lib-fi-karl-storz-case-study.jpg 660w\" loading=\"lazy\" \/>\t\t\t\t<\/div>\n\t\t\t\n\t\t\t\t\t\t\t<a class=\"button cta cta-card\" href=\"https:\/\/inmoment.com\/de-de\/?post_type=resource&#038;p=11123\">\n\t\t\t\t\t<span>Mehr lesen<\/span>\n\t\t\t\t<\/a>\n\t\t\t\t\t<\/div>\n\n\t<\/div><!-- .card -->\n\t\t<div class=\"card post-card \">\n\t\t\t\t\t<p class=\"card-meta\">\n\t\t\t\t\t\t\t\t\t\t\t\t\t\t\t<span class=\"post-card-tax\">resource<\/span>\n\t\t\t\t\t\t\t\t\t\n\t\t\t\t\t\t\t<\/p>\n\t\t\n\t\t<div class=\"card-content\">\n\t\t\t\t\t\t\t<p class=\"card-title\"><a href=\"https:\/\/inmoment.com\/de-de\/resource\/draeger-fallstudie-mit-innovativer-plattform-zu-einer-besseren-customer-experience\/\">Dr\u00e4ger Fallstudie &#8211; Mit innovativer Plattform zu einer besseren Customer Experience<\/a><\/p>\n\t\t\t\n\t\t\t\n\t\t\t\t\t<\/div>\n\n\t\t<div class=\"card-footer\">\n\t\t\t\t\t\t\t<div class=\"card-image-wrap\">\n\t\t\t\t\t<img decoding=\"async\" width=\"300\" height=\"300\" src=\"https:\/\/inmoment.com\/wp-content\/uploads\/2020\/09\/Medibank-CXForum-Overview_WebImage-300x300.jpg\" class=\"attachment-medium size-medium wp-post-image\" alt=\"\" srcset=\"https:\/\/inmoment.com\/wp-content\/uploads\/2020\/09\/Medibank-CXForum-Overview_WebImage-300x300.jpg 300w, https:\/\/inmoment.com\/wp-content\/uploads\/2020\/09\/Medibank-CXForum-Overview_WebImage-150x150.jpg 150w, https:\/\/inmoment.com\/wp-content\/uploads\/2020\/09\/Medibank-CXForum-Overview_WebImage.jpg 500w\" loading=\"lazy\" \/>\t\t\t\t<\/div>\n\t\t\t\n\t\t\t\t\t\t\t<a class=\"button cta cta-card\" href=\"https:\/\/inmoment.com\/de-de\/resource\/draeger-fallstudie-mit-innovativer-plattform-zu-einer-besseren-customer-experience\/\">\n\t\t\t\t\t<span>Mehr lesen<\/span>\n\t\t\t\t<\/a>\n\t\t\t\t\t<\/div>\n\n\t<\/div><!-- .card -->\n\t\t<div class=\"card post-card \">\n\t\t\t\t\t<p class=\"card-meta\">\n\t\t\t\t\t\t\t\t\t\t\t\t\t\t\t<span class=\"post-card-tax\">resource<\/span>\n\t\t\t\t\t\t\t\t\t\n\t\t\t\t\t\t\t<\/p>\n\t\t\n\t\t<div class=\"card-content\">\n\t\t\t\t\t\t\t<p class=\"card-title\"><a href=\"https:\/\/inmoment.com\/de-de\/resource\/fokus-auf-customer-experience-in-der-gesundheitsbranche\/\">Customer Experience in der Gesundheitsbranche<\/a><\/p>\n\t\t\t\n\t\t\t\n\t\t\t\t\t<\/div>\n\n\t\t<div class=\"card-footer\">\n\t\t\t\t\t\t\t<div class=\"card-image-wrap\">\n\t\t\t\t\t<img decoding=\"async\" width=\"300\" height=\"300\" src=\"https:\/\/inmoment.com\/wp-content\/uploads\/2021\/05\/Beyond-Medical-Devices-to-CX-Obsession-300x300.jpg\" class=\"attachment-medium size-medium wp-post-image\" alt=\"Beyond Medical Devices to CX Obsession\" srcset=\"https:\/\/inmoment.com\/wp-content\/uploads\/2021\/05\/Beyond-Medical-Devices-to-CX-Obsession-300x300.jpg 300w, https:\/\/inmoment.com\/wp-content\/uploads\/2021\/05\/Beyond-Medical-Devices-to-CX-Obsession-150x150.jpg 150w, https:\/\/inmoment.com\/wp-content\/uploads\/2021\/05\/Beyond-Medical-Devices-to-CX-Obsession-768x768.jpg 768w, https:\/\/inmoment.com\/wp-content\/uploads\/2021\/05\/Beyond-Medical-Devices-to-CX-Obsession.jpg 1000w\" loading=\"lazy\" \/>\t\t\t\t<\/div>\n\t\t\t\n\t\t\t\t\t\t\t<a class=\"button cta cta-card\" href=\"https:\/\/inmoment.com\/de-de\/resource\/fokus-auf-customer-experience-in-der-gesundheitsbranche\/\">\n\t\t\t\t\t<span>Mehr lesen<\/span>\n\t\t\t\t<\/a>\n\t\t\t\t\t<\/div>\n\n\t<\/div><!-- .card -->\n\t\t\t\t\t\t<\/div>\n\n\t\t\t\t\t<button class=\"button ghost blue\">\n\t\t\t\t<a href=\"#\" target=\"\">\n\t\t\t\t\t<span>Weiterf\u00fchrende Informationen<\/span>\n\t\t\t\t<\/a>\n\t\t\t<\/button>\n\t\t\n\t<\/div> <!-- .container -->\n\n<\/section>\n","protected":false},"excerpt":{"rendered":"","protected":false},"author":13,"featured_media":0,"parent":0,"menu_order":0,"comment_status":"closed","ping_status":"closed","template":"","meta":{"_acf_changed":false,"footnotes":""},"class_list":["post-10125","page","type-page","status-publish","hentry"],"acf":[],"_links":{"self":[{"href":"https:\/\/inmoment.com\/de-de\/wp-json\/wp\/v2\/pages\/10125","targetHints":{"allow":["GET"]}}],"collection":[{"href":"https:\/\/inmoment.com\/de-de\/wp-json\/wp\/v2\/pages"}],"about":[{"href":"https:\/\/inmoment.com\/de-de\/wp-json\/wp\/v2\/types\/page"}],"author":[{"embeddable":true,"href":"https:\/\/inmoment.com\/de-de\/wp-json\/wp\/v2\/users\/13"}],"replies":[{"embeddable":true,"href":"https:\/\/inmoment.com\/de-de\/wp-json\/wp\/v2\/comments?post=10125"}],"version-history":[{"count":0,"href":"https:\/\/inmoment.com\/de-de\/wp-json\/wp\/v2\/pages\/10125\/revisions"}],"wp:attachment":[{"href":"https:\/\/inmoment.com\/de-de\/wp-json\/wp\/v2\/media?parent=10125"}],"curies":[{"name":"wp","href":"https:\/\/api.w.org\/{rel}","templated":true}]}}