{"id":10127,"date":"2020-08-13T21:15:35","date_gmt":"2020-08-13T21:15:35","guid":{"rendered":"http:\/\/prodim2020.wpengine.com\/travel-hospitality\/"},"modified":"2021-07-29T05:48:39","modified_gmt":"2021-07-29T05:48:39","slug":"travel-hospitality","status":"publish","type":"page","link":"https:\/\/inmoment.com\/de-de\/travel-hospitality\/","title":{"rendered":"Travel &#038; Hospitality"},"content":{"rendered":"\n<div style=\"padding-top:55px;\"><\/div>\n\n\n<section id=\"block-5f517c59e8354\" class=\"content-block fifty-fifty-block fifty-media-text alignfull\" style=\"\">\t<div class=\"grid text-left \">\n\n\t\t<div class=\"col col-sm col-md col-middle\">\n\t\t\t<div >\n\t\t\t\t<img decoding=\"async\" width=\"1240\" height=\"952\" src=\"https:\/\/inmoment.com\/wp-content\/uploads\/2021\/07\/Travel-and-Hospitality.jpg\" class=\"fifty-image\" alt=\"Travel &amp; Hospitality\" srcset=\"https:\/\/inmoment.com\/wp-content\/uploads\/2021\/07\/Travel-and-Hospitality.jpg 1240w, https:\/\/inmoment.com\/wp-content\/uploads\/2021\/07\/Travel-and-Hospitality-300x230.jpg 300w, https:\/\/inmoment.com\/wp-content\/uploads\/2021\/07\/Travel-and-Hospitality-1024x786.jpg 1024w, https:\/\/inmoment.com\/wp-content\/uploads\/2021\/07\/Travel-and-Hospitality-768x590.jpg 768w\" sizes=\"auto, (max-width: 1240px) 100vw, 1240px\" loading=\"lazy\" \/>\t\t\t<\/div>\n\t\t<\/div>\n\n\t\t<div class=\"col col-sm col-md col-align-middle\">\n\n\t\t\t<div class=\"with-padding \">\n\n\t\t\t\t\n\t\n\t\t\t\t\n\t\t\t\t<h3>Navigieren Sie sicher durch die aktuellen Herausforderungen in der Touristikbranche<\/h3>\n<p>Jeder Mensch reist anders. F\u00fcr manche ist es wichtig, sparsam und praktisch zu reisen, w\u00e4hrend andere Luxus und Entspannung suchen. Daher ist es schwierig, das Meer der sich st\u00e4ndig \u00e4ndernden Vorlieben der G\u00e4ste zu navigieren und ihren Bed\u00fcrfnissen gerecht zu werden. Angesichts einer weltweiten Pandemie, die die Reisebranche nach wie vor massiv beeintr\u00e4chtigt, war es noch nie so wichtig wie heute, den sich wandelnden Kundenbed\u00fcrfnissen anzupassen.<\/p>\n\n\t\t\t\t\n\t\t\t\t\n\t\t\t<\/div>\n\n\t\t<\/div>\n\n\t<\/div>\n\n<\/section>\n\n\n<section id=\"block-5f52671f3e3db\" class=\"content-block single-paragraph-block alignfull no-background\" style=\"\">\n\t\t<div class=\"grid  grid-start \">\n\n\t\t\t<div class=\"col col-8 col-sm col-md background-color-dory\">\n\n\t\t\t\t\n\t\t\t\t\n\t\t\t\t\t\t<h5 class=\"eyebrow-heading eyebrow-heading-style-default-\"><\/h5>\n\t\t\t\t\n\t\t\t\t\n\t\t\t\t\t<h2 class=\"single-paragraph-heading color-albatross\">Sorgen Sie mit InMoment daf\u00fcr, dass Ihre G\u00e4ste wiederkommen<\/h2>\n\n\t\t\t\t\n\t\t\t\t\n\t\t\t\t\n\t\t\t\t\t<div class=\"single-paragraph-content color-albatross\"><p>Wenn Reisen geplant werden, dann wollen Sie, dass Reisende sich f\u00fcr Sie entscheiden. Unser Ansatz zur Experience Improvement hilft Ihnen, die Art von Vertrauen und Loyalit\u00e4t aufzubauen, die aus Ihren G\u00e4sten treue Kunden macht. Wir helfen Ihnen, das <em>richtige<\/em> Erlebnis zum <em>richtigen<\/em> Zeitpunkt bereitzustellen, um sich von Ihren Wettbewerbern zu unterscheiden.<\/p>\n<\/div>\n\n\t\t\t\t\n\t\t\t<\/div> <!-- .col -->\n\n\t\t<\/div><!-- .grid -->\n\n\t<\/section>\n\n\n\n<div class=\"wp-block-group alignwide\"><div class=\"wp-block-group__inner-container is-layout-flow wp-block-group-is-layout-flow\"><section id=\"block-5f517eb8e8356\" class=\"content-block accordion-block  alignfull no-background\" style=\"\">\t<div class=\"display-flex no-image\">\n\t\t\t\t\t<div class=\"image-wrap\">\n\t\t\t\t\t\t\t<\/div>\n\t\t\n\t\t<div class=\"accordion-content-wrap \">\n\t\t\t<div class=\"accordion-fixed-content\">\n\t\t\t\t\n\t\t\t\t\n\t\t\t\t\t\t\t<\/div>\n\n\t\t\t\t\t\t\t\t\t\t\t<div class=\"accordion\" aria-label=\"Accordion Content Block\">\n\t\t\t\t\t\t\t\t\t\t\t\t\t\t\t\t\t<div class=\"accordion-item has-icon\">\n\t\t\t\t\t\t\t<div class=\"accordion-item-header\">\n\n\t\t\t\t\t\t\t\t\t\t\t\t\t\t\t\t\t<div class=\"accordion-item-icon-wrap\">\n\t\t\t\t\t\t\t\t\t<img decoding=\"async\" loading=\"lazy\" width=\"95\" height=\"99\" src=\"https:\/\/inmoment.com\/wp-content\/uploads\/2020\/09\/Guest-Experience.svg\" class=\"accordion-item-icon\" alt=\"\" loading=\"lazy\" \/>\t\t\t\t\t\t\t\t\t<\/div>\n\t\t\t\t\t\t\t\t\t\n\t\t\t\t\t\t\t\t<h4 class=\"accordion-item-title \">Bieten Sie Ihren G\u00e4sten wertvolle Erlebnisse\t\t\t\t\t\t\t\t\t<button class=\"accordion-item-toggle\" aria-expanded=\"false\" aria-controls=\"accordion-1-item-1\">\n\t\t\t\t\t\t\t\t\t\t<!-- <span class=\"screen-reader-text\">Toggle Bieten Sie Ihren G\u00e4sten wertvolle Erlebnisse<\/span> -->\n\n\t\t\t\t\t\t\t\t\t\t<span class=\"accordion-item-toggle-icon\" aria-hidden=\"true\">\n\t\t\t\t\t\t\t\t\t\t\t\n\t<svg\n\t height=\"13px\" width=\"13px\"\t\tclass=\"icon arrow\"\n\t aria-hidden=\"true\"\t\trole=\"img\">\n\t\t<title id=\"title-expand-52113\">\n\t\t\tExpand\t\t<\/title>\n\n\t\t\n\t\t\t\t\t<use xlink:href=\"#arrow\"><\/use>\n\t\t\n\t<\/svg>\n\n\t\t\t\t\t\t\t\t\t\t\t<\/span>\n\t\t\t\t\t\t\t\t\t<\/button>\n\t\t\t\t\t\t\t\t<\/h4>\n\t\t\t\t\t\t\t<\/div>\n\t\t\t\t\t\t\t<div id=\"accordion-1-item-1\" class=\"accordion-item-content\" aria-hidden=\"true\">\n\t\t\t\t\t\t\t\t<h6 class=\"\"><\/h6>\n\t\t\t\t\t\t\t\t<p class=\"\">Jeder Gast sch\u00e4tzt Erlebnisse auf andere Weise. Marken k\u00f6nnen eine ganzheitliche Perspektive auf die Erfahrungen der G\u00e4ste gewinnen, indem sie multimediales Feedback aus Online-Bewertungen, Social-Media-Seiten, Webseiten und anderen Kan\u00e4len erfassen. Unsere XI-Plattform hilft Ihnen dabei, Feedback zu sammeln, zu analysieren und schnell darauf zu reagieren, um konsistente, erstklassige Erfahrungen zu liefern und Gesch\u00e4ftsentscheidungen zu priorisieren. Diese geb\u00fcndelten Insights erm\u00f6glichen es Ihnen eine sp\u00fcrbar verbesserte und personalisiertere Guest Experience zu schaffen.<\/p>\n\t\t\t\t\t\t\t\t\t\t\t\t\t\t\t<\/div>\n\t\t\t\t\t\t<\/div>\n\t\t\t\t\t\t\t\t\t\t\t\t\t\t\t\t\t<div class=\"accordion-item has-icon\">\n\t\t\t\t\t\t\t<div class=\"accordion-item-header\">\n\n\t\t\t\t\t\t\t\t\t\t\t\t\t\t\t\t\t<div class=\"accordion-item-icon-wrap\">\n\t\t\t\t\t\t\t\t\t<img decoding=\"async\" loading=\"lazy\" width=\"100\" height=\"100\" src=\"https:\/\/inmoment.com\/wp-content\/uploads\/2020\/09\/Employee-Feedback.svg\" class=\"accordion-item-icon\" alt=\"\" loading=\"lazy\" \/>\t\t\t\t\t\t\t\t\t<\/div>\n\t\t\t\t\t\t\t\t\t\n\t\t\t\t\t\t\t\t<h4 class=\"accordion-item-title \">Bieten Sie Feedback und Coaching-M\u00f6glichkeiten f\u00fcr Mitarbeiter\t\t\t\t\t\t\t\t\t<button class=\"accordion-item-toggle\" aria-expanded=\"false\" aria-controls=\"accordion-1-item-2\">\n\t\t\t\t\t\t\t\t\t\t<!-- <span class=\"screen-reader-text\">Toggle Bieten Sie Feedback und Coaching-M\u00f6glichkeiten f\u00fcr Mitarbeiter<\/span> -->\n\n\t\t\t\t\t\t\t\t\t\t<span class=\"accordion-item-toggle-icon\" aria-hidden=\"true\">\n\t\t\t\t\t\t\t\t\t\t\t\n\t<svg\n\t height=\"13px\" width=\"13px\"\t\tclass=\"icon arrow\"\n\t aria-hidden=\"true\"\t\trole=\"img\">\n\t\t<title id=\"title-expand-52126\">\n\t\t\tExpand\t\t<\/title>\n\n\t\t\n\t\t\t\t\t<use xlink:href=\"#arrow\"><\/use>\n\t\t\n\t<\/svg>\n\n\t\t\t\t\t\t\t\t\t\t\t<\/span>\n\t\t\t\t\t\t\t\t\t<\/button>\n\t\t\t\t\t\t\t\t<\/h4>\n\t\t\t\t\t\t\t<\/div>\n\t\t\t\t\t\t\t<div id=\"accordion-1-item-2\" class=\"accordion-item-content\" aria-hidden=\"true\">\n\t\t\t\t\t\t\t\t<h6 class=\"\"><\/h6>\n\t\t\t\t\t\t\t\t<p class=\"\">Ganz gleich, ob es sich um einen Mitarbeiter am Ticketschalter des Flughafens oder um den Concierge handelt, der die W\u00fcnsche der G\u00e4ste aus erster Hand erf\u00e4hrt \u2013 Mitarbeiter sind eine hervorragende Informationsquelle. Touristikunternehmen k\u00f6nnen die Erfahrungen, die sie den G\u00e4sten bieten, und die Prozesse, auf die sie sich verlassen, aus der Perspektive der Mitarbeiter vor Ort betrachten. Dar\u00fcber hinaus erm\u00f6glicht die Kopplung dieser Daten mit dem Feedback der G\u00e4ste Unternehmen die M\u00f6glichkeit Mitarbeiter zu coachen und grundlegende gesch\u00e4ftliche Ver\u00e4nderungen vorzunehmen, um die Erlebnisse f\u00fcr alle zu optimieren.<\/p>\n\t\t\t\t\t\t\t\t\t\t\t\t\t\t\t<\/div>\n\t\t\t\t\t\t<\/div>\n\t\t\t\t\t\t\t\t\t\t\t\t\t\t\t\t\t<div class=\"accordion-item has-icon\">\n\t\t\t\t\t\t\t<div class=\"accordion-item-header\">\n\n\t\t\t\t\t\t\t\t\t\t\t\t\t\t\t\t\t<div class=\"accordion-item-icon-wrap\">\n\t\t\t\t\t\t\t\t\t<img decoding=\"async\" loading=\"lazy\" width=\"100\" height=\"100\" src=\"https:\/\/inmoment.com\/wp-content\/uploads\/2020\/09\/Case-Management.svg\" class=\"accordion-item-icon\" alt=\"\" loading=\"lazy\" \/>\t\t\t\t\t\t\t\t\t<\/div>\n\t\t\t\t\t\t\t\t\t\n\t\t\t\t\t\t\t\t<h4 class=\"accordion-item-title \">Nutzen Sie Case Management zur Verbesserung von Erlebnissen und Prozessen\t\t\t\t\t\t\t\t\t<button class=\"accordion-item-toggle\" aria-expanded=\"false\" aria-controls=\"accordion-1-item-3\">\n\t\t\t\t\t\t\t\t\t\t<!-- <span class=\"screen-reader-text\">Toggle Nutzen Sie Case Management zur Verbesserung von Erlebnissen und Prozessen<\/span> -->\n\n\t\t\t\t\t\t\t\t\t\t<span class=\"accordion-item-toggle-icon\" aria-hidden=\"true\">\n\t\t\t\t\t\t\t\t\t\t\t\n\t<svg\n\t height=\"13px\" width=\"13px\"\t\tclass=\"icon arrow\"\n\t aria-hidden=\"true\"\t\trole=\"img\">\n\t\t<title id=\"title-expand-95491\">\n\t\t\tExpand\t\t<\/title>\n\n\t\t\n\t\t\t\t\t<use xlink:href=\"#arrow\"><\/use>\n\t\t\n\t<\/svg>\n\n\t\t\t\t\t\t\t\t\t\t\t<\/span>\n\t\t\t\t\t\t\t\t\t<\/button>\n\t\t\t\t\t\t\t\t<\/h4>\n\t\t\t\t\t\t\t<\/div>\n\t\t\t\t\t\t\t<div id=\"accordion-1-item-3\" class=\"accordion-item-content\" aria-hidden=\"true\">\n\t\t\t\t\t\t\t\t<h6 class=\"\"><\/h6>\n\t\t\t\t\t\t\t\t<p class=\"\">Unser Case Management vereinfacht die Bearbeitung individueller Kundenbeschwerden. Touristikunternehmen nutzen unsere Plattform, um sofort auf Kundenprobleme aufmerksam zu werden, diese an das entsprechende Team automatisch weiterzuleiten, Probleme zu beheben sowie Erlebnisse und Prozesse langfristig zu verbessern.<\/p>\n\t\t\t\t\t\t\t\t\t\t\t\t\t\t\t<\/div>\n\t\t\t\t\t\t<\/div>\n\t\t\t\t\t\t\t\t\t\t\t\t\t\t\t\t\t<div class=\"accordion-item has-icon\">\n\t\t\t\t\t\t\t<div class=\"accordion-item-header\">\n\n\t\t\t\t\t\t\t\t\t\t\t\t\t\t\t\t\t<div class=\"accordion-item-icon-wrap\">\n\t\t\t\t\t\t\t\t\t<img decoding=\"async\" loading=\"lazy\" width=\"100\" height=\"100\" src=\"https:\/\/inmoment.com\/wp-content\/uploads\/2020\/09\/Expert-Advice.svg\" class=\"accordion-item-icon\" alt=\"\" loading=\"lazy\" \/>\t\t\t\t\t\t\t\t\t<\/div>\n\t\t\t\t\t\t\t\t\t\n\t\t\t\t\t\t\t\t<h4 class=\"accordion-item-title \">Steigern Sie den ROI durch strategische Insights und Expertise\t\t\t\t\t\t\t\t\t<button class=\"accordion-item-toggle\" aria-expanded=\"false\" aria-controls=\"accordion-1-item-4\">\n\t\t\t\t\t\t\t\t\t\t<!-- <span class=\"screen-reader-text\">Toggle Steigern Sie den ROI durch strategische Insights und Expertise<\/span> -->\n\n\t\t\t\t\t\t\t\t\t\t<span class=\"accordion-item-toggle-icon\" aria-hidden=\"true\">\n\t\t\t\t\t\t\t\t\t\t\t\n\t<svg\n\t height=\"13px\" width=\"13px\"\t\tclass=\"icon arrow\"\n\t aria-hidden=\"true\"\t\trole=\"img\">\n\t\t<title id=\"title-expand-32663\">\n\t\t\tExpand\t\t<\/title>\n\n\t\t\n\t\t\t\t\t<use xlink:href=\"#arrow\"><\/use>\n\t\t\n\t<\/svg>\n\n\t\t\t\t\t\t\t\t\t\t\t<\/span>\n\t\t\t\t\t\t\t\t\t<\/button>\n\t\t\t\t\t\t\t\t<\/h4>\n\t\t\t\t\t\t\t<\/div>\n\t\t\t\t\t\t\t<div id=\"accordion-1-item-4\" class=\"accordion-item-content\" aria-hidden=\"true\">\n\t\t\t\t\t\t\t\t<h6 class=\"\"><\/h6>\n\t\t\t\t\t\t\t\t<p class=\"\">Touristikunternehmen kennen ihre G\u00e4ste am besten, aber das bedeutet nicht, dass eine Experience Improvement-L\u00f6sung selbst aufgebaut oder verwaltet werden muss. Unser in-house Expertenteam l\u00e4sst jahrzehntelange Erfahrung und Fachkompetenz in die Beratung einflie\u00dfen, um Ihnen bei der Vorhersage von Mustern, Trends und Anomalien zu helfen, die f\u00fcr strategische Gesch\u00e4ftsentscheidungen und einen besseren ROI ausschlaggebend sind. Unser Team steht Ihnen zur Verf\u00fcgung, wann und wie immer Sie es brauchen.<\/p>\n\t\t\t\t\t\t\t\t\t\t\t\t\t\t\t<\/div>\n\t\t\t\t\t\t<\/div>\n\t\t\t\t\t\t\t\t\t<\/div>\n\t\t\t\t\t<\/div><!-- .accordion-content-wrap -->\n\t<\/div><!-- .container.display-flex -->\n<\/section><!-- .accordion-block -->\n<\/div><\/div>\n\n\n<section id=\"block-5f51919ae8371\" class=\"content-block pull-quote-block alignfull long-quote-layout alignfull has-background color-as-background background-orca\" style=\"\">\t\t<div class=\"grid container\">\n\n\t\t\t\n\t\t\t\n\t\t\t<div class=\"col col-md col-align-middle quote-content col-11\t\t\t\t\t\t\">\n\t\t\t\t\t\t\t\t\t<div class=\"quote-text quote-albatross \">\n\t\t\t\t\t\t<p style=\"text-align: center; line-height: 1.9; font-size: 30px;\"><strong class=\"background-kelp color-albatross\">Ein Kunde, der seine Erfahrung als sehr schlecht einstuft, wird nur mit 43%-iger Wahrscheinlichkeit wieder buchen. Im Vergleich, ein Kunde der seine Erfahrung als sehr positiv bewertet, wird mit 74%-iger Wahrscheinlichkeit wieder buchen.<\/strong><\/p>\n\t\t\t\t\t<\/div><!-- .quote-text -->\n\t\t\t\t\n\t\t\t\t\t\t\t\t\t<p class=\"quote-attribution color-albatross\">Harvard Business Review<\/p>\n\t\t\t\t\n\t\t\t<\/div><!-- .quote-content -->\n\n\t\t<\/div><!-- .container -->\n\t<\/section><!-- .pull-quote-block -->\n\n\n\n\n<section id=\"block-5f64d215ed52a\" class=\"content-block client-logo-bar-block default alignfull no-background\" style=\"\">\n\t<div class=\"logo-bar-wrapper\">\n\n\t\t<div class=\"default-bar bar-grid grid grid-nogutter \">\n\n\t\t\t\n\t\t\t\t\t\t\t\t\t<div class=\"col col-middle col-align-middle single-logo \">\n\n\t\t\t\t\t\t\t\t\t\t\t\t\t<a class=\"image-btn modal-trigger no-hover\" data-toggle=\"modal\" data-target=\".client-content-1001498052\" style=\"\">\n\t\t\t\t\t\t\t\n\t\t\t\t\t\t\t\t<img decoding=\"async\" class=\"object-contain absolute top-0 left-0 w-full h-full\" src=\"data:image\/gif;base64,R0lGODlhAQABAIAAAAAAAP\/\/\/yH5BAEAAAAALAAAAAABAAEAAAIBRAA7\" data-lazy=\"https:\/\/inmoment.com\/wp-content\/uploads\/2020\/08\/HawaiianAirlines_Logo-08.svg\" alt=\"\" \/>\n\t\t\t\t\t\t\n\n\t\t\t\t\t\t\t\t<span class=\"screen-reader-text\">Hawaiian Airlines<\/span>\n\t\t\t\t\t\t\t<\/a>\n\n\n\t\t\t\t\t\t\t\t\t\t\t<\/div><!-- single-logo -->\n\n\t\t\t\t<!-- $client_img -->\n\n\t\t\t<!-- end foreach $clientlogos -->\n\t\t<\/div><!-- .bar grid -->\n\n\t\t\t\t\t<div class=\"see-more-link\">\n\t\t\t\t<a href=\"https:\/\/inmoment.com\/de-de\/customer-stories\/\" class=\"button ghost  \"><span>Weitere Erfahrungsberichte lesen<\/span><\/a>\n\t\t\t<\/div><!-- .see-more-link -->\n\t\t\n\t\t<!-- First Modal - Content Modal -->\n\t\t\n\t\t\t\n\t\t\t\t\n\t\t\t\t\t<div class=\"modal fade modal-client client-content-1001498052\" id=\"content-modal-1001498052\" tabindex=\"-1\" role=\"dialog\" aria-hidden=\"true\">\n\t\t\t\t\t\t<div class=\"modal-dialog\" role=\"document\">\n\t\t\t\t\t\t\t<div class=\"modal-content\">\n\n\t\t\t\t\t\t\t\t<div class=\"modal-body\">\n\n\t\t\t\t\t\t\t\t\t<div class=\"embed-responsive embed-container\">\n\n\t\t\t\t\t\t\t\t\t\t\t\t\t\t\t\t\t\t\t\t<div class=\"col col-12 testimonial-content\">\n\n\t\t\t\t\t\t\t\t\t\t\t\t<img decoding=\"async\" width=\"250\" height=\"250\" src=\"https:\/\/inmoment.com\/wp-content\/uploads\/2020\/08\/HawaiianAirlines_Logo-08.svg\" class=\"logo-image\" alt=\"\" loading=\"lazy\" \/>\n\t\t\t\t\t\t\t\t\t\t\t\t<p class=\"client-testimonial \">Durch die Partnerschaft mit InMoment verbesserte Hawaiian Airlines den Betriebsablauf, verfeinerte seine Marketingstrategie und erlangte ein umfassendes Verst\u00e4ndnis seines CX-\u00d6kosystems.Durch die Partnerschaft mit InMoment verbesserte Hawaiian Airlines den Betriebsablauf, verfeinerte seine Marketingstrategie und erlangte ein umfassendes Verst\u00e4ndnis seines CX-\u00d6kosystems.&quot;<\/p>\n\n\t\t\t\t\t\t\t\t\t\t\t\t\t\t\t\t\t\t\t\t\t\t\t\t\t<p class=\"client-attribution \">Hawaiian Airlines<\/p>\n\t\t\t\t\t\t\t\t\t\t\t\t\t\t\t\t\t\t\t\t\t\t\t<\/div><!-- .testimonial-content -->\n\t\t\t\t\t\t\t\t\t\t\n\t\t\t\t\t\t\t\t\t\t\t\t\t\t\t\t\t\t\t\t\t<div class=\"button-group\">\n\t\t\t\t\t\t\t\t\t\t\t\t\t\t\t\t\t\t\t\t\t\t\t\t\t<a class=\"button download pdf-btn  \" href=\"https:\/\/inmoment.com\/wp-content\/uploads\/2020\/08\/Hawaiian-Airlines-Impact-Story-2019.pdf\" download><span>PDF Herunterladen [EN]<\/span><\/a>\n\t\t\t\t\t\t\t\t\t\t\t\t\n\t\t\t\t\t\t\t\t\t\t\t\t\t\t\t\t\t\t\t\t\t\t\t<\/div><!-- .button-group -->\n\t\t\t\t\t\t\t\t\t\t\t\t\t\t\t\t\t\t\t<\/div><!-- embed-container -->\n\n\t\t\t\t\t\t\t\t<\/div><!-- .modal-body -->\n\n\t\t\t\t\t\t\t<\/div><!--- .modal-content -->\n\t\t\t\t\t\t<\/div><!-- .modal-dialog -->\n\t\t\t\t\t<\/div><!-- #content-modal -->\n\t\t\t\t\n\t\t\t\t<!-- Second Modal: Video Modal -->\n\t\t\t\t<!-- $client_video  -->\n\t\t\t<!-- $client_img -->\n\n\t\t<!-- end modal foreach -->\n\n\t<\/div><!-- .logo-bar-wrapper -->\n\t<!-- $client_logos -->\n<\/section><!-- .client-logo-bar-block -->\n\n\n<section id=\"block-5f518533e836e\" class=\"post-cards-block alignfullalignwide no-background\" style=\"\">\n\t<div class=\"container\">\n\n\t\t\t\t\t\t\t<h2 class=\"post-cards-block-heading \">Weiterf\u00fchrende Informationen<\/h2>\n\t\t\n\t\t<div class=\"post-cards-block-cards\">\n\t\t\t\t\t\t\t\t<div class=\"card post-card \">\n\t\t\t\t\t<p class=\"card-meta\">\n\t\t\t\t\t\t\t\t\t\t\t\t\t\t\t<span class=\"post-card-tax\">resource<\/span>\n\t\t\t\t\t\t\t\t\t\n\t\t\t\t\t\t\t<\/p>\n\t\t\n\t\t<div class=\"card-content\">\n\t\t\t\t\t\t\t<p class=\"card-title\"><a href=\"https:\/\/inmoment.com\/de-de\/resource\/warum-die-steigerung-der-emotionen-bei-kunden-der-schlussel-zum-cx-erfolg-ist\/\">Warum die Steigerung der Emotionen bei Kunden der Schl\u00fcssel zum CX-Erfolg ist<\/a><\/p>\n\t\t\t\n\t\t\t\n\t\t\t\t\t<\/div>\n\n\t\t<div class=\"card-footer\">\n\t\t\t\t\t\t\t<div class=\"card-image-wrap\">\n\t\t\t\t\t<img decoding=\"async\" width=\"214\" height=\"300\" src=\"https:\/\/inmoment.com\/wp-content\/uploads\/2020\/09\/iStock-940823772-1-214x300.jpg\" class=\"attachment-medium size-medium wp-post-image\" alt=\"\" srcset=\"https:\/\/inmoment.com\/wp-content\/uploads\/2020\/09\/iStock-940823772-1-214x300.jpg 214w, https:\/\/inmoment.com\/wp-content\/uploads\/2020\/09\/iStock-940823772-1.jpg 250w\" loading=\"lazy\" \/>\t\t\t\t<\/div>\n\t\t\t\n\t\t\t\t\t\t\t<a class=\"button cta cta-card\" href=\"https:\/\/inmoment.com\/de-de\/resource\/warum-die-steigerung-der-emotionen-bei-kunden-der-schlussel-zum-cx-erfolg-ist\/\">\n\t\t\t\t\t<span>Mehr lesen<\/span>\n\t\t\t\t<\/a>\n\t\t\t\t\t<\/div>\n\n\t<\/div><!-- .card -->\n\t\t<div class=\"card post-card \">\n\t\t\t\t\t<p class=\"card-meta\">\n\t\t\t\t\t\t\t\t\t\t\t\t\t\t\t<span class=\"post-card-tax\">resource<\/span>\n\t\t\t\t\t\t\t\t\t\n\t\t\t\t\t\t\t<\/p>\n\t\t\n\t\t<div class=\"card-content\">\n\t\t\t\t\t\t\t<p class=\"card-title\"><a href=\"https:\/\/inmoment.com\/de-de\/resource\/designing-experiences-with-inclusivity-and-accessibility-in-mind\/\">Erlebnisse mit Einbindung von Inklusivit\u00e4t und Barrierefreiheit gestalten<\/a><\/p>\n\t\t\t\n\t\t\t\n\t\t\t\t\t<\/div>\n\n\t\t<div class=\"card-footer\">\n\t\t\t\t\t\t\t<div class=\"card-image-wrap\">\n\t\t\t\t\t<img decoding=\"async\" width=\"300\" height=\"300\" src=\"https:\/\/inmoment.com\/wp-content\/uploads\/2020\/09\/inclusivity-300x300.jpg\" class=\"attachment-medium size-medium wp-post-image\" alt=\"\" srcset=\"https:\/\/inmoment.com\/wp-content\/uploads\/2020\/09\/inclusivity-300x300.jpg 300w, https:\/\/inmoment.com\/wp-content\/uploads\/2020\/09\/inclusivity-150x150.jpg 150w, https:\/\/inmoment.com\/wp-content\/uploads\/2020\/09\/inclusivity-768x768.jpg 768w, https:\/\/inmoment.com\/wp-content\/uploads\/2020\/09\/inclusivity.jpg 900w\" loading=\"lazy\" \/>\t\t\t\t<\/div>\n\t\t\t\n\t\t\t\t\t\t\t<a class=\"button cta cta-card\" href=\"https:\/\/inmoment.com\/de-de\/resource\/designing-experiences-with-inclusivity-and-accessibility-in-mind\/\">\n\t\t\t\t\t<span>Mehr lesen<\/span>\n\t\t\t\t<\/a>\n\t\t\t\t\t<\/div>\n\n\t<\/div><!-- .card -->\n\t\t<div class=\"card post-card \">\n\t\t\t\t\t<p class=\"card-meta\">\n\t\t\t\t\t\t\t\t\t\t\t\t\t\t\t<span class=\"post-card-tax\">resource<\/span>\n\t\t\t\t\t\t\t\t\t\n\t\t\t\t\t\t\t<\/p>\n\t\t\n\t\t<div class=\"card-content\">\n\t\t\t\t\t\t\t<p class=\"card-title\"><a href=\"https:\/\/inmoment.com\/de-de\/resource\/tap-portugal-staerkt-seine-kundenbindung-mit-inmoment\/\">TAP Portugal st\u00e4rkt seine Kundenbindung mit InMoment<\/a><\/p>\n\t\t\t\n\t\t\t\n\t\t\t\t\t<\/div>\n\n\t\t<div class=\"card-footer\">\n\t\t\t\t\t\t\t<div class=\"card-image-wrap\">\n\t\t\t\t\t<img decoding=\"async\" width=\"300\" height=\"300\" src=\"https:\/\/inmoment.com\/wp-content\/uploads\/2020\/09\/TAPPortugal_WebImage-300x300.jpg\" class=\"attachment-medium size-medium wp-post-image\" alt=\"\" srcset=\"https:\/\/inmoment.com\/wp-content\/uploads\/2020\/09\/TAPPortugal_WebImage-300x300.jpg 300w, https:\/\/inmoment.com\/wp-content\/uploads\/2020\/09\/TAPPortugal_WebImage-150x150.jpg 150w, https:\/\/inmoment.com\/wp-content\/uploads\/2020\/09\/TAPPortugal_WebImage.jpg 500w\" loading=\"lazy\" \/>\t\t\t\t<\/div>\n\t\t\t\n\t\t\t\t\t\t\t<a class=\"button cta cta-card\" href=\"https:\/\/inmoment.com\/de-de\/resource\/tap-portugal-staerkt-seine-kundenbindung-mit-inmoment\/\">\n\t\t\t\t\t<span>Mehr lesen<\/span>\n\t\t\t\t<\/a>\n\t\t\t\t\t<\/div>\n\n\t<\/div><!-- .card -->\n\t\t\t\t\t\t<\/div>\n\n\t\t\t\t\t<button class=\"button ghost blue\">\n\t\t\t\t<a href=\"\/resources\" target=\"\">\n\t\t\t\t\t<span>Weitere Informationen<\/span>\n\t\t\t\t<\/a>\n\t\t\t<\/button>\n\t\t\n\t<\/div> <!-- .container -->\n\n<\/section>\n","protected":false},"excerpt":{"rendered":"","protected":false},"author":7,"featured_media":0,"parent":0,"menu_order":0,"comment_status":"closed","ping_status":"closed","template":"","meta":{"_acf_changed":false,"footnotes":""},"class_list":["post-10127","page","type-page","status-publish","hentry"],"acf":[],"_links":{"self":[{"href":"https:\/\/inmoment.com\/de-de\/wp-json\/wp\/v2\/pages\/10127","targetHints":{"allow":["GET"]}}],"collection":[{"href":"https:\/\/inmoment.com\/de-de\/wp-json\/wp\/v2\/pages"}],"about":[{"href":"https:\/\/inmoment.com\/de-de\/wp-json\/wp\/v2\/types\/page"}],"author":[{"embeddable":true,"href":"https:\/\/inmoment.com\/de-de\/wp-json\/wp\/v2\/users\/7"}],"replies":[{"embeddable":true,"href":"https:\/\/inmoment.com\/de-de\/wp-json\/wp\/v2\/comments?post=10127"}],"version-history":[{"count":0,"href":"https:\/\/inmoment.com\/de-de\/wp-json\/wp\/v2\/pages\/10127\/revisions"}],"wp:attachment":[{"href":"https:\/\/inmoment.com\/de-de\/wp-json\/wp\/v2\/media?parent=10127"}],"curies":[{"name":"wp","href":"https:\/\/api.w.org\/{rel}","templated":true}]}}