{"id":10130,"date":"2020-08-13T21:14:39","date_gmt":"2020-08-13T21:14:39","guid":{"rendered":"http:\/\/prodim2020.wpengine.com\/telecom\/"},"modified":"2021-08-06T18:14:32","modified_gmt":"2021-08-06T18:14:32","slug":"telekommunikation","status":"publish","type":"page","link":"https:\/\/inmoment.com\/de-de\/telekommunikation\/","title":{"rendered":"Telekommunikation"},"content":{"rendered":"\n<div style=\"padding-top:55px;\"><\/div>\n\n\n<section id=\"block-5f517c59e8354\" class=\"content-block fifty-fifty-block fifty-media-text alignfull\" style=\"\">\t<div class=\"grid text-left \">\n\n\t\t<div class=\"col col-sm col-md col-middle\">\n\t\t\t<div >\n\t\t\t\t<img decoding=\"async\" width=\"1240\" height=\"952\" src=\"https:\/\/inmoment.com\/wp-content\/uploads\/2021\/07\/Telecom-Header.jpg\" class=\"fifty-image\" alt=\"Telekommunikation\" srcset=\"https:\/\/inmoment.com\/wp-content\/uploads\/2021\/07\/Telecom-Header.jpg 1240w, https:\/\/inmoment.com\/wp-content\/uploads\/2021\/07\/Telecom-Header-300x230.jpg 300w, https:\/\/inmoment.com\/wp-content\/uploads\/2021\/07\/Telecom-Header-1024x786.jpg 1024w, https:\/\/inmoment.com\/wp-content\/uploads\/2021\/07\/Telecom-Header-768x590.jpg 768w\" sizes=\"auto, (max-width: 1240px) 100vw, 1240px\" loading=\"lazy\" \/>\t\t\t<\/div>\n\t\t<\/div>\n\n\t\t<div class=\"col col-sm col-md col-align-middle\">\n\n\t\t\t<div class=\"with-padding \">\n\n\t\t\t\t\n\t\n\t\t\t\t\n\t\t\t\t<h3>Kunden sind es gewohnt von ihren Telekommunikationsanbietern mehr zu bekommen<\/h3>\n<p>Die Telekommunikationsindustrie ist f\u00fcr Ihre Dynamik und Innovation bekannt. Das Angebot an Mobilfunk-, WLAN- und Streaming-Diensten nimmt stetig zu und Kunden erwarten von ihren Anbietern mehr als in anderen Bereichen. Der Markt ist jedoch ges\u00e4ttigt und viele Services sind austauschbar, so dass Kundenbindung und die Gewinnung von Wettbewerbskunden eine st\u00e4ndige Herausforderungen darstellen.<\/p>\n\n\t\t\t\t\n\t\t\t\t\n\t\t\t<\/div>\n\n\t\t<\/div>\n\n\t<\/div>\n\n<\/section>\n\n\n<section id=\"block-5f52921ef3bf0\" class=\"content-block single-paragraph-block alignfull no-background\" style=\"\">\n\t\t<div class=\"grid  grid-start \">\n\n\t\t\t<div class=\"col col-8 col-sm col-md background-color-dory\">\n\n\t\t\t\t\n\t\t\t\t\n\t\t\t\t\t\t<h5 class=\"eyebrow-heading eyebrow-heading-style-default-\"><\/h5>\n\t\t\t\t\n\t\t\t\t\n\t\t\t\t\t<h2 class=\"single-paragraph-heading color-albatross\">Hochwertige Erfahrungen mit InMoment schaffen<\/h2>\n\n\t\t\t\t\n\t\t\t\t\n\t\t\t\t\n\t\t\t\t\t<div class=\"single-paragraph-content color-albatross\"><p>Wir bei InMoment unterst\u00fctzen seit Jahren einige der gr\u00f6\u00dften Telekommunikationsunternehmen, personalisiertere und nachhaltigere Erlebnisse zu schaffen, umfassendere Kunden- und Mitarbeiterinformationen zu gewinnen und Serviceprobleme schnell zu beheben, um die Kundenbindung zu st\u00e4rken und den langfristigen Gesch\u00e4ftserfolg voranzutreiben.<\/p>\n<\/div>\n\n\t\t\t\t\n\t\t\t<\/div> <!-- .col -->\n\n\t\t<\/div><!-- .grid -->\n\n\t<\/section>\n\n\n\n<div class=\"wp-block-group alignwide\"><div class=\"wp-block-group__inner-container is-layout-flow wp-block-group-is-layout-flow\"><section id=\"block-5f517eb8e8356\" class=\"content-block accordion-block  alignfull no-background\" style=\"\">\t<div class=\"display-flex no-image\">\n\t\t\t\t\t<div class=\"image-wrap\">\n\t\t\t\t\t\t\t<\/div>\n\t\t\n\t\t<div class=\"accordion-content-wrap \">\n\t\t\t<div class=\"accordion-fixed-content\">\n\t\t\t\t\n\t\t\t\t\n\t\t\t\t\t\t\t<\/div>\n\n\t\t\t\t\t\t\t\t\t\t\t<div class=\"accordion\" aria-label=\"Accordion Content Block\">\n\t\t\t\t\t\t\t\t\t\t\t\t\t\t\t\t\t<div class=\"accordion-item has-icon\">\n\t\t\t\t\t\t\t<div class=\"accordion-item-header\">\n\n\t\t\t\t\t\t\t\t\t\t\t\t\t\t\t\t\t<div class=\"accordion-item-icon-wrap\">\n\t\t\t\t\t\t\t\t\t<img decoding=\"async\" loading=\"lazy\" width=\"101\" height=\"101\" src=\"https:\/\/inmoment.com\/wp-content\/uploads\/2020\/09\/Improve-Retention-Rates-Stop-that-Churn.svg\" class=\"accordion-item-icon\" alt=\"\" loading=\"lazy\" \/>\t\t\t\t\t\t\t\t\t<\/div>\n\t\t\t\t\t\t\t\t\t\n\t\t\t\t\t\t\t\t<h4 class=\"accordion-item-title \">Verbessern Sie die Bindungsrate und stoppen Sie Kundenabwanderungen\t\t\t\t\t\t\t\t\t<button class=\"accordion-item-toggle\" aria-expanded=\"false\" aria-controls=\"accordion-1-item-1\">\n\t\t\t\t\t\t\t\t\t\t<!-- <span class=\"screen-reader-text\">Toggle Verbessern Sie die Bindungsrate und stoppen Sie Kundenabwanderungen<\/span> -->\n\n\t\t\t\t\t\t\t\t\t\t<span class=\"accordion-item-toggle-icon\" aria-hidden=\"true\">\n\t\t\t\t\t\t\t\t\t\t\t\n\t<svg\n\t height=\"13px\" width=\"13px\"\t\tclass=\"icon arrow\"\n\t aria-hidden=\"true\"\t\trole=\"img\">\n\t\t<title id=\"title-expand-37796\">\n\t\t\tExpand\t\t<\/title>\n\n\t\t\n\t\t\t\t\t<use xlink:href=\"#arrow\"><\/use>\n\t\t\n\t<\/svg>\n\n\t\t\t\t\t\t\t\t\t\t\t<\/span>\n\t\t\t\t\t\t\t\t\t<\/button>\n\t\t\t\t\t\t\t\t<\/h4>\n\t\t\t\t\t\t\t<\/div>\n\t\t\t\t\t\t\t<div id=\"accordion-1-item-1\" class=\"accordion-item-content\" aria-hidden=\"true\">\n\t\t\t\t\t\t\t\t<h6 class=\"\"><\/h6>\n\t\t\t\t\t\t\t\t<p class=\"\">Kundenabwanderung ist ein gro\u00dfe Herausforderung f\u00fcr Telekommunikationsunternehmen, denn diese Kunden zur\u00fcckzugewinnen ist einfach zu kostspielig. Unsere Case Management-L\u00f6sung sendet Benachrichtigungen in Echtzeit, damit Anbieter sofort auf Probleme reagieren k\u00f6nnen, sowohl individuell als auch systematisch. Verbessern Sie in den entscheidenden Momenten die Kundenerfahrung und st\u00e4rken Sie die Bindung Ihres Bestands.<\/p>\n\t\t\t\t\t\t\t\t\t\t\t\t\t\t\t<\/div>\n\t\t\t\t\t\t<\/div>\n\t\t\t\t\t\t\t\t\t\t\t\t\t\t\t\t\t<div class=\"accordion-item has-icon\">\n\t\t\t\t\t\t\t<div class=\"accordion-item-header\">\n\n\t\t\t\t\t\t\t\t\t\t\t\t\t\t\t\t\t<div class=\"accordion-item-icon-wrap\">\n\t\t\t\t\t\t\t\t\t<img decoding=\"async\" loading=\"lazy\" width=\"101\" height=\"101\" src=\"https:\/\/inmoment.com\/wp-content\/uploads\/2020\/09\/Put-Your-Customers-at-the-Heart-of-What-You-Do.svg\" class=\"accordion-item-icon\" alt=\"\" loading=\"lazy\" \/>\t\t\t\t\t\t\t\t\t<\/div>\n\t\t\t\t\t\t\t\t\t\n\t\t\t\t\t\t\t\t<h4 class=\"accordion-item-title \">Stellen Sie Ihre Kunden in den Mittelpunkt\t\t\t\t\t\t\t\t\t<button class=\"accordion-item-toggle\" aria-expanded=\"false\" aria-controls=\"accordion-1-item-2\">\n\t\t\t\t\t\t\t\t\t\t<!-- <span class=\"screen-reader-text\">Toggle Stellen Sie Ihre Kunden in den Mittelpunkt<\/span> -->\n\n\t\t\t\t\t\t\t\t\t\t<span class=\"accordion-item-toggle-icon\" aria-hidden=\"true\">\n\t\t\t\t\t\t\t\t\t\t\t\n\t<svg\n\t height=\"13px\" width=\"13px\"\t\tclass=\"icon arrow\"\n\t aria-hidden=\"true\"\t\trole=\"img\">\n\t\t<title id=\"title-expand-2390\">\n\t\t\tExpand\t\t<\/title>\n\n\t\t\n\t\t\t\t\t<use xlink:href=\"#arrow\"><\/use>\n\t\t\n\t<\/svg>\n\n\t\t\t\t\t\t\t\t\t\t\t<\/span>\n\t\t\t\t\t\t\t\t\t<\/button>\n\t\t\t\t\t\t\t\t<\/h4>\n\t\t\t\t\t\t\t<\/div>\n\t\t\t\t\t\t\t<div id=\"accordion-1-item-2\" class=\"accordion-item-content\" aria-hidden=\"true\">\n\t\t\t\t\t\t\t\t<h6 class=\"\"><\/h6>\n\t\t\t\t\t\t\t\t<p class=\"\">Verstehen Sie die Gewohnheiten Ihrer Kunden und erlangen Sie eine genaue Vorstellung davon, was sie in Zukunft w\u00fcnschen und ben\u00f6tigen. Die XI-Plattform filtert nach Kommentaren aus Online-Befragungen, Website-Feedback und Kommentaren in den sozialen Medien, um automatisch Anomalien in allen Erfahrungsdaten aufzudecken, zu priorisieren und Ihre Customer Insights anzureichern. Telekommunikationsunternehmen k\u00f6nnen unsere Analyse-Tools auch zur Vorhersage des Kundenverhaltens einsetzen, so dass sie fr\u00fcher als andere Ma\u00dfnahmen einleiten, um ihre strategisch wichtigsten Gesch\u00e4ftsziele zu erreichen.<\/p>\n\t\t\t\t\t\t\t\t\t\t\t\t\t\t\t<\/div>\n\t\t\t\t\t\t<\/div>\n\t\t\t\t\t\t\t\t\t\t\t\t\t\t\t\t\t<div class=\"accordion-item has-icon\">\n\t\t\t\t\t\t\t<div class=\"accordion-item-header\">\n\n\t\t\t\t\t\t\t\t\t\t\t\t\t\t\t\t\t<div class=\"accordion-item-icon-wrap\">\n\t\t\t\t\t\t\t\t\t<img decoding=\"async\" loading=\"lazy\" width=\"101\" height=\"101\" src=\"https:\/\/inmoment.com\/wp-content\/uploads\/2020\/09\/Create-an-Effortless-Experience-for-Everyone.svg\" class=\"accordion-item-icon\" alt=\"\" loading=\"lazy\" \/>\t\t\t\t\t\t\t\t\t<\/div>\n\t\t\t\t\t\t\t\t\t\n\t\t\t\t\t\t\t\t<h4 class=\"accordion-item-title \">Schaffen Sie ein unkomplizierte Erlebnis f\u00fcr alle\t\t\t\t\t\t\t\t\t<button class=\"accordion-item-toggle\" aria-expanded=\"false\" aria-controls=\"accordion-1-item-3\">\n\t\t\t\t\t\t\t\t\t\t<!-- <span class=\"screen-reader-text\">Toggle Schaffen Sie ein unkomplizierte Erlebnis f\u00fcr alle<\/span> -->\n\n\t\t\t\t\t\t\t\t\t\t<span class=\"accordion-item-toggle-icon\" aria-hidden=\"true\">\n\t\t\t\t\t\t\t\t\t\t\t\n\t<svg\n\t height=\"13px\" width=\"13px\"\t\tclass=\"icon arrow\"\n\t aria-hidden=\"true\"\t\trole=\"img\">\n\t\t<title id=\"title-expand-81329\">\n\t\t\tExpand\t\t<\/title>\n\n\t\t\n\t\t\t\t\t<use xlink:href=\"#arrow\"><\/use>\n\t\t\n\t<\/svg>\n\n\t\t\t\t\t\t\t\t\t\t\t<\/span>\n\t\t\t\t\t\t\t\t\t<\/button>\n\t\t\t\t\t\t\t\t<\/h4>\n\t\t\t\t\t\t\t<\/div>\n\t\t\t\t\t\t\t<div id=\"accordion-1-item-3\" class=\"accordion-item-content\" aria-hidden=\"true\">\n\t\t\t\t\t\t\t\t<h6 class=\"\"><\/h6>\n\t\t\t\t\t\t\t\t<p class=\"\">Die Wahrnehmung, die Ihre Kunden von Ihnen haben, basiert auf mehr Interaktionen als je zuvor: Ihre mobile Anwendung, Ihr Laden- und Online-Erlebnis, Werbung, soziale Medien und vieles mehr. Wir helfen Ihnen dabei, Feedback von \u00fcberall dort zu erhalten, wo Kunden mit Ihnen w\u00e4hrend des Kaufs oder der Beratung interagieren. Wenn man den Kunden die M\u00f6glichkeit gibt, auf verschiedene interaktive Art und Weise Feedback zu geben \u2013 durch Sprache, Video und Bild \u2013 f\u00fchrt dies zu detaillierteren Informationen und hinterl\u00e4sst letztendlich ein positives Befragungserlebnis.<\/p>\n\t\t\t\t\t\t\t\t\t\t\t\t\t\t\t<\/div>\n\t\t\t\t\t\t<\/div>\n\t\t\t\t\t\t\t\t\t\t\t\t\t\t\t\t\t<div class=\"accordion-item has-icon\">\n\t\t\t\t\t\t\t<div class=\"accordion-item-header\">\n\n\t\t\t\t\t\t\t\t\t\t\t\t\t\t\t\t\t<div class=\"accordion-item-icon-wrap\">\n\t\t\t\t\t\t\t\t\t<img decoding=\"async\" loading=\"lazy\" width=\"101\" height=\"101\" src=\"https:\/\/inmoment.com\/wp-content\/uploads\/2020\/09\/Develop-Employees-for-a-Customer-Centric-Culture.svg\" class=\"accordion-item-icon\" alt=\"\" loading=\"lazy\" \/>\t\t\t\t\t\t\t\t\t<\/div>\n\t\t\t\t\t\t\t\t\t\n\t\t\t\t\t\t\t\t<h4 class=\"accordion-item-title \">Mitarbeiter f\u00fcr eine kundenorientierte Kultur weiterentwickeln\t\t\t\t\t\t\t\t\t<button class=\"accordion-item-toggle\" aria-expanded=\"false\" aria-controls=\"accordion-1-item-4\">\n\t\t\t\t\t\t\t\t\t\t<!-- <span class=\"screen-reader-text\">Toggle Mitarbeiter f\u00fcr eine kundenorientierte Kultur weiterentwickeln<\/span> -->\n\n\t\t\t\t\t\t\t\t\t\t<span class=\"accordion-item-toggle-icon\" aria-hidden=\"true\">\n\t\t\t\t\t\t\t\t\t\t\t\n\t<svg\n\t height=\"13px\" width=\"13px\"\t\tclass=\"icon arrow\"\n\t aria-hidden=\"true\"\t\trole=\"img\">\n\t\t<title id=\"title-expand-27067\">\n\t\t\tExpand\t\t<\/title>\n\n\t\t\n\t\t\t\t\t<use xlink:href=\"#arrow\"><\/use>\n\t\t\n\t<\/svg>\n\n\t\t\t\t\t\t\t\t\t\t\t<\/span>\n\t\t\t\t\t\t\t\t\t<\/button>\n\t\t\t\t\t\t\t\t<\/h4>\n\t\t\t\t\t\t\t<\/div>\n\t\t\t\t\t\t\t<div id=\"accordion-1-item-4\" class=\"accordion-item-content\" aria-hidden=\"true\">\n\t\t\t\t\t\t\t\t<h6 class=\"\"><\/h6>\n\t\t\t\t\t\t\t\t<p class=\"\">Liefern Sie Ihren Mitarbeitern mit direktem Kundenkontakt die n\u00f6tigen Daten, damit sie wissen, wie sie die Kunden am besten ansprechen k\u00f6nnen. Identifizieren Sie u.a., an welchen Orten oder in welchen Gebieten Kunden von Empfangsproblemen berichten, so dass Ihr Team schnell handeln kann. Engagierte Mitarbeiter sind produktiver, erzeugen bessere Kundenerfahrungen und geben wertvolle Hinweise f\u00fcr Optimierungen. Unsere XI-Plattform integriert Mitarbeiterfeedback nahtlos mit Kundendaten, um Ihnen zu helfen, die entscheidenden Momente zu verbessern und eine kundenorientierte Kultur zu entwickeln.<\/p>\n\t\t\t\t\t\t\t\t\t\t\t\t\t\t\t<\/div>\n\t\t\t\t\t\t<\/div>\n\t\t\t\t\t\t\t\t\t<\/div>\n\t\t\t\t\t<\/div><!-- .accordion-content-wrap -->\n\t<\/div><!-- .container.display-flex -->\n<\/section><!-- .accordion-block -->\n<\/div><\/div>\n\n\n<section id=\"block-5f51919ae8371\" class=\"content-block pull-quote-block alignfull long-quote-layoutalignwide has-background color-as-background background-orca\" style=\"\">\t\t<div class=\"grid container\">\n\n\t\t\t\n\t\t\t\n\t\t\t<div class=\"col col-md col-align-middle quote-content col-11\t\t\t\t\t\t\">\n\t\t\t\t\t\t\t\t\t<div class=\"quote-text quote-albatross color-albatross\">\n\t\t\t\t\t\t<p style=\"text-align: center;line-height:1.9;font-size:30px;\"><strong class=\"background-kelp color-albatross\">Bei Kunden, die die schlechtesten Bewertungen abgeben, liegt die Wahrscheinlichkeit, dass sie nach einem Jahr noch Mitglied sind, bei nur 43%. Im Vergleich dazu: bei Mitgliedern, die eine der beiden besten Bewertungen einreichen, besteht eine 74%-ige Wahrscheinlichkeit, dass sie mindestens ein weiteres Jahr Mitglied bleiben.&#8220;<\/strong><\/p>\n\t\t\t\t\t<\/div><!-- .quote-text -->\n\t\t\t\t\n\t\t\t\t\t\t\t\t\t<p class=\"quote-attribution color-albatross\">Harvard Business Review<\/p>\n\t\t\t\t\n\t\t\t<\/div><!-- .quote-content -->\n\n\t\t<\/div><!-- .container -->\n\t<\/section><!-- .pull-quote-block -->\n\n\n\n\n<section id=\"block-5f524f734ebd7\" class=\"content-block client-logo-bar-block default alignfull has-background color-as-background background-great-white\" style=\"\">\n\t<div class=\"logo-bar-wrapper\">\n\n\t\t<div class=\"default-bar bar-grid grid grid-nogutter \">\n\n\t\t\t\n\t\t\t\t\t\t\t\t\t<div class=\"col col-middle col-align-middle single-logo \">\n\n\t\t\t\t\t\t\t\t\t\t\t\t\t<a class=\"image-btn modal-trigger no-hover\" data-toggle=\"modal\" data-target=\".client-content-820294413\" style=\"\">\n\t\t\t\t\t\t\t\n\t\t\t\t\t\t\t\t<img decoding=\"async\" class=\"object-contain absolute top-0 left-0 w-full h-full\" src=\"data:image\/gif;base64,R0lGODlhAQABAIAAAAAAAP\/\/\/yH5BAEAAAAALAAAAAABAAEAAAIBRAA7\" data-lazy=\"https:\/\/inmoment.com\/wp-content\/uploads\/2020\/09\/Sky_Logo-34.png\" alt=\"\" \/>\n\t\t\t\t\t\t\n\n\t\t\t\t\t\t\t\t<span class=\"screen-reader-text\">SKY<\/span>\n\t\t\t\t\t\t\t<\/a>\n\n\n\t\t\t\t\t\t\t\t\t\t\t<\/div><!-- single-logo -->\n\n\t\t\t\t<!-- $client_img -->\n\n\t\t\t\n\t\t\t\t\t\t\t\t\t<div class=\"col col-middle col-align-middle single-logo \">\n\n\t\t\t\t\t\t\t\t\t\t\t\t\t<a class=\"image-btn modal-trigger no-hover\" data-toggle=\"modal\" data-target=\".client-content-3616027753\" style=\"\">\n\t\t\t\t\t\t\t\n\t\t\t\t\t\t\t\t<img decoding=\"async\" class=\"object-contain absolute top-0 left-0 w-full h-full\" src=\"data:image\/gif;base64,R0lGODlhAQABAIAAAAAAAP\/\/\/yH5BAEAAAAALAAAAAABAAEAAAIBRAA7\" data-lazy=\"https:\/\/inmoment.com\/wp-content\/uploads\/2020\/09\/Telus_Logo-30.svg\" alt=\"\" \/>\n\t\t\t\t\t\t\n\n\t\t\t\t\t\t\t\t<span class=\"screen-reader-text\">TELUS<\/span>\n\t\t\t\t\t\t\t<\/a>\n\n\n\t\t\t\t\t\t\t\t\t\t\t<\/div><!-- single-logo -->\n\n\t\t\t\t<!-- $client_img -->\n\n\t\t\t\n\t\t\t\t\t\t\t\t\t<div class=\"col col-middle col-align-middle single-logo \">\n\n\t\t\t\t\t\t\t\t\t\t\t\t\t<a class=\"image-btn modal-trigger no-hover\" data-toggle=\"modal\" data-target=\".client-content-690694191\" style=\"\">\n\t\t\t\t\t\t\t\n\t\t\t\t\t\t\t\t<img decoding=\"async\" class=\"object-contain absolute top-0 left-0 w-full h-full\" src=\"data:image\/gif;base64,R0lGODlhAQABAIAAAAAAAP\/\/\/yH5BAEAAAAALAAAAAABAAEAAAIBRAA7\" data-lazy=\"https:\/\/inmoment.com\/wp-content\/uploads\/2020\/09\/USCellular_Logo-32.svg\" alt=\"\" \/>\n\t\t\t\t\t\t\n\n\t\t\t\t\t\t\t\t<span class=\"screen-reader-text\">U.S. Cellular<\/span>\n\t\t\t\t\t\t\t<\/a>\n\n\n\t\t\t\t\t\t\t\t\t\t\t<\/div><!-- single-logo -->\n\n\t\t\t\t<!-- $client_img -->\n\n\t\t\t<!-- end foreach $clientlogos -->\n\t\t<\/div><!-- .bar grid -->\n\n\t\t\t\t\t<div class=\"see-more-link\">\n\t\t\t\t<a href=\"https:\/\/inmoment.com\/de-de\/customer-stories\/\" class=\"button ghost  ghost-tsunami \"><span>Weitere Erfahrungsberichte lesen<\/span><\/a>\n\t\t\t<\/div><!-- .see-more-link -->\n\t\t\n\t\t<!-- First Modal - Content Modal -->\n\t\t\n\t\t\t\n\t\t\t\t\n\t\t\t\t\t<div class=\"modal fade modal-client client-content-820294413\" id=\"content-modal-820294413\" tabindex=\"-1\" role=\"dialog\" aria-hidden=\"true\">\n\t\t\t\t\t\t<div class=\"modal-dialog\" role=\"document\">\n\t\t\t\t\t\t\t<div class=\"modal-content\">\n\n\t\t\t\t\t\t\t\t<div class=\"modal-body\">\n\n\t\t\t\t\t\t\t\t\t<div class=\"embed-responsive embed-container\">\n\n\t\t\t\t\t\t\t\t\t\t\t\t\t\t\t\t\t\t\t\t<div class=\"col col-12 testimonial-content\">\n\n\t\t\t\t\t\t\t\t\t\t\t\t<img decoding=\"async\" width=\"251\" height=\"251\" src=\"https:\/\/inmoment.com\/wp-content\/uploads\/2020\/09\/Sky_Logo-34.png\" class=\"logo-image\" alt=\"\" srcset=\"https:\/\/inmoment.com\/wp-content\/uploads\/2020\/09\/Sky_Logo-34.png 251w, https:\/\/inmoment.com\/wp-content\/uploads\/2020\/09\/Sky_Logo-34-150x150.png 150w\" sizes=\"auto, (max-width: 251px) 100vw, 251px\" loading=\"lazy\" \/>\n\t\t\t\t\t\t\t\t\t\t\t\t<p class=\"client-testimonial color-orca\">&quot;Dank der Branchen-Expertise und Customer Experience-Plattform von InMoment haben wir eine Grundlage geschaffen, um Feedback-Daten in umsetzbare Handlungspl\u00e4ne zu \u00fcbersetzen, so dass wir unsere Effizienz und Effektivit\u00e4t dort verbessern k\u00f6nnen, wo es f\u00fcr unsere Kunden am wichtigsten ist. Dies f\u00fchrt zu einer neuen Arbeitsweise im Kundenservice.&quot;<\/p>\n\n\t\t\t\t\t\t\t\t\t\t\t\t\t\t\t\t\t\t\t\t\t\t\t\t\t<p class=\"client-attribution color-dory\">Tina Bruder, Manager Customer Insight, SKY Deutschland<\/p>\n\t\t\t\t\t\t\t\t\t\t\t\t\t\t\t\t\t\t\t\t\t\t\t<\/div><!-- .testimonial-content -->\n\t\t\t\t\t\t\t\t\t\t\n\t\t\t\t\t\t\t\t\t\t\t\t\t\t\t\t\t\t\t\t\t<div class=\"button-group\">\n\t\t\t\t\t\t\t\t\t\t\t\t\n\t\t\t\t\t\t\t\t\t\t\t\t\t\t\t\t\t\t\t\t\t\t\t<\/div><!-- .button-group -->\n\t\t\t\t\t\t\t\t\t\t\t\t\t\t\t\t\t\t\t<\/div><!-- embed-container -->\n\n\t\t\t\t\t\t\t\t<\/div><!-- .modal-body -->\n\n\t\t\t\t\t\t\t<\/div><!--- .modal-content -->\n\t\t\t\t\t\t<\/div><!-- .modal-dialog -->\n\t\t\t\t\t<\/div><!-- #content-modal -->\n\t\t\t\t\n\t\t\t\t<!-- Second Modal: Video Modal -->\n\t\t\t\t<!-- $client_video  -->\n\t\t\t<!-- $client_img -->\n\n\t\t\n\t\t\t\n\t\t\t\t\n\t\t\t\t\t<div class=\"modal fade modal-client client-content-3616027753\" id=\"content-modal-3616027753\" tabindex=\"-1\" role=\"dialog\" aria-hidden=\"true\">\n\t\t\t\t\t\t<div class=\"modal-dialog\" role=\"document\">\n\t\t\t\t\t\t\t<div class=\"modal-content\">\n\n\t\t\t\t\t\t\t\t<div class=\"modal-body\">\n\n\t\t\t\t\t\t\t\t\t<div class=\"embed-responsive embed-container\">\n\n\t\t\t\t\t\t\t\t\t\t\t\t\t\t\t\t\t\t\t\t<div class=\"col col-12 testimonial-content\">\n\n\t\t\t\t\t\t\t\t\t\t\t\t<img decoding=\"async\" width=\"250\" height=\"250\" src=\"https:\/\/inmoment.com\/wp-content\/uploads\/2020\/09\/Telus_Logo-30.svg\" class=\"logo-image\" alt=\"\" loading=\"lazy\" \/>\n\t\t\t\t\t\t\t\t\t\t\t\t<p class=\"client-testimonial color-orca\">Telus konsolidierte sein Feedback-Programm, um einen ganzheitlichen Blick auf die Erfahrungen seiner Kunden zu erhalten, und implementierte ein Closed Loop- und Kundenzur\u00fcckgewinnungsprogramm. Mit InMoment konnten Sie u.a die Dashboard-Berichte und fortschrittliche Analysen harmonisieren, die die Grundlage f\u00fcr Verbesserungsma\u00dfnahmen formt.<\/p>\n\n\t\t\t\t\t\t\t\t\t\t\t\t\t\t\t\t\t\t\t\t\t\t\t<\/div><!-- .testimonial-content -->\n\t\t\t\t\t\t\t\t\t\t\n\t\t\t\t\t\t\t\t\t\t\t\t\t\t\t\t\t\t\t\t\t<div class=\"button-group\">\n\t\t\t\t\t\t\t\t\t\t\t\t\t\t\t\t\t\t\t\t\t\t\t\t\t<a class=\"button download pdf-btn  background-tsunami  color-albatross\" href=\"https:\/\/inmoment.com\/wp-content\/uploads\/2020\/09\/CS-01043-01-Telus-Case-Study-A4.pdf\" download><span>PDF herunterladen [EN]<\/span><\/a>\n\t\t\t\t\t\t\t\t\t\t\t\t\n\t\t\t\t\t\t\t\t\t\t\t\t\t\t\t\t\t\t\t\t\t\t\t<\/div><!-- .button-group -->\n\t\t\t\t\t\t\t\t\t\t\t\t\t\t\t\t\t\t\t<\/div><!-- embed-container -->\n\n\t\t\t\t\t\t\t\t<\/div><!-- .modal-body -->\n\n\t\t\t\t\t\t\t<\/div><!--- .modal-content -->\n\t\t\t\t\t\t<\/div><!-- .modal-dialog -->\n\t\t\t\t\t<\/div><!-- #content-modal -->\n\t\t\t\t\n\t\t\t\t<!-- Second Modal: Video Modal -->\n\t\t\t\t<!-- $client_video  -->\n\t\t\t<!-- $client_img -->\n\n\t\t\n\t\t\t\n\t\t\t\t\n\t\t\t\t\t<div class=\"modal fade modal-client client-content-690694191\" id=\"content-modal-690694191\" tabindex=\"-1\" role=\"dialog\" aria-hidden=\"true\">\n\t\t\t\t\t\t<div class=\"modal-dialog\" role=\"document\">\n\t\t\t\t\t\t\t<div class=\"modal-content\">\n\n\t\t\t\t\t\t\t\t<div class=\"modal-body\">\n\n\t\t\t\t\t\t\t\t\t<div class=\"embed-responsive embed-container\">\n\n\t\t\t\t\t\t\t\t\t\t\t\t\t\t\t\t\t\t\t\t<div class=\"col col-12 testimonial-content\">\n\n\t\t\t\t\t\t\t\t\t\t\t\t<img decoding=\"async\" width=\"250\" height=\"250\" src=\"https:\/\/inmoment.com\/wp-content\/uploads\/2020\/09\/USCellular_Logo-32.svg\" class=\"logo-image\" alt=\"\" loading=\"lazy\" \/>\n\t\t\t\t\t\t\t\t\t\t\t\t<p class=\"client-testimonial color-orca\">&quot;Wir wollten an vorderster Front ein erstklassiges Callcenter-Feedback in Echtzeit liefern und unseren F\u00fchrungskr\u00e4ften einen schnelleren Zugang zu den Daten erm\u00f6glichen. Es war an der Zeit, zu modernisieren und einige Verbesserungen vorzunehmen. Das war wirklich die treibende Kraft f\u00fcr die Einf\u00fchrung von InMoment. \u00c4nderungen vorzunehmen, die den Kunden von U.S. Cellular mehr bieten w\u00fcrden&quot;.<\/p>\n\n\t\t\t\t\t\t\t\t\t\t\t\t\t\t\t\t\t\t\t\t\t\t\t\t\t<p class=\"client-attribution color-dory\">John Lewis, Customer Insights Lead<\/p>\n\t\t\t\t\t\t\t\t\t\t\t\t\t\t\t\t\t\t\t\t\t\t\t<\/div><!-- .testimonial-content -->\n\t\t\t\t\t\t\t\t\t\t\n\t\t\t\t\t\t\t\t\t\t\t\t\t\t\t\t\t\t\t\t\t<div class=\"button-group\">\n\t\t\t\t\t\t\t\t\t\t\t\t\t\t\t\t\t\t\t\t\t\t\t\t\t<a class=\"button download pdf-btn  background-tsunami  color-albatross\" href=\"https:\/\/inmoment.com\/wp-content\/uploads\/2020\/09\/CS-01002-02-Rebrand-for-Launch-U.S.-Cellular-Case-Study.pdf\" download><span>Download PDF<\/span><\/a>\n\t\t\t\t\t\t\t\t\t\t\t\t\n\t\t\t\t\t\t\t\t\t\t\t\t\t\t\t\t\t\t\t\t\t\t\t<\/div><!-- .button-group -->\n\t\t\t\t\t\t\t\t\t\t\t\t\t\t\t\t\t\t\t<\/div><!-- embed-container -->\n\n\t\t\t\t\t\t\t\t<\/div><!-- .modal-body -->\n\n\t\t\t\t\t\t\t<\/div><!--- .modal-content -->\n\t\t\t\t\t\t<\/div><!-- .modal-dialog -->\n\t\t\t\t\t<\/div><!-- #content-modal -->\n\t\t\t\t\n\t\t\t\t<!-- Second Modal: Video Modal -->\n\t\t\t\t<!-- $client_video  -->\n\t\t\t<!-- $client_img -->\n\n\t\t<!-- end modal foreach -->\n\n\t<\/div><!-- .logo-bar-wrapper -->\n\t<!-- $client_logos -->\n<\/section><!-- .client-logo-bar-block -->\n\n\n<section id=\"block-5f518533e836e\" class=\"post-cards-block alignfullalignwide no-background\" style=\"\">\n\t<div class=\"container\">\n\n\t\t\t\t\t\t\t<h2 class=\"post-cards-block-heading \">Weiterf\u00fchrende Informationen<\/h2>\n\t\t\n\t\t<div class=\"post-cards-block-cards\">\n\t\t\t\t\t\t\t\t<div class=\"card post-card \">\n\t\t\t\t\t<p class=\"card-meta\">\n\t\t\t\t\t\t\t\t\t\t\t\t\t\t\t<span class=\"post-card-tax\">resource<\/span>\n\t\t\t\t\t\t\t\t\t\n\t\t\t\t\t\t\t<\/p>\n\t\t\n\t\t<div class=\"card-content\">\n\t\t\t\t\t\t\t<p class=\"card-title\"><a href=\"https:\/\/inmoment.com\/de-de\/resource\/leitfaden-zur-digitalen-transformation\/\">Ihr Leitfaden zur digitalen Transformation<\/a><\/p>\n\t\t\t\n\t\t\t\n\t\t\t\t\t<\/div>\n\n\t\t<div class=\"card-footer\">\n\t\t\t\t\t\t\t<div class=\"card-image-wrap\">\n\t\t\t\t\t<img decoding=\"async\" width=\"300\" height=\"300\" src=\"https:\/\/inmoment.com\/wp-content\/uploads\/2020\/09\/Digital-Transformation-Roadmap-300x300.jpg\" class=\"attachment-medium size-medium wp-post-image\" alt=\"Digital Transformation Roadmap\" srcset=\"https:\/\/inmoment.com\/wp-content\/uploads\/2020\/09\/Digital-Transformation-Roadmap-300x300.jpg 300w, https:\/\/inmoment.com\/wp-content\/uploads\/2020\/09\/Digital-Transformation-Roadmap-150x150.jpg 150w, https:\/\/inmoment.com\/wp-content\/uploads\/2020\/09\/Digital-Transformation-Roadmap-768x768.jpg 768w, https:\/\/inmoment.com\/wp-content\/uploads\/2020\/09\/Digital-Transformation-Roadmap.jpg 1000w\" loading=\"lazy\" \/>\t\t\t\t<\/div>\n\t\t\t\n\t\t\t\t\t\t\t<a class=\"button cta cta-card\" href=\"https:\/\/inmoment.com\/de-de\/resource\/leitfaden-zur-digitalen-transformation\/\">\n\t\t\t\t\t<span>Mehr lesen<\/span>\n\t\t\t\t<\/a>\n\t\t\t\t\t<\/div>\n\n\t<\/div><!-- .card -->\n\t\t<div class=\"card post-card \">\n\t\t\t\t\t<p class=\"card-meta\">\n\t\t\t\t\t\t\t\t\t\t\t\t\t\t\t<span class=\"post-card-tax\">resource<\/span>\n\t\t\t\t\t\t\t\t\t\n\t\t\t\t\t\t\t<\/p>\n\t\t\n\t\t<div class=\"card-content\">\n\t\t\t\t\t\t\t<p class=\"card-title\"><a href=\"https:\/\/inmoment.com\/de-de\/resource\/cx-in-the-telecom-industry\/\">Customer Experience in der Telekomms-Branche<\/a><\/p>\n\t\t\t\n\t\t\t\n\t\t\t\t\t<\/div>\n\n\t\t<div class=\"card-footer\">\n\t\t\t\t\t\t\t<div class=\"card-image-wrap\">\n\t\t\t\t\t<img decoding=\"async\" width=\"300\" height=\"300\" src=\"https:\/\/inmoment.com\/wp-content\/uploads\/2019\/07\/CX-in-Telecom-2019-300x300.jpg\" class=\"attachment-medium size-medium wp-post-image\" alt=\"\" srcset=\"https:\/\/inmoment.com\/wp-content\/uploads\/2019\/07\/CX-in-Telecom-2019-300x300.jpg 300w, https:\/\/inmoment.com\/wp-content\/uploads\/2019\/07\/CX-in-Telecom-2019-150x150.jpg 150w, https:\/\/inmoment.com\/wp-content\/uploads\/2019\/07\/CX-in-Telecom-2019.jpg 500w\" loading=\"lazy\" \/>\t\t\t\t<\/div>\n\t\t\t\n\t\t\t\t\t\t\t<a class=\"button cta cta-card\" href=\"https:\/\/inmoment.com\/de-de\/resource\/cx-in-the-telecom-industry\/\">\n\t\t\t\t\t<span>Mehr lesen<\/span>\n\t\t\t\t<\/a>\n\t\t\t\t\t<\/div>\n\n\t<\/div><!-- .card -->\n\t\t\t\t\t\t<\/div>\n\n\t\t\t\t\t<button class=\"button ghost blue\">\n\t\t\t\t<a href=\"#\" target=\"\">\n\t\t\t\t\t<span>Weitere Informationen<\/span>\n\t\t\t\t<\/a>\n\t\t\t<\/button>\n\t\t\n\t<\/div> <!-- .container -->\n\n<\/section>\n","protected":false},"excerpt":{"rendered":"","protected":false},"author":7,"featured_media":0,"parent":0,"menu_order":0,"comment_status":"closed","ping_status":"closed","template":"","meta":{"_acf_changed":false,"footnotes":""},"class_list":["post-10130","page","type-page","status-publish","hentry"],"acf":[],"_links":{"self":[{"href":"https:\/\/inmoment.com\/de-de\/wp-json\/wp\/v2\/pages\/10130","targetHints":{"allow":["GET"]}}],"collection":[{"href":"https:\/\/inmoment.com\/de-de\/wp-json\/wp\/v2\/pages"}],"about":[{"href":"https:\/\/inmoment.com\/de-de\/wp-json\/wp\/v2\/types\/page"}],"author":[{"embeddable":true,"href":"https:\/\/inmoment.com\/de-de\/wp-json\/wp\/v2\/users\/7"}],"replies":[{"embeddable":true,"href":"https:\/\/inmoment.com\/de-de\/wp-json\/wp\/v2\/comments?post=10130"}],"version-history":[{"count":0,"href":"https:\/\/inmoment.com\/de-de\/wp-json\/wp\/v2\/pages\/10130\/revisions"}],"wp:attachment":[{"href":"https:\/\/inmoment.com\/de-de\/wp-json\/wp\/v2\/media?parent=10130"}],"curies":[{"name":"wp","href":"https:\/\/api.w.org\/{rel}","templated":true}]}}