{"id":10219,"date":"2020-09-17T14:44:19","date_gmt":"2020-09-17T14:44:19","guid":{"rendered":"http:\/\/prodim2020.wpengine.com\/demo-test\/"},"modified":"2020-09-17T22:59:38","modified_gmt":"2020-09-17T22:59:38","slug":"demo-test","status":"publish","type":"page","link":"https:\/\/inmoment.com\/de-de\/demo-test\/","title":{"rendered":"Demo Test"},"content":{"rendered":"<section id=\"block-5f57b15d58a37\" class=\"content-block gated-featured-asset-block gated-feature-asset-block-right alignfull\" style=\"\">\n\t\t<div class=\"gated-featured-asset-block-inner\">\n\t\t\t\t\t\t<div class=\"gated-featured-asset-block-form button-tsunami\" >\n\t\t\t\t\t\t\t\t\t<h3 class=\"color-orca\">Request Your Demo Today<\/h3>\n\t\t\t\t\n\t\t\t\t\t\t\t\t\t<script>console.log('');<\/script>\t\t<form id=\"mktoForm_370\" class=\"\"><\/form>\n\t\t<script>\n\t\t\t\/\/ Function to get UTM parameters from local storage\n\t\t\tfunction getUTMParams() {\n\t\t\t\tvar storageData = localStorage.getItem('utm_params');\n\t\t\t\tif (storageData) {\n\t\t\t\t\tstorageData = JSON.parse(storageData);\n\t\t\t\t\tvar currentDate = new Date().getTime();\n\t\t\t\t\tif (currentDate <= storageData.expiration) {\n\t\t\t\t\treturn storageData.data;\n\t\t\t\t\t}\n\t\t\t\t}\n\t\t\t\treturn {};\n\t\t\t}\n\t\t\tif (undefined !== MktoForms2) {\n\n\t\t\t\tMktoForms2.setOptions({\n\t\t\t\t\tformXDPath:\"\/rs\/645-JLQ-943\/images\/marketo-xdframe-relative.html\"\n\t\t\t\t});\n\n\t\t\t\t\/\/ Load the form.\n\t\t\t\tMktoForms2.loadForm(\"\/\/lp.inmoment.com\", \"645-JLQ-943\", 370, function(form) {\n\t\t\t\t\tconsole.log('https:\/\/inmoment.com\/de-de\/thank-you\/?type=contact');\n\t\t\t\t\tconsole.log('dynamic url option');\n\n\t\t\t\t\t\/\/ Add display: block to all mktoFormRows if the Email field is focused on\n\t\t\t\t\t\/\/ (they'll remain opacity: 0; max-height: 0; until after the email is scrubbed against the ZoomInfo database)\n\t\t\t\t\t\/\/ All rows except Email and Country are hidden to prevent the jerkiness on page load when they appear and suddenly disappear\n\n\t\t\t\t\t\/\/ var emailElement = document.querySelector(\"#Email\");\n\t\t\t\t\t\/\/ var formRowElements = document.querySelectorAll(\".mktoFormRow\");\n\n\t\t\t\t\t\/\/ function handleEmailEvent() {\n\t\t\t\t\t\/\/ \tformRowElements.forEach(function(formRowElement) {\n\t\t\t\t\t\/\/ \t\tvar emailChild = formRowElement.querySelector(\"#Email\");\n\t\t\t\t\t\/\/ \t\tvar countryChild = formRowElement.querySelector(\"#Country\");\n\n\t\t\t\t\t\/\/ \t\tif (!emailChild) {\n\t\t\t\t\t\/\/ \t\t\tif (!countryChild) {\n\t\t\t\t\t\/\/ \t\t\t\tformRowElement.style.display = \"block\";\n\t\t\t\t\t\/\/ \t\t\t}\n\t\t\t\t\t\/\/ \t\t}\n\t\t\t\t\t\/\/ \t});\n\t\t\t\t\t\/\/ }\n\n\t\t\t\t\t\/\/ if (document.documentElement.lang === \"en-US\") {\n\t\t\t\t\t\/\/ \t\/\/ Check if it's a form for Experience Icons or Partner Request\n\t\t\t\t\t\/\/ \tvar parentFormID = emailElement.closest(\"form\").id;\n\t\t\t\t\t\/\/ \tif (parentFormID !== \"mktoForm_726\") {\n\t\t\t\t\t\/\/ \t\tif (parentFormID !== \"mktoForm_986\") {\n\t\t\t\t\t\/\/ \t\t\tif (parentFormID !== \"mktoForm_1225\") {\n\t\t\t\t\t\/\/ \t\t\t\tif (parentFormID !== \"mktoForm_1226\") {\n\t\t\t\t\t\/\/ \t\t\t\t\temailElement.addEventListener(\"focus\", handleEmailEvent);\n\t\t\t\t\t\/\/ \t\t\t\t\temailElement.addEventListener(\"click\", handleEmailEvent);\n\t\t\t\t\t\/\/ \t\t\t\t\temailElement.addEventListener(\"keydown\", handleEmailEvent);\n\t\t\t\t\t\/\/ \t\t\t\t}\n\t\t\t\t\t\/\/ \t\t\t}\n\t\t\t\t\t\/\/ \t\t}\n\t\t\t\t\t\/\/ \t}\n\t\t\t\t\t\/\/ }\n\n\n\t\t\t\t\tvar thankYouUrl = 'https:\/\/inmoment.com\/de-de\/thank-you\/?type=contact';\n\n\t\t\t\t\tvar baseURL = 'https:\/\/inmoment.com\/de-de\/thank-you\/?';\n\t\t\t\t\tvar data = {\"type\":\"contact\"};\n\n\t\t\t\t\t\/\/ Create an array of key-value pairs from the data object\n\t\t\t\t\tvar params = Object.entries(data);\n\n\t\t\t\t\t\/\/ Construct the query string by joining the key-value pairs\n\t\t\t\t\tvar queryString = params.map(([key, value]) => `${encodeURIComponent(key)}=${encodeURIComponent(value)}`).join('&');\n\n\t\t\t\t\t\/\/ Combine the base URL with the query string\n\t\t\t\t\tvar finalThankyouURL = `${baseURL}${queryString}`;\n\n\t\t\t\t\tconsole.log(finalThankyouURL);\n\n\n\t\t\t\t\tvar lastDownloadedAssetValue = '';\n\t\t\t\t\tvar formType = 'contact';\n\n\t\t\t\t\t\/\/ Populate hidden fields\n\t\t\t\t\tif(formType != 'contact'){\n\t\t\t\t\t\t\/\/ form.vals({ \"Last_Downloaded_Asset__c\": ''});\n\t\t\t\t\t\tconsole.log('');\n\t\t\t\t\t\tif(lastDownloadedAssetValue) {\n\t\t\t\t\t\t\tform.vals({ \"Last_Downloaded_Asset__c\": lastDownloadedAssetValue });\n\t\t\t\t\t\t\tconsole.log(lastDownloadedAssetValue);\n\t\t\t\t\t\t} else {\n\t\t\t\t\t\t\tvar fallbackLastDownloadedAsset = document.title + '(' + formType + ')';\n\t\t\t\t\t\t\tform.vals({ \"Last_Downloaded_Asset__c\": fallbackLastDownloadedAsset });\n\t\t\t\t\t\t\tconsole.log(fallbackLastDownloadedAsset);\n\t\t\t\t\t\t}\n\n\t\t\t\t\t} else {\n\t\t\t\t\t\tconsole.log('contact form');\n\t\t\t\t\t}\n\t\t\t\t\t\/\/ var lastDownloadedAsset = (document.title + '()');\n\t\t\t\t\t\/\/ console.log(lastDownloadedAsset);\n\t\t\t\t\t\/\/ form.vals({ \"Last_Downloaded_Asset__c\": lastDownloadedAsset});\n\n\t\t\t\t\tvar invalidEmailDomains = ['@gmail.','@yahoo.','@hotmail.','@live.','@aol.','@outlook.','@qq.','@comcast.','@icloud.', '@ctpagent.', '@wesolvecx.', '@mailinator.']\n\n\t\t\t\t\t\/\/ function to check if email qualifies as business email\n\t\t\t\t\tvar isBusinessEmail = function(email) {\n\t\t\t\t\t\tfor(var i=0; i < invalidEmailDomains.length; i++) {\n\t\t\t\t\t\t\tvar domain = invalidEmailDomains[i];\n\t\t\t\t\t\t\tif (email.indexOf(domain) != -1) {\n\t\t\t\t\t\t\t\treturn false;\n\t\t\t\t\t\t\t}\n\t\t\t\t\t\t}\n\t\t\t\t\t\treturn true;\n\t\t\t\t\t};\n\n\t\t\t\t\t\/\/ Form validation goes here.\n\t\t\t\t\tform.onValidate(function() {\n\t\t\t\t\t\t\/\/ var utmParams = getUTMParams();\n\t\t\t\t\t\tvar vals = form.vals();\n\t\t\t\t\t\tconsole.log(vals); \/\/ ONLY FOR DEVELOPMENT, REMOVE FOR PRODUCTION.\n\t\t\t\t\t\tconsole.log('Thankyou URL: ', finalThankyouURL);\n\t\t\t\t\t\t\/\/ form.submittable(false); \/\/ ONLY FOR DEVELOPMENT, REMOVE FOR PRODUCTION. Blocks form from submitting\n\t\t\t\t\t\t\/\/ window.dataLayer = window.dataLayer || []\n                        \/\/ window.dataLayer.push({\n                        \/\/     'event': 'form_submit',\n                        \/\/     'Last Downloaded Asset': vals.Last_Downloaded_Asset__c,\n\t\t\t\t\t\t\/\/ \t'Form Submitted Page': window.location.href,\n\t\t\t\t\t\t\/\/ \t'Content': utmParams.utm_content || '',\n\t\t\t\t\t\t\/\/ \t'Term': utmParams.utm_term || '',\n\t\t\t\t\t\t\/\/ \t'Medium': utmParams.utm_medium || '',\n\t\t\t\t\t\t\/\/ \t'Source': utmParams.utm_source || '',\n\t\t\t\t\t\t\/\/ \t'Campaign': utmParams.utm_campaign || ''\n                        \/\/ });\n                        \/\/ console.log(window.dataLayer);\n\n\t\t\t\t\t\t\/\/validate if is business email from invalidEmailDomains array\n\t\t\t\t\t\tif (!isBusinessEmail(vals.Email)) {\n\t\t\t\t\t\t\tform.submittable(false);\n\t\t\t\t\t\t\tvar emailElem = form.getFormElem().find(\"#Email\");\n\t\t\t\t\t\t\tform.showErrorMessage(\"Please provide a valid work email address\", emailElem);\n\t\t\t\t\t\t}\n\t\t\t\t\t\telse { \/\/ Enable submission for those who met the criteria\n\t\t\t\t\t\t\tconsole.log('all good!');\n\t\t\t\t\t\t\tform.submittable(true); \/\/ ONLY FOR PRODUCTION, COMMENT OUT FOR DEVELOPMENT in order to Blocks form from submitting\n\n\t\t\t\t\t\t}\n\n\n\n\t\t\t\t\t});\n\n\t\t\t\t\tform.onSuccess(function(values, followUpUrl) {\n\t\t\t\t\t\tvar utmParams = getUTMParams();\n\t\t\t\t\t\twindow.dataLayer = window.dataLayer || []\n                        window.dataLayer.push({\n                            'event': 'form_submit',\n                            'Last Downloaded Asset': values.Last_Downloaded_Asset__c,\n\t\t\t\t\t\t\t'Form Submitted Page': window.location.href,\n\t\t\t\t\t\t\t'Content': utmParams.utm_content || '',\n\t\t\t\t\t\t\t'Term': utmParams.utm_term || '',\n\t\t\t\t\t\t\t'Medium': utmParams.utm_medium || '',\n\t\t\t\t\t\t\t'Source': utmParams.utm_source || '',\n\t\t\t\t\t\t\t'Campaign': utmParams.utm_campaign || ''\n                        });\n                        console.log(window.dataLayer);\n\t\t\t\t\t\tconsole.log(values);\n\n\t\t\t\t\t\tlocation.href = finalThankyouURL;\n\t\t\t\t\t\treturn false;\n\t\t\t\t\t});\n\t\t\t\t});\n\n\t\t\t\t\/\/ Remove the Marketo form styles. Source: https:\/\/jsfiddle.net\/sanford\/9wvf0zjz\/\n\t\t\t\tMktoForms2.whenReady(function (form) {\n\n\t\t\t\t\t\/\/ ****** This was used for injecting UTM Parameters into the form\n\t\t\t\t\t\/\/ \/\/ Get UTM parameters from local storage\n\t\t\t\t\t\/\/ var utmParams = getUTMParams();\n\n\t\t\t\t\t\/\/ \/\/ Define field names and create JSON object\n\t\t\t\t\t\/\/ var utm_fieldNames = {\n\t\t\t\t\t\/\/ 'PPC_Content__c': utmParams.utm_content || '',\n\t\t\t\t\t\/\/ 'PPC_Keyword__c': utmParams.utm_term || '',\n\t\t\t\t\t\/\/ 'PPC_Medium__c': utmParams.utm_medium || '',\n\t\t\t\t\t\/\/ 'PPC_Source__c': utmParams.utm_source || '',\n\t\t\t\t\t\/\/ 'PPC_Campaign__c': utmParams.utm_campaign || ''\n\t\t\t\t\t\/\/ };\n\n\t\t\t\t\t\/\/ \/\/ Output the JSON object\n\t\t\t\t\t\/\/ console.log(JSON.stringify(utm_fieldNames));\n\t\t\t\t\t\/\/ form.vals(utm_fieldNames);\n\t\t\t\t\t\/\/ ********* end of UTM Parameter to form\n\n\n\t\t\t\t\tvar formEl = form.getFormElem()[0];\n\n\t\t\t\t\t\/\/ Remove element styles from root and children (may want to disable this while debugging)\n\t\t\t\t\tfor (var elsWithStyles = document.querySelectorAll('#' + formEl.id + ', #' + formEl.id + ' [style]'), i = 0, imax = elsWithStyles.length; i < imax; i++) {\n\t\t\t\t\t\telsWithStyles[i].removeAttribute('style');\n\t\t\t\t\t}\n\n\t\t\t\t\t\/\/ Disable all Marketo-sourced stylesheets\n\t\t\t\t\tfor (var styleSheets = document.styleSheets, i = 0, imax = styleSheets.length; i < imax; i++) {\n\t\t\t\t\t\tvar ssLoc = document.createElement('A');\n\t\t\t\t\t\tssLoc.href = styleSheets[i].href;\n\n\t\t\t\t\t\tif ((ssLoc.hostname.search(\/\\lp\\.inmoment\\.com$\/) !== -1) \/\/ External STYLEs\n\t\t\t\t\t\t||\n\t\t\t\t\t\t((styleSheets[i].ownerNode || styleSheets[i].owningElement).parentNode == formEl)) { \/\/ Inline STYLEs within FORM tag\n\t\t\t\t\t\t\tstyleSheets[i].disabled = true;\n\t\t\t\t\t\t}\n\t\t\t\t\t}\n\t\t\t\t}).onFormRender(function (form){\n\t\t\t\t\t\/\/ Add a class to Labels when input is focus\n\t\t\t\t\tvar input = jQuery( '.mktoForm input, .mktoForm select, .mktoForm textarea' );\n\n\t\t\t\t\tinput.focus( function() {\n\t\t\t\t\t\tjQuery( \"label[for='\" + this.id + \"']\" ).addClass( 'labelfocus' );\n\t\t\t\t\t\tconsole.log(this.id);\n\t\t\t\t\t} ).blur( function() {\n\t\t\t\t\t\tif( !jQuery(this).val() ) {\n\t\t\t\t\t\t\tjQuery( \"label[for='\" + this.id + \"']\" ).removeClass( 'labelfocus' );\n\t\t\t\t\t\t}\n\t\t\t\t\t} );\n\t\t\t\t});\n\t\t\t}\n\t\t<\/script>\n\t \t\t\t\t\n\t\t\t<\/div>\n\t\t\t\n\t\t\t\t\t\t\n\t\t\t<div class=\"gated-featured-asset-block-text\">\n\t\t\t\t\t\t\t\t\t\t\t\t\t<h2 class=\"gated-featured-asset-block-heading color-orca\"> <\/h2>\n\t\t\t\t\t\t\t\t\t\t\t\t\t<div class=\"gated-featured-asset-block-text-content color-orca\">\n\t\t\t\t\t\t<h3>Let&#8217;s book that demo! Don&#8217;t be scared!<\/span><\/h3>\n<hr>\n<p>The future of customer experience (CX) is about harnessing the intuitive, contextual data that simple scores miss\u2014so why is your CX platform living in the past? Don\u2019t worry, our data science-infused platform is here to help (no additional surveys required).<\/p>\n<p>The future of customer experience (CX) is about harnessing the intuitive, contextual data that simple scores miss\u2014so why is your CX platform living in the past? Don\u2019t worry, our data science-infused platform is here to help (no additional surveys required).<\/p>\n<p>Book a demo with one of our CX Strategists today and see what a personalized CX solution can do for you.<\/p>\n\t\t\t\t\t<\/div>\n\t\t\t\t\t\t\t<\/div>\n\t\t<\/div>\n\n\t<\/section>\n\n\n\n<section id=\"block-5f57b74d2d3d6\" class=\"content-block client-logo-bar-block simple alignfull no-background\" style=\"\">\n\t<div class=\"logo-bar-wrapper\">\n\n\t\t<div class=\"simple-bar bar-grid grid grid-nogutter background-great-white\">\n\n\t\t\t\n\t\t\t\t\t\t\t\t\t<div class=\"col col-middle col-align-middle single-logo  col-3 col-sm\">\n\n\t\t\t\t\t\t\n\t\t\t\t\t\t\t<a href=\"https:\/\/inmoment.com\/de-de\/customer-stories\/foot-locker\/\" class=\"no-hover \"><img decoding=\"async\" width=\"250\" height=\"250\" src=\"https:\/\/inmoment.com\/wp-content\/uploads\/2020\/09\/FootLocker_Logo-02.svg\" class=\"logo-image\" alt=\"\" loading=\"lazy\" \/><\/a>\n\n\t\t\t\t\t\t\t\t\t\t\t<\/div><!-- single-logo -->\n\n\t\t\t\t<!-- $client_img -->\n\n\t\t\t\n\t\t\t\t\t\t\t\t\t<div class=\"col col-middle col-align-middle single-logo  col-3 col-sm\">\n\n\t\t\t\t\t\t\n\t\t\t\t\t\t\t<a href=\"https:\/\/inmoment.com\/de-de\/customer-stories\/virgin-money-uk\/\" class=\"no-hover \"><img decoding=\"async\" width=\"250\" height=\"250\" src=\"https:\/\/inmoment.com\/wp-content\/uploads\/2020\/08\/VirginMoney_logo-124.svg\" class=\"logo-image\" alt=\"Virgin Money logo in red.\" loading=\"lazy\" \/><\/a>\n\n\t\t\t\t\t\t\t\t\t\t\t<\/div><!-- single-logo -->\n\n\t\t\t\t<!-- $client_img -->\n\n\t\t\t\n\t\t\t\t\t\t\t\t\t<div class=\"col col-middle col-align-middle single-logo  col-3 col-sm\">\n\n\t\t\t\t\t\t\n\t\t\t\t\t\t\t<a href=\"https:\/\/inmoment.com\/de-de\/customer-stories\/volvo\/\" class=\"no-hover \"><img decoding=\"async\" width=\"250\" height=\"250\" src=\"https:\/\/inmoment.com\/wp-content\/uploads\/2020\/09\/Volvo_Logo-70.svg\" class=\"logo-image\" alt=\"Volvo&#039;s logo in blue.\" loading=\"lazy\" \/><\/a>\n\n\t\t\t\t\t\t\t\t\t\t\t<\/div><!-- single-logo -->\n\n\t\t\t\t<!-- $client_img -->\n\n\t\t\t\n\t\t\t\t\t\t\t\t\t<div class=\"col col-middle col-align-middle single-logo  col-3 col-sm\">\n\n\t\t\t\t\t\t\n\t\t\t\t\t\t\t<a href=\"https:\/\/inmoment.com\/de-de\/customer-stories\/hawaiian-airline\/\" class=\"no-hover \"><img decoding=\"async\" width=\"250\" height=\"250\" src=\"https:\/\/inmoment.com\/wp-content\/uploads\/2020\/08\/HawaiianAirlines_Logo-08.svg\" class=\"logo-image\" alt=\"\" loading=\"lazy\" \/><\/a>\n\n\t\t\t\t\t\t\t\t\t\t\t<\/div><!-- single-logo -->\n\n\t\t\t\t<!-- $client_img -->\n\n\t\t\t<!-- end foreach $clientlogos -->\n\t\t<\/div><!-- .bar grid -->\n\n\t\t\n\t\t<!-- First Modal - Content Modal -->\n\t\t\n\t\t\t\n\t\t\t\t\n\t\t\t\t\t<div class=\"modal fade modal-client client-content-2604415000\" id=\"content-modal-2604415000\" tabindex=\"-1\" role=\"dialog\" aria-hidden=\"true\">\n\t\t\t\t\t\t<div class=\"modal-dialog\" role=\"document\">\n\t\t\t\t\t\t\t<div class=\"modal-content\">\n\n\t\t\t\t\t\t\t\t<div class=\"modal-body\">\n\n\t\t\t\t\t\t\t\t\t<div class=\"embed-responsive embed-container\">\n\n\t\t\t\t\t\t\t\t\t\t\t\t\t\t\t\t\t\t\t\t<div class=\"col col-12 testimonial-content\">\n\n\t\t\t\t\t\t\t\t\t\t\t\t<img decoding=\"async\" width=\"250\" height=\"250\" src=\"https:\/\/inmoment.com\/wp-content\/uploads\/2020\/09\/FootLocker_Logo-02.svg\" class=\"logo-image\" alt=\"\" loading=\"lazy\" \/>\n\t\t\t\t\t\t\t\t\t\t\t\t<p class=\"client-testimonial \">&quot;Die reine Auswertung von Feedback-Daten und nachlaufenden Indikatoren ist nicht unsere Vorstellung von einem modernen Ansatz zur Verbesserung von Kundenerlebnissen. Mit InMoment k\u00f6nnen wir nun anhand von Feedback und operationalen Daten Signale f\u00fcr Schl\u00fcsselmomente identifizieren, die bei der Customer Journey eine entscheidende Rolle spielen, um dann laufend Ver\u00e4nderungen in diesen Bereichen voranzutreiben. Dieser Ansatz ist f\u00fcr unsere F\u00fchrungskr\u00e4fte ein zentraler Baustein bei der F\u00fchrung des Unternehmens und Steigerung unserer Ergebnisse.\u201d\r\n<\/p>\n\n\t\t\t\t\t\t\t\t\t\t\t\t\t\t\t\t\t\t\t\t\t\t\t\t\t<p class=\"client-attribution \">Tyler Saxey, Director Customer Experience, Foot Locker<\/p>\n\t\t\t\t\t\t\t\t\t\t\t\t\t\t\t\t\t\t\t\t\t\t\t<\/div><!-- .testimonial-content -->\n\t\t\t\t\t\t\t\t\t\t\n\t\t\t\t\t\t\t\t\t\t\t\t\t\t\t\t\t\t\t\t\t<div class=\"button-group\">\n\t\t\t\t\t\t\t\t\t\t\t\t\t\t\t\t\t\t\t\t\t\t\t\t\t<a class=\"button download pdf-btn  \" href=\"https:\/\/inmoment.com\/wp-content\/uploads\/2020\/09\/Foot-Locker_Case-Study_2019.pdf\" download><span>PDF Herunterladen<\/span><\/a>\n\t\t\t\t\t\t\t\t\t\t\t\t\n\t\t\t\t\t\t\t\t\t\t\t\t\t\t\t\t\t\t\t\t\t\t\t<\/div><!-- .button-group -->\n\t\t\t\t\t\t\t\t\t\t\t\t\t\t\t\t\t\t\t<\/div><!-- embed-container -->\n\n\t\t\t\t\t\t\t\t<\/div><!-- .modal-body -->\n\n\t\t\t\t\t\t\t<\/div><!--- .modal-content -->\n\t\t\t\t\t\t<\/div><!-- .modal-dialog -->\n\t\t\t\t\t<\/div><!-- #content-modal -->\n\t\t\t\t\n\t\t\t\t<!-- Second Modal: Video Modal -->\n\t\t\t\t<!-- $client_video  -->\n\t\t\t<!-- $client_img -->\n\n\t\t\n\t\t\t\n\t\t\t\t\n\t\t\t\t\t<div class=\"modal fade modal-client client-content-3646991893\" id=\"content-modal-3646991893\" tabindex=\"-1\" role=\"dialog\" aria-hidden=\"true\">\n\t\t\t\t\t\t<div class=\"modal-dialog\" role=\"document\">\n\t\t\t\t\t\t\t<div class=\"modal-content\">\n\n\t\t\t\t\t\t\t\t<div class=\"modal-body\">\n\n\t\t\t\t\t\t\t\t\t<div class=\"embed-responsive embed-container\">\n\n\t\t\t\t\t\t\t\t\t\t\t\t\t\t\t\t\t\t\t\t<div class=\"col col-12 testimonial-content\">\n\n\t\t\t\t\t\t\t\t\t\t\t\t<img decoding=\"async\" width=\"250\" height=\"250\" src=\"https:\/\/inmoment.com\/wp-content\/uploads\/2020\/08\/VirginMoney_logo-124.svg\" class=\"logo-image\" alt=\"Virgin Money logo in red.\" loading=\"lazy\" \/>\n\t\t\t\t\t\t\t\t\t\t\t\t<p class=\"client-testimonial \">&quot;In diesen sich schnell ver\u00e4ndernden Zeiten ist es schwierig, die Zukunft mit Sicherheit vorherzusagen. In Zukunft werden f\u00fcr Banken sowohl die digitale als auch physische Welt wichtig bleiben. Ich bin zuversichtlich, dass der menschliche Faktor weiterhin eine wichtigste Zutat f\u00fcr die Zukunft jeder erfolgreichen Bank sind.&quot;<\/p>\n\n\t\t\t\t\t\t\t\t\t\t\t\t\t\t\t\t\t\t\t\t\t\t\t\t\t<p class=\"client-attribution \">David Duffy, CEO, CYBG<\/p>\n\t\t\t\t\t\t\t\t\t\t\t\t\t\t\t\t\t\t\t\t\t\t\t<\/div><!-- .testimonial-content -->\n\t\t\t\t\t\t\t\t\t\t\n\t\t\t\t\t\t\t\t\t\t\t\t\t\t\t\t\t\t\t\t\t<div class=\"button-group\">\n\t\t\t\t\t\t\t\t\t\t\t\t\t\t\t\t\t\t\t\t\t\t\t\t\t<a class=\"button download pdf-btn  \" href=\"https:\/\/inmoment.com\/wp-content\/uploads\/2020\/08\/CS-00393-02-Virgin-Money-Case-Study.pdf\" download><span>PDF Herunterladen [EN]<\/span><\/a>\n\t\t\t\t\t\t\t\t\t\t\t\t\n\t\t\t\t\t\t\t\t\t\t\t\t\t\t\t\t\t\t\t\t\t\t\t<\/div><!-- .button-group -->\n\t\t\t\t\t\t\t\t\t\t\t\t\t\t\t\t\t\t\t<\/div><!-- embed-container -->\n\n\t\t\t\t\t\t\t\t<\/div><!-- .modal-body -->\n\n\t\t\t\t\t\t\t<\/div><!--- .modal-content -->\n\t\t\t\t\t\t<\/div><!-- .modal-dialog -->\n\t\t\t\t\t<\/div><!-- #content-modal -->\n\t\t\t\t\n\t\t\t\t<!-- Second Modal: Video Modal -->\n\t\t\t\t<!-- $client_video  -->\n\t\t\t<!-- $client_img -->\n\n\t\t\n\t\t\t\n\t\t\t\t\n\t\t\t\t\t<div class=\"modal fade modal-client client-content-3503743550\" id=\"content-modal-3503743550\" tabindex=\"-1\" role=\"dialog\" aria-hidden=\"true\">\n\t\t\t\t\t\t<div class=\"modal-dialog\" role=\"document\">\n\t\t\t\t\t\t\t<div class=\"modal-content\">\n\n\t\t\t\t\t\t\t\t<div class=\"modal-body\">\n\n\t\t\t\t\t\t\t\t\t<div class=\"embed-responsive embed-container\">\n\n\t\t\t\t\t\t\t\t\t\t\t\t\t\t\t\t\t\t\t\t<div class=\"col col-12 testimonial-content\">\n\n\t\t\t\t\t\t\t\t\t\t\t\t<img decoding=\"async\" width=\"250\" height=\"250\" src=\"https:\/\/inmoment.com\/wp-content\/uploads\/2020\/09\/Volvo_Logo-70.svg\" class=\"logo-image\" alt=\"Volvo&#039;s logo in blue.\" loading=\"lazy\" \/>\n\t\t\t\t\t\t\t\t\t\t\t\t<p class=\"client-testimonial \">Volvo uses InMoment to design action plans that address individual dealership challenges when it comes to creating meaningful customer experiences.<\/p>\n\n\t\t\t\t\t\t\t\t\t\t\t\t\t\t\t\t\t\t\t\t\t\t\t\t\t<p class=\"client-attribution \">Volvo<\/p>\n\t\t\t\t\t\t\t\t\t\t\t\t\t\t\t\t\t\t\t\t\t\t\t<\/div><!-- .testimonial-content -->\n\t\t\t\t\t\t\t\t\t\t\n\t\t\t\t\t\t\t\t\t\t\t\t\t\t\t\t\t\t\t\t\t<div class=\"button-group\">\n\t\t\t\t\t\t\t\t\t\t\t\t\t\t\t\t\t\t\t\t\t\t\t\t\t<a class=\"button download pdf-btn  \" href=\"https:\/\/inmoment.com\/wp-content\/uploads\/2020\/09\/Volvo-Case-Study-Preisgekro\u0308ntes-Action-Planning.pdf\" download><span>PDF Herunterladen<\/span><\/a>\n\t\t\t\t\t\t\t\t\t\t\t\t\n\t\t\t\t\t\t\t\t\t\t\t\t\t\t\t\t\t\t\t\t\t\t\t<\/div><!-- .button-group -->\n\t\t\t\t\t\t\t\t\t\t\t\t\t\t\t\t\t\t\t<\/div><!-- embed-container -->\n\n\t\t\t\t\t\t\t\t<\/div><!-- .modal-body -->\n\n\t\t\t\t\t\t\t<\/div><!--- .modal-content -->\n\t\t\t\t\t\t<\/div><!-- .modal-dialog -->\n\t\t\t\t\t<\/div><!-- #content-modal -->\n\t\t\t\t\n\t\t\t\t<!-- Second Modal: Video Modal -->\n\t\t\t\t<!-- $client_video  -->\n\t\t\t<!-- $client_img -->\n\n\t\t\n\t\t\t\n\t\t\t\t\n\t\t\t\t\t<div class=\"modal fade modal-client client-content-1001498052\" id=\"content-modal-1001498052\" tabindex=\"-1\" role=\"dialog\" aria-hidden=\"true\">\n\t\t\t\t\t\t<div class=\"modal-dialog\" role=\"document\">\n\t\t\t\t\t\t\t<div class=\"modal-content\">\n\n\t\t\t\t\t\t\t\t<div class=\"modal-body\">\n\n\t\t\t\t\t\t\t\t\t<div class=\"embed-responsive embed-container\">\n\n\t\t\t\t\t\t\t\t\t\t\t\t\t\t\t\t\t\t\t\t<div class=\"col col-12 testimonial-content\">\n\n\t\t\t\t\t\t\t\t\t\t\t\t<img decoding=\"async\" width=\"250\" height=\"250\" src=\"https:\/\/inmoment.com\/wp-content\/uploads\/2020\/08\/HawaiianAirlines_Logo-08.svg\" class=\"logo-image\" alt=\"\" loading=\"lazy\" \/>\n\t\t\t\t\t\t\t\t\t\t\t\t<p class=\"client-testimonial \">Durch die Partnerschaft mit InMoment verbesserte Hawaiian Airlines den Betriebsablauf, verfeinerte seine Marketingstrategie und erlangte ein umfassendes Verst\u00e4ndnis seines CX-\u00d6kosystems.Durch die Partnerschaft mit InMoment verbesserte Hawaiian Airlines den Betriebsablauf, verfeinerte seine Marketingstrategie und erlangte ein umfassendes Verst\u00e4ndnis seines CX-\u00d6kosystems.&quot;<\/p>\n\n\t\t\t\t\t\t\t\t\t\t\t\t\t\t\t\t\t\t\t\t\t\t\t\t\t<p class=\"client-attribution \">Hawaiian Airlines<\/p>\n\t\t\t\t\t\t\t\t\t\t\t\t\t\t\t\t\t\t\t\t\t\t\t<\/div><!-- .testimonial-content -->\n\t\t\t\t\t\t\t\t\t\t\n\t\t\t\t\t\t\t\t\t\t\t\t\t\t\t\t\t\t\t\t\t<div class=\"button-group\">\n\t\t\t\t\t\t\t\t\t\t\t\t\t\t\t\t\t\t\t\t\t\t\t\t\t<a class=\"button download pdf-btn  \" href=\"https:\/\/inmoment.com\/wp-content\/uploads\/2020\/08\/Hawaiian-Airlines-Impact-Story-2019.pdf\" download><span>PDF Herunterladen [EN]<\/span><\/a>\n\t\t\t\t\t\t\t\t\t\t\t\t\n\t\t\t\t\t\t\t\t\t\t\t\t\t\t\t\t\t\t\t\t\t\t\t<\/div><!-- .button-group -->\n\t\t\t\t\t\t\t\t\t\t\t\t\t\t\t\t\t\t\t<\/div><!-- embed-container -->\n\n\t\t\t\t\t\t\t\t<\/div><!-- .modal-body -->\n\n\t\t\t\t\t\t\t<\/div><!--- .modal-content -->\n\t\t\t\t\t\t<\/div><!-- .modal-dialog -->\n\t\t\t\t\t<\/div><!-- #content-modal -->\n\t\t\t\t\n\t\t\t\t<!-- Second Modal: Video Modal -->\n\t\t\t\t<!-- $client_video  -->\n\t\t\t<!-- $client_img -->\n\n\t\t<!-- end modal foreach -->\n\n\t<\/div><!-- .logo-bar-wrapper -->\n\t<!-- $client_logos -->\n<\/section><!-- .client-logo-bar-block -->\n","protected":false},"excerpt":{"rendered":"","protected":false},"author":13,"featured_media":0,"parent":0,"menu_order":0,"comment_status":"closed","ping_status":"closed","template":"","meta":{"_acf_changed":false,"footnotes":""},"class_list":["post-10219","page","type-page","status-publish","hentry"],"acf":[],"_links":{"self":[{"href":"https:\/\/inmoment.com\/de-de\/wp-json\/wp\/v2\/pages\/10219","targetHints":{"allow":["GET"]}}],"collection":[{"href":"https:\/\/inmoment.com\/de-de\/wp-json\/wp\/v2\/pages"}],"about":[{"href":"https:\/\/inmoment.com\/de-de\/wp-json\/wp\/v2\/types\/page"}],"author":[{"embeddable":true,"href":"https:\/\/inmoment.com\/de-de\/wp-json\/wp\/v2\/users\/13"}],"replies":[{"embeddable":true,"href":"https:\/\/inmoment.com\/de-de\/wp-json\/wp\/v2\/comments?post=10219"}],"version-history":[{"count":0,"href":"https:\/\/inmoment.com\/de-de\/wp-json\/wp\/v2\/pages\/10219\/revisions"}],"wp:attachment":[{"href":"https:\/\/inmoment.com\/de-de\/wp-json\/wp\/v2\/media?parent=10219"}],"curies":[{"name":"wp","href":"https:\/\/api.w.org\/{rel}","templated":true}]}}