{"id":14739,"date":"2020-10-16T17:38:38","date_gmt":"2020-10-16T17:38:38","guid":{"rendered":"https:\/\/inmoment.com\/webinar-invitation-opt-out\/"},"modified":"2020-10-16T17:45:31","modified_gmt":"2020-10-16T17:45:31","slug":"webinar-invitation-opt-out","status":"publish","type":"page","link":"https:\/\/inmoment.com\/de-de\/webinar-invitation-opt-out\/","title":{"rendered":"Webinar Invitation Opt Out"},"content":{"rendered":"\n<div class=\"pad-top-100\"><\/div>\n\n\n<h1>Vielen Dank f\u00fcr die Information<\/h1>\n<p>Es tut uns leid, dass Sie an diesem Webinar nicht teilnehmen k\u00f6nnen. Wir nehmen an, dass das Thema nicht f\u00fcr Sie relevant ist oder Sie zu den Terminen keine Zeit haben. Falls das letztere der Fall ist, dann registrieren Sie sich dennoch f\u00fcr das Webinar und wir schicken Ihnen die Aufzeichnung vom Webinar im Anschluss zu. Somit erhalten Sie keine weiteren Einladungen zu diesem Webinar, aber f\u00fcr zuk\u00fcnftige Webinare.<\/p>\n\n\n<div class=\"pad-top-40\"><\/div>\n","protected":false},"excerpt":{"rendered":"<p>Vielen Dank f\u00fcr die Information Es tut uns leid, dass Sie an diesem Webinar nicht teilnehmen k\u00f6nnen. Wir nehmen an, dass das Thema nicht f\u00fcr Sie relevant ist oder Sie zu den Terminen keine Zeit haben. Falls das letztere der Fall ist, dann registrieren Sie sich dennoch f\u00fcr das Webinar und wir schicken Ihnen die <a class=\"more-link\" href=\"https:\/\/inmoment.com\/de-de\/webinar-invitation-opt-out\/\">Mehr erfahren&#8230;<\/a><\/p>\n","protected":false},"author":13,"featured_media":0,"parent":0,"menu_order":0,"comment_status":"closed","ping_status":"closed","template":"","meta":{"_acf_changed":false,"footnotes":""},"class_list":["post-14739","page","type-page","status-publish","hentry"],"acf":[],"_links":{"self":[{"href":"https:\/\/inmoment.com\/de-de\/wp-json\/wp\/v2\/pages\/14739","targetHints":{"allow":["GET"]}}],"collection":[{"href":"https:\/\/inmoment.com\/de-de\/wp-json\/wp\/v2\/pages"}],"about":[{"href":"https:\/\/inmoment.com\/de-de\/wp-json\/wp\/v2\/types\/page"}],"author":[{"embeddable":true,"href":"https:\/\/inmoment.com\/de-de\/wp-json\/wp\/v2\/users\/13"}],"replies":[{"embeddable":true,"href":"https:\/\/inmoment.com\/de-de\/wp-json\/wp\/v2\/comments?post=14739"}],"version-history":[{"count":0,"href":"https:\/\/inmoment.com\/de-de\/wp-json\/wp\/v2\/pages\/14739\/revisions"}],"wp:attachment":[{"href":"https:\/\/inmoment.com\/de-de\/wp-json\/wp\/v2\/media?parent=14739"}],"curies":[{"name":"wp","href":"https:\/\/api.w.org\/{rel}","templated":true}]}}