{"id":17552,"date":"2021-02-25T00:23:20","date_gmt":"2021-02-25T00:23:20","guid":{"rendered":"https:\/\/inmoment.com\/case-management\/"},"modified":"2021-12-20T16:59:39","modified_gmt":"2021-12-20T16:59:39","slug":"case-management","status":"publish","type":"page","link":"https:\/\/inmoment.com\/de-de\/case-management\/","title":{"rendered":"Case Management"},"content":{"rendered":"\n<div style=\"height:100px\" aria-hidden=\"true\" class=\"wp-block-spacer\"><\/div>\n\n\n<h3 style=\"text-align: center;\"><img decoding=\"async\" loading=\"lazy\" class=\"alignnone wp-image-17047 size-thumbnail\" role=\"img\" src=\"https:\/\/inmoment.com\/wp-content\/uploads\/2021\/02\/CaseMangement-logo.svg\" alt=\"\" width=\"150\" height=\"150\"><\/h3>\n<h3 style=\"text-align: center;\">Ein Closed-Loop-Feedback-System mit intelligenten Alerts, Textanalysen und empfohlenen Ma\u00dfnahmen f\u00fcr Kunden mit hohem Risiko bis hin zu Kunden mit hohem Potenzial.<\/h3>\n\n\n<div style=\"height:100px\" aria-hidden=\"true\" class=\"wp-block-spacer\"><\/div>\n\n\n\n\n<section id=\"block-602c3e702d278\" class=\"content-block pull-quote-block alignfull quote-layout alignfull has-background image-as-background background-position-center background-size-cover has-overlay-mode-\" style=\" background-image: url(https:\/\/inmoment.com\/wp-content\/uploads\/2020\/09\/dots.svg)\">\t\t<div class=\"grid container\">\n\n\t\t\t\n\t\t\t\n\t\t\t<div class=\"col col-md col-align-middle quote-content col-9\t\t\t\t\t\t\">\n\t\t\t\t\t\t\t\t\t<div class=\"quote-text quote-betta \">\n\t\t\t\t\t\t<h2><strong class=\"background-great-white color-ursula\">Wir haben auf die Bedenken von fast 9.000 unserer Kunden reagiert und neue Einnahmen in H\u00f6he von fast 9 Mio. USD erzielt. Das Programm hat sich in weniger als sechs Monaten um ein Vielfaches ausgezahlt.\u201c<\/strong><\/h2>\n\t\t\t\t\t<\/div><!-- .quote-text -->\n\t\t\t\t\n\t\t\t\t\n\t\t\t<\/div><!-- .quote-content -->\n\n\t\t<\/div><!-- .container -->\n\t<\/section><!-- .pull-quote-block -->\n\n\n<section id=\"block-602d63b51d1c8\" class=\"content-block single-paragraph-block alignfull has-background color-as-background background-orca\" style=\"\">\n\t\t<div class=\"grid  grid-center \">\n\n\t\t\t<div class=\"col col-8 col-sm col-md \">\n\n\t\t\t\t\n\t\t\t\t\n\t\t\t\t\t\t<h5 class=\"eyebrow-heading eyebrow-heading-style-default-\"><\/h5>\n\t\t\t\t\n\t\t\t\t\n\t\t\t\t\t<h2 class=\"single-paragraph-heading color-albatross\">Unser einzigartiger Experience Improvement-Ansatz<\/h2>\n\n\t\t\t\t\n\t\t\t\t\n\t\t\t\t\n\t\t\t<\/div> <!-- .col -->\n\n\t\t<\/div><!-- .grid -->\n\n\t<\/section>\n\n\n\n<div class=\"background-orca alignfull u-plr-30\" style=\"height: 1px;\">\n<div class=\"container\" style=\"border-top: solid 1px #8B3CE6;\"><\/div>\n<\/div>\n\n\n<section id=\"block-602c41172d279\" class=\"content-block grid-container fifty-fifty-block fifty-text-media alignfull has-background color-as-background background-orca\" style=\"\">\t<div class=\"grid text-left \">\n\n\t\t<div class=\"col col-sm col-md col-align-middle\">\n\n\t\t\t<div class=\"with-padding color-albatross\">\n\n\t\t\t\t\n\t\n\t<h5 class=\"eyebrow eyebrow-heading-style-default-betta\">VERBESSERUNG DANK CLOSED-LOOP<\/h5>\n\n\t\t\n\t\t\t\t\t\t\t\t\t<h2 class=\"heading-text color-albatross\">Negative Erfahrungen kommen vor<\/h2>\n\t\t\t\t\n\t\t\t\t<p>Wenn die Dinge nicht wie geplant laufen, gibt Ihnen das eine hervorragende Gelegenheit, sich zu verbessern. Mithilfe der genauesten Textanalyse auf dem Markt k\u00f6nnen Sie nicht nur die n\u00e4chstbeste Ma\u00dfnahme f\u00fcr einen einzelnen Kunden oder Mitarbeiter identifizieren, sondern auch die Grundursache angehen, um eine kontinuierliche Verbesserung sicherzustellen.<\/p>\n\n\t\t\t\t\n\t\t\t\t\n\t\t\t<\/div>\n\n\t\t<\/div>\n\n\t\t<div class=\"col col-sm col_md col-middle\">\n\n\t\t<div >\n\t\t\t\t<object data=\"https:\/\/inmoment.com\/wp-content\/uploads\/2021\/04\/19-Case-Management.svg\" width=\"1166\" height=\"744\" title=\"19 &#8211; Case Management\" > <\/object>\n\t\t\t<\/div>\n\n\t\t<\/div>\n\n\t<\/div>\n\n<\/section>\n\n\n<section id=\"block-602c425a2d27b\" class=\"content-block single-paragraph-block alignfull has-background color-as-background background-orca\" style=\"\">\n\t\t<div class=\"grid  grid-center \">\n\n\t\t\t<div class=\"col col-8 col-sm col-md \">\n\n\t\t\t\t\n\t\t\t\t\n\t\t\t\t\t\t<h5 class=\"eyebrow-heading eyebrow-heading-style-default-betta\">AUTOMATISIERTE HANDLUNGEN<\/h5>\n\t\t\t\t\n\t\t\t\t\n\t\t\t\t\t<h2 class=\"single-paragraph-heading color-albatross\">Echtzeit-Verbesserung der Erfahrung<\/h2>\n\n\t\t\t\t\n\t\t\t\t\n\t\t\t\t\n\t\t\t\t\t<div class=\"single-paragraph-content color-albatross\"><p>Mit intelligenten Echtzeit-Warnungen \u00fcber Push-Benachrichtigungen, SMS und E-Mail sind Sie in der Lage, einzelne Vorf\u00e4lle und weit verbreitete Vorkommnisse innerhalb der XI-Plattform oder des CRM Ihrer Wahl effektiv zu verwalten, zuzuordnen, zu verfolgen, zu priorisieren und zu beheben.<\/p>\n<\/div>\n\n\t\t\t\t\n\t\t\t<\/div> <!-- .col -->\n\n\t\t<\/div><!-- .grid -->\n\n\t<\/section>\n\n\n<section id=\"block-602c41c22d27a\" class=\"content-block fifty-fifty-block fifty-media-text alignfull has-background color-as-background background-orca\" style=\"\">\t<div class=\"grid text-left \">\n\n\t\t<div class=\"col col-sm col-md col-middle\">\n\t\t\t<div >\n\t\t\t\t<object data=\"https:\/\/inmoment.com\/wp-content\/uploads\/2021\/04\/21-Case-Management.svg\" width=\"1097\" height=\"1055\" title=\"21 &#8211; Case Management\" > <\/object>\t\t\t<\/div>\n\t\t<\/div>\n\n\t\t<div class=\"col col-sm col-md col-align-middle\">\n\n\t\t\t<div class=\"with-padding color-albatross\">\n\n\t\t\t\t\n\t\n\t<h5 class=\"eyebrow eyebrow-heading-style-default-betta\">DIE STIMMEN IHRER MITARBEITER<\/h5>\n\n\t\t\n\t\t\t\t\t\t\t\t\t<h2 class=\"heading-text color-albatross\">Ihr wertvollstes Asset<\/h2>\n\t\t\t\t\n\t\t\t\t<p>Durch die Einbeziehung von Mitarbeiterfeedback erhalten Sie eine einzigartige Perspektive auf die Anliegen Ihrer Kunden \u2013 und darauf, wie Sie auf sie reagieren k\u00f6nnen.<\/p>\n\n\t\t\t\t\n\t\t\t\t\n\t\t\t<\/div>\n\n\t\t<\/div>\n\n\t<\/div>\n\n<\/section>\n\n\n<section id=\"block-602c44542737e\" class=\"content-block grid-container fifty-fifty-block fifty-text-media alignwide u-ptb-120  no-background\" style=\"\">\t<div class=\"grid text-left \">\n\n\t\t<div class=\"col col-sm col-md col-align-middle\">\n\n\t\t\t<div class=\"with-padding color-orca\">\n\n\t\t\t\t\n\t\n\t<h5 class=\"eyebrow eyebrow-heading-style-default-betta\">Customer Story<\/h5>\n\n\t\t\n\t\t\t\t\t\t\t\t\t<h2 class=\"heading-text color-orca\">Kosteneinsparungen<\/h2>\n\t\t\t\t\n\t\t\t\t<p>Nach nur einem Jahr Zusammenarbeit mit InMoment reduzierte Virgin Money das Beschwerdeaufkommen in Kernbereichen um 26 %, was zu j\u00e4hrlichen Einsparungen von ca. 170.000 USD f\u00fchrte.<\/p>\n\n\t\t\t\t\t\t\t\t\t<a class=\" color-albatross cta button\" href=\"https:\/\/inmoment.com\/de-de\/customer-stories\/\"><span>Lesen Sie weitere Kundentestimonials<\/span>\n\t\t\t\t\t\t\t\t\t\t\t<\/a>\n\t\t\t\t\n\t\t\t\t\n\t\t\t<\/div>\n\n\t\t<\/div>\n\n\t\t<div class=\"col col-sm col_md col-middle\">\n\n\t\t<div >\n\t\t\t\t<img decoding=\"async\" width=\"565\" height=\"469\" src=\"https:\/\/inmoment.com\/wp-content\/uploads\/2021\/02\/CaseManagement_CustomerStory.png\" class=\"fifty-image\" alt=\"\" srcset=\"https:\/\/inmoment.com\/wp-content\/uploads\/2021\/02\/CaseManagement_CustomerStory.png 565w, https:\/\/inmoment.com\/wp-content\/uploads\/2021\/02\/CaseManagement_CustomerStory-300x249.png 300w\" sizes=\"auto, (max-width: 565px) 100vw, 565px\" loading=\"lazy\" \/>\n\t\t\t<\/div>\n\n\t\t<\/div>\n\n\t<\/div>\n\n<\/section>\n\n\n<section id=\"block-602c46b8e9037\" class=\"content-block fifty-fifty-block fifty-media-text alignfull has-background image-as-background background-position-center background-size-cover has-overlay-mode-\" style=\" background-image: url(https:\/\/inmoment.com\/wp-content\/uploads\/2021\/02\/XI21-ServiceOfferingBkgd.svg)\">\t<div class=\"grid text-left \">\n\n\t\t<div class=\"col col-sm col-md col-middle\">\n\t\t\t<div >\n\t\t\t\t<img decoding=\"async\" width=\"452\" height=\"445\" src=\"https:\/\/inmoment.com\/wp-content\/uploads\/2021\/02\/crystal_ball-1.png\" class=\"fifty-image\" alt=\"\" srcset=\"https:\/\/inmoment.com\/wp-content\/uploads\/2021\/02\/crystal_ball-1.png 452w, https:\/\/inmoment.com\/wp-content\/uploads\/2021\/02\/crystal_ball-1-300x295.png 300w\" sizes=\"auto, (max-width: 452px) 100vw, 452px\" loading=\"lazy\" \/>\t\t\t<\/div>\n\t\t<\/div>\n\n\t\t<div class=\"col col-sm col-md col-align-middle\">\n\n\t\t\t<div class=\"with-padding color-orca\">\n\n\t\t\t\t\n\t\n\t<h5 class=\"eyebrow eyebrow-heading-style-default-dory\">PR\u00c4DIKTIVE ANALYSEN<\/h5>\n\n\t\t\n\t\t\t\t\t\t\t\t\t<h2 class=\"heading-text color-orca\">Ihre pers\u00f6nliche Kristallkugel<\/h2>\n\t\t\t\t\n\t\t\t\t<p>Wenn Sie alle Ihre Entscheidungen auf der Grundlage nachlaufender Indikatoren treffen, werden Sie immer einen Schritt hinterherhinken. Pr\u00e4diktive Analysen sind wie eine Kristallkugel, die Ihnen sagt, an welchen Standorten Umsatzziele wahrscheinlich verfehlt werden, welche Kunden abwanderungsgef\u00e4hrdet sind und welche Segmente reif f\u00fcr Wachstum sind. Von Prognosen \u00fcber Kundenabwanderung bis hin zur Mitarbeiterfluktuation \u2013 durch die st\u00e4ndige Analyse von Mustern in verschiedenen Datenquellen sind Sie in der Lage, proaktiv Ma\u00dfnahmen zu ergreifen und sich bietende Chancen zu nutzen, bevor es zu sp\u00e4t ist.<\/p>\n\n\t\t\t\t\t\t\t\t\t<a class=\" color-dory cta button\" href=\"https:\/\/inmoment.com\/de-de\/services\/\"><span>Erfahren Sie mehr \u00fcber Strategic Services<\/span>\n\t\t\t\t\t\t\t\t\t\t\t<\/a>\n\t\t\t\t\n\t\t\t\t\n\t\t\t<\/div>\n\n\t\t<\/div>\n\n\t<\/div>\n\n<\/section>\n\n\n<section id=\"block-602c48e3e9039\" class=\"post-cards-block alignfull alignwide no-background\" style=\"\">\n\t<div class=\"container\">\n\n\t\t\t\t\t\t\t<h2 class=\"post-cards-block-heading \">Experience Improvement mit InMoment<\/h2>\n\t\t\n\t\t<div class=\"post-cards-block-cards\">\n\t\t\t\t\t\t\t\t<div class=\"card post-card \">\n\t\t\t\t\t<p class=\"card-meta\">\n\t\t\t\t\t\t\t\t\t\t\t\t\t\t\t<span class=\"post-card-tax\">resource<\/span>\n\t\t\t\t\t\t\t\t\t\n\t\t\t\t\t\t\t<\/p>\n\t\t\n\t\t<div class=\"card-content\">\n\t\t\t\t\t\t\t<p class=\"card-title\"><a href=\"https:\/\/inmoment.com\/de-de\/resource\/ai-journey-insights-customer-journey-optimierung\/\">AI Journey Insights &#8211; Customer Journey Optimierung<\/a><\/p>\n\t\t\t\n\t\t\t\n\t\t\t\t\t<\/div>\n\n\t\t<div class=\"card-footer\">\n\t\t\t\t\t\t\t<div class=\"card-image-wrap\">\n\t\t\t\t\t<img decoding=\"async\" width=\"300\" height=\"157\" src=\"https:\/\/inmoment.com\/wp-content\/uploads\/2025\/02\/EM-10196-Social-AI-Journey-Insights_Web-Preview-300x157.jpg\" class=\"attachment-medium size-medium wp-post-image\" alt=\"\" srcset=\"https:\/\/inmoment.com\/wp-content\/uploads\/2025\/02\/EM-10196-Social-AI-Journey-Insights_Web-Preview-300x157.jpg 300w, https:\/\/inmoment.com\/wp-content\/uploads\/2025\/02\/EM-10196-Social-AI-Journey-Insights_Web-Preview-1024x536.jpg 1024w, https:\/\/inmoment.com\/wp-content\/uploads\/2025\/02\/EM-10196-Social-AI-Journey-Insights_Web-Preview-768x402.jpg 768w, https:\/\/inmoment.com\/wp-content\/uploads\/2025\/02\/EM-10196-Social-AI-Journey-Insights_Web-Preview-1536x804.jpg 1536w, https:\/\/inmoment.com\/wp-content\/uploads\/2025\/02\/EM-10196-Social-AI-Journey-Insights_Web-Preview-2048x1072.jpg 2048w, https:\/\/inmoment.com\/wp-content\/uploads\/2025\/02\/EM-10196-Social-AI-Journey-Insights_Web-Preview-1920x1005.jpg 1920w\" loading=\"lazy\" \/>\t\t\t\t<\/div>\n\t\t\t\n\t\t\t\t\t\t\t<a class=\"button cta cta-card\" href=\"https:\/\/inmoment.com\/de-de\/resource\/ai-journey-insights-customer-journey-optimierung\/\">\n\t\t\t\t\t<span>Mehr lesen<\/span>\n\t\t\t\t<\/a>\n\t\t\t\t\t<\/div>\n\n\t<\/div><!-- .card -->\n\t\t<div class=\"card post-card \">\n\t\t\t\t\t<p class=\"card-meta\">\n\t\t\t\t\t\t\t\t\t\t\t\t\t\t\t<span class=\"post-card-tax\">resource<\/span>\n\t\t\t\t\t\t\t\t\t\n\t\t\t\t\t\t\t<\/p>\n\t\t\n\t\t<div class=\"card-content\">\n\t\t\t\t\t\t\t<p class=\"card-title\"><a href=\"https:\/\/inmoment.com\/de-de\/resource\/on-demand-webinar-transformieren-sie-ihr-contact-center-erlebnis-mit-modernster-ki-analytik\/\">[On-Demand Webinar] Transformieren Sie Ihr Contact Center-Erlebnis mit modernster KI-Analytik<\/a><\/p>\n\t\t\t\n\t\t\t\n\t\t\t\t\t<\/div>\n\n\t\t<div class=\"card-footer\">\n\t\t\t\t\t\t\t<div class=\"card-image-wrap\">\n\t\t\t\t\t<img decoding=\"async\" width=\"300\" height=\"157\" src=\"https:\/\/inmoment.com\/wp-content\/uploads\/2024\/08\/OnDemand_ContactCentreErlebnis_KI-Analytik_InMoment-300x157.jpg\" class=\"attachment-medium size-medium wp-post-image\" alt=\"\" srcset=\"https:\/\/inmoment.com\/wp-content\/uploads\/2024\/08\/OnDemand_ContactCentreErlebnis_KI-Analytik_InMoment-300x157.jpg 300w, https:\/\/inmoment.com\/wp-content\/uploads\/2024\/08\/OnDemand_ContactCentreErlebnis_KI-Analytik_InMoment-1024x536.jpg 1024w, https:\/\/inmoment.com\/wp-content\/uploads\/2024\/08\/OnDemand_ContactCentreErlebnis_KI-Analytik_InMoment-768x402.jpg 768w, https:\/\/inmoment.com\/wp-content\/uploads\/2024\/08\/OnDemand_ContactCentreErlebnis_KI-Analytik_InMoment-1536x804.jpg 1536w, https:\/\/inmoment.com\/wp-content\/uploads\/2024\/08\/OnDemand_ContactCentreErlebnis_KI-Analytik_InMoment-2048x1072.jpg 2048w, https:\/\/inmoment.com\/wp-content\/uploads\/2024\/08\/OnDemand_ContactCentreErlebnis_KI-Analytik_InMoment-1920x1005.jpg 1920w\" loading=\"lazy\" \/>\t\t\t\t<\/div>\n\t\t\t\n\t\t\t\t\t\t\t<a class=\"button cta cta-card\" href=\"https:\/\/inmoment.com\/de-de\/resource\/on-demand-webinar-transformieren-sie-ihr-contact-center-erlebnis-mit-modernster-ki-analytik\/\">\n\t\t\t\t\t<span>Mehr lesen<\/span>\n\t\t\t\t<\/a>\n\t\t\t\t\t<\/div>\n\n\t<\/div><!-- .card -->\n\t\t<div class=\"card post-card \">\n\t\t\t\t\t<p class=\"card-meta\">\n\t\t\t\t\t\t\t\t\t\t\t\t\t\t\t<span class=\"post-card-tax\">resource<\/span>\n\t\t\t\t\t\t\t\t\t\n\t\t\t\t\t\t\t<\/p>\n\t\t\n\t\t<div class=\"card-content\">\n\t\t\t\t\t\t\t<p class=\"card-title\"><a href=\"https:\/\/inmoment.com\/de-de\/resource\/cx-3-0-die-zukunft-heute-beginnen-gestalten-sie-ihr-cx-programm-von-morgen-mit-dem-was-schon-jetzt-moeglich-ist\/\">CX 3.0: Die Zukunft heute beginnen<\/a><\/p>\n\t\t\t\n\t\t\t\n\t\t\t\t\t<\/div>\n\n\t\t<div class=\"card-footer\">\n\t\t\t\t\t\t\t<div class=\"card-image-wrap\">\n\t\t\t\t\t<img decoding=\"async\" width=\"225\" height=\"300\" src=\"https:\/\/inmoment.com\/wp-content\/uploads\/2024\/05\/0424_XIClubForum_InMoment_NPSx-5-225x300.jpeg\" class=\"attachment-medium size-medium wp-post-image\" alt=\"\" srcset=\"https:\/\/inmoment.com\/wp-content\/uploads\/2024\/05\/0424_XIClubForum_InMoment_NPSx-5-225x300.jpeg 225w, https:\/\/inmoment.com\/wp-content\/uploads\/2024\/05\/0424_XIClubForum_InMoment_NPSx-5-768x1024.jpeg 768w, https:\/\/inmoment.com\/wp-content\/uploads\/2024\/05\/0424_XIClubForum_InMoment_NPSx-5-1152x1536.jpeg 1152w, https:\/\/inmoment.com\/wp-content\/uploads\/2024\/05\/0424_XIClubForum_InMoment_NPSx-5-810x1080.jpeg 810w, https:\/\/inmoment.com\/wp-content\/uploads\/2024\/05\/0424_XIClubForum_InMoment_NPSx-5.jpeg 1500w\" loading=\"lazy\" \/>\t\t\t\t<\/div>\n\t\t\t\n\t\t\t\t\t\t\t<a class=\"button cta cta-card\" href=\"https:\/\/inmoment.com\/de-de\/resource\/cx-3-0-die-zukunft-heute-beginnen-gestalten-sie-ihr-cx-programm-von-morgen-mit-dem-was-schon-jetzt-moeglich-ist\/\">\n\t\t\t\t\t<span>Mehr lesen<\/span>\n\t\t\t\t<\/a>\n\t\t\t\t\t<\/div>\n\n\t<\/div><!-- .card -->\n\t\t\t\t\t\t<\/div>\n\n\t\t\t\t\t<button class=\"button ghost blue\">\n\t\t\t\t<a href=\"https:\/\/inmoment.com\/de-de\/resources\/\" target=\"\">\n\t\t\t\t\t<span>Weitere Ressourcen anzeigen<\/span>\n\t\t\t\t<\/a>\n\t\t\t<\/button>\n\t\t\n\t<\/div> <!-- .container -->\n\n<\/section>\n\n\n\n<p><\/p>\n","protected":false},"excerpt":{"rendered":"<p>Ein Closed-Loop-Feedback-System mit intelligenten Alerts, Textanalysen und empfohlenen Ma\u00dfnahmen f\u00fcr Kunden mit hohem Risiko bis hin zu Kunden mit hohem Potenzial.<\/p>\n","protected":false},"author":9,"featured_media":0,"parent":0,"menu_order":0,"comment_status":"closed","ping_status":"closed","template":"","meta":{"_acf_changed":false,"footnotes":""},"class_list":["post-17552","page","type-page","status-publish","hentry"],"acf":[],"_links":{"self":[{"href":"https:\/\/inmoment.com\/de-de\/wp-json\/wp\/v2\/pages\/17552","targetHints":{"allow":["GET"]}}],"collection":[{"href":"https:\/\/inmoment.com\/de-de\/wp-json\/wp\/v2\/pages"}],"about":[{"href":"https:\/\/inmoment.com\/de-de\/wp-json\/wp\/v2\/types\/page"}],"author":[{"embeddable":true,"href":"https:\/\/inmoment.com\/de-de\/wp-json\/wp\/v2\/users\/9"}],"replies":[{"embeddable":true,"href":"https:\/\/inmoment.com\/de-de\/wp-json\/wp\/v2\/comments?post=17552"}],"version-history":[{"count":0,"href":"https:\/\/inmoment.com\/de-de\/wp-json\/wp\/v2\/pages\/17552\/revisions"}],"wp:attachment":[{"href":"https:\/\/inmoment.com\/de-de\/wp-json\/wp\/v2\/media?parent=17552"}],"curies":[{"name":"wp","href":"https:\/\/api.w.org\/{rel}","templated":true}]}}