{"id":17555,"date":"2021-02-25T00:31:44","date_gmt":"2021-02-25T00:31:44","guid":{"rendered":"https:\/\/inmoment.com\/data-management\/"},"modified":"2023-02-10T22:55:18","modified_gmt":"2023-02-10T22:55:18","slug":"datenmanagement","status":"publish","type":"page","link":"https:\/\/inmoment.com\/de-de\/datenmanagement\/","title":{"rendered":"Datenmanagement"},"content":{"rendered":"\n<div style=\"height:100px\" aria-hidden=\"true\" class=\"wp-block-spacer\"><\/div>\n\n\n\n<style>\n@media screen and (min-width: 600px) {\n\n.global-hero-container.hero-size-medium.hero-text-alignment-left h1 {\n    font-size: 3.2rem;\n    margin-bottom: 20px;\n    padding-left: 0;\n    padding-right: 40px;\n}\n\n}\n<\/style>\n\n\n\n<style> .text-analytics-block { display: flex; justify-content: center; } .text-analytics-block .ta-card { border-top: 2px solid #D6E3FC; padding: 30px 39px; width: 250px; text-align: center; } .text-analytics-block .ta-card:first-child { padding-right: 39px; padding-left: 0; } .text-analytics-block .ta-card:last-child { padding-right: 0; padding-left: 39px; } .text-analytics-block .ta-card .circle { height: 20px; width: 20px; border-radius: 50%; background: #fff; border: 2px solid #D6E3FC; position: absolute; transform: translate(-10px, -41px); } @media (max-width: 1050px) { .text-analytics-block { flex-direction: column; align-items: center; } .text-analytics-block .ta-card { border-top: none; border-left: 2px solid #D6E3FC; } .text-analytics-block .ta-card:first-child { padding-right: inherit; padding-left: inherit; padding-top: 20px; } .text-analytics-block .ta-card:last-child { padding-right: inherit; padding-left: inherit; padding-bottom: 0; } .text-analytics-block .ta-card .circle { transform: translate(-135px, 20px); } } <\/style>\n\n<div class=\"text-analytics-block u-pt-120 u-pb-70 u-plr-20\">\n  <div class=\"ta-card\">\n    <span class=\"circle\"><\/span>\n    <h4>Verbinden Sie alle Daten aus jeder Quelle und in jedem Format<\/h4>\n  <\/div>\n  <div class=\"ta-card\">\n    <span class=\"circle\"><\/span>\n    <h4>Beseitigen Sie jedwede Abh\u00e4ngigkeit von der IT und senken Sie die Betriebskosten<\/h4>\n  <\/div>\n  <div class=\"ta-card\">\n    <span class=\"circle\"><\/span>\n    <h4>Vereinfachen Sie komplexe Aufgaben und ver\u00e4ndern Sie so Ihr gesamtes Unternehmen<\/h4>\n  <\/div>\n  <div class=\"ta-card\">\n    <span class=\"circle\"><\/span>\n    <h4>Bereinigen und bereichern Sie Daten innerhalb der Plattform<\/h4>\n  <\/div>\n  <div class=\"ta-card\">\n    <span class=\"circle\"><\/span>\n    <h4>Senden Sie Daten \u00fcber sichere Daten\u00fcbertragungs-protokolle in Echtzeit an den richtigen Ort<\/h4>\n  <\/div>\n<\/div>\n\n\n\n<p class=\"has-text-align-center u-pb-80 has-orca-color has-text-color\">Jeden Tag erheben Unternehmen Daten aus mehreren Systemen mit Tausenden von Datenpunkten. Bem\u00fchungen, diese Daten manuell zu bereinigen, zu aktualisieren und zu bereichern, gestalten sich nahezu unm\u00f6glich und stellen eine erhebliche Einschr\u00e4nkung der Ressourcen dar, was dazu f\u00fchrt, dass sich viele Unternehmen die ihnen zur Verf\u00fcgung stehenden Insights nicht ausreichend zunutze machen. Lassen Sie die XI-Plattform den gesamten Aufwand des Datenmanagements erledigen, damit sich Ihre CX-F\u00fchrungskr\u00e4fte und internen IT-Teams auf die Verbesserung der Customer Experience konzentrieren k\u00f6nnen, anstatt bei zahlreichen kostspieligen Datenverwaltungsaufgaben stecken zu bleiben.<\/p>\n\n\n<section id=\"block-a6d78385ef60802dbb2d34f9cb3e8a93\" class=\"content-block grid-container fifty-fifty-block fifty-text-media alignfull has-background color-as-background background-orca\" style=\"\">\t<div class=\"grid text-left \">\n\n\t\t<div class=\"col col-sm col-md col-align-middle\">\n\n\t\t\t<div class=\"with-padding color-albatross\">\n\n\t\t\t\t\n\t\n\t<h5 class=\"eyebrow eyebrow-heading-style-default-coral\">Erweitertes Datenmanagement<\/h5>\n\n\t\t\n\t\t\t\t\t\t\t\t\t<h2 class=\"heading-text color-albatross\">Erfassen Sie Daten ohne die IT-Abteilung<\/h2>\n\t\t\t\t\n\t\t\t\t<p><span style=\"font-weight: 400;\">Die Tage, in denen Daten zum Hochladen oder Exportieren manuell aufbereitet werden mussten, sind vorbei. Senden Sie eine vorhandene Beispieldatei an XI und Workflow\u2122 bereinigt und verarbeitet sie automatisch f\u00fcr die Aufnahme in die Plattform. <\/span><span style=\"font-weight: 400;\">\u00a0<\/span><span style=\"font-weight: 400;\">Extrahieren Sie Daten und stellen Sie sie in einer Vielzahl von Formaten zur Verf\u00fcgung, z. B. als Flat File oder \u00fcber eine API.<\/span><\/p>\n\n\t\t\t\t\n\t\t\t\t\n\t\t\t<\/div>\n\n\t\t<\/div>\n\n\t\t<div class=\"col col-sm col_md col-middle\">\n\n\t\t<div >\n\t\t\t\t<object data=\"https:\/\/inmoment.com\/wp-content\/uploads\/2023\/01\/dm-image-02.svg\" width=\"600\" height=\"600\" title=\"dm-image-02\" > <\/object>\n\t\t\t<\/div>\n\n\t\t<\/div>\n\n\t<\/div>\n\n<\/section>\n\n\n<section id=\"block-1c146dc4d247f3d231f66794f033bbad\" class=\"content-block fifty-fifty-block fifty-media-text alignfull has-background color-as-background background-orca\" style=\"\">\t<div class=\"grid text-left \">\n\n\t\t<div class=\"col col-sm col-md col-middle\">\n\t\t\t<div >\n\t\t\t\t<object data=\"https:\/\/inmoment.com\/wp-content\/uploads\/2023\/01\/dm-image-03.svg\" width=\"600\" height=\"600\" title=\"dm-image-03\" > <\/object>\t\t\t<\/div>\n\t\t<\/div>\n\n\t\t<div class=\"col col-sm col-md col-align-middle\">\n\n\t\t\t<div class=\"with-padding color-albatross\">\n\n\t\t\t\t\n\t\n\t<h5 class=\"eyebrow eyebrow-heading-style-default-coral\">Entfernen Sie Datensilos<\/h5>\n\n\t\t\n\t\t\t\t\t\t\t\t\t<h2 class=\"heading-text color-albatross\">Entdecken Sie das \u201eWarum\u201c<\/h2>\n\t\t\t\t\n\t\t\t\t<p><span style=\"font-weight: 400;\">Um zu verstehen, was sich hinter Ihren Kennzahlen verbirgt, sind Sie auf Kontext angewiesen. Mit Workflow k\u00f6nnen Sie ganz einfach Daten aus dem gesamten Unternehmen erheben, analysieren und visualisieren, um Silos aufzubrechen und sich einen Gesamt\u00fcberblick zu verschaffen.<\/span><\/p>\n\n\t\t\t\t\t\t\t\t\t<a class=\" color-albatross cta button\" href=\"https:\/\/inmoment.com\/\/blog\/how-to-use-slack-and-net-promoter-score-data-to-create-a-customer-focused-culture\/\"><span>Mehr erfahren<\/span>\n\t\t\t\t\t\t\t\t\t\t\t<\/a>\n\t\t\t\t\n\t\t\t\t\n\t\t\t<\/div>\n\n\t\t<\/div>\n\n\t<\/div>\n\n<\/section>\n\n\n<section id=\"block-072594aecd5185ec431525e99f138124\" class=\"content-block grid-container fifty-fifty-block fifty-text-media alignfull has-background color-as-background background-orca\" style=\"\">\t<div class=\"grid text-left \">\n\n\t\t<div class=\"col col-sm col-md col-align-middle\">\n\n\t\t\t<div class=\"with-padding color-albatross\">\n\n\t\t\t\t\n\t\n\t<h5 class=\"eyebrow eyebrow-heading-style-default-coral\">Hierarchie-Updates<\/h5>\n\n\t\t\n\t\t\t\t\t\t\t\t\t<h2 class=\"heading-text color-albatross\">Automatisieren Sie Ihre Unternehmensstruktur<\/h2>\n\t\t\t\t\n\t\t\t\t<p><span style=\"font-weight: 400;\">Ihr Unternehmen entwickelt sich st\u00e4ndig weiter, und damit auch die Art, wie Sie auf Feedbackdaten zugreifen. Der Workflow passt Benutzer, Rollen und Berechtigungen automatisch an, wenn sich Ihre Hierarchien \u00e4ndern.<\/span><\/p>\n\n\t\t\t\t\n\t\t\t\t\n\t\t\t<\/div>\n\n\t\t<\/div>\n\n\t\t<div class=\"col col-sm col_md col-middle\">\n\n\t\t<div >\n\t\t\t\t<img decoding=\"async\" width=\"524\" height=\"502\" src=\"https:\/\/inmoment.com\/wp-content\/uploads\/2021\/02\/DataManagement_HeirarchyUpdates.png\" class=\"fifty-image\" alt=\"\" srcset=\"https:\/\/inmoment.com\/wp-content\/uploads\/2021\/02\/DataManagement_HeirarchyUpdates.png 524w, https:\/\/inmoment.com\/wp-content\/uploads\/2021\/02\/DataManagement_HeirarchyUpdates-300x287.png 300w\" sizes=\"auto, (max-width: 524px) 100vw, 524px\" loading=\"lazy\" \/>\n\t\t\t<\/div>\n\n\t\t<\/div>\n\n\t<\/div>\n\n<\/section>\n\n\n<section id=\"block-4bb975b5649f33012f6f091b9da0f6c8\" class=\"content-block pull-quote-block alignfull long-quote-layout alignwide u-pb-50 has-background color-as-background background-albatross\" style=\"\">\t\t<div class=\"grid container\">\n\n\t\t\t\n\t\t\t\n\t\t\t<div class=\"col col-md col-align-middle quote-content col-11\t\t\t\t\t\t\">\n\t\t\t\t\t\t\t\t\t<div class=\"quote-text quote-barracuda \">\n\t\t\t\t\t\t<p><strong class=\"background-coral color-albatross\"><i>InMoment hat uns mit dem Workflow-Tool bei der Navigation unserer Befragungsm\u00fcdigkeitsregeln geholfen. Dank der kreativen L\u00f6sung konnten wir unsere bestehenden Prozess beibehalten und gleichzeitig das Feedback unserer Kunden maximieren. Durch den Workflow konnten wir technische Probleme schnell und effizient l\u00f6sen<\/i>.\u201d<\/strong><\/p>\n\t\t\t\t\t<\/div><!-- .quote-text -->\n\t\t\t\t\n\t\t\t\t\t\t\t\t\t<p class=\"quote-attribution color-orca\">Nicola Legge, Marktforschungsdirektorin der Bank of New Zealand.<\/p>\n\t\t\t\t\n\t\t\t<\/div><!-- .quote-content -->\n\n\t\t<\/div><!-- .container -->\n\t<\/section><!-- .pull-quote-block -->\n\n\n\n<div class=\"alignfull background-albatross\" style=\"text-align: center; padding-bottom: 80px;\">\n<a href=\"https:\/\/inmoment.com\/en-au\/customer-stories\/bank-of-new-zealand\/\" target=\"\" class=\"button background-tsunami color-albatross\" rel=\"noopener\">\n\t<span>Case Study lesen<\/span>\n<\/a>\n<\/div>\n\n\n<section id=\"block-f78fab5957f2fc9206f2e48f46ddc0a3\" class=\"content-block single-paragraph-block alignwide no-background\" style=\"\">\n\t\t<div class=\"grid  grid-center \">\n\n\t\t\t<div class=\"col col-8 col-sm col-md \">\n\n\t\t\t\t\n\t\t\t\t\n\t\t\t\t\t\t<h5 class=\"eyebrow-heading eyebrow-heading-style-default-coral\">Datenimport<\/h5>\n\t\t\t\t\n\t\t\t\t\n\t\t\t\t\t<h2 class=\"single-paragraph-heading \">Daten von \u00fcberall und in jedem Format<\/h2>\n\n\t\t\t\t\n\t\t\t\t\n\t\t\t\t\n\t\t\t\t\t<div class=\"single-paragraph-content \"><p><span style=\"font-weight: 400\">Mit Workflow kann Ihr Team soziale Medien-Daten von seinen wichtigsten Wettbewerbern aufnehmen. Workflow bereinigt die Daten dann automatisch und ordnet sie einem bestimmten Standort zu, wodurch das Unternehmen einen schnellen und pr\u00e4zisen \u00dcberblick \u00fcber seine wichtigsten Wettbewerber nach Standort erh\u00e4lt.<\/span><\/p>\n<\/div>\n\n\t\t\t\t\n\t\t\t<\/div> <!-- .col -->\n\n\t\t<\/div><!-- .grid -->\n\n\t<\/section>\n\n\n<section id=\"block-3826d77d97c9eb2833d662dfb728c163\" class=\"content-block grid-container fifty-fifty-block fifty-text-media alignwide u-ptb-30 no-background\" style=\"\">\t<div class=\"grid text-left \">\n\n\t\t<div class=\"col col-sm col-md col-align-middle\">\n\n\t\t\t<div class=\"with-padding color-orca\">\n\n\t\t\t\t\n\t\n\t<h5 class=\"eyebrow eyebrow-heading-style-default-coral\">API als Quelle und Ziel<\/h5>\n\n\t\t\n\t\t\t\t\t\t\t\t\t<h2 class=\"heading-text color-orca\">Erh\u00f6hen Sie die Datenanpassung <\/h2>\n\t\t\t\t\n\t\t\t\t<p><span style=\"font-weight: 400;\">Erm\u00f6glichen Sie benutzerdefinierte Integrationen f\u00fcr ein schnelleres Senden und Empfangen von Informationen innerhalb der XI-Plattform<\/span><span style=\"font-weight: 400;\">.<\/span><\/p>\n\n\t\t\t\t\t\t\t\t\t<a class=\" color-dory cta button\" href=\"https:\/\/inmoment.com\/de-de\/enterprise-architecture\/\"><span>Mehr erfahren<\/span>\n\t\t\t\t\t\t\t\t\t\t\t<\/a>\n\t\t\t\t\n\t\t\t\t\n\t\t\t<\/div>\n\n\t\t<\/div>\n\n\t\t<div class=\"col col-sm col_md col-middle\">\n\n\t\t<div >\n\t\t\t\t<object data=\"https:\/\/inmoment.com\/wp-content\/uploads\/2020\/09\/simple-Marketecture-01.svg\" width=\"1310\" height=\"1007\" title=\"simple-Marketecture-01\" > <\/object>\n\t\t\t<\/div>\n\n\t\t<\/div>\n\n\t<\/div>\n\n<\/section>\n\n\n<section id=\"block-bde2b5285c5ceeaccb46457e57c3ec82\" class=\"content-block fifty-fifty-block fifty-media-text alignwide u-ptb-30 no-background\" style=\"\">\t<div class=\"grid text-left \">\n\n\t\t<div class=\"col col-sm col-md col-middle\">\n\t\t\t<div >\n\t\t\t\t<object data=\"https:\/\/inmoment.com\/wp-content\/uploads\/2020\/09\/Customer-Journey.svg\" width=\"700\" height=\"554\" title=\"Customer Journey\" > <\/object>\t\t\t<\/div>\n\t\t<\/div>\n\n\t\t<div class=\"col col-sm col-md col-align-middle\">\n\n\t\t\t<div class=\"with-padding color-orca\">\n\n\t\t\t\t\n\t\n\t<h5 class=\"eyebrow eyebrow-heading-style-default-coral\">Segmentierung<\/h5>\n\n\t\t\n\t\t\t\t\t\t\t\t\t<h2 class=\"heading-text color-orca\">Erfahren Sie mehr \u00fcber Ihre Kunden, um weiteres Wachstumspotential zu entdecken<\/h2>\n\t\t\t\t\n\t\t\t\t<p><span style=\"font-weight: 400;\">Gewinnen Sie einen vollst\u00e4ndigen \u00dcberblick \u00fcber die Erlebnisse Ihrer Kunden, indem Sie zus\u00e4tzliche Perspektiven wie Verhaltens-, operative- und CRM-Daten einbringen.<\/span><\/p>\n\n\t\t\t\t\t\t\t\t\t<a class=\" color-dory cta button\" href=\"https:\/\/inmoment.com\/de-de\/customer-stories\/hyundai\/\"><span>Lesen Sie die Customer Story<\/span>\n\t\t\t\t\t\t\t\t\t\t\t<\/a>\n\t\t\t\t\n\t\t\t\t\n\t\t\t<\/div>\n\n\t\t<\/div>\n\n\t<\/div>\n\n<\/section>\n\n\n<section id=\"block-79f35da1c1c548220190e1e3cc7171f6\" class=\"content-block grid-container fifty-fifty-block fifty-text-media alignwide u-ptb-30 no-background\" style=\"\">\t<div class=\"grid text-left \">\n\n\t\t<div class=\"col col-sm col-md col-align-middle\">\n\n\t\t\t<div class=\"with-padding color-orca\">\n\n\t\t\t\t\n\t\n\t<h5 class=\"eyebrow eyebrow-heading-style-default-coral\">Steigern Sie die Effizienz<\/h5>\n\n\t\t\n\t\t\t\t\t\t\t\t\t<h2 class=\"heading-text color-orca\">Automatisieren Sie Ma\u00dfnahmen in gro\u00dfem Ma\u00dfstab <\/h2>\n\t\t\t\t\n\t\t\t\t<p><span style=\"font-weight: 400;\">Optimieren Sie unternehmensweite Prozesse in bestehenden Gesch\u00e4ftssystemen, um Herausforderungen zu bew\u00e4ltigen und Verbesserungen voranzutreiben. Kuratieren, automatisieren und planen Sie den Versand von Befragungen, sobald eine Zielgruppe identifiziert wurde.<\/span><\/p>\n\n\t\t\t\t\t\t\t\t\t<a class=\" color-dory cta button\" href=\"https:\/\/inmoment.com\/de-de\/customer-stories\/hyundai\/\"><span>Lesen Sie die Customer Story<\/span>\n\t\t\t\t\t\t\t\t\t\t\t<\/a>\n\t\t\t\t\n\t\t\t\t\n\t\t\t<\/div>\n\n\t\t<\/div>\n\n\t\t<div class=\"col col-sm col_md col-middle\">\n\n\t\t<div >\n\t\t\t\t<img decoding=\"async\" width=\"2451\" height=\"2312\" src=\"https:\/\/inmoment.com\/wp-content\/uploads\/2021\/06\/ExecDashboard-LayeredCombo-1.png\" class=\"fifty-image\" alt=\"\" srcset=\"https:\/\/inmoment.com\/wp-content\/uploads\/2021\/06\/ExecDashboard-LayeredCombo-1.png 2451w, https:\/\/inmoment.com\/wp-content\/uploads\/2021\/06\/ExecDashboard-LayeredCombo-1-300x283.png 300w, https:\/\/inmoment.com\/wp-content\/uploads\/2021\/06\/ExecDashboard-LayeredCombo-1-1024x966.png 1024w, https:\/\/inmoment.com\/wp-content\/uploads\/2021\/06\/ExecDashboard-LayeredCombo-1-768x724.png 768w, https:\/\/inmoment.com\/wp-content\/uploads\/2021\/06\/ExecDashboard-LayeredCombo-1-1536x1449.png 1536w, https:\/\/inmoment.com\/wp-content\/uploads\/2021\/06\/ExecDashboard-LayeredCombo-1-2048x1932.png 2048w, https:\/\/inmoment.com\/wp-content\/uploads\/2021\/06\/ExecDashboard-LayeredCombo-1-1145x1080.png 1145w\" sizes=\"auto, (max-width: 2451px) 100vw, 2451px\" loading=\"lazy\" \/>\n\t\t\t<\/div>\n\n\t\t<\/div>\n\n\t<\/div>\n\n<\/section>\n\n\n<section id=\"block-b451f3234bcc3b53b9fd365c63c9f0c9\" class=\"content-block fifty-fifty-block fifty-media-text alignwide u-pb-80 no-background\" style=\"\">\t<div class=\"grid text-left \">\n\n\t\t<div class=\"col col-sm col-md col-middle\">\n\t\t\t<div >\n\t\t\t\t<object data=\"https:\/\/inmoment.com\/wp-content\/uploads\/2020\/09\/BusinessGrowth.svg\" width=\"780\" height=\"516\" title=\"BusinessGrowth\" > <\/object>\t\t\t<\/div>\n\t\t<\/div>\n\n\t\t<div class=\"col col-sm col-md col-align-middle\">\n\n\t\t\t<div class=\"with-padding color-orca\">\n\n\t\t\t\t\n\t\n\t<h5 class=\"eyebrow eyebrow-heading-style-default-coral\">Datensicherheit<\/h5>\n\n\t\t\n\t\t\t\t\t\t\t\t\t<h2 class=\"heading-text color-orca\">Sorgen Sie sich weniger und erhalten Sie zugleich noch mehr Insights<\/h2>\n\t\t\t\t\n\t\t\t\t<p><span style=\"font-weight: 400;\">Sch\u00fctzen Sie Ihre Daten, aber nicht zulasten Ihrer Insights. Wir haben die Prozesse vereinfacht, damit Sie leichter sicherstellen k\u00f6nnen, dass s\u00e4mtliche Informationen, die von Kunden an InMoment weitergegeben werden, w\u00e4hrend des gesamten \u00dcbertragungsprozesses sicher sind.<\/span><\/p>\n\n\t\t\t\t\n\t\t\t\t\n\t\t\t<\/div>\n\n\t\t<\/div>\n\n\t<\/div>\n\n<\/section>\n\n\n<section id=\"block-3eae0695e15ad1b47281ac24fc609c9d\" class=\"post-cards-block alignfull alignwide no-background\" style=\"\">\n\t<div class=\"container\">\n\n\t\t\t\t\t\t\t<h2 class=\"post-cards-block-heading \">Erlebnisverbesserung mit InMoment<\/h2>\n\t\t\n\t\t<div class=\"post-cards-block-cards\">\n\t\t\t\t\t\t\t\t<div class=\"card post-card \">\n\t\t\t\t\t<p class=\"card-meta\">\n\t\t\t\t\t\t\t\t\t\t\t\t\t\t\t<span class=\"post-card-tax\">resource<\/span>\n\t\t\t\t\t\t\t\t\t\n\t\t\t\t\t\t\t<\/p>\n\t\t\n\t\t<div class=\"card-content\">\n\t\t\t\t\t\t\t<p class=\"card-title\"><a href=\"https:\/\/inmoment.com\/de-de\/resource\/ai-journey-insights-customer-journey-optimierung\/\">AI Journey Insights &#8211; Customer Journey Optimierung<\/a><\/p>\n\t\t\t\n\t\t\t\n\t\t\t\t\t<\/div>\n\n\t\t<div class=\"card-footer\">\n\t\t\t\t\t\t\t<div class=\"card-image-wrap\">\n\t\t\t\t\t<img decoding=\"async\" width=\"300\" height=\"157\" src=\"https:\/\/inmoment.com\/wp-content\/uploads\/2025\/02\/EM-10196-Social-AI-Journey-Insights_Web-Preview-300x157.jpg\" class=\"attachment-medium size-medium wp-post-image\" alt=\"\" srcset=\"https:\/\/inmoment.com\/wp-content\/uploads\/2025\/02\/EM-10196-Social-AI-Journey-Insights_Web-Preview-300x157.jpg 300w, https:\/\/inmoment.com\/wp-content\/uploads\/2025\/02\/EM-10196-Social-AI-Journey-Insights_Web-Preview-1024x536.jpg 1024w, https:\/\/inmoment.com\/wp-content\/uploads\/2025\/02\/EM-10196-Social-AI-Journey-Insights_Web-Preview-768x402.jpg 768w, https:\/\/inmoment.com\/wp-content\/uploads\/2025\/02\/EM-10196-Social-AI-Journey-Insights_Web-Preview-1536x804.jpg 1536w, https:\/\/inmoment.com\/wp-content\/uploads\/2025\/02\/EM-10196-Social-AI-Journey-Insights_Web-Preview-2048x1072.jpg 2048w, https:\/\/inmoment.com\/wp-content\/uploads\/2025\/02\/EM-10196-Social-AI-Journey-Insights_Web-Preview-1920x1005.jpg 1920w\" loading=\"lazy\" \/>\t\t\t\t<\/div>\n\t\t\t\n\t\t\t\t\t\t\t<a class=\"button cta cta-card\" href=\"https:\/\/inmoment.com\/de-de\/resource\/ai-journey-insights-customer-journey-optimierung\/\">\n\t\t\t\t\t<span>Mehr lesen<\/span>\n\t\t\t\t<\/a>\n\t\t\t\t\t<\/div>\n\n\t<\/div><!-- .card -->\n\t\t<div class=\"card post-card \">\n\t\t\t\t\t<p class=\"card-meta\">\n\t\t\t\t\t\t\t\t\t\t\t\t\t\t\t<span class=\"post-card-tax\">resource<\/span>\n\t\t\t\t\t\t\t\t\t\n\t\t\t\t\t\t\t<\/p>\n\t\t\n\t\t<div class=\"card-content\">\n\t\t\t\t\t\t\t<p class=\"card-title\"><a href=\"https:\/\/inmoment.com\/de-de\/resource\/on-demand-webinar-transformieren-sie-ihr-contact-center-erlebnis-mit-modernster-ki-analytik\/\">[On-Demand Webinar] Transformieren Sie Ihr Contact Center-Erlebnis mit modernster KI-Analytik<\/a><\/p>\n\t\t\t\n\t\t\t\n\t\t\t\t\t<\/div>\n\n\t\t<div class=\"card-footer\">\n\t\t\t\t\t\t\t<div class=\"card-image-wrap\">\n\t\t\t\t\t<img decoding=\"async\" width=\"300\" height=\"157\" src=\"https:\/\/inmoment.com\/wp-content\/uploads\/2024\/08\/OnDemand_ContactCentreErlebnis_KI-Analytik_InMoment-300x157.jpg\" class=\"attachment-medium size-medium wp-post-image\" alt=\"\" srcset=\"https:\/\/inmoment.com\/wp-content\/uploads\/2024\/08\/OnDemand_ContactCentreErlebnis_KI-Analytik_InMoment-300x157.jpg 300w, https:\/\/inmoment.com\/wp-content\/uploads\/2024\/08\/OnDemand_ContactCentreErlebnis_KI-Analytik_InMoment-1024x536.jpg 1024w, https:\/\/inmoment.com\/wp-content\/uploads\/2024\/08\/OnDemand_ContactCentreErlebnis_KI-Analytik_InMoment-768x402.jpg 768w, https:\/\/inmoment.com\/wp-content\/uploads\/2024\/08\/OnDemand_ContactCentreErlebnis_KI-Analytik_InMoment-1536x804.jpg 1536w, https:\/\/inmoment.com\/wp-content\/uploads\/2024\/08\/OnDemand_ContactCentreErlebnis_KI-Analytik_InMoment-2048x1072.jpg 2048w, https:\/\/inmoment.com\/wp-content\/uploads\/2024\/08\/OnDemand_ContactCentreErlebnis_KI-Analytik_InMoment-1920x1005.jpg 1920w\" loading=\"lazy\" \/>\t\t\t\t<\/div>\n\t\t\t\n\t\t\t\t\t\t\t<a class=\"button cta cta-card\" href=\"https:\/\/inmoment.com\/de-de\/resource\/on-demand-webinar-transformieren-sie-ihr-contact-center-erlebnis-mit-modernster-ki-analytik\/\">\n\t\t\t\t\t<span>Mehr lesen<\/span>\n\t\t\t\t<\/a>\n\t\t\t\t\t<\/div>\n\n\t<\/div><!-- .card -->\n\t\t<div class=\"card post-card \">\n\t\t\t\t\t<p class=\"card-meta\">\n\t\t\t\t\t\t\t\t\t\t\t\t\t\t\t<span class=\"post-card-tax\">resource<\/span>\n\t\t\t\t\t\t\t\t\t\n\t\t\t\t\t\t\t<\/p>\n\t\t\n\t\t<div class=\"card-content\">\n\t\t\t\t\t\t\t<p class=\"card-title\"><a href=\"https:\/\/inmoment.com\/de-de\/resource\/cx-3-0-die-zukunft-heute-beginnen-gestalten-sie-ihr-cx-programm-von-morgen-mit-dem-was-schon-jetzt-moeglich-ist\/\">CX 3.0: Die Zukunft heute beginnen<\/a><\/p>\n\t\t\t\n\t\t\t\n\t\t\t\t\t<\/div>\n\n\t\t<div class=\"card-footer\">\n\t\t\t\t\t\t\t<div class=\"card-image-wrap\">\n\t\t\t\t\t<img decoding=\"async\" width=\"225\" height=\"300\" src=\"https:\/\/inmoment.com\/wp-content\/uploads\/2024\/05\/0424_XIClubForum_InMoment_NPSx-5-225x300.jpeg\" class=\"attachment-medium size-medium wp-post-image\" alt=\"\" srcset=\"https:\/\/inmoment.com\/wp-content\/uploads\/2024\/05\/0424_XIClubForum_InMoment_NPSx-5-225x300.jpeg 225w, https:\/\/inmoment.com\/wp-content\/uploads\/2024\/05\/0424_XIClubForum_InMoment_NPSx-5-768x1024.jpeg 768w, https:\/\/inmoment.com\/wp-content\/uploads\/2024\/05\/0424_XIClubForum_InMoment_NPSx-5-1152x1536.jpeg 1152w, https:\/\/inmoment.com\/wp-content\/uploads\/2024\/05\/0424_XIClubForum_InMoment_NPSx-5-810x1080.jpeg 810w, https:\/\/inmoment.com\/wp-content\/uploads\/2024\/05\/0424_XIClubForum_InMoment_NPSx-5.jpeg 1500w\" loading=\"lazy\" \/>\t\t\t\t<\/div>\n\t\t\t\n\t\t\t\t\t\t\t<a class=\"button cta cta-card\" href=\"https:\/\/inmoment.com\/de-de\/resource\/cx-3-0-die-zukunft-heute-beginnen-gestalten-sie-ihr-cx-programm-von-morgen-mit-dem-was-schon-jetzt-moeglich-ist\/\">\n\t\t\t\t\t<span>Mehr lesen<\/span>\n\t\t\t\t<\/a>\n\t\t\t\t\t<\/div>\n\n\t<\/div><!-- .card -->\n\t\t\t\t\t\t<\/div>\n\n\t\t\t\t\t<button class=\"button ghost blue\">\n\t\t\t\t<a href=\"https:\/\/inmoment.com\/de-de\/resources\/\" target=\"\">\n\t\t\t\t\t<span>Weitere Ressourcen anzeigen<\/span>\n\t\t\t\t<\/a>\n\t\t\t<\/button>\n\t\t\n\t<\/div> <!-- .container -->\n\n<\/section>\n\n\n\n<p><\/p>\n","protected":false},"excerpt":{"rendered":"<p>Verbinden Sie alle Daten aus jeder Quelle und in jedem Format Beseitigen Sie jedwede Abh\u00e4ngigkeit von der IT und senken Sie die Betriebskosten Vereinfachen Sie komplexe Aufgaben und ver\u00e4ndern Sie so Ihr gesamtes Unternehmen Bereinigen und bereichern Sie Daten innerhalb der Plattform Senden Sie Daten \u00fcber sichere Daten\u00fcbertragungs-protokolle in Echtzeit an den richtigen Ort Jeden <a class=\"more-link\" href=\"https:\/\/inmoment.com\/de-de\/datenmanagement\/\">Mehr erfahren&#8230;<\/a><\/p>\n","protected":false},"author":12,"featured_media":0,"parent":0,"menu_order":0,"comment_status":"closed","ping_status":"closed","template":"","meta":{"_acf_changed":false,"footnotes":""},"class_list":["post-17555","page","type-page","status-publish","hentry"],"acf":[],"_links":{"self":[{"href":"https:\/\/inmoment.com\/de-de\/wp-json\/wp\/v2\/pages\/17555","targetHints":{"allow":["GET"]}}],"collection":[{"href":"https:\/\/inmoment.com\/de-de\/wp-json\/wp\/v2\/pages"}],"about":[{"href":"https:\/\/inmoment.com\/de-de\/wp-json\/wp\/v2\/types\/page"}],"author":[{"embeddable":true,"href":"https:\/\/inmoment.com\/de-de\/wp-json\/wp\/v2\/users\/12"}],"replies":[{"embeddable":true,"href":"https:\/\/inmoment.com\/de-de\/wp-json\/wp\/v2\/comments?post=17555"}],"version-history":[{"count":0,"href":"https:\/\/inmoment.com\/de-de\/wp-json\/wp\/v2\/pages\/17555\/revisions"}],"wp:attachment":[{"href":"https:\/\/inmoment.com\/de-de\/wp-json\/wp\/v2\/media?parent=17555"}],"curies":[{"name":"wp","href":"https:\/\/api.w.org\/{rel}","templated":true}]}}