{"id":17558,"date":"2021-02-25T03:30:23","date_gmt":"2021-02-25T03:30:23","guid":{"rendered":"https:\/\/inmoment.com\/moments\/"},"modified":"2021-08-03T07:09:47","modified_gmt":"2021-08-03T07:09:47","slug":"kundenerlebnisse-schaffen","status":"publish","type":"page","link":"https:\/\/inmoment.com\/de-de\/kundenerlebnisse-schaffen\/","title":{"rendered":"Momente"},"content":{"rendered":"\n<div style=\"height:100px\" aria-hidden=\"true\" class=\"wp-block-spacer\"><\/div>\n\n\n<h3 style=\"text-align: center;\"><img decoding=\"async\" loading=\"lazy\" class=\"alignnone wp-image-17138 size-full\" role=\"img\" src=\"https:\/\/inmoment.com\/wp-content\/uploads\/2021\/02\/Moments-Logo.svg\" alt=\"\" width=\"77\" height=\"77\"><\/h3>\n<h3 style=\"text-align: center;\">Ein Customer Experience Programm zu haben, ist das eine. Das andere ist, eine bedeutungsreiche Expierence-Kultur und interne Botschafter f\u00fcr sie zu schaffen.<\/h3>\n\n\n<div style=\"height:100px\" aria-hidden=\"true\" class=\"wp-block-spacer\"><\/div>\n\n\n\n\n<section id=\"block-602c3e702d278\" class=\"content-block pull-quote-block alignfull quote-layout alignfull has-background image-as-background background-position-center background-size-cover has-overlay-mode-\" style=\" background-image: url(https:\/\/inmoment.com\/wp-content\/uploads\/2020\/09\/dots.svg)\">\t\t<div class=\"grid container\">\n\n\t\t\t\n\t\t\t\n\t\t\t<div class=\"col col-md col-align-middle quote-content col-9\t\t\t\t\t\t\">\n\t\t\t\t\t\t\t\t\t<div class=\"quote-text quote-barracuda \">\n\t\t\t\t\t\t<h2><strong class=\"background-marine color-albatross\">Die Mitarbeiter werden von den Kommentaren angespornt und motiviert, was zu einer wirklich kundenorientierten Kultur beitr\u00e4gt.\u201d<\/strong><\/h2>\n\t\t\t\t\t<\/div><!-- .quote-text -->\n\t\t\t\t\n\t\t\t\t\n\t\t\t<\/div><!-- .quote-content -->\n\n\t\t<\/div><!-- .container -->\n\t<\/section><!-- .pull-quote-block -->\n\n\n<section id=\"block-602d63b51d1c8\" class=\"content-block single-paragraph-block alignfull has-background color-as-background background-orca\" style=\"\">\n\t\t<div class=\"grid  grid-center \">\n\n\t\t\t<div class=\"col col-8 col-sm col-md \">\n\n\t\t\t\t\n\t\t\t\t\n\t\t\t\t\t\t<h5 class=\"eyebrow-heading eyebrow-heading-style-default-\"><\/h5>\n\t\t\t\t\n\t\t\t\t\n\t\t\t\t\t<h2 class=\"single-paragraph-heading color-albatross\">Unser einzigartiger Experience Improvement-Ansatz<\/h2>\n\n\t\t\t\t\n\t\t\t\t\n\t\t\t\t\n\t\t\t<\/div> <!-- .col -->\n\n\t\t<\/div><!-- .grid -->\n\n\t<\/section>\n\n\n\n<div class=\"background-orca alignfull u-plr-30\" style=\"height: 1px;\">\n<div class=\"container\" style=\"border-top: solid 1px #0057FF;\"><\/div>\n<\/div>\n\n\n<section id=\"block-602c41172d279\" class=\"content-block grid-container fifty-fifty-block fifty-text-media alignfull has-background color-as-background background-orca\" style=\"\">\t<div class=\"grid text-left \">\n\n\t\t<div class=\"col col-sm col-md col-align-middle\">\n\n\t\t\t<div class=\"with-padding color-albatross\">\n\n\t\t\t\t\n\t\n\t<h5 class=\"eyebrow eyebrow-heading-style-default-marine\">DATENSOZIALISIERUNG<\/h5>\n\n\t\t\n\t\t\t\t\t\t\t\t\t<h2 class=\"heading-text color-albatross\">Schaffen Sie eine Anerkennungskultur<\/h2>\n\t\t\t\t\n\t\t\t\t<p>Zeigen, teilen und feiern Sie au\u00dfergew\u00f6hnliche Erlebnisse \u2013 und die Menschen und Teams, die sie m\u00f6glich machen.<\/p>\n\n\t\t\t\t\n\t\t\t\t\n\t\t\t<\/div>\n\n\t\t<\/div>\n\n\t\t<div class=\"col col-sm col_md col-middle\">\n\n\t\t<div >\n\t\t\t\t<object data=\"https:\/\/inmoment.com\/wp-content\/uploads\/2021\/04\/18-Employee-Experience-1.svg\" width=\"833\" height=\"614\" title=\"18 &#8211; Employee Experience\" > <\/object>\n\t\t\t<\/div>\n\n\t\t<\/div>\n\n\t<\/div>\n\n<\/section>\n\n\n<section id=\"block-602c425a2d27b\" class=\"content-block single-paragraph-block u-ptb-40 alignfull has-background color-as-background background-orca\" style=\"\">\n\t\t<div class=\"grid  grid-center \">\n\n\t\t\t<div class=\"col col-8 col-sm col-md \">\n\n\t\t\t\t\n\t\t\t\t\n\t\t\t\t\t\t<h5 class=\"eyebrow-heading eyebrow-heading-style-default-marine\">ANNAHME UND VERANTWORTLICHKEIT<\/h5>\n\t\t\t\t\n\t\t\t\t\n\t\t\t\t\t<h2 class=\"single-paragraph-heading color-albatross\">Treiben Sie neue Verhaltensweisen an<\/h2>\n\n\t\t\t\t\n\t\t\t\t\n\t\t\t\t\n\t\t\t\t\t<div class=\"single-paragraph-content color-albatross\"><p>Schaffen Sie eine Kultur der Verantwortlichkeit und f\u00f6rdern Sie neue Verhaltensweisen, indem Sie Erfolge und Chancen f\u00fcr alle sichtbar hervorheben.<\/p>\n<\/div>\n\n\t\t\t\t\n\t\t\t<\/div> <!-- .col -->\n\n\t\t<\/div><!-- .grid -->\n\n\t<\/section>\n\n\n<section id=\"block-602c41c22d27a\" class=\"content-block fifty-fifty-block fifty-media-text alignfull has-background color-as-background background-orca\" style=\"\">\t<div class=\"grid text-left \">\n\n\t\t<div class=\"col col-sm col-md col-middle\">\n\t\t\t<div >\n\t\t\t\t<img decoding=\"async\" width=\"1120\" height=\"1200\" src=\"https:\/\/inmoment.com\/wp-content\/uploads\/2021\/02\/Moments-mobile.png\" class=\"fifty-image\" alt=\"\" srcset=\"https:\/\/inmoment.com\/wp-content\/uploads\/2021\/02\/Moments-mobile.png 1120w, https:\/\/inmoment.com\/wp-content\/uploads\/2021\/02\/Moments-mobile-280x300.png 280w, https:\/\/inmoment.com\/wp-content\/uploads\/2021\/02\/Moments-mobile-956x1024.png 956w, https:\/\/inmoment.com\/wp-content\/uploads\/2021\/02\/Moments-mobile-768x823.png 768w, https:\/\/inmoment.com\/wp-content\/uploads\/2021\/02\/Moments-mobile-1008x1080.png 1008w\" sizes=\"auto, (max-width: 1120px) 100vw, 1120px\" loading=\"lazy\" \/>\t\t\t<\/div>\n\t\t<\/div>\n\n\t\t<div class=\"col col-sm col-md col-align-middle\">\n\n\t\t\t<div class=\"with-padding color-albatross\">\n\n\t\t\t\t\n\t\n\t<h5 class=\"eyebrow eyebrow-heading-style-default-marine\">MOMENTE UNTERWEGS<\/h5>\n\n\t\t\n\t\t\t\t\t\t\t\t\t<h2 class=\"heading-text color-albatross\">Erfahrungen in Ihrer Hand<\/h2>\n\t\t\t\t\n\t\t\t\t<p>Zeigen Sie wertvolle Kommentare in einem Instagram-\u00e4hnlichen Feed an, damit F\u00fchrungskr\u00e4fte schnell auf aussagekr\u00e4ftiges Kundenfeedback zugreifen k\u00f6nnen.<\/p>\n\n\t\t\t\t\n\t\t\t\t\n\t\t\t<\/div>\n\n\t\t<\/div>\n\n\t<\/div>\n\n<\/section>\n\n\n<section id=\"block-602c44542737e\" class=\"content-block grid-container fifty-fifty-block fifty-text-media alignwide u-ptb-120  no-background\" style=\"\">\t<div class=\"grid text-left \">\n\n\t\t<div class=\"col col-sm col-md col-align-middle\">\n\n\t\t\t<div class=\"with-padding color-orca\">\n\n\t\t\t\t\n\t\n\t<h5 class=\"eyebrow eyebrow-heading-style-default-marine\">Customer Story<\/h5>\n\n\t\t\n\t\t\t\t\t\t\t\t\t<h2 class=\"heading-text color-orca\">Aufbau einer kundenorientierten Kultur<\/h2>\n\t\t\t\t\n\t\t\t\t<p>Durch die Sozialisierung von Mitarbeitererw\u00e4hnungen in positivem Kundenfeedback gelang es einem f\u00fchrenden britischen Business-Service-Dienstleister, eine kundenzentrierte Kultur zu schaffen. Kundenkommentare dienen als positive Verst\u00e4rkung f\u00fcr Mitarbeiter und bieten gezielte Coaching-M\u00f6glichkeiten, wenn die Erfahrungen hinter den Erwartungen zur\u00fcckbleiben.<\/p>\n\n\t\t\t\t\t\t\t\t\t<a class=\" color-albatross cta button\" href=\"https:\/\/inmoment.com\/de-de\/customer-stories\/\"><span>Lesen Sie weitere Kundentestimonials<\/span>\n\t\t\t\t\t\t\t\t\t\t\t<\/a>\n\t\t\t\t\n\t\t\t\t\n\t\t\t<\/div>\n\n\t\t<\/div>\n\n\t\t<div class=\"col col-sm col_md col-middle\">\n\n\t\t<div >\n\t\t\t\t<img decoding=\"async\" width=\"1322\" height=\"924\" src=\"https:\/\/inmoment.com\/wp-content\/uploads\/2021\/07\/BuiltforaPurpose.jpg\" class=\"fifty-image\" alt=\"kundenorientierten Kultur\" srcset=\"https:\/\/inmoment.com\/wp-content\/uploads\/2021\/07\/BuiltforaPurpose.jpg 1322w, https:\/\/inmoment.com\/wp-content\/uploads\/2021\/07\/BuiltforaPurpose-300x210.jpg 300w, https:\/\/inmoment.com\/wp-content\/uploads\/2021\/07\/BuiltforaPurpose-1024x716.jpg 1024w, https:\/\/inmoment.com\/wp-content\/uploads\/2021\/07\/BuiltforaPurpose-768x537.jpg 768w\" sizes=\"auto, (max-width: 1322px) 100vw, 1322px\" loading=\"lazy\" \/>\n\t\t\t<\/div>\n\n\t\t<\/div>\n\n\t<\/div>\n\n<\/section>\n\n\n<section id=\"block-602c46b8e9037\" class=\"content-block fifty-fifty-block fifty-media-text alignfull has-background image-as-background background-position-center background-size-cover has-overlay-mode-\" style=\" background-image: url(https:\/\/inmoment.com\/wp-content\/uploads\/2021\/02\/XI21-ServiceOfferingBkgd.svg)\">\t<div class=\"grid text-left \">\n\n\t\t<div class=\"col col-sm col-md col-middle\">\n\t\t\t<div >\n\t\t\t\t<img decoding=\"async\" width=\"1322\" height=\"924\" src=\"https:\/\/inmoment.com\/wp-content\/uploads\/2020\/09\/ProgramDesign.png\" class=\"fifty-image\" alt=\"\" srcset=\"https:\/\/inmoment.com\/wp-content\/uploads\/2020\/09\/ProgramDesign.png 1322w, https:\/\/inmoment.com\/wp-content\/uploads\/2020\/09\/ProgramDesign-300x210.png 300w, https:\/\/inmoment.com\/wp-content\/uploads\/2020\/09\/ProgramDesign-1024x716.png 1024w, https:\/\/inmoment.com\/wp-content\/uploads\/2020\/09\/ProgramDesign-768x537.png 768w\" sizes=\"auto, (max-width: 1322px) 100vw, 1322px\" loading=\"lazy\" \/>\t\t\t<\/div>\n\t\t<\/div>\n\n\t\t<div class=\"col col-sm col-md col-align-middle\">\n\n\t\t\t<div class=\"with-padding color-orca\">\n\n\t\t\t\t\n\t\n\t<h5 class=\"eyebrow eyebrow-heading-style-default-dory\">ENTWICKLUNGS-WORKSHOPS<\/h5>\n\n\t\t\n\t\t\t\t\t\t\t\t\t<h2 class=\"heading-text color-orca\">Engagieren und bef\u00e4higen Sie die F\u00fchrungskr\u00e4fte von morgen<\/h2>\n\t\t\t\t\n\t\t\t\t<p>Es ist wichtig, auf allen Ebenen Ihres Unternehmens leistungsf\u00e4hige F\u00fchrungskr\u00e4fte zu entwickeln. Unsere Entwicklungs-Workshops helfen dabei, Selbsterkenntnis zu schaffen und das Gelernte durch gezieltes Coaching und Handlungsplanungssitzungen zu operationalisieren, die sich auf Chancen und Hindernisse f\u00fcr jede Einzelperson konzentrieren. Das Ergebnis? Bef\u00e4higte Mitarbeiter, die darauf vorbereitet sind, positive Kundenerfahrungen durchdacht und effektiv zu gestalten.<\/p>\n\n\t\t\t\t\t\t\t\t\t<a class=\" color-dory cta button\" href=\"https:\/\/inmoment.com\/de-de\/services\/\"><span>Erfahren Sie mehr \u00fcber Strategic Services<\/span>\n\t\t\t\t\t\t\t\t\t\t\t<\/a>\n\t\t\t\t\n\t\t\t\t\n\t\t\t<\/div>\n\n\t\t<\/div>\n\n\t<\/div>\n\n<\/section>\n\n\n<section id=\"block-602c48e3e9039\" class=\"post-cards-block alignfull alignwide no-background\" style=\"\">\n\t<div class=\"container\">\n\n\t\t\t\t\t\t\t<h2 class=\"post-cards-block-heading \">Experience Improvement mit InMoment<\/h2>\n\t\t\n\t\t<div class=\"post-cards-block-cards\">\n\t\t\t\t\t\t\t\t<div class=\"card post-card \">\n\t\t\t\t\t<p class=\"card-meta\">\n\t\t\t\t\t\t\t\t\t\t\t\t\t\t\t<span class=\"post-card-tax\">resource<\/span>\n\t\t\t\t\t\t\t\t\t\n\t\t\t\t\t\t\t<\/p>\n\t\t\n\t\t<div class=\"card-content\">\n\t\t\t\t\t\t\t<p class=\"card-title\"><a href=\"https:\/\/inmoment.com\/de-de\/resource\/ai-journey-insights-customer-journey-optimierung\/\">AI Journey Insights &#8211; Customer Journey Optimierung<\/a><\/p>\n\t\t\t\n\t\t\t\n\t\t\t\t\t<\/div>\n\n\t\t<div class=\"card-footer\">\n\t\t\t\t\t\t\t<div class=\"card-image-wrap\">\n\t\t\t\t\t<img decoding=\"async\" width=\"300\" height=\"157\" src=\"https:\/\/inmoment.com\/wp-content\/uploads\/2025\/02\/EM-10196-Social-AI-Journey-Insights_Web-Preview-300x157.jpg\" class=\"attachment-medium size-medium wp-post-image\" alt=\"\" srcset=\"https:\/\/inmoment.com\/wp-content\/uploads\/2025\/02\/EM-10196-Social-AI-Journey-Insights_Web-Preview-300x157.jpg 300w, https:\/\/inmoment.com\/wp-content\/uploads\/2025\/02\/EM-10196-Social-AI-Journey-Insights_Web-Preview-1024x536.jpg 1024w, https:\/\/inmoment.com\/wp-content\/uploads\/2025\/02\/EM-10196-Social-AI-Journey-Insights_Web-Preview-768x402.jpg 768w, https:\/\/inmoment.com\/wp-content\/uploads\/2025\/02\/EM-10196-Social-AI-Journey-Insights_Web-Preview-1536x804.jpg 1536w, https:\/\/inmoment.com\/wp-content\/uploads\/2025\/02\/EM-10196-Social-AI-Journey-Insights_Web-Preview-2048x1072.jpg 2048w, https:\/\/inmoment.com\/wp-content\/uploads\/2025\/02\/EM-10196-Social-AI-Journey-Insights_Web-Preview-1920x1005.jpg 1920w\" loading=\"lazy\" \/>\t\t\t\t<\/div>\n\t\t\t\n\t\t\t\t\t\t\t<a class=\"button cta cta-card\" href=\"https:\/\/inmoment.com\/de-de\/resource\/ai-journey-insights-customer-journey-optimierung\/\">\n\t\t\t\t\t<span>Mehr lesen<\/span>\n\t\t\t\t<\/a>\n\t\t\t\t\t<\/div>\n\n\t<\/div><!-- .card -->\n\t\t<div class=\"card post-card \">\n\t\t\t\t\t<p class=\"card-meta\">\n\t\t\t\t\t\t\t\t\t\t\t\t\t\t\t<span class=\"post-card-tax\">resource<\/span>\n\t\t\t\t\t\t\t\t\t\n\t\t\t\t\t\t\t<\/p>\n\t\t\n\t\t<div class=\"card-content\">\n\t\t\t\t\t\t\t<p class=\"card-title\"><a href=\"https:\/\/inmoment.com\/de-de\/resource\/on-demand-webinar-transformieren-sie-ihr-contact-center-erlebnis-mit-modernster-ki-analytik\/\">[On-Demand Webinar] Transformieren Sie Ihr Contact Center-Erlebnis mit modernster KI-Analytik<\/a><\/p>\n\t\t\t\n\t\t\t\n\t\t\t\t\t<\/div>\n\n\t\t<div class=\"card-footer\">\n\t\t\t\t\t\t\t<div class=\"card-image-wrap\">\n\t\t\t\t\t<img decoding=\"async\" width=\"300\" height=\"157\" src=\"https:\/\/inmoment.com\/wp-content\/uploads\/2024\/08\/OnDemand_ContactCentreErlebnis_KI-Analytik_InMoment-300x157.jpg\" class=\"attachment-medium size-medium wp-post-image\" alt=\"\" srcset=\"https:\/\/inmoment.com\/wp-content\/uploads\/2024\/08\/OnDemand_ContactCentreErlebnis_KI-Analytik_InMoment-300x157.jpg 300w, https:\/\/inmoment.com\/wp-content\/uploads\/2024\/08\/OnDemand_ContactCentreErlebnis_KI-Analytik_InMoment-1024x536.jpg 1024w, https:\/\/inmoment.com\/wp-content\/uploads\/2024\/08\/OnDemand_ContactCentreErlebnis_KI-Analytik_InMoment-768x402.jpg 768w, https:\/\/inmoment.com\/wp-content\/uploads\/2024\/08\/OnDemand_ContactCentreErlebnis_KI-Analytik_InMoment-1536x804.jpg 1536w, https:\/\/inmoment.com\/wp-content\/uploads\/2024\/08\/OnDemand_ContactCentreErlebnis_KI-Analytik_InMoment-2048x1072.jpg 2048w, https:\/\/inmoment.com\/wp-content\/uploads\/2024\/08\/OnDemand_ContactCentreErlebnis_KI-Analytik_InMoment-1920x1005.jpg 1920w\" loading=\"lazy\" \/>\t\t\t\t<\/div>\n\t\t\t\n\t\t\t\t\t\t\t<a class=\"button cta cta-card\" href=\"https:\/\/inmoment.com\/de-de\/resource\/on-demand-webinar-transformieren-sie-ihr-contact-center-erlebnis-mit-modernster-ki-analytik\/\">\n\t\t\t\t\t<span>Mehr lesen<\/span>\n\t\t\t\t<\/a>\n\t\t\t\t\t<\/div>\n\n\t<\/div><!-- .card -->\n\t\t<div class=\"card post-card \">\n\t\t\t\t\t<p class=\"card-meta\">\n\t\t\t\t\t\t\t\t\t\t\t\t\t\t\t<span class=\"post-card-tax\">resource<\/span>\n\t\t\t\t\t\t\t\t\t\n\t\t\t\t\t\t\t<\/p>\n\t\t\n\t\t<div class=\"card-content\">\n\t\t\t\t\t\t\t<p class=\"card-title\"><a href=\"https:\/\/inmoment.com\/de-de\/resource\/cx-3-0-die-zukunft-heute-beginnen-gestalten-sie-ihr-cx-programm-von-morgen-mit-dem-was-schon-jetzt-moeglich-ist\/\">CX 3.0: Die Zukunft heute beginnen<\/a><\/p>\n\t\t\t\n\t\t\t\n\t\t\t\t\t<\/div>\n\n\t\t<div class=\"card-footer\">\n\t\t\t\t\t\t\t<div class=\"card-image-wrap\">\n\t\t\t\t\t<img decoding=\"async\" width=\"225\" height=\"300\" src=\"https:\/\/inmoment.com\/wp-content\/uploads\/2024\/05\/0424_XIClubForum_InMoment_NPSx-5-225x300.jpeg\" class=\"attachment-medium size-medium wp-post-image\" alt=\"\" srcset=\"https:\/\/inmoment.com\/wp-content\/uploads\/2024\/05\/0424_XIClubForum_InMoment_NPSx-5-225x300.jpeg 225w, https:\/\/inmoment.com\/wp-content\/uploads\/2024\/05\/0424_XIClubForum_InMoment_NPSx-5-768x1024.jpeg 768w, https:\/\/inmoment.com\/wp-content\/uploads\/2024\/05\/0424_XIClubForum_InMoment_NPSx-5-1152x1536.jpeg 1152w, https:\/\/inmoment.com\/wp-content\/uploads\/2024\/05\/0424_XIClubForum_InMoment_NPSx-5-810x1080.jpeg 810w, https:\/\/inmoment.com\/wp-content\/uploads\/2024\/05\/0424_XIClubForum_InMoment_NPSx-5.jpeg 1500w\" loading=\"lazy\" \/>\t\t\t\t<\/div>\n\t\t\t\n\t\t\t\t\t\t\t<a class=\"button cta cta-card\" href=\"https:\/\/inmoment.com\/de-de\/resource\/cx-3-0-die-zukunft-heute-beginnen-gestalten-sie-ihr-cx-programm-von-morgen-mit-dem-was-schon-jetzt-moeglich-ist\/\">\n\t\t\t\t\t<span>Mehr lesen<\/span>\n\t\t\t\t<\/a>\n\t\t\t\t\t<\/div>\n\n\t<\/div><!-- .card -->\n\t\t\t\t\t\t<\/div>\n\n\t\t\t\t\t<button class=\"button ghost blue\">\n\t\t\t\t<a href=\"https:\/\/inmoment.com\/de-de\/resources\/\" target=\"\">\n\t\t\t\t\t<span>Weitere Ressourcen anzeigen<\/span>\n\t\t\t\t<\/a>\n\t\t\t<\/button>\n\t\t\n\t<\/div> <!-- .container -->\n\n<\/section>\n\n\n\n<p><\/p>\n","protected":false},"excerpt":{"rendered":"<p>Ein Customer Experience Programm zu haben, ist das eine. Das andere ist, eine bedeutungsreiche Expierence-Kultur und interne Botschafter f\u00fcr sie zu schaffen.<\/p>\n","protected":false},"author":12,"featured_media":0,"parent":0,"menu_order":0,"comment_status":"closed","ping_status":"closed","template":"","meta":{"_acf_changed":false,"footnotes":""},"class_list":["post-17558","page","type-page","status-publish","hentry"],"acf":[],"_links":{"self":[{"href":"https:\/\/inmoment.com\/de-de\/wp-json\/wp\/v2\/pages\/17558","targetHints":{"allow":["GET"]}}],"collection":[{"href":"https:\/\/inmoment.com\/de-de\/wp-json\/wp\/v2\/pages"}],"about":[{"href":"https:\/\/inmoment.com\/de-de\/wp-json\/wp\/v2\/types\/page"}],"author":[{"embeddable":true,"href":"https:\/\/inmoment.com\/de-de\/wp-json\/wp\/v2\/users\/12"}],"replies":[{"embeddable":true,"href":"https:\/\/inmoment.com\/de-de\/wp-json\/wp\/v2\/comments?post=17558"}],"version-history":[{"count":0,"href":"https:\/\/inmoment.com\/de-de\/wp-json\/wp\/v2\/pages\/17558\/revisions"}],"wp:attachment":[{"href":"https:\/\/inmoment.com\/de-de\/wp-json\/wp\/v2\/media?parent=17558"}],"curies":[{"name":"wp","href":"https:\/\/api.w.org\/{rel}","templated":true}]}}