{"id":17559,"date":"2021-02-25T00:43:27","date_gmt":"2021-02-25T00:43:27","guid":{"rendered":"https:\/\/inmoment.com\/reporting-studio\/"},"modified":"2021-04-15T10:27:15","modified_gmt":"2021-04-15T10:27:15","slug":"umsetzbare-insights","status":"publish","type":"page","link":"https:\/\/inmoment.com\/de-de\/umsetzbare-insights\/","title":{"rendered":"Reporting Studio"},"content":{"rendered":"\n<div style=\"height:100px\" aria-hidden=\"true\" class=\"wp-block-spacer\"><\/div>\n\n\n<h3 style=\"text-align: center;\"><img decoding=\"async\" loading=\"lazy\" class=\"alignnone wp-image-17113 size-full\" role=\"img\" src=\"https:\/\/inmoment.com\/wp-content\/uploads\/2021\/02\/Reporting-logo.svg\" alt=\"\" width=\"111\" height=\"111\"><\/h3>\n<h3 style=\"text-align: center;\">Erstellen, planen und teilen Sie leicht verst\u00e4ndliche Berichte und Dashboards mit dynamischen Live-Datens\u00e4tzen.<\/h3>\n\n\n<div style=\"height:100px\" aria-hidden=\"true\" class=\"wp-block-spacer\"><\/div>\n\n\n\n\n<section id=\"block-602c3e702d278\" class=\"content-block pull-quote-block alignfull quote-layout alignfull has-background image-as-background background-position-center background-size-cover has-overlay-mode-\" style=\" background-image: url(https:\/\/inmoment.com\/wp-content\/uploads\/2020\/09\/dots.svg)\">\t\t<div class=\"grid container\">\n\n\t\t\t\n\t\t\t\n\t\t\t<div class=\"col col-md col-align-middle quote-content col-9\t\t\t\t\t\t\">\n\t\t\t\t\t\t\t\t\t<div class=\"quote-text quote-guppy \">\n\t\t\t\t\t\t<h2><strong class=\"background-great-white color-kelp\">Dank der ma\u00dfgeschneiderten Berichte k\u00f6nnen unsere Mitarbeiter ihre Interaktionen mit den Kunden verbessern, und unser F\u00fchrungsteam erh\u00e4lt die erforderlichen strategischen Einsichten, um unser Gesch\u00e4ft erfolgreich zu steuern und st\u00e4rkere Kundenbeziehungen aufzubauen.\u201d<\/strong><\/h2>\n\t\t\t\t\t<\/div><!-- .quote-text -->\n\t\t\t\t\n\t\t\t\t\n\t\t\t<\/div><!-- .quote-content -->\n\n\t\t<\/div><!-- .container -->\n\t<\/section><!-- .pull-quote-block -->\n\n\n<section id=\"block-602d63b51d1c8\" class=\"content-block single-paragraph-block alignfull has-background color-as-background background-orca\" style=\"\">\n\t\t<div class=\"grid  grid-center \">\n\n\t\t\t<div class=\"col col-8 col-sm col-md \">\n\n\t\t\t\t\n\t\t\t\t\n\t\t\t\t\t\t<h5 class=\"eyebrow-heading eyebrow-heading-style-default-\"><\/h5>\n\t\t\t\t\n\t\t\t\t\n\t\t\t\t\t<h2 class=\"single-paragraph-heading color-albatross\">Unser einzigartiger Experience Improvement-Ansatz<\/h2>\n\n\t\t\t\t\n\t\t\t\t\n\t\t\t\t\n\t\t\t<\/div> <!-- .col -->\n\n\t\t<\/div><!-- .grid -->\n\n\t<\/section>\n\n\n\n<div class=\"background-orca alignfull u-plr-30\" style=\"height: 1px;\">\n<div class=\"container\" style=\"border-top: solid 1px #0D8A7A;\"><\/div>\n<\/div>\n\n\n<section id=\"block-602c41172d279\" class=\"content-block grid-container fifty-fifty-block fifty-text-media alignfull has-background color-as-background background-orca\" style=\"\">\t<div class=\"grid text-left \">\n\n\t\t<div class=\"col col-sm col-md col-align-middle\">\n\n\t\t\t<div class=\"with-padding color-albatross\">\n\n\t\t\t\t\n\t\n\t<h5 class=\"eyebrow eyebrow-heading-style-default-guppy\">FRONT-LINE-BERICHTE<\/h5>\n\n\t\t\n\t\t\t\t\t\t\t\t\t<h2 class=\"heading-text color-albatross\">Ergreifen Sie Sofortma\u00dfnahmen vor Ort<\/h2>\n\t\t\t\t\n\t\t\t\t<p>\u00dcberh\u00e4ufen Sie Ihre Au\u00dfendienstmitarbeiter nicht mit generischen Empfehlungen. R\u00fcsten Sie sie mit Informationen aus, damit sie genau wissen, wie, wo und wann sie handeln m\u00fcssen.<\/p>\n\n\t\t\t\t\n\t\t\t\t\n\t\t\t<\/div>\n\n\t\t<\/div>\n\n\t\t<div class=\"col col-sm col_md col-middle\">\n\n\t\t<div >\n\t\t\t\t<object data=\"https:\/\/inmoment.com\/wp-content\/uploads\/2021\/04\/20-Insights.svg\" width=\"1331\" height=\"997\" title=\"20 &#8211; Insights\" > <\/object>\n\t\t\t<\/div>\n\n\t\t<\/div>\n\n\t<\/div>\n\n<\/section>\n\n\n<section id=\"block-602c425a2d27b\" class=\"content-block single-paragraph-block u-plr-30 alignfull has-background color-as-background background-orca\" style=\"\">\n\t\t<div class=\"grid  grid-center \">\n\n\t\t\t<div class=\"col col-8 col-sm col-md \">\n\n\t\t\t\t\n\t\t\t\t\n\t\t\t\t\t\t<h5 class=\"eyebrow-heading eyebrow-heading-style-default-guppy\">ERWEITERTE BERICHTE<\/h5>\n\t\t\t\t\n\t\t\t\t\n\t\t\t\t\t<h2 class=\"single-paragraph-heading color-albatross\">Gehen Sie schneller von Insights zu Handlungen \u00fcber<\/h2>\n\n\t\t\t\t\n\t\t\t\t\n\t\t\t\t\n\t\t\t\t\t<div class=\"single-paragraph-content color-albatross\"><p>Erhalten Sie automatisch detaillierte Berichte \u00fcber alle von der InMoment-Plattform erfasste Daten. Dank dieser Flexibilit\u00e4t k\u00f6nnen Sie Ihre Daten besser denn je analysieren, wie Sie m\u00f6chten, und dadurch v\u00f6llig unerwartete Erkenntnisse gewinnen. Mit XI k\u00f6nnen Sie leicht neue M\u00f6glichkeiten f\u00fcr Akquisition, Wachstum und Effizienz in Ihrem Unternehmen identifizieren.<\/p>\n<\/div>\n\n\t\t\t\t\n\t\t\t<\/div> <!-- .col -->\n\n\t\t<\/div><!-- .grid -->\n\n\t<\/section>\n\n\n<section id=\"block-602c41c22d27a\" class=\"content-block fifty-fifty-block fifty-media-text alignfull has-background color-as-background background-orca\" style=\"\">\t<div class=\"grid text-left \">\n\n\t\t<div class=\"col col-sm col-md col-middle\">\n\t\t\t<div >\n\t\t\t\t<object data=\"https:\/\/inmoment.com\/wp-content\/uploads\/2020\/09\/Executive-Dashboards.svg\" width=\"1654\" height=\"1465\" title=\"Executive-Dashboards\" > <\/object>\t\t\t<\/div>\n\t\t<\/div>\n\n\t\t<div class=\"col col-sm col-md col-align-middle\">\n\n\t\t\t<div class=\"with-padding color-albatross\">\n\n\t\t\t\t\n\t\n\t<h5 class=\"eyebrow eyebrow-heading-style-default-guppy\">Executive-Reporting<\/h5>\n\n\t\t\n\t\t\t\t\t\t\t\t\t<h2 class=\"heading-text color-albatross\">Bringen Sie Experience zur C-Suite<\/h2>\n\t\t\t\t\n\t\t\t\t<p>Executive Reporting bietet eine vollst\u00e4ndig anpassbare M\u00f6glichkeit, die Daten anzuzeigen und Insights zu geben, die f\u00fcr die Unternehmensleitung am wichtigsten sind. Vom Verst\u00e4ndnis der Conversions nach Kanal bis hin zur Identifizierung von gef\u00e4hrdeten Ums\u00e4tzen: Sie k\u00f6nnen alle erforderlichen Informationen in Sekundenschnelle anzeigen und verarbeiten \u2013 damit Sie ebenso schnell handeln k\u00f6nnen. <\/p>\n\n\t\t\t\t\n\t\t\t\t\n\t\t\t<\/div>\n\n\t\t<\/div>\n\n\t<\/div>\n\n<\/section>\n\n\n<section id=\"block-602c44542737e\" class=\"content-block grid-container fifty-fifty-block fifty-text-media alignwide u-ptb-120  no-background\" style=\"\">\t<div class=\"grid text-left \">\n\n\t\t<div class=\"col col-sm col-md col-align-middle\">\n\n\t\t\t<div class=\"with-padding color-orca\">\n\n\t\t\t\t\n\t\n\t<h5 class=\"eyebrow eyebrow-heading-style-default-guppy\">Customer Story<\/h5>\n\n\t\t\n\t\t\t\t\t\t\t\t\t<h2 class=\"heading-text color-orca\">20%ige Steigerung von Umsatz und EBITDA <\/h2>\n\t\t\t\t\n\t\t\t\t<p>JAX Tyres &#038; Auto nutzte erweiterte Berichte, um zu replizieren, was gut funktionierte und tote Winkel zu identifizieren. Sowohl Franchisenehmer als auch Unternehmensnutzer konnten auf die Ergebnisse reagieren, was zu einer Steigerung des Wiederholungsgesch\u00e4fts um 24 % f\u00fchrte.<\/p>\n\n\t\t\t\t\t\t\t\t\t<a class=\" color-albatross cta button\" href=\"https:\/\/inmoment.com\/de-de\/customer-stories\/\"><span>Lesen Sie weitere Kundentestimonials<\/span>\n\t\t\t\t\t\t\t\t\t\t\t<\/a>\n\t\t\t\t\n\t\t\t\t\n\t\t\t<\/div>\n\n\t\t<\/div>\n\n\t\t<div class=\"col col-sm col_md col-middle\">\n\n\t\t<div >\n\t\t\t\t<img decoding=\"async\" width=\"583\" height=\"448\" src=\"https:\/\/inmoment.com\/wp-content\/uploads\/2021\/02\/Reporting_CustomerStory.png\" class=\"fifty-image\" alt=\"\" srcset=\"https:\/\/inmoment.com\/wp-content\/uploads\/2021\/02\/Reporting_CustomerStory.png 583w, https:\/\/inmoment.com\/wp-content\/uploads\/2021\/02\/Reporting_CustomerStory-300x231.png 300w\" sizes=\"auto, (max-width: 583px) 100vw, 583px\" loading=\"lazy\" \/>\n\t\t\t<\/div>\n\n\t\t<\/div>\n\n\t<\/div>\n\n<\/section>\n\n\n<section id=\"block-602c46b8e9037\" class=\"content-block fifty-fifty-block fifty-media-text alignfull has-background image-as-background background-position-center background-size-cover has-overlay-mode-\" style=\" background-image: url(https:\/\/inmoment.com\/wp-content\/uploads\/2021\/02\/XI21-ServiceOfferingBkgd.svg)\">\t<div class=\"grid text-left \">\n\n\t\t<div class=\"col col-sm col-md col-middle\">\n\t\t\t<div >\n\t\t\t\t<object data=\"https:\/\/inmoment.com\/wp-content\/uploads\/2021\/04\/12-Services.svg\" width=\"1270\" height=\"963\" title=\"12 &#8211; Services\" > <\/object>\t\t\t<\/div>\n\t\t<\/div>\n\n\t\t<div class=\"col col-sm col-md col-align-middle\">\n\n\t\t\t<div class=\"with-padding color-orca\">\n\n\t\t\t\t\n\t\n\t<h5 class=\"eyebrow eyebrow-heading-style-default-dory\">True Driver Analysis<\/h5>\n\n\t\t\n\t\t\t\t\t\t\t\t\t<h2 class=\"heading-text color-orca\">Nicht alle Erfahrungen sind gleich<\/h2>\n\t\t\t\t\n\t\t\t\t<p>Es ist nicht m\u00f6glich, alle Erlebnisse zu perfektionieren, und das ist OK. Was Sie allerdings verstehen m\u00fcssen, ist, welche Momente f\u00fcr Ihre Kunden und Mitarbeiter wichtig sind \u2013 und wie Sie genau diese Momente perfekt gestalten. Unsere propriet\u00e4re True Driver-Analyse hilft Ihnen zu verstehen, welche Elemente der Customer Experience den gr\u00f6\u00dften Einfluss auf die Ergebnisse haben, die Ihnen wichtig sind, und wie Sie diese Variablen priorisieren k\u00f6nnen.<\/p>\n\n\t\t\t\t\t\t\t\t\t<a class=\" color-dory cta button\" href=\"https:\/\/inmoment.com\/de-de\/services\/\"><span>Erfahren Sie mehr \u00fcber Strategic Services<\/span>\n\t\t\t\t\t\t\t\t\t\t\t<\/a>\n\t\t\t\t\n\t\t\t\t\n\t\t\t<\/div>\n\n\t\t<\/div>\n\n\t<\/div>\n\n<\/section>\n\n\n<section id=\"block-602c48e3e9039\" class=\"post-cards-block alignfull alignwide no-background\" style=\"\">\n\t<div class=\"container\">\n\n\t\t\t\t\t\t\t<h2 class=\"post-cards-block-heading \">Experience Improvement mit InMoment<\/h2>\n\t\t\n\t\t<div class=\"post-cards-block-cards\">\n\t\t\t\t\t\t\t\t<div class=\"card post-card \">\n\t\t\t\t\t<p class=\"card-meta\">\n\t\t\t\t\t\t\t\t\t\t\t\t\t\t\t<span class=\"post-card-tax\">resource<\/span>\n\t\t\t\t\t\t\t\t\t\n\t\t\t\t\t\t\t<\/p>\n\t\t\n\t\t<div class=\"card-content\">\n\t\t\t\t\t\t\t<p class=\"card-title\"><a href=\"https:\/\/inmoment.com\/de-de\/resource\/ai-journey-insights-customer-journey-optimierung\/\">AI Journey Insights &#8211; Customer Journey Optimierung<\/a><\/p>\n\t\t\t\n\t\t\t\n\t\t\t\t\t<\/div>\n\n\t\t<div class=\"card-footer\">\n\t\t\t\t\t\t\t<div class=\"card-image-wrap\">\n\t\t\t\t\t<img decoding=\"async\" width=\"300\" height=\"157\" src=\"https:\/\/inmoment.com\/wp-content\/uploads\/2025\/02\/EM-10196-Social-AI-Journey-Insights_Web-Preview-300x157.jpg\" class=\"attachment-medium size-medium wp-post-image\" alt=\"\" srcset=\"https:\/\/inmoment.com\/wp-content\/uploads\/2025\/02\/EM-10196-Social-AI-Journey-Insights_Web-Preview-300x157.jpg 300w, https:\/\/inmoment.com\/wp-content\/uploads\/2025\/02\/EM-10196-Social-AI-Journey-Insights_Web-Preview-1024x536.jpg 1024w, https:\/\/inmoment.com\/wp-content\/uploads\/2025\/02\/EM-10196-Social-AI-Journey-Insights_Web-Preview-768x402.jpg 768w, https:\/\/inmoment.com\/wp-content\/uploads\/2025\/02\/EM-10196-Social-AI-Journey-Insights_Web-Preview-1536x804.jpg 1536w, https:\/\/inmoment.com\/wp-content\/uploads\/2025\/02\/EM-10196-Social-AI-Journey-Insights_Web-Preview-2048x1072.jpg 2048w, https:\/\/inmoment.com\/wp-content\/uploads\/2025\/02\/EM-10196-Social-AI-Journey-Insights_Web-Preview-1920x1005.jpg 1920w\" loading=\"lazy\" \/>\t\t\t\t<\/div>\n\t\t\t\n\t\t\t\t\t\t\t<a class=\"button cta cta-card\" href=\"https:\/\/inmoment.com\/de-de\/resource\/ai-journey-insights-customer-journey-optimierung\/\">\n\t\t\t\t\t<span>Mehr lesen<\/span>\n\t\t\t\t<\/a>\n\t\t\t\t\t<\/div>\n\n\t<\/div><!-- .card -->\n\t\t<div class=\"card post-card \">\n\t\t\t\t\t<p class=\"card-meta\">\n\t\t\t\t\t\t\t\t\t\t\t\t\t\t\t<span class=\"post-card-tax\">resource<\/span>\n\t\t\t\t\t\t\t\t\t\n\t\t\t\t\t\t\t<\/p>\n\t\t\n\t\t<div class=\"card-content\">\n\t\t\t\t\t\t\t<p class=\"card-title\"><a href=\"https:\/\/inmoment.com\/de-de\/resource\/on-demand-webinar-transformieren-sie-ihr-contact-center-erlebnis-mit-modernster-ki-analytik\/\">[On-Demand Webinar] Transformieren Sie Ihr Contact Center-Erlebnis mit modernster KI-Analytik<\/a><\/p>\n\t\t\t\n\t\t\t\n\t\t\t\t\t<\/div>\n\n\t\t<div class=\"card-footer\">\n\t\t\t\t\t\t\t<div class=\"card-image-wrap\">\n\t\t\t\t\t<img decoding=\"async\" width=\"300\" height=\"157\" src=\"https:\/\/inmoment.com\/wp-content\/uploads\/2024\/08\/OnDemand_ContactCentreErlebnis_KI-Analytik_InMoment-300x157.jpg\" class=\"attachment-medium size-medium wp-post-image\" alt=\"\" srcset=\"https:\/\/inmoment.com\/wp-content\/uploads\/2024\/08\/OnDemand_ContactCentreErlebnis_KI-Analytik_InMoment-300x157.jpg 300w, https:\/\/inmoment.com\/wp-content\/uploads\/2024\/08\/OnDemand_ContactCentreErlebnis_KI-Analytik_InMoment-1024x536.jpg 1024w, https:\/\/inmoment.com\/wp-content\/uploads\/2024\/08\/OnDemand_ContactCentreErlebnis_KI-Analytik_InMoment-768x402.jpg 768w, https:\/\/inmoment.com\/wp-content\/uploads\/2024\/08\/OnDemand_ContactCentreErlebnis_KI-Analytik_InMoment-1536x804.jpg 1536w, https:\/\/inmoment.com\/wp-content\/uploads\/2024\/08\/OnDemand_ContactCentreErlebnis_KI-Analytik_InMoment-2048x1072.jpg 2048w, https:\/\/inmoment.com\/wp-content\/uploads\/2024\/08\/OnDemand_ContactCentreErlebnis_KI-Analytik_InMoment-1920x1005.jpg 1920w\" loading=\"lazy\" \/>\t\t\t\t<\/div>\n\t\t\t\n\t\t\t\t\t\t\t<a class=\"button cta cta-card\" href=\"https:\/\/inmoment.com\/de-de\/resource\/on-demand-webinar-transformieren-sie-ihr-contact-center-erlebnis-mit-modernster-ki-analytik\/\">\n\t\t\t\t\t<span>Mehr lesen<\/span>\n\t\t\t\t<\/a>\n\t\t\t\t\t<\/div>\n\n\t<\/div><!-- .card -->\n\t\t<div class=\"card post-card \">\n\t\t\t\t\t<p class=\"card-meta\">\n\t\t\t\t\t\t\t\t\t\t\t\t\t\t\t<span class=\"post-card-tax\">resource<\/span>\n\t\t\t\t\t\t\t\t\t\n\t\t\t\t\t\t\t<\/p>\n\t\t\n\t\t<div class=\"card-content\">\n\t\t\t\t\t\t\t<p class=\"card-title\"><a href=\"https:\/\/inmoment.com\/de-de\/resource\/cx-3-0-die-zukunft-heute-beginnen-gestalten-sie-ihr-cx-programm-von-morgen-mit-dem-was-schon-jetzt-moeglich-ist\/\">CX 3.0: Die Zukunft heute beginnen<\/a><\/p>\n\t\t\t\n\t\t\t\n\t\t\t\t\t<\/div>\n\n\t\t<div class=\"card-footer\">\n\t\t\t\t\t\t\t<div class=\"card-image-wrap\">\n\t\t\t\t\t<img decoding=\"async\" width=\"225\" height=\"300\" src=\"https:\/\/inmoment.com\/wp-content\/uploads\/2024\/05\/0424_XIClubForum_InMoment_NPSx-5-225x300.jpeg\" class=\"attachment-medium size-medium wp-post-image\" alt=\"\" srcset=\"https:\/\/inmoment.com\/wp-content\/uploads\/2024\/05\/0424_XIClubForum_InMoment_NPSx-5-225x300.jpeg 225w, https:\/\/inmoment.com\/wp-content\/uploads\/2024\/05\/0424_XIClubForum_InMoment_NPSx-5-768x1024.jpeg 768w, https:\/\/inmoment.com\/wp-content\/uploads\/2024\/05\/0424_XIClubForum_InMoment_NPSx-5-1152x1536.jpeg 1152w, https:\/\/inmoment.com\/wp-content\/uploads\/2024\/05\/0424_XIClubForum_InMoment_NPSx-5-810x1080.jpeg 810w, https:\/\/inmoment.com\/wp-content\/uploads\/2024\/05\/0424_XIClubForum_InMoment_NPSx-5.jpeg 1500w\" loading=\"lazy\" \/>\t\t\t\t<\/div>\n\t\t\t\n\t\t\t\t\t\t\t<a class=\"button cta cta-card\" href=\"https:\/\/inmoment.com\/de-de\/resource\/cx-3-0-die-zukunft-heute-beginnen-gestalten-sie-ihr-cx-programm-von-morgen-mit-dem-was-schon-jetzt-moeglich-ist\/\">\n\t\t\t\t\t<span>Mehr lesen<\/span>\n\t\t\t\t<\/a>\n\t\t\t\t\t<\/div>\n\n\t<\/div><!-- .card -->\n\t\t\t\t\t\t<\/div>\n\n\t\t\t\t\t<button class=\"button ghost blue\">\n\t\t\t\t<a href=\"https:\/\/inmoment.com\/de-de\/resources\/\" target=\"\">\n\t\t\t\t\t<span>Weitere Ressourcen anzeigen<\/span>\n\t\t\t\t<\/a>\n\t\t\t<\/button>\n\t\t\n\t<\/div> <!-- .container -->\n\n<\/section>\n\n\n\n<p><\/p>\n","protected":false},"excerpt":{"rendered":"<p>Erstellen, planen und teilen Sie leicht verst\u00e4ndliche Berichte und Dashboards mit dynamischen Live-Datens\u00e4tzen.<\/p>\n","protected":false},"author":12,"featured_media":0,"parent":0,"menu_order":0,"comment_status":"closed","ping_status":"closed","template":"","meta":{"_acf_changed":false,"footnotes":""},"class_list":["post-17559","page","type-page","status-publish","hentry"],"acf":[],"_links":{"self":[{"href":"https:\/\/inmoment.com\/de-de\/wp-json\/wp\/v2\/pages\/17559","targetHints":{"allow":["GET"]}}],"collection":[{"href":"https:\/\/inmoment.com\/de-de\/wp-json\/wp\/v2\/pages"}],"about":[{"href":"https:\/\/inmoment.com\/de-de\/wp-json\/wp\/v2\/types\/page"}],"author":[{"embeddable":true,"href":"https:\/\/inmoment.com\/de-de\/wp-json\/wp\/v2\/users\/12"}],"replies":[{"embeddable":true,"href":"https:\/\/inmoment.com\/de-de\/wp-json\/wp\/v2\/comments?post=17559"}],"version-history":[{"count":0,"href":"https:\/\/inmoment.com\/de-de\/wp-json\/wp\/v2\/pages\/17559\/revisions"}],"wp:attachment":[{"href":"https:\/\/inmoment.com\/de-de\/wp-json\/wp\/v2\/media?parent=17559"}],"curies":[{"name":"wp","href":"https:\/\/api.w.org\/{rel}","templated":true}]}}