{"id":30552,"date":"2021-06-21T22:15:11","date_gmt":"2021-06-21T22:15:11","guid":{"rendered":"https:\/\/inmoment.com\/integrations\/zendesk\/"},"modified":"2022-01-10T15:31:41","modified_gmt":"2022-01-10T15:31:41","slug":"zendesk","status":"publish","type":"page","link":"https:\/\/inmoment.com\/de-de\/integrationen\/zendesk\/","title":{"rendered":"Zendesk"},"content":{"rendered":"<section id=\"block-60ccbffa9eba7\" class=\"content-block single-paragraph-block alignwide has-background color-as-background background-albatross\" style=\"\">\n\t\t<div class=\"grid  grid-center \">\n\n\t\t\t<div class=\"col col-8 col-sm col-md \">\n\n\t\t\t\t\n\t\t\t\t\t<figure class=\"single-paragraph-icon\">\n\n\t\t\t\t\t\t<img decoding=\"async\" src=\"https:\/\/inmoment.com\/wp-content\/uploads\/2021\/06\/zendesk-sm.svg\" alt=\"InMoment\" \/>\n\n\t\t\t\t\t<\/figure>\n\n\t\t\t\t\n\t\t\t\t\n\t\t\t\t\t\t<h5 class=\"eyebrow-heading eyebrow-heading-style-default-\"><\/h5>\n\t\t\t\t\n\t\t\t\t\n\t\t\t\t\t<h2 class=\"single-paragraph-heading color-dory\">L\u00f6sen Sie anpassbare Befragungen aus und sehen Sie die Antworten in Zendesk.<\/h2>\n\n\t\t\t\t\n\t\t\t\t\n\t\t\t\t\n\t\t\t\t\t<div class=\"single-paragraph-content color-orca\"><p>Die Nachverfolgungsqualit\u00e4t verbessert sich, wenn die Support-Teams die Voice-of-the-Customer-Daten zur Hand haben.<\/p>\n<\/div>\n\n\t\t\t\t\n\t\t\t<\/div> <!-- .col -->\n\n\t\t<\/div><!-- .grid -->\n\n\t<\/section>\n\n\n<section id=\"block-60ccc4e39eba8\" class=\"content-block grid-container fifty-fifty-block fifty-text-media alignfull has-background color-as-background background-great-white\" style=\"\">\t<div class=\"grid text-left \">\n\n\t\t<div class=\"col col-sm col-md col-align-middle\">\n\n\t\t\t<div class=\"with-padding color-orca\">\n\n\t\t\t\t\n\t\n\t\t\t\t\t\t\t\t\t<h2 class=\"heading-text color-dory\">\u00dcberwachen und verbessern Sie die Support-Erfahrung mit CSAT-, CES- und NPS-Befragungen.<\/h2>\n\t\t\t\t\n\t\t\t\t<hr style=\"border: 1px solid #EDF0F1; margin: 0 0 1.5rem;\" \/>\n<ul>\n<li>Senden Sie bei Schlie\u00dfung eines Tickets individuelle Befragungen. F\u00fcgen Sie zum Beispiel den Namen des Mitarbeiters in die Befragung ein.\n<\/li>\n<li>Anpassbare Ausl\u00f6ser. Sie entscheiden anhand der Daten in Zendesk, welche Gruppen zu welchem Zeitpunkt befragt werden.<\/li>\n<li>Personalisieren Sie die Dankeseite der Befragung, je nach Bewertung.<\/li>\n<li>Die Antworten auf CSAT-Befragungen flie\u00dfen zur\u00fcck in die Ticket-Datens\u00e4tze in Zendesk.<\/li>\n<\/ul>\n\n\t\t\t\t\n\t\t\t\t\n\t\t\t<\/div>\n\n\t\t<\/div>\n\n\t\t<div class=\"col col-sm col_md col-middle\">\n\n\t\t<div >\n\t\t\t\t<object data=\"https:\/\/inmoment.com\/wp-content\/uploads\/2021\/06\/Email-CSAT-Survey-for-Support-Powered-By-1.svg\" width=\"422\" height=\"473\" title=\"Email CSAT Survey for Support &#8211; Powered By 1\" > <\/object>\n\t\t\t<\/div>\n\n\t\t<\/div>\n\n\t<\/div>\n\n<\/section>\n\n\n<section id=\"block-60cccd77c58a5\" class=\"content-block fifty-fifty-block fifty-media-text alignfull has-background color-as-background background-albatross\" style=\"\">\t<div class=\"grid text-left \">\n\n\t\t<div class=\"col col-sm col-md col-middle\">\n\t\t\t<div >\n\t\t\t\t<img decoding=\"async\" width=\"583\" height=\"530\" src=\"https:\/\/inmoment.com\/wp-content\/uploads\/2021\/06\/image-102.png\" class=\"fifty-image\" alt=\"\" srcset=\"https:\/\/inmoment.com\/wp-content\/uploads\/2021\/06\/image-102.png 583w, https:\/\/inmoment.com\/wp-content\/uploads\/2021\/06\/image-102-300x273.png 300w\" sizes=\"auto, (max-width: 583px) 100vw, 583px\" loading=\"lazy\" \/>\t\t\t<\/div>\n\t\t<\/div>\n\n\t\t<div class=\"col col-sm col-md col-align-middle\">\n\n\t\t\t<div class=\"with-padding color-orca\">\n\n\t\t\t\t\n\t\n\t\t\t\t\t\t\t\t\t<h2 class=\"heading-text color-dory\">CSAT-Feedback in Zendesk anzeigen und Ma\u00dfnahmen ergreifen.<\/h2>\n\t\t\t\t\n\t\t\t\t<hr style=\"border: 1px solid #EDF0F1; margin: 0 0 1.5rem;\" \/>\n<ul>\n<li>CSAT-Antworten sind im Zendesk-Ticketdatensatz in Echtzeit sichtbar.<\/li>\n<li>Benachrichtigungen und Workflows erleichtern die sofortige Kontaktaufnahme mit Kunden.<\/li>\n<li>Setzen Sie sich mit Kritikern in Verbindung, um mehr zu erfahren, oder laden Sie zufriedene Kunden zu Ihrem Empfehlungsprogramm ein.<\/li>\n<li>Gewinnen Sie Risikokunden zur\u00fcck, bevor es zu sp\u00e4t ist.<\/li>\n<\/ul>\n\n\t\t\t\t\n\t\t\t\t\n\t\t\t<\/div>\n\n\t\t<\/div>\n\n\t<\/div>\n\n<\/section>\n\n\n<section id=\"block-60ccd54f06aa0\" class=\"content-block grid-container fifty-fifty-block fifty-text-media alignfull has-background color-as-background background-great-white\" style=\"\">\t<div class=\"grid text-left \">\n\n\t\t<div class=\"col col-sm col-md col-align-middle\">\n\n\t\t\t<div class=\"with-padding color-orca\">\n\n\t\t\t\t\n\t\n\t\t\t\t\t\t\t\t\t<h2 class=\"heading-text color-dory\">Verstehen Sie, wie Sie die Support-Erfahrung verbessern k\u00f6nnen.<\/h2>\n\t\t\t\t\n\t\t\t\t<hr style=\"border: 1px solid #EDF0F1; margin: 0 0 1.5rem;\" \/>\n<ul>\n<li>Identifizieren Sie Chancen nach Mitarbeitern oder anderen Gesch\u00e4ftsfaktoren.<\/li>\n<li>Erfassen Sie Themen und Stimmungen aus Kundenkommentaren mithilfe von maschinellem Lernen.<\/li>\n<li>Anpassbares Dashboard und Berichte, damit Sie die Antworten bekommen, die Sie brauchen.<\/li>\n<li>Sehen Sie Bewertungen, Feedback, Themen, Stimmungen und Trends in Echtzeit.<\/li>\n<\/ul>\n\n\t\t\t\t\n\t\t\t\t\n\t\t\t<\/div>\n\n\t\t<\/div>\n\n\t\t<div class=\"col col-sm col_md col-middle\">\n\n\t\t<div >\n\t\t\t\t<img decoding=\"async\" width=\"548\" height=\"481\" src=\"https:\/\/inmoment.com\/wp-content\/uploads\/2021\/06\/image-100.png\" class=\"fifty-image\" alt=\"\" srcset=\"https:\/\/inmoment.com\/wp-content\/uploads\/2021\/06\/image-100.png 548w, https:\/\/inmoment.com\/wp-content\/uploads\/2021\/06\/image-100-300x263.png 300w\" sizes=\"auto, (max-width: 548px) 100vw, 548px\" loading=\"lazy\" \/>\n\t\t\t<\/div>\n\n\t\t<\/div>\n\n\t<\/div>\n\n<\/section>\n\n\n<section id=\"block-60ccdaa406aa1\" class=\"content-block fifty-fifty-block fifty-media-text alignfull has-background color-as-background background-albatross\" style=\"\">\t<div class=\"grid text-left \">\n\n\t\t<div class=\"col col-sm col-md col-middle\">\n\t\t\t<div >\n\t\t\t\t<object data=\"https:\/\/inmoment.com\/wp-content\/uploads\/2021\/06\/image-6.svg\" width=\"837\" height=\"468\" title=\"NPS trends dashboard\" > <\/object>\t\t\t<\/div>\n\t\t<\/div>\n\n\t\t<div class=\"col col-sm col-md col-align-middle\">\n\n\t\t\t<div class=\"with-padding color-orca\">\n\n\t\t\t\t\n\t\n\t\t\t\t\t\t\t\t\t<h2 class=\"heading-text color-dory\">Analysieren Sie alle Metriken Ihres Kundensupports.<\/h2>\n\t\t\t\t\n\t\t\t\t<hr style=\"border: 1px solid #EDF0F1; margin: 0 0 1.5rem;\" \/>\n<ul>\n<li>Dashboards f\u00fcr Net Promoter, CSAT und Customer Effort Score.<\/li>\n<li>Verpassen Sie keinen Trend \u2013 erhalten Sie automatisch einen kontinuierlichen \u00dcberblick \u00fcber die Kundenzufriedenheit.<\/li>\n<li>Betrachten Sie Ihre durchschnittlichen Metriken im Zeitverlauf. Segmentieren Sie nach Region, Account oder Mitarbeiter.<\/li>\n<\/ul>\n\n\t\t\t\t\n\t\t\t\t\n\t\t\t<\/div>\n\n\t\t<\/div>\n\n\t<\/div>\n\n<\/section>\n\n\n\n<p><\/p>\n","protected":false},"excerpt":{"rendered":"","protected":false},"author":28,"featured_media":0,"parent":10118,"menu_order":0,"comment_status":"closed","ping_status":"closed","template":"","meta":{"_acf_changed":false,"footnotes":""},"class_list":["post-30552","page","type-page","status-publish","hentry"],"acf":[],"_links":{"self":[{"href":"https:\/\/inmoment.com\/de-de\/wp-json\/wp\/v2\/pages\/30552","targetHints":{"allow":["GET"]}}],"collection":[{"href":"https:\/\/inmoment.com\/de-de\/wp-json\/wp\/v2\/pages"}],"about":[{"href":"https:\/\/inmoment.com\/de-de\/wp-json\/wp\/v2\/types\/page"}],"author":[{"embeddable":true,"href":"https:\/\/inmoment.com\/de-de\/wp-json\/wp\/v2\/users\/28"}],"replies":[{"embeddable":true,"href":"https:\/\/inmoment.com\/de-de\/wp-json\/wp\/v2\/comments?post=30552"}],"version-history":[{"count":0,"href":"https:\/\/inmoment.com\/de-de\/wp-json\/wp\/v2\/pages\/30552\/revisions"}],"up":[{"embeddable":true,"href":"https:\/\/inmoment.com\/de-de\/wp-json\/wp\/v2\/pages\/10118"}],"wp:attachment":[{"href":"https:\/\/inmoment.com\/de-de\/wp-json\/wp\/v2\/media?parent=30552"}],"curies":[{"name":"wp","href":"https:\/\/api.w.org\/{rel}","templated":true}]}}