{"id":30558,"date":"2021-06-21T22:05:36","date_gmt":"2021-06-21T22:05:36","guid":{"rendered":"https:\/\/inmoment.com\/integrations\/intercom\/"},"modified":"2022-01-10T15:27:01","modified_gmt":"2022-01-10T15:27:01","slug":"intercom","status":"publish","type":"page","link":"https:\/\/inmoment.com\/de-de\/integrationen\/intercom\/","title":{"rendered":"Intercom"},"content":{"rendered":"<section id=\"block-60ccbffa9eba7\" class=\"content-block single-paragraph-block alignwide has-background color-as-background background-albatross\" style=\"\">\n\t\t<div class=\"grid  grid-center \">\n\n\t\t\t<div class=\"col col-8 col-sm col-md \">\n\n\t\t\t\t\n\t\t\t\t\t<figure class=\"single-paragraph-icon\">\n\n\t\t\t\t\t\t<img decoding=\"async\" src=\"https:\/\/inmoment.com\/wp-content\/uploads\/2021\/06\/intercom-sm.svg\" alt=\"InMoment\" \/>\n\n\t\t\t\t\t<\/figure>\n\n\t\t\t\t\n\t\t\t\t\n\t\t\t\t\t\t<h5 class=\"eyebrow-heading eyebrow-heading-style-default-\"><\/h5>\n\t\t\t\t\n\t\t\t\t\n\t\t\t\t\t<h2 class=\"single-paragraph-heading color-dory\">Befragungen mit Intercom Messenger sorgen f\u00fcr ein nahtloses Kundenerlebnis.<\/h2>\n\n\t\t\t\t\n\t\t\t\t\n\t\t\t\t\n\t\t\t\t\t<div class=\"single-paragraph-content color-orca\"><p>Supportgespr\u00e4che ver\u00e4ndern sich, wenn die Teams \u00fcber Voice-of-the-Customer-Daten verf\u00fcgen.<\/p>\n<p><a class=\"button background-tsunami\" href=\"https:\/\/app.intercom.io\/a\/apps\/_\/appstore?app_package_code=wootric&#038;search=wootric\" target=\"_blank\" rel=\"noopener\"><span>Verbinden Sie Ihr Intercom-Konto<\/span><\/a><\/p>\n<\/div>\n\n\t\t\t\t\n\t\t\t<\/div> <!-- .col -->\n\n\t\t<\/div><!-- .grid -->\n\n\t<\/section>\n\n\n\n<div class=\"wp-block-columns is-layout-flex wp-container-core-columns-is-layout-9d6595d7 wp-block-columns-is-layout-flex\">\n<div class=\"wp-block-column is-layout-flow wp-block-column-is-layout-flow\">\n<figure class=\"wp-block-image size-large\"><img decoding=\"async\" width=\"720\" height=\"454\" loading=\"lazy\" loading=\"lazy\" loading=\"lazy\" src=\"https:\/\/inmoment.com\/wp-content\/uploads\/2021\/06\/image-73.png\" alt=\"\" class=\"wp-image-26043\" srcset=\"https:\/\/inmoment.com\/wp-content\/uploads\/2021\/06\/image-73.png 720w, https:\/\/inmoment.com\/wp-content\/uploads\/2021\/06\/image-73-300x189.png 300w\" sizes=\"auto, (max-width: 720px) 100vw, 720px\" \/><\/figure>\n<\/div>\n\n\n\n<div class=\"wp-block-column is-layout-flow wp-block-column-is-layout-flow\">\n<figure class=\"wp-block-image size-large\"><img decoding=\"async\" width=\"1024\" height=\"642\" loading=\"lazy\" loading=\"lazy\" loading=\"lazy\" src=\"https:\/\/inmoment.com\/wp-content\/uploads\/2021\/06\/Intercom-Inbox.png\" alt=\"\" class=\"wp-image-26449\" srcset=\"https:\/\/inmoment.com\/wp-content\/uploads\/2021\/06\/Intercom-Inbox.png 1024w, https:\/\/inmoment.com\/wp-content\/uploads\/2021\/06\/Intercom-Inbox-300x188.png 300w, https:\/\/inmoment.com\/wp-content\/uploads\/2021\/06\/Intercom-Inbox-768x482.png 768w\" sizes=\"auto, (max-width: 1024px) 100vw, 1024px\" \/><\/figure>\n<\/div>\n<\/div>\n\n\n<section id=\"block-60ccc4e39eba8\" class=\"content-block grid-container fifty-fifty-block fifty-text-media alignfull has-background color-as-background background-great-white\" style=\"\">\t<div class=\"grid text-left \">\n\n\t\t<div class=\"col col-sm col-md col-align-middle\">\n\n\t\t\t<div class=\"with-padding color-orca\">\n\n\t\t\t\t\n\t\n\t\t\t\t\t\t\t\t\t<h2 class=\"heading-text color-dory\">\u00dcberwachen und verbessern Sie die Customer Journey.<\/h2>\n\t\t\t\t\n\t\t\t\t<hr style=\"border: 1px solid #EDF0F1; margin: 0 0 1.5rem;\" \/>\n<ul>\n<li>L\u00f6sen Sie In-App-Umfragen, E-Mail-Umfragen oder Umfragen im Intercom Messenger auf der Grundlage von Benutzerattributen aus. Senden Sie zum Beispiel eine Umfrage zum Customer Effort Score nach dem Onboarding, eine CSAT-Umfrage nach Abschluss eines Supportfalls oder eine Net Promoter Score-Umfrage 60 Tage vor der Vertragsverl\u00e4ngerung.<\/li>\n<li>Umfrageantworten flie\u00dfen zur\u00fcck in die Benutzerdatens\u00e4tze in Intercom.<\/li>\n<li>Sie k\u00f6nnen innerhalb von Tagen und nicht von Wochen beginnen.<\/li>\n<\/ul>\n\n\t\t\t\t\n\t\t\t\t\n\t\t\t<\/div>\n\n\t\t<\/div>\n\n\t\t<div class=\"col col-sm col_md col-middle\">\n\n\t\t<div >\n\t\t\t\t<img decoding=\"async\" width=\"1696\" height=\"1520\" src=\"https:\/\/inmoment.com\/wp-content\/uploads\/2021\/06\/sassyco_wootric-intercom_sassyco-email.png\" class=\"fifty-image\" alt=\"\" srcset=\"https:\/\/inmoment.com\/wp-content\/uploads\/2021\/06\/sassyco_wootric-intercom_sassyco-email.png 1696w, https:\/\/inmoment.com\/wp-content\/uploads\/2021\/06\/sassyco_wootric-intercom_sassyco-email-300x269.png 300w, https:\/\/inmoment.com\/wp-content\/uploads\/2021\/06\/sassyco_wootric-intercom_sassyco-email-1024x918.png 1024w, https:\/\/inmoment.com\/wp-content\/uploads\/2021\/06\/sassyco_wootric-intercom_sassyco-email-768x688.png 768w, https:\/\/inmoment.com\/wp-content\/uploads\/2021\/06\/sassyco_wootric-intercom_sassyco-email-1536x1377.png 1536w, https:\/\/inmoment.com\/wp-content\/uploads\/2021\/06\/sassyco_wootric-intercom_sassyco-email-1205x1080.png 1205w\" sizes=\"auto, (max-width: 1696px) 100vw, 1696px\" loading=\"lazy\" \/>\n\t\t\t<\/div>\n\n\t\t<\/div>\n\n\t<\/div>\n\n<\/section>\n\n\n<section id=\"block-60cccd77c58a5\" class=\"content-block fifty-fifty-block fifty-media-text alignfull has-background color-as-background background-albatross\" style=\"\">\t<div class=\"grid text-left \">\n\n\t\t<div class=\"col col-sm col-md col-middle\">\n\t\t\t<div >\n\t\t\t\t<img decoding=\"async\" width=\"627\" height=\"344\" src=\"https:\/\/inmoment.com\/wp-content\/uploads\/2021\/06\/image-89.png\" class=\"fifty-image\" alt=\"\" srcset=\"https:\/\/inmoment.com\/wp-content\/uploads\/2021\/06\/image-89.png 627w, https:\/\/inmoment.com\/wp-content\/uploads\/2021\/06\/image-89-300x165.png 300w\" sizes=\"auto, (max-width: 627px) 100vw, 627px\" loading=\"lazy\" \/>\t\t\t<\/div>\n\t\t<\/div>\n\n\t\t<div class=\"col col-sm col-md col-align-middle\">\n\n\t\t\t<div class=\"with-padding color-orca\">\n\n\t\t\t\t\n\t\n\t\t\t\t\t\t\t\t\t<h2 class=\"heading-text color-dory\">Schlie\u00dfen Sie den Kreis zum Kunden direkt \u00fcber Intercom.<\/h2>\n\t\t\t\t\n\t\t\t\t<hr style=\"border: 1px solid #EDF0F1; margin: 0 0 1.5rem;\" \/>\n<ul>\n<li>Sofortiger Einsatz des Supports! Er\u00f6ffnen Sie auf Wunsch automatisch eine Konversationen, wenn ein Feedback eingeht, um den Kunden zu kontaktieren.<\/li>\n<li>Senden Sie automatische Nachrichten auf der Grundlage der Umfrageergebnisse. Oder laden Sie zufriedene Kunden zu Ihrem Empfehlungsprogramm ein.<\/li>\n<\/ul>\n\n\t\t\t\t\n\t\t\t\t\n\t\t\t<\/div>\n\n\t\t<\/div>\n\n\t<\/div>\n\n<\/section>\n\n\n<section id=\"block-60ccd54f06aa0\" class=\"content-block grid-container fifty-fifty-block fifty-text-media alignfull has-background color-as-background background-albatross\" style=\"\">\t<div class=\"grid text-left \">\n\n\t\t<div class=\"col col-sm col-md col-align-middle\">\n\n\t\t\t<div class=\"with-padding color-orca\">\n\n\t\t\t\t\n\t\n\t\t\t\t\t\t\t\t\t<h2 class=\"heading-text color-dory\">H\u00f6ren Sie mehr vom Kunden. Erg\u00e4nzen Sie Umfragen im Chat mit E-Mails.<\/h2>\n\t\t\t\t\n\t\t\t\t<hr style=\"border: 1px solid #EDF0F1; margin: 0 0 1.5rem;\" \/>\n<ul>\n<li>Erreichen Sie Offline-Gruppen mit E-Mail-Umfragen.<\/li>\n<li>Setzen Sie sich mit Kunden in Verbindung, die nicht per App antworten.<\/li>\n<\/ul>\n\n\t\t\t\t\n\t\t\t\t\n\t\t\t<\/div>\n\n\t\t<\/div>\n\n\t\t<div class=\"col col-sm col_md col-middle\">\n\n\t\t<div >\n\t\t\t\t<img decoding=\"async\" width=\"619\" height=\"334\" src=\"https:\/\/inmoment.com\/wp-content\/uploads\/2021\/06\/image-90.png\" class=\"fifty-image\" alt=\"\" srcset=\"https:\/\/inmoment.com\/wp-content\/uploads\/2021\/06\/image-90.png 619w, https:\/\/inmoment.com\/wp-content\/uploads\/2021\/06\/image-90-300x162.png 300w\" sizes=\"auto, (max-width: 619px) 100vw, 619px\" loading=\"lazy\" \/>\n\t\t\t<\/div>\n\n\t\t<\/div>\n\n\t<\/div>\n\n<\/section>\n\n\n<section id=\"block-60ccdaa406aa1\" class=\"content-block fifty-fifty-block fifty-media-text alignfull has-background color-as-background background-great-white\" style=\"\">\t<div class=\"grid text-left \">\n\n\t\t<div class=\"col col-sm col-md col-middle\">\n\t\t\t<div >\n\t\t\t\t<object data=\"https:\/\/inmoment.com\/wp-content\/uploads\/2021\/06\/image-6.svg\" width=\"837\" height=\"468\" title=\"NPS trends dashboard\" > <\/object>\t\t\t<\/div>\n\t\t<\/div>\n\n\t\t<div class=\"col col-sm col-md col-align-middle\">\n\n\t\t\t<div class=\"with-padding color-orca\">\n\n\t\t\t\t\n\t\n\t\t\t\t\t\t\t\t\t<h2 class=\"heading-text color-dory\">Analysieren Sie alle Metriken Ihres Kundensupports.<\/h2>\n\t\t\t\t\n\t\t\t\t<hr style=\"border: 1px solid #EDF0F1; margin: 0 0 1.5rem;\" \/>\n<ul>\n<li>Dashboards f\u00fcr Net Promoter, CSAT und Customer Effort Score.<\/li>\n<li>Verpassen Sie keinen Trend \u2013 erhalten Sie automatisch einen kontinuierlichen \u00dcberblick \u00fcber die Kundenzufriedenheit.<\/li>\n<li>Betrachten Sie Ihre durchschnittlichen Metriken im Zeitverlauf. Segmentieren Sie nach Region, Account oder Mitarbeiter.<\/li>\n<li>Verpassen Sie keinen Trend &#8211; erhalten Sie automatisch einen kontinuierlichen Puls der Kundenstimmung.<\/li>\n<li>Qualitatives Feedback wird automatisch kategorisiert, so dass Sie erfahren k\u00f6nnen, warum Ihre Kunden bei Ihnen bleiben oder nicht.<\/li>\n<\/ul>\n\n\t\t\t\t\n\t\t\t\t\n\t\t\t<\/div>\n\n\t\t<\/div>\n\n\t<\/div>\n\n<\/section>\n\n\n\n<p><\/p>\n","protected":false},"excerpt":{"rendered":"","protected":false},"author":28,"featured_media":0,"parent":10118,"menu_order":0,"comment_status":"closed","ping_status":"closed","template":"","meta":{"_acf_changed":false,"footnotes":""},"class_list":["post-30558","page","type-page","status-publish","hentry"],"acf":[],"_links":{"self":[{"href":"https:\/\/inmoment.com\/de-de\/wp-json\/wp\/v2\/pages\/30558","targetHints":{"allow":["GET"]}}],"collection":[{"href":"https:\/\/inmoment.com\/de-de\/wp-json\/wp\/v2\/pages"}],"about":[{"href":"https:\/\/inmoment.com\/de-de\/wp-json\/wp\/v2\/types\/page"}],"author":[{"embeddable":true,"href":"https:\/\/inmoment.com\/de-de\/wp-json\/wp\/v2\/users\/28"}],"replies":[{"embeddable":true,"href":"https:\/\/inmoment.com\/de-de\/wp-json\/wp\/v2\/comments?post=30558"}],"version-history":[{"count":0,"href":"https:\/\/inmoment.com\/de-de\/wp-json\/wp\/v2\/pages\/30558\/revisions"}],"up":[{"embeddable":true,"href":"https:\/\/inmoment.com\/de-de\/wp-json\/wp\/v2\/pages\/10118"}],"wp:attachment":[{"href":"https:\/\/inmoment.com\/de-de\/wp-json\/wp\/v2\/media?parent=30558"}],"curies":[{"name":"wp","href":"https:\/\/api.w.org\/{rel}","templated":true}]}}