{"id":37365,"date":"2021-06-22T17:27:06","date_gmt":"2021-06-22T17:27:06","guid":{"rendered":"https:\/\/inmoment.com\/nps-software\/"},"modified":"2022-01-10T16:20:24","modified_gmt":"2022-01-10T16:20:24","slug":"nps-software","status":"publish","type":"page","link":"https:\/\/inmoment.com\/de-de\/nps-software\/","title":{"rendered":"NPS Software"},"content":{"rendered":"<section id=\"block-60c9143e0b1f5\" class=\"content-block single-paragraph-block alignwide no-background\" style=\"\">\n\t\t<div class=\"grid  grid-center \">\n\n\t\t\t<div class=\"col col-8 col-sm col-md \">\n\n\t\t\t\t\n\t\t\t\t\n\t\t\t\t\t\t<h5 class=\"eyebrow-heading eyebrow-heading-style-default-\"><\/h5>\n\t\t\t\t\n\t\t\t\t\n\t\t\t\t\t<h2 class=\"single-paragraph-heading color-dory\">NPS-Mikrobefragungen f\u00fcr hohe R\u00fccklaufquoten.<\/h2>\n\n\t\t\t\t\n\t\t\t\t\n\t\t\t\t\n\t\t\t\t\t<div class=\"single-paragraph-content color-orca\"><p lang=\"de-DE\"><span style=\"color: #001d30\"><span style=\"font-family: IBM Plex Sans, serif\"><span style=\"font-size: medium\">Erhalten Sie mehr R\u00fcckmeldungen von Kunden, wenn Sie eine moderne Befragung mit nur einer Frage verwenden.<br \/>\n<\/span><\/span><\/span><span style=\"color: #001d30\"><span style=\"font-family: IBM Plex Sans, serif\"><span style=\"font-size: medium\">Erhalten Sie die Punktzahl und umfassendes qualitatives Feedback \u00fcber Ihre App oder Website, per E-Mail, SMS oder Intercom-Chat.<\/span><\/span><\/span><\/p>\n<p><a class=\"button background-tsunami\" href=\"https:\/\/inmoment.com\/de-de\/survey-software-for-customer-experience\/#thesurveys\">Befragung ansehen<\/a><\/p>\n<\/div>\n\n\t\t\t\t\n\t\t\t<\/div> <!-- .col -->\n\n\t\t<\/div><!-- .grid -->\n\n\t<\/section>\n\n\n\n<div class=\"wp-block-image\"><figure class=\"aligncenter size-large\"><img decoding=\"async\" width=\"974\" height=\"340\" loading=\"lazy\" src=\"https:\/\/inmoment.com\/wp-content\/uploads\/\/2021\/06\/image-51.svg\" alt=\"\" class=\"wp-image-25571\"\/><\/figure><\/div>\n\n\n<section id=\"block-60c92aa56f974\" class=\"content-block big-screenshot-block big-screenshot-block-top alignfull u-mt-80 has-background color-as-background background-great-white\" style=\"\">\t\t<style scoped>\n\t\t\t#block-60c92aa56f974 {\n\t\t\t\tmargin-top: 0px;\n\t\t\t}\n\n\t\t\t@media (max-width: 1200px) {\n\t\t\t\t#block-60c92aa56f974 {\n\t\t\t\t\tmargin-top: 0px;\n\t\t\t\t}\n\t\t\t}\n\t\t<\/style>\n\t\t<div class=\"container\">\n\t\t\t\t\t\t\t<div class=\"big-screenshot-block-image\">\n\t\t\t\t\t<img decoding=\"async\" width=\"1191\" height=\"479\" src=\"https:\/\/inmoment.com\/wp-content\/uploads\/2021\/06\/world.png\" class=\"attachment-full size-full\" alt=\"\" srcset=\"https:\/\/inmoment.com\/wp-content\/uploads\/2021\/06\/world.png 1191w, https:\/\/inmoment.com\/wp-content\/uploads\/2021\/06\/world-300x121.png 300w, https:\/\/inmoment.com\/wp-content\/uploads\/2021\/06\/world-1024x412.png 1024w, https:\/\/inmoment.com\/wp-content\/uploads\/2021\/06\/world-768x309.png 768w\" sizes=\"auto, (max-width: 1191px) 100vw, 1191px\" loading=\"lazy\" \/>\t\t\t\t<\/div>\n\t\t\t\t\t\t<div class=\"big-screenshot-block-content-wrap\">\n\t\t\t\t\t\t\t\t\t\t\t\t\t<h2 class=\"big-screenshot-block-heading color-dory\">Multi-Channel. Mehrsprachig. Global.<\/h2>\n\t\t\t\t\t\t\t\t\t\t\t\t\t<p class=\"big-screenshot-block-content color-orca\">So global wie Ihre Kunden. Passen Sie Befragungen einfach in mehreren Sprachen an. Sch\u00fctzen Sie sich vor Befragungserm\u00fcdung. Nutzen Sie die Befragung \u00fcber mehreren Kan\u00e4len und Ger\u00e4ten ohne das Risiko doppelter Stichproben: Web, Handy, E-Mail und SMS.\r\n<\/p>\n\t\t\t\t\t\t\t<\/div>\n\t\t<\/div>\n\t<\/section>\n\n\n<section id=\"block-60c919d6c0139\" class=\"content-block fifty-fifty-block fifty-media-text alignwide u-pt-100 has-background color-as-background background-albatross\" style=\"\">\t<div class=\"grid text-left \">\n\n\t\t<div class=\"col col-sm col-md col-middle\">\n\t\t\t<div >\n\t\t\t\t<object data=\"https:\/\/inmoment.com\/wp-content\/uploads\/2021\/06\/image-6.svg\" width=\"837\" height=\"468\" title=\"NPS trends dashboard\" > <\/object>\t\t\t<\/div>\n\t\t<\/div>\n\n\t\t<div class=\"col col-sm col-md col-align-middle\">\n\n\t\t\t<div class=\"with-padding color-orca\">\n\n\t\t\t\t\n\t\n\t\t\t\t\t\t\t\t\t<h2 class=\"heading-text color-dory\">Sofortige NPS-Analyse.<\/h2>\n\t\t\t\t\n\t\t\t\t<hr style=\"border: 1px solid #EDF0F1; margin: 0 0 1.5rem;\" \/>\n<ul>\n<li>\n<p lang=\"de-DE\"><span style=\"color: #001d30;\"><span style=\"font-family: IBM Plex Sans, serif;\"><span style=\"font-size: medium;\">Zeigen Sie Ihren NPS und die Anzahl der Antworten im Zeitverlauf an.<\/span><\/span><\/span><\/p>\n<\/li>\n<li>\n<p lang=\"de-DE\"><span style=\"color: #001d30;\"><span style=\"font-family: IBM Plex Sans, serif;\"><span style=\"font-size: medium;\">Verpassen Sie keinen Trend\u00a0\u2013 erhalten Sie automatisch einen kontinuierlichen \u00dcberblick \u00fcber die Kundenzufriedenheit.<\/span><\/span><\/span><\/p>\n<\/li>\n<li>\n<p lang=\"de-DE\"><span style=\"color: #001d30;\"><span style=\"font-family: IBM Plex Sans, serif;\"><span style=\"font-size: medium;\"><span lang=\"de-DE\">Befragen Sie t\u00e4glich eine Stichprobe Ihrer Kunden mit unseren bew\u00e4hrten Einstellungen. <\/span>Oder befragen Sie Kunden mit von Ihnen definierten Parametern.<\/span><\/span><\/span><\/p>\n<\/li>\n<\/ul>\n\n\t\t\t\t\n\t\t\t\t\n\t\t\t<\/div>\n\n\t\t<\/div>\n\n\t<\/div>\n\n<\/section>\n\n\n\n<style>\n  .midpage-cta {\n    display: flex; \n    align-items: center; \n    justify-content: center; \n    padding: 30px 0;\n    flex-wrap: wrap;\n  }\n  \n  .paragraph {\n    margin-right: 10px;\n  }\n  \n  .button {\n    margin-left: 10px;\n  }\n  \n  @media (max-width: 430px) {\n    .button {\n      margin: 0;\n    }\n    \n    .paragraph {\n      margin: 0 0 10px;\n    }\n    \n    .midpage-cta {\n      flex-direction: column;\n    }\n  }\n<\/style>\n\n<div class=\"midpage-cta alignfull background-great-white\">\n  <div class=\"paragraph\">\n    <\/div>\n  <div>\n    <a href=\"https:\/\/app.wootric.com\/sign_up?plan=trial_auto\" target=\"\" class=\"button background-tsunami color-albatross\" rel=\"noopener\">\n\t    <span>Kostenlose 30-Tage-Testversion<\/span>\n    <\/a>\n  <\/div>\n<\/div>\n\n\n<section id=\"block-60c91a9ac013a\" class=\"content-block grid-container fifty-fifty-block fifty-text-media alignwide has-background color-as-background background-albatross\" style=\"\">\t<div class=\"grid text-left \">\n\n\t\t<div class=\"col col-sm col-md col-align-middle\">\n\n\t\t\t<div class=\"with-padding color-orca\">\n\n\t\t\t\t\n\t\n\t\t\t\t\t\t\t\t\t<h2 class=\"heading-text color-dory\">NPS-Diagnose anhand Ihrer wichtigsten Gesch\u00e4ftsfaktoren<\/h2>\n\t\t\t\t\n\t\t\t\t<hr style=\"border: 1px solid #EDF0F1; margin: 0 0 1.5rem;\" \/>\n<p lang=\"de-DE\"><span style=\"color: #001d30;\"><span style=\"font-family: IBM Plex Sans, serif;\"><span style=\"font-size: medium;\">Erstellen Sie benutzerdefinierte Filter, die Ihrem Gesch\u00e4ftsmodell und Ihren Zielen entsprechen. Sehen Sie, wie sich der NPS je nach Konto, Produktversion oder jeder von Ihnen definierten Benutzereigenschaft unterscheidet.<\/span><\/span><\/span><\/p>\n<p><span style=\"color: #001d30;\"><span style=\"font-family: IBM Plex Sans, serif;\"><span style=\"font-size: medium;\">Beispiele<\/span><\/span><\/span>:<\/p>\n<ul>\n<li>\n<p lang=\"de-DE\"><span style=\"color: #001d30;\"><span style=\"font-family: IBM Plex Sans, serif;\"><span style=\"font-size: medium;\">Websites &amp; E-Commerce: Verstehen Sie die Stimmung nach Geografie, Plattform oder Kaufgr\u00f6\u00dfe.<\/span><\/span><\/span><\/p>\n<\/li>\n<li>\n<p lang=\"de-DE\"><span style=\"color: #001d30;\"><span style=\"font-family: IBM Plex Sans, serif;\"><span style=\"font-size: medium;\">Produktteams: Erhalten Sie sofortiges Feedback zu Produkt\u00e4nderungen, beschleunigen Sie das produktorientierte Wachstum.<\/span><\/span><\/span><\/p>\n<\/li>\n<li>\n<p lang=\"de-DE\"><span style=\"color: #001d30;\"><span style=\"font-family: IBM Plex Sans, serif;\"><span style=\"font-size: medium;\">SaaS: \u00dcberwachen Sie die Kundengesundheit und binden Sie mehr Kunden.<\/span><\/span><\/span><\/p>\n<\/li>\n<\/ul>\n\n\t\t\t\t\n\t\t\t\t\n\t\t\t<\/div>\n\n\t\t<\/div>\n\n\t\t<div class=\"col col-sm col_md col-middle\">\n\n\t\t<div >\n\t\t\t\t<object data=\"https:\/\/inmoment.com\/wp-content\/uploads\/2021\/06\/image-7.svg\" width=\"495\" height=\"660\" title=\"image 7\" > <\/object>\n\t\t\t<\/div>\n\n\t\t<\/div>\n\n\t<\/div>\n\n<\/section>\n\n\n<section id=\"block-60c91b5fc013b\" class=\"content-block fifty-fifty-block fifty-media-text alignwide has-background color-as-background background-albatross\" style=\"\">\t<div class=\"grid text-left \">\n\n\t\t<div class=\"col col-sm col-md col-middle\">\n\t\t\t<div >\n\t\t\t\t<object data=\"https:\/\/inmoment.com\/wp-content\/uploads\/2021\/06\/image-8.svg\" width=\"646\" height=\"474\" title=\"image 8\" > <\/object>\t\t\t<\/div>\n\t\t<\/div>\n\n\t\t<div class=\"col col-sm col-md col-align-middle\">\n\n\t\t\t<div class=\"with-padding color-orca\">\n\n\t\t\t\t\n\t\n\t\t\t\t\t\t\t\t\t<h2 class=\"heading-text color-dory\">Closed-Loop-Feedback Management <\/h2>\n\t\t\t\t\n\t\t\t\t<hr style=\"border: 1px solid #EDF0F1; margin: 0 0 1.5rem;\" \/>\n<ul>\n<li>\n<p lang=\"de-DE\"><span style=\"color: #001d30;\"><span style=\"font-family: IBM Plex Sans, serif;\"><span style=\"font-size: medium;\">Sprechen Sie Kunden direkt an oder leiten Sie Feedback \u00fcber das Dashboard weiter.<\/span><\/span><\/span><\/p>\n<\/li>\n<li>\n<p lang=\"de-DE\"><span style=\"color: #001d30;\"><span style=\"font-family: IBM Plex Sans, serif;\"><span style=\"font-size: medium;\">Oder verwenden Sie Integrationen, um R\u00fcckmeldungen in Ihrem CRM oder Ihrer Support-Plattform auszul\u00f6sen.<\/span><\/span><\/span><\/p>\n<\/li>\n<\/ul>\n\n\t\t\t\t\n\t\t\t\t\n\t\t\t<\/div>\n\n\t\t<\/div>\n\n\t<\/div>\n\n<\/section>\n\n\n<section id=\"block-60c91bc1c013c\" class=\"content-block grid-container fifty-fifty-block fifty-text-media alignwide has-background color-as-background background-albatross\" style=\"\">\t<div class=\"grid text-left \">\n\n\t\t<div class=\"col col-sm col-md col-align-middle\">\n\n\t\t\t<div class=\"with-padding color-orca\">\n\n\t\t\t\t\n\t\n\t\t\t\t\t\t\t\t\t<h2 class=\"heading-text color-dory\">Identifizieren Sie Feedback-Themen<\/h2>\n\t\t\t\t\n\t\t\t\t<hr style=\"border: 1px solid #EDF0F1; margin: 0 0 1.5rem;\" \/>\n<p lang=\"de-DE\"><span style=\"color: #001d30;\"><span style=\"font-family: IBM Plex Sans, serif;\"><span style=\"font-size: medium;\">Erstellen Sie unbegrenzt benutzerdefinierte Tags. Wenn Antworten eingehen, verwenden Sie Tagging, um Probleme aufzudecken, Produktverbesserungen zu priorisieren oder festzulegen, wer nachfassen sollte.<\/span><\/span><\/span><\/p>\n\n\t\t\t\t\n\t\t\t\t\n\t\t\t<\/div>\n\n\t\t<\/div>\n\n\t\t<div class=\"col col-sm col_md col-middle\">\n\n\t\t<div >\n\t\t\t\t<img decoding=\"async\" width=\"1093\" height=\"988\" src=\"https:\/\/inmoment.com\/wp-content\/uploads\/2021\/06\/Feedback-with-magnifying-glass.png\" class=\"fifty-image\" alt=\"\" srcset=\"https:\/\/inmoment.com\/wp-content\/uploads\/2021\/06\/Feedback-with-magnifying-glass.png 1093w, https:\/\/inmoment.com\/wp-content\/uploads\/2021\/06\/Feedback-with-magnifying-glass-300x271.png 300w, https:\/\/inmoment.com\/wp-content\/uploads\/2021\/06\/Feedback-with-magnifying-glass-1024x926.png 1024w, https:\/\/inmoment.com\/wp-content\/uploads\/2021\/06\/Feedback-with-magnifying-glass-768x694.png 768w\" sizes=\"auto, (max-width: 1093px) 100vw, 1093px\" loading=\"lazy\" \/>\n\t\t\t<\/div>\n\n\t\t<\/div>\n\n\t<\/div>\n\n<\/section>\n\n\n<section id=\"block-60c91c10c013d\" class=\"content-block fifty-fifty-block fifty-media-text alignwide has-background color-as-background background-albatross\" style=\"\">\t<div class=\"grid text-left \">\n\n\t\t<div class=\"col col-sm col-md col-middle\">\n\t\t\t<div >\n\t\t\t\t<object data=\"https:\/\/inmoment.com\/wp-content\/uploads\/2021\/06\/image-12.svg\" width=\"547\" height=\"547\" title=\"image 12\" > <\/object>\t\t\t<\/div>\n\t\t<\/div>\n\n\t\t<div class=\"col col-sm col-md col-align-middle\">\n\n\t\t\t<div class=\"with-padding color-orca\">\n\n\t\t\t\t\n\t\n\t\t\t\t\t\t\t\t\t<h2 class=\"heading-text color-dory\">Aktivieren Sie Markenbotschafter im Handumdrehen<\/h2>\n\t\t\t\t\n\t\t\t\t<hr style=\"border: 1px solid #EDF0F1; margin: 0 0 1.5rem;\" \/>\n<p><span style=\"color: #001d30;\"><span style=\"font-family: IBM Plex Sans, serif;\"><span style=\"font-size: medium;\"><span lang=\"de-DE\">Hat Ihnen gerade jemand eine gute Bewertung gegeben? Verwenden Sie einen optionalen Abschlussbildschirm, um Ihre zufriedenen Kunden zu bitten, eine Bewertung zu schreiben. <\/span>Oder laden Sie sie ein, an einem Empfehlungsprogramm teilzunehmen.<\/span><\/span><\/span><\/p>\n\n\t\t\t\t\n\t\t\t\t\n\t\t\t<\/div>\n\n\t\t<\/div>\n\n\t<\/div>\n\n<\/section>\n\n\n<section id=\"block-60c8e6b91b012\" class=\"content-block icon-title-list-block alignfull u-pb-0 has-background color-as-background background-great-white\" style=\"\">\n\t\t<div class=\"container icon-hero-content\">\n\n\t\t\t\n\t\t\t\t<h5 class=\"eyebrow-heading eyebrow-heading-style-default-\"><\/h5>\n\t\t\t\n\t\t\t\n\t\t\t\t<h2 class=\"h3 color-dory\">\n\n\t\t\t\t\tErgreifen Sie Ma\u00dfnahmen mit Integrationen\n\t\t\t\t<\/h2>\n\n\t\t\t\n\t\t\t\n\t\t\t\t<p class=\"color-orca\">Bereichern Sie Ihre CRM-Daten mit Metriken und Feedback f\u00fcr bessere Kundeninformationen. L\u00f6sen Sie Befragungen basierend auf Ereignissen oder anderen Kundenattributen aus. Nutzen Sie Workflows, um den Kreislauf mit den Kunden zu schlie\u00dfen. \r\n<\/p>\n\n\t\t\t\n\t\t<\/div>\n\n\t\t\t\t\t<div class=\"icons container grid\">\n\n\t\t\t\t\n\t\t\t\t\t<div class=\"col col-sm col-md col-3\">\n\n\t\t\t\t\t\t<figure>\n\n\t\t\t\t\t\t\t<img decoding=\"async\" src=\"https:\/\/inmoment.com\/wp-content\/uploads\/2021\/06\/hubspot4.svg\" alt=\"InMoment\" \/>\n\n\t\t\t\t\t\t\t<figcaption class=\"\">\n\n\t\t\t\t\t\t\t\t\n\t\t\t\t\t\t\t<\/figcaption>\n\n\t\t\t\t\t\t<\/figure>\n\n\t\t\t\t\t<\/div> <!-- .col -->\n\n\t\t\t\t\n\t\t\t\t\t<div class=\"col col-sm col-md col-3\">\n\n\t\t\t\t\t\t<figure>\n\n\t\t\t\t\t\t\t<img decoding=\"async\" src=\"https:\/\/inmoment.com\/wp-content\/uploads\/2021\/06\/salesforce-int.svg\" alt=\"InMoment\" \/>\n\n\t\t\t\t\t\t\t<figcaption class=\"\">\n\n\t\t\t\t\t\t\t\t\n\t\t\t\t\t\t\t<\/figcaption>\n\n\t\t\t\t\t\t<\/figure>\n\n\t\t\t\t\t<\/div> <!-- .col -->\n\n\t\t\t\t\n\t\t\t\t\t<div class=\"col col-sm col-md col-3\">\n\n\t\t\t\t\t\t<figure>\n\n\t\t\t\t\t\t\t<img decoding=\"async\" src=\"https:\/\/inmoment.com\/wp-content\/uploads\/2021\/06\/slack5.svg\" alt=\"InMoment\" \/>\n\n\t\t\t\t\t\t\t<figcaption class=\"\">\n\n\t\t\t\t\t\t\t\t\n\t\t\t\t\t\t\t<\/figcaption>\n\n\t\t\t\t\t\t<\/figure>\n\n\t\t\t\t\t<\/div> <!-- .col -->\n\n\t\t\t\t\n\t\t\t\t\t<div class=\"col col-sm col-md col-3\">\n\n\t\t\t\t\t\t<figure>\n\n\t\t\t\t\t\t\t<img decoding=\"async\" src=\"https:\/\/inmoment.com\/wp-content\/uploads\/2021\/06\/intercom8.svg\" alt=\"InMoment\" \/>\n\n\t\t\t\t\t\t\t<figcaption class=\"\">\n\n\t\t\t\t\t\t\t\t\n\t\t\t\t\t\t\t<\/figcaption>\n\n\t\t\t\t\t\t<\/figure>\n\n\t\t\t\t\t<\/div> <!-- .col -->\n\n\t\t\t\t\n\t\t\t\t\t<div class=\"col col-sm col-md col-3\">\n\n\t\t\t\t\t\t<figure>\n\n\t\t\t\t\t\t\t<img decoding=\"async\" src=\"https:\/\/inmoment.com\/wp-content\/uploads\/2021\/06\/zendesk-int.svg\" alt=\"InMoment\" \/>\n\n\t\t\t\t\t\t\t<figcaption class=\"\">\n\n\t\t\t\t\t\t\t\t\n\t\t\t\t\t\t\t<\/figcaption>\n\n\t\t\t\t\t\t<\/figure>\n\n\t\t\t\t\t<\/div> <!-- .col -->\n\n\t\t\t\t\n\t\t\t\t\t<div class=\"col col-sm col-md col-3\">\n\n\t\t\t\t\t\t<figure>\n\n\t\t\t\t\t\t\t<img decoding=\"async\" src=\"https:\/\/inmoment.com\/wp-content\/uploads\/2021\/06\/segment7.svg\" alt=\"InMoment\" \/>\n\n\t\t\t\t\t\t\t<figcaption class=\"\">\n\n\t\t\t\t\t\t\t\t\n\t\t\t\t\t\t\t<\/figcaption>\n\n\t\t\t\t\t\t<\/figure>\n\n\t\t\t\t\t<\/div> <!-- .col -->\n\n\t\t\t\t\n\t\t\t\t\t<div class=\"col col-sm col-md col-3\">\n\n\t\t\t\t\t\t<figure>\n\n\t\t\t\t\t\t\t<img decoding=\"async\" src=\"https:\/\/inmoment.com\/wp-content\/uploads\/2021\/06\/zapier4.svg\" alt=\"InMoment\" \/>\n\n\t\t\t\t\t\t\t<figcaption class=\"\">\n\n\t\t\t\t\t\t\t\t\n\t\t\t\t\t\t\t<\/figcaption>\n\n\t\t\t\t\t\t<\/figure>\n\n\t\t\t\t\t<\/div> <!-- .col -->\n\n\t\t\t\t\n\t\t\t\t\t<div class=\"col col-sm col-md col-3\">\n\n\t\t\t\t\t\t<figure>\n\n\t\t\t\t\t\t\t<img decoding=\"async\" src=\"https:\/\/inmoment.com\/wp-content\/uploads\/2021\/06\/totango7.svg\" alt=\"InMoment\" \/>\n\n\t\t\t\t\t\t\t<figcaption class=\"\">\n\n\t\t\t\t\t\t\t\t\n\t\t\t\t\t\t\t<\/figcaption>\n\n\t\t\t\t\t\t<\/figure>\n\n\t\t\t\t\t<\/div> <!-- .col -->\n\n\t\t\t\t\n\t\t\t<\/div> <!-- .grid -->\n\t\t\n\t<\/section> <!-- .section -->\n\n\n\n\n<div class=\"alignfull background-great-white\" style=\"text-align: center; padding-bottom: 120px;\">\n<a href=\"http:\/\/help.wootric.com\/en\/articles\/5357337-all-supported-integrations-for-inmoment-microsurveys\" target=\"\" class=\"button background-tsunami color-albatross\" rel=\"noopener\">\n\t<span>Entdecken Sie alle Integrationen<\/span>\n<\/a>\n<\/div>\n","protected":false},"excerpt":{"rendered":"<p>Kostenlose 30-Tage-Testversion Entdecken Sie alle Integrationen<\/p>\n","protected":false},"author":28,"featured_media":0,"parent":0,"menu_order":0,"comment_status":"closed","ping_status":"closed","template":"","meta":{"_acf_changed":false,"footnotes":""},"class_list":["post-37365","page","type-page","status-publish","hentry"],"acf":[],"_links":{"self":[{"href":"https:\/\/inmoment.com\/de-de\/wp-json\/wp\/v2\/pages\/37365","targetHints":{"allow":["GET"]}}],"collection":[{"href":"https:\/\/inmoment.com\/de-de\/wp-json\/wp\/v2\/pages"}],"about":[{"href":"https:\/\/inmoment.com\/de-de\/wp-json\/wp\/v2\/types\/page"}],"author":[{"embeddable":true,"href":"https:\/\/inmoment.com\/de-de\/wp-json\/wp\/v2\/users\/28"}],"replies":[{"embeddable":true,"href":"https:\/\/inmoment.com\/de-de\/wp-json\/wp\/v2\/comments?post=37365"}],"version-history":[{"count":0,"href":"https:\/\/inmoment.com\/de-de\/wp-json\/wp\/v2\/pages\/37365\/revisions"}],"wp:attachment":[{"href":"https:\/\/inmoment.com\/de-de\/wp-json\/wp\/v2\/media?parent=37365"}],"curies":[{"name":"wp","href":"https:\/\/api.w.org\/{rel}","templated":true}]}}