{"id":37371,"date":"2021-06-22T17:25:46","date_gmt":"2021-06-22T17:25:46","guid":{"rendered":"https:\/\/inmoment.com\/ces-customer-effort-score-survey-software\/"},"modified":"2022-01-10T16:29:04","modified_gmt":"2022-01-10T16:29:04","slug":"ces-customer-effort-score-survey-software","status":"publish","type":"page","link":"https:\/\/inmoment.com\/de-de\/ces-customer-effort-score-survey-software\/","title":{"rendered":"Customer Effort Score Survey Software"},"content":{"rendered":"<section id=\"block-60c9143e0b1f5\" class=\"content-block single-paragraph-block alignwide no-background\" style=\"\">\n\t\t<div class=\"grid  grid-center \">\n\n\t\t\t<div class=\"col col-8 col-sm col-md \">\n\n\t\t\t\t\n\t\t\t\t\n\t\t\t\t\t\t<h5 class=\"eyebrow-heading eyebrow-heading-style-default-\"><\/h5>\n\t\t\t\t\n\t\t\t\t\n\t\t\t\t\t<h2 class=\"single-paragraph-heading color-dory\">Kundenaufwandsindex (Customer Effort Score, CES)-Mikrobefragungen f\u00fcr eine hohe R\u00fccklaufquote.<\/h2>\n\n\t\t\t\t\n\t\t\t\t\n\t\t\t\t\n\t\t\t\t\t<div class=\"single-paragraph-content color-orca\"><p lang=\"de-DE\"><span style=\"color: #001d30\"><span style=\"font-family: IBM Plex Sans, serif\"><span style=\"font-size: medium\">H\u00f6ren Sie von mehr Kunden, wenn Sie eine moderne Befragung mit nur einer Frage verwenden. Erhalten Sie die Punktzahl und umfassendes qualitatives Feedback \u00fcber Ihre App oder Website, per E-Mail, SMS oder Intercom-Chat. L\u00f6sen Sie Befragungen an Ber\u00fchrungspunkten basierend auf Ereignissen wie Fallabschluss, Funktionsnutzung und mehr aus.<\/span><\/span><\/span><\/p>\n<p><a class=\"button background-tsunami\" href=\"https:\/\/inmoment.com\/de-de\/survey-software-for-customer-experience\/#thesurveys\">Befragung ansehen<\/a><\/p>\n<\/div>\n\n\t\t\t\t\n\t\t\t<\/div> <!-- .col -->\n\n\t\t<\/div><!-- .grid -->\n\n\t<\/section>\n\n\n\n<div class=\"wp-block-image\"><figure class=\"aligncenter size-large\"><img decoding=\"async\" width=\"930\" height=\"307\" loading=\"lazy\" src=\"https:\/\/inmoment.com\/wp-content\/uploads\/2021\/06\/CES-survey.png\" alt=\"\" class=\"wp-image-26992\" srcset=\"https:\/\/inmoment.com\/wp-content\/uploads\/2021\/06\/CES-survey.png 930w, https:\/\/inmoment.com\/wp-content\/uploads\/2021\/06\/CES-survey-300x99.png 300w, https:\/\/inmoment.com\/wp-content\/uploads\/2021\/06\/CES-survey-768x254.png 768w\" sizes=\"auto, (max-width: 930px) 100vw, 930px\" \/><\/figure><\/div>\n\n\n<section id=\"block-60c92aa56f974\" class=\"content-block big-screenshot-block big-screenshot-block-top alignfull u-mt-80 has-background color-as-background background-great-white\" style=\"\">\t\t<style scoped>\n\t\t\t#block-60c92aa56f974 {\n\t\t\t\tmargin-top: 0px;\n\t\t\t}\n\n\t\t\t@media (max-width: 1200px) {\n\t\t\t\t#block-60c92aa56f974 {\n\t\t\t\t\tmargin-top: 0px;\n\t\t\t\t}\n\t\t\t}\n\t\t<\/style>\n\t\t<div class=\"container\">\n\t\t\t\t\t\t\t<div class=\"big-screenshot-block-image\">\n\t\t\t\t\t<img decoding=\"async\" width=\"2592\" height=\"1042\" src=\"https:\/\/inmoment.com\/wp-content\/uploads\/2021\/06\/Globe-CES-Survey-Multilanguage.png\" class=\"attachment-full size-full\" alt=\"\" srcset=\"https:\/\/inmoment.com\/wp-content\/uploads\/2021\/06\/Globe-CES-Survey-Multilanguage.png 2592w, https:\/\/inmoment.com\/wp-content\/uploads\/2021\/06\/Globe-CES-Survey-Multilanguage-300x121.png 300w, https:\/\/inmoment.com\/wp-content\/uploads\/2021\/06\/Globe-CES-Survey-Multilanguage-1024x412.png 1024w, https:\/\/inmoment.com\/wp-content\/uploads\/2021\/06\/Globe-CES-Survey-Multilanguage-768x309.png 768w, https:\/\/inmoment.com\/wp-content\/uploads\/2021\/06\/Globe-CES-Survey-Multilanguage-1536x617.png 1536w, https:\/\/inmoment.com\/wp-content\/uploads\/2021\/06\/Globe-CES-Survey-Multilanguage-2048x823.png 2048w, https:\/\/inmoment.com\/wp-content\/uploads\/2021\/06\/Globe-CES-Survey-Multilanguage-1920x772.png 1920w\" sizes=\"auto, (max-width: 2592px) 100vw, 2592px\" loading=\"lazy\" \/>\t\t\t\t<\/div>\n\t\t\t\t\t\t<div class=\"big-screenshot-block-content-wrap\">\n\t\t\t\t\t\t\t\t\t\t\t\t\t<h2 class=\"big-screenshot-block-heading color-dory\">Multi-Channel. Mehrsprachig. Global.<\/h2>\n\t\t\t\t\t\t\t\t\t\t\t\t\t<p class=\"big-screenshot-block-content color-orca\">So global wie Ihre Kunden. Setzen Sie Befragungen einfach in mehreren Sprachen auf. Sch\u00fctzen Sie sich vor Befragungserm\u00fcdung. Kanal- und ger\u00e4te\u00fcbergreifende Nutzung ohne das Risiko doppelter Stichproben: Web, Handy, E-Mail und SMS.\r\n<\/p>\n\t\t\t\t\t\t\t<\/div>\n\t\t<\/div>\n\t<\/section>\n\n\n<section id=\"block-60c919d6c0139\" class=\"content-block fifty-fifty-block fifty-media-text alignwide u-pt-100 has-background color-as-background background-albatross\" style=\"\">\t<div class=\"grid text-left \">\n\n\t\t<div class=\"col col-sm col-md col-middle\">\n\t\t\t<div >\n\t\t\t\t<img decoding=\"async\" width=\"1440\" height=\"777\" src=\"https:\/\/inmoment.com\/wp-content\/uploads\/2021\/06\/Trends-CES.png\" class=\"fifty-image\" alt=\"\" srcset=\"https:\/\/inmoment.com\/wp-content\/uploads\/2021\/06\/Trends-CES.png 1440w, https:\/\/inmoment.com\/wp-content\/uploads\/2021\/06\/Trends-CES-300x162.png 300w, https:\/\/inmoment.com\/wp-content\/uploads\/2021\/06\/Trends-CES-1024x553.png 1024w, https:\/\/inmoment.com\/wp-content\/uploads\/2021\/06\/Trends-CES-768x414.png 768w\" sizes=\"auto, (max-width: 1440px) 100vw, 1440px\" loading=\"lazy\" \/>\t\t\t<\/div>\n\t\t<\/div>\n\n\t\t<div class=\"col col-sm col-md col-align-middle\">\n\n\t\t\t<div class=\"with-padding color-orca\">\n\n\t\t\t\t\n\t\n\t\t\t\t\t\t\t\t\t<h2 class=\"heading-text color-dory\">Sofortige CES-Analyse.<\/h2>\n\t\t\t\t\n\t\t\t\t<hr style=\"border: 1px solid #EDF0F1; margin: 0 0 1.5rem;\" \/>\n<ul>\n<li><span style=\"color: #001d30;\"><span style=\"font-family: IBM Plex Sans, serif;\"><span style=\"font-size: medium;\">Zeigen Sie Ihren CES, die Punktverteilung und die Anzahl der Antworten im Zeitverlauf an.<\/span><\/span><\/span><\/li>\n<li><span style=\"color: #001d30;\"><span style=\"font-family: IBM Plex Sans, serif;\"><span style=\"font-size: medium;\">Verpassen Sie keinen Trend\u00a0\u2013 erhalten Sie automatisch einen kontinuierlichen \u00dcberblick \u00fcber die Kundenzufriedenheit.<\/span><\/span><\/span><\/li>\n<li><span style=\"color: #001d30;\"><span style=\"font-family: IBM Plex Sans, serif;\"><span style=\"font-size: medium;\"><span lang=\"de-DE\">Befragen Sie t\u00e4glich eine Stichprobe Ihrer Kunden mit unseren bew\u00e4hrten Einstellungen. <\/span>Oder befragen Sie Kunden mit von Ihnen definierten Parametern.<\/span><\/span><\/span><\/li>\n<\/ul>\n\n\t\t\t\t\n\t\t\t\t\n\t\t\t<\/div>\n\n\t\t<\/div>\n\n\t<\/div>\n\n<\/section>\n\n\n\n<style>\n  .midpage-cta {\n    display: flex; \n    align-items: center; \n    justify-content: center; \n    padding: 30px 0;\n    flex-wrap: wrap;\n  }\n  \n  .paragraph {\n    margin-right: 10px;\n  }\n  \n  .button {\n    margin-left: 10px;\n  }\n  \n  @media (max-width: 430px) {\n    .button {\n      margin: 0;\n    }\n    \n    .paragraph {\n      margin: 0 0 10px;\n    }\n    \n    .midpage-cta {\n      flex-direction: column;\n    }\n  }\n<\/style>\n\n<div class=\"midpage-cta alignfull background-great-white\">\n  <div class=\"paragraph\">\n  <\/div>\n  <div>\n    <a href=\"https:\/\/app.wootric.com\/sign_up?plan=trial_auto\" target=\"\" class=\"button background-tsunami color-albatross\" rel=\"noopener\">\n\t    <span>Kostenlose 30-Tage-Testversion<\/span>\n    <\/a>\n  <\/div>\n<\/div>\n\n\n<section id=\"block-60c91a9ac013a\" class=\"content-block grid-container fifty-fifty-block fifty-text-media alignwide has-background color-as-background background-albatross\" style=\"\">\t<div class=\"grid text-left \">\n\n\t\t<div class=\"col col-sm col-md col-align-middle\">\n\n\t\t\t<div class=\"with-padding color-orca\">\n\n\t\t\t\t\n\t\n\t\t\t\t\t\t\t\t\t<h2 class=\"heading-text color-dory\">CES-Diagnose anhand Ihrer Gesch\u00e4ftstreiber<\/h2>\n\t\t\t\t\n\t\t\t\t<hr style=\"border: 1px solid #EDF0F1; margin: 0 0 1.5rem;\" \/>\n<p lang=\"de-DE\"><span style=\"color: #001d30;\"><span style=\"font-family: IBM Plex Sans, serif;\"><span style=\"font-size: medium;\">Erstellen Sie benutzerdefinierte Filter, die Ihrem Gesch\u00e4ftsmodell und Ihren Zielen entsprechen. Sehen Sie, wie sich der Aufwand je nach Konto, Produktversion oder jeder von Ihnen definierten Benutzereigenschaft unterscheidet.<\/span><\/span><\/span><\/p>\n<p><span style=\"color: #001d30;\"><span style=\"font-family: IBM Plex Sans, serif;\"><span style=\"font-size: medium;\">Beispiele<\/span><\/span><\/span>:<\/p>\n<ul>\n<li>\n<p lang=\"de-DE\"><span style=\"color: #001d30;\"><span style=\"font-family: IBM Plex Sans, serif;\"><span style=\"font-size: medium;\">Websites &amp; E-Commerce: Verstehen Sie die Stimmung nach Geografie, Plattform oder Kaufgr\u00f6\u00dfe.<\/span><\/span><\/span><\/p>\n<\/li>\n<li>\n<p lang=\"de-DE\"><span style=\"color: #001d30;\"><span style=\"font-family: IBM Plex Sans, serif;\"><span style=\"font-size: medium;\">Produktteams: Erhalten Sie sofortiges Feedback zu Produkt\u00e4nderungen und erfahren Sie, wie Sie die Einf\u00fchrung beschleunigen k\u00f6nnen.<\/span><\/span><\/span><\/p>\n<\/li>\n<li>\n<p lang=\"de-DE\"><span style=\"color: #001d30;\"><span style=\"font-family: IBM Plex Sans, serif;\"><span style=\"font-size: medium;\"><span lang=\"de-DE\">SaaS: Holen Sie sich Feedback zum Onboarding und zu Support-Interaktionen. <\/span>\u00dcberwachen Sie die Kundengesundheit und binden Sie mehr Kunden.<\/span><\/span><\/span><\/p>\n<\/li>\n<\/ul>\n\n\t\t\t\t\n\t\t\t\t\n\t\t\t<\/div>\n\n\t\t<\/div>\n\n\t\t<div class=\"col col-sm col_md col-middle\">\n\n\t\t<div >\n\t\t\t\t<object data=\"https:\/\/inmoment.com\/wp-content\/uploads\/2021\/06\/image-7.svg\" width=\"495\" height=\"660\" title=\"image 7\" > <\/object>\n\t\t\t<\/div>\n\n\t\t<\/div>\n\n\t<\/div>\n\n<\/section>\n\n\n<section id=\"block-60c91b5fc013b\" class=\"content-block fifty-fifty-block fifty-media-text alignwide has-background color-as-background background-albatross\" style=\"\">\t<div class=\"grid text-left \">\n\n\t\t<div class=\"col col-sm col-md col-middle\">\n\t\t\t<div >\n\t\t\t\t<object data=\"https:\/\/inmoment.com\/wp-content\/uploads\/2021\/06\/image-8.svg\" width=\"646\" height=\"474\" title=\"image 8\" > <\/object>\t\t\t<\/div>\n\t\t<\/div>\n\n\t\t<div class=\"col col-sm col-md col-align-middle\">\n\n\t\t\t<div class=\"with-padding color-orca\">\n\n\t\t\t\t\n\t\n\t\t\t\t\t\t\t\t\t<h2 class=\"heading-text color-dory\">Closed-Loop-Feedback Management<\/h2>\n\t\t\t\t\n\t\t\t\t<hr style=\"border: 1px solid #EDF0F1; margin: 0 0 1.5rem;\" \/>\n<ul>\n<li>\n<p lang=\"de-DE\"><span style=\"color: #001d30;\"><span style=\"font-family: IBM Plex Sans, serif;\"><span style=\"font-size: medium;\">Sprechen Sie Kunden direkt an oder leiten Sie Feedback \u00fcber das Dashboard weiter.<\/span><\/span><\/span><\/p>\n<\/li>\n<li>\n<p lang=\"de-DE\"><span style=\"color: #001d30;\"><span style=\"font-family: IBM Plex Sans, serif;\"><span style=\"font-size: medium;\">Oder verwenden Sie Integrationen, um R\u00fcckmeldungen in Ihrem CRM oder Ihrer Support-Plattform auszul\u00f6sen.<\/span><\/span><\/span><\/p>\n<\/li>\n<\/ul>\n\n\t\t\t\t\n\t\t\t\t\n\t\t\t<\/div>\n\n\t\t<\/div>\n\n\t<\/div>\n\n<\/section>\n\n\n<section id=\"block-60c91bc1c013c\" class=\"content-block grid-container fifty-fifty-block fifty-text-media alignwide has-background color-as-background background-albatross\" style=\"\">\t<div class=\"grid text-left \">\n\n\t\t<div class=\"col col-sm col-md col-align-middle\">\n\n\t\t\t<div class=\"with-padding color-orca\">\n\n\t\t\t\t\n\t\n\t\t\t\t\t\t\t\t\t<h2 class=\"heading-text color-dory\">Identifizieren Sie Feedback-Themen<\/h2>\n\t\t\t\t\n\t\t\t\t<hr style=\"border: 1px solid #EDF0F1; margin: 0 0 1.5rem;\" \/>\n<p lang=\"de-DE\"><span style=\"color: #001d30;\"><span style=\"font-family: IBM Plex Sans, serif;\"><span style=\"font-size: medium;\">Erstellen Sie unbegrenzt benutzerdefinierte Tags. Wenn Antworten eingehen, verwenden Sie Tagging, um Probleme aufzudecken, Produktverbesserungen zu priorisieren oder festzulegen, wer nachfassen sollte.<\/span><\/span><\/span><\/p>\n\n\t\t\t\t\n\t\t\t\t\n\t\t\t<\/div>\n\n\t\t<\/div>\n\n\t\t<div class=\"col col-sm col_md col-middle\">\n\n\t\t<div >\n\t\t\t\t<img decoding=\"async\" width=\"1093\" height=\"988\" src=\"https:\/\/inmoment.com\/wp-content\/uploads\/2021\/06\/Feedback-with-magnifying-glass.png\" class=\"fifty-image\" alt=\"\" srcset=\"https:\/\/inmoment.com\/wp-content\/uploads\/2021\/06\/Feedback-with-magnifying-glass.png 1093w, https:\/\/inmoment.com\/wp-content\/uploads\/2021\/06\/Feedback-with-magnifying-glass-300x271.png 300w, https:\/\/inmoment.com\/wp-content\/uploads\/2021\/06\/Feedback-with-magnifying-glass-1024x926.png 1024w, https:\/\/inmoment.com\/wp-content\/uploads\/2021\/06\/Feedback-with-magnifying-glass-768x694.png 768w\" sizes=\"auto, (max-width: 1093px) 100vw, 1093px\" loading=\"lazy\" \/>\n\t\t\t<\/div>\n\n\t\t<\/div>\n\n\t<\/div>\n\n<\/section>\n\n\n<section id=\"block-60c91c10c013d\" class=\"content-block fifty-fifty-block fifty-media-text alignwide has-background color-as-background background-albatross\" style=\"\">\t<div class=\"grid text-left \">\n\n\t\t<div class=\"col col-sm col-md col-middle\">\n\t\t\t<div >\n\t\t\t\t<object data=\"https:\/\/inmoment.com\/wp-content\/uploads\/2021\/06\/image-12.svg\" width=\"547\" height=\"547\" title=\"image 12\" > <\/object>\t\t\t<\/div>\n\t\t<\/div>\n\n\t\t<div class=\"col col-sm col-md col-align-middle\">\n\n\t\t\t<div class=\"with-padding color-orca\">\n\n\t\t\t\t\n\t\n\t\t\t\t\t\t\t\t\t<h2 class=\"heading-text color-dory\">Aktivieren Sie gl\u00fcckliche Kunden im Handumdrehen<\/h2>\n\t\t\t\t\n\t\t\t\t<hr style=\"border: 1px solid #EDF0F1; margin: 0 0 1.5rem;\" \/>\n<p><span style=\"color: #001d30;\"><span style=\"font-family: IBM Plex Sans, serif;\"><span style=\"font-size: medium;\"><span lang=\"de-DE\">Hat Ihnen gerade jemand eine 6 oder eine 7 gegeben? Schlie\u00dfen Sie Ihre Befragung mit einem Review-Link! Bitten Sie Ihre hochzufriedenen Kunden, ihren Kommentar in den sozialen Medien zu teilen oder eine App-Store-Bewertung zu schreiben. <\/span>Oder laden Sie sie ein, an einem Empfehlungsprogramm teilzunehmen.<\/span><\/span><\/span><\/p>\n\n\t\t\t\t\n\t\t\t\t\n\t\t\t<\/div>\n\n\t\t<\/div>\n\n\t<\/div>\n\n<\/section>\n\n\n<section id=\"block-60c8e6b91b012\" class=\"content-block icon-title-list-block alignfull u-pb-0 has-background color-as-background background-great-white\" style=\"\">\n\t\t<div class=\"container icon-hero-content\">\n\n\t\t\t\n\t\t\t\t<h5 class=\"eyebrow-heading eyebrow-heading-style-default-\"><\/h5>\n\t\t\t\n\t\t\t\n\t\t\t\t<h2 class=\"h3 color-dory\">\n\n\t\t\t\t\tVereinheitlichen Sie die Kundensicht und ergreifen Sie Ma\u00dfnahmen mit Integrationen.\n\t\t\t\t<\/h2>\n\n\t\t\t\n\t\t\t\n\t\t\t\t<p class=\"color-orca\">Bereichern Sie Ihre CRM-Daten mit Customer Effort Scores und Feedback f\u00fcr bessere Kundeninformationen. L\u00f6sen Sie Workflows aus, um den Kreislauf mit Kunden zu schlie\u00dfen.<\/p>\n\n\t\t\t\n\t\t<\/div>\n\n\t\t\t\t\t<div class=\"icons container grid\">\n\n\t\t\t\t\n\t\t\t\t\t<div class=\"col col-sm col-md col-3\">\n\n\t\t\t\t\t\t<figure>\n\n\t\t\t\t\t\t\t<img decoding=\"async\" src=\"https:\/\/inmoment.com\/wp-content\/uploads\/2021\/06\/hubspot4.svg\" alt=\"InMoment\" \/>\n\n\t\t\t\t\t\t\t<figcaption class=\"\">\n\n\t\t\t\t\t\t\t\t\n\t\t\t\t\t\t\t<\/figcaption>\n\n\t\t\t\t\t\t<\/figure>\n\n\t\t\t\t\t<\/div> <!-- .col -->\n\n\t\t\t\t\n\t\t\t\t\t<div class=\"col col-sm col-md col-3\">\n\n\t\t\t\t\t\t<figure>\n\n\t\t\t\t\t\t\t<img decoding=\"async\" src=\"https:\/\/inmoment.com\/wp-content\/uploads\/2021\/06\/salesforce-int.svg\" alt=\"InMoment\" \/>\n\n\t\t\t\t\t\t\t<figcaption class=\"\">\n\n\t\t\t\t\t\t\t\t\n\t\t\t\t\t\t\t<\/figcaption>\n\n\t\t\t\t\t\t<\/figure>\n\n\t\t\t\t\t<\/div> <!-- .col -->\n\n\t\t\t\t\n\t\t\t\t\t<div class=\"col col-sm col-md col-3\">\n\n\t\t\t\t\t\t<figure>\n\n\t\t\t\t\t\t\t<img decoding=\"async\" src=\"https:\/\/inmoment.com\/wp-content\/uploads\/2021\/06\/slack5.svg\" alt=\"InMoment\" \/>\n\n\t\t\t\t\t\t\t<figcaption class=\"\">\n\n\t\t\t\t\t\t\t\t\n\t\t\t\t\t\t\t<\/figcaption>\n\n\t\t\t\t\t\t<\/figure>\n\n\t\t\t\t\t<\/div> <!-- .col -->\n\n\t\t\t\t\n\t\t\t\t\t<div class=\"col col-sm col-md col-3\">\n\n\t\t\t\t\t\t<figure>\n\n\t\t\t\t\t\t\t<img decoding=\"async\" src=\"https:\/\/inmoment.com\/wp-content\/uploads\/2021\/06\/intercom8.svg\" alt=\"InMoment\" \/>\n\n\t\t\t\t\t\t\t<figcaption class=\"\">\n\n\t\t\t\t\t\t\t\t\n\t\t\t\t\t\t\t<\/figcaption>\n\n\t\t\t\t\t\t<\/figure>\n\n\t\t\t\t\t<\/div> <!-- .col -->\n\n\t\t\t\t\n\t\t\t\t\t<div class=\"col col-sm col-md col-3\">\n\n\t\t\t\t\t\t<figure>\n\n\t\t\t\t\t\t\t<img decoding=\"async\" src=\"https:\/\/inmoment.com\/wp-content\/uploads\/2021\/06\/zendesk-int.svg\" alt=\"InMoment\" \/>\n\n\t\t\t\t\t\t\t<figcaption class=\"\">\n\n\t\t\t\t\t\t\t\t\n\t\t\t\t\t\t\t<\/figcaption>\n\n\t\t\t\t\t\t<\/figure>\n\n\t\t\t\t\t<\/div> <!-- .col -->\n\n\t\t\t\t\n\t\t\t\t\t<div class=\"col col-sm col-md col-3\">\n\n\t\t\t\t\t\t<figure>\n\n\t\t\t\t\t\t\t<img decoding=\"async\" src=\"https:\/\/inmoment.com\/wp-content\/uploads\/2021\/06\/segment7.svg\" alt=\"InMoment\" \/>\n\n\t\t\t\t\t\t\t<figcaption class=\"\">\n\n\t\t\t\t\t\t\t\t\n\t\t\t\t\t\t\t<\/figcaption>\n\n\t\t\t\t\t\t<\/figure>\n\n\t\t\t\t\t<\/div> <!-- .col -->\n\n\t\t\t\t\n\t\t\t\t\t<div class=\"col col-sm col-md col-3\">\n\n\t\t\t\t\t\t<figure>\n\n\t\t\t\t\t\t\t<img decoding=\"async\" src=\"https:\/\/inmoment.com\/wp-content\/uploads\/2021\/06\/zapier4.svg\" alt=\"InMoment\" \/>\n\n\t\t\t\t\t\t\t<figcaption class=\"\">\n\n\t\t\t\t\t\t\t\t\n\t\t\t\t\t\t\t<\/figcaption>\n\n\t\t\t\t\t\t<\/figure>\n\n\t\t\t\t\t<\/div> <!-- .col -->\n\n\t\t\t\t\n\t\t\t\t\t<div class=\"col col-sm col-md col-3\">\n\n\t\t\t\t\t\t<figure>\n\n\t\t\t\t\t\t\t<img decoding=\"async\" src=\"https:\/\/inmoment.com\/wp-content\/uploads\/2021\/06\/totango7.svg\" alt=\"InMoment\" \/>\n\n\t\t\t\t\t\t\t<figcaption class=\"\">\n\n\t\t\t\t\t\t\t\t\n\t\t\t\t\t\t\t<\/figcaption>\n\n\t\t\t\t\t\t<\/figure>\n\n\t\t\t\t\t<\/div> <!-- .col -->\n\n\t\t\t\t\n\t\t\t<\/div> <!-- .grid -->\n\t\t\n\t<\/section> <!-- .section -->\n\n\n\n\n<div class=\"alignfull background-great-white\" style=\"text-align: center; padding-bottom: 120px;\">\n<a href=\"http:\/\/help.wootric.com\/en\/articles\/5357337-all-supported-integrations-for-inmoment-microsurveys\" target=\"\" class=\"button background-tsunami color-albatross\" rel=\"noopener\">\n\t<span>Entdecken Sie alle Integrationen<\/span>\n<\/a>\n<\/div>\n","protected":false},"excerpt":{"rendered":"<p>Kostenlose 30-Tage-Testversion Entdecken Sie alle Integrationen<\/p>\n","protected":false},"author":28,"featured_media":0,"parent":0,"menu_order":0,"comment_status":"closed","ping_status":"closed","template":"","meta":{"_acf_changed":false,"footnotes":""},"class_list":["post-37371","page","type-page","status-publish","hentry"],"acf":[],"_links":{"self":[{"href":"https:\/\/inmoment.com\/de-de\/wp-json\/wp\/v2\/pages\/37371","targetHints":{"allow":["GET"]}}],"collection":[{"href":"https:\/\/inmoment.com\/de-de\/wp-json\/wp\/v2\/pages"}],"about":[{"href":"https:\/\/inmoment.com\/de-de\/wp-json\/wp\/v2\/types\/page"}],"author":[{"embeddable":true,"href":"https:\/\/inmoment.com\/de-de\/wp-json\/wp\/v2\/users\/28"}],"replies":[{"embeddable":true,"href":"https:\/\/inmoment.com\/de-de\/wp-json\/wp\/v2\/comments?post=37371"}],"version-history":[{"count":0,"href":"https:\/\/inmoment.com\/de-de\/wp-json\/wp\/v2\/pages\/37371\/revisions"}],"wp:attachment":[{"href":"https:\/\/inmoment.com\/de-de\/wp-json\/wp\/v2\/media?parent=37371"}],"curies":[{"name":"wp","href":"https:\/\/api.w.org\/{rel}","templated":true}]}}